{"id":390,"date":"2017-05-31T11:25:40","date_gmt":"2017-05-31T14:25:40","guid":{"rendered":"http:\/\/institucional.ufrrj.br\/pdi\/?page_id=390"},"modified":"2023-07-17T16:27:12","modified_gmt":"2023-07-17T19:27:12","slug":"avaliacoes-2","status":"publish","type":"page","link":"https:\/\/institucional.ufrrj.br\/pdi\/avaliacoes-2\/","title":{"rendered":"Avalia\u00e7\u00f5es"},"content":{"rendered":"<p><strong>Relat\u00f3rio de Avalia\u00e7\u00e3o do Plano de Desenvolvimento Institucional da UFRRJ 2018-2022 (PDI):<\/strong><\/p>\n<p><span style=\"color: #0000ff\"><a style=\"color: #0000ff\" href=\"https:\/\/institucional.ufrrj.br\/pdi\/files\/2022\/01\/Relatorio-PDI-2020-13.12-Vers\u00e3o-pagina-da-UFRRJ.pdf\">Relat\u00f3rio da Avalia\u00e7\u00e3o do PDI &#8211; Ano 2020 vers\u00e3o 13.12<\/a><\/span><\/p>\n<p><span style=\"color: #0000ff\"><a style=\"color: #0000ff\" href=\"https:\/\/institucional.ufrrj.br\/pdi\/files\/2021\/04\/relatorio-PDI-2019_completo_150dpi.pdf\">Relat\u00f3rio da Avalia\u00e7\u00e3o do PDI &#8211; Ano 2019<\/a><\/span><\/p>\n<p><span style=\"color: #0000ff\"><a style=\"color: #0000ff\" href=\"https:\/\/institucional.ufrrj.br\/pdi\/files\/2021\/04\/RELAT\u00d3RIO-AVALIA\u00c7\u00c3O-DO-PDI-ANO-2018.pdf\">Relat\u00f3rio da Avalia\u00e7\u00e3o do PDI &#8211; Ano 2018 <\/a><\/span><\/p>\n<p><strong>Delibera\u00e7\u00f5es do CONSU<\/strong>:\u00a0<span style=\"color: #0000ff\"><a style=\"color: #0000ff\" href=\"https:\/\/institucional.ufrrj.br\/pdi\/legislacao-vigente\/\">Clique aqui para acessar<\/a><\/span><\/p>\n","protected":false},"excerpt":{"rendered":"<p>Relat\u00f3rio de Avalia\u00e7\u00e3o do Plano de Desenvolvimento Institucional da UFRRJ 2018-2022 (PDI): Relat\u00f3rio da Avalia\u00e7\u00e3o do PDI &#8211; Ano 2020 vers\u00e3o 13.12 [&hellip;]<\/p>\n","protected":false},"author":578,"featured_media":0,"parent":0,"menu_order":0,"comment_status":"closed","ping_status":"closed","template":"","meta":{"_acf_changed":false,"footnotes":""},"class_list":["post-390","page","type-page","status-publish","hentry"],"yoast_head":"<!-- This site is optimized with the Yoast SEO plugin v27.2 - https:\/\/yoast.com\/product\/yoast-seo-wordpress\/ -->\n<title>Avalia\u00e7\u00f5es - PDI - Plano de Desenvolvimento Institucional<\/title>\n<meta name=\"robots\" content=\"index, follow, max-snippet:-1, max-image-preview:large, max-video-preview:-1\" \/>\n<link rel=\"canonical\" href=\"https:\/\/institucional.ufrrj.br\/pdi\/avaliacoes-2\/\" \/>\n<meta property=\"og:locale\" content=\"pt_BR\" \/>\n<meta property=\"og:type\" content=\"article\" \/>\n<meta property=\"og:title\" content=\"Avalia\u00e7\u00f5es - PDI - Plano de Desenvolvimento Institucional\" \/>\n<meta property=\"og:description\" content=\"Relat\u00f3rio de Avalia\u00e7\u00e3o do Plano de Desenvolvimento Institucional da UFRRJ 2018-2022 (PDI): Relat\u00f3rio da Avalia\u00e7\u00e3o do PDI &#8211; Ano 2020 vers\u00e3o 13.12 [&hellip;]\" \/>\n<meta property=\"og:url\" content=\"https:\/\/institucional.ufrrj.br\/pdi\/avaliacoes-2\/\" \/>\n<meta property=\"og:site_name\" content=\"PDI - Plano de Desenvolvimento Institucional\" \/>\n<meta property=\"article:modified_time\" content=\"2023-07-17T19:27:12+00:00\" \/>\n<meta name=\"twitter:card\" content=\"summary_large_image\" \/>\n<script type=\"application\/ld+json\" class=\"yoast-schema-graph\">{\"@context\":\"https:\/\/schema.org\",\"@graph\":[{\"@type\":\"WebPage\",\"@id\":\"https:\/\/institucional.ufrrj.br\/pdi\/avaliacoes-2\/\",\"url\":\"https:\/\/institucional.ufrrj.br\/pdi\/avaliacoes-2\/\",\"name\":\"Avalia\u00e7\u00f5es - PDI - Plano de Desenvolvimento Institucional\",\"isPartOf\":{\"@id\":\"https:\/\/institucional.ufrrj.br\/pdi\/#website\"},\"datePublished\":\"2017-05-31T14:25:40+00:00\",\"dateModified\":\"2023-07-17T19:27:12+00:00\",\"breadcrumb\":{\"@id\":\"https:\/\/institucional.ufrrj.br\/pdi\/avaliacoes-2\/#breadcrumb\"},\"inLanguage\":\"pt-BR\",\"potentialAction\":[{\"@type\":\"ReadAction\",\"target\":[\"https:\/\/institucional.ufrrj.br\/pdi\/avaliacoes-2\/\"]}]},{\"@type\":\"BreadcrumbList\",\"@id\":\"https:\/\/institucional.ufrrj.br\/pdi\/avaliacoes-2\/#breadcrumb\",\"itemListElement\":[{\"@type\":\"ListItem\",\"position\":1,\"name\":\"In\u00edcio\",\"item\":\"https:\/\/institucional.ufrrj.br\/pdi\/\"},{\"@type\":\"ListItem\",\"position\":2,\"name\":\"Avalia\u00e7\u00f5es\"}]},{\"@type\":\"WebSite\",\"@id\":\"https:\/\/institucional.ufrrj.br\/pdi\/#website\",\"url\":\"https:\/\/institucional.ufrrj.br\/pdi\/\",\"name\":\"PDI - Plano de Desenvolvimento Institucional\",\"description\":\"S\u00f3 mais um site institucional.ufrrj.br\",\"potentialAction\":[{\"@type\":\"SearchAction\",\"target\":{\"@type\":\"EntryPoint\",\"urlTemplate\":\"https:\/\/institucional.ufrrj.br\/pdi\/?s={search_term_string}\"},\"query-input\":{\"@type\":\"PropertyValueSpecification\",\"valueRequired\":true,\"valueName\":\"search_term_string\"}}],\"inLanguage\":\"pt-BR\"}]}<\/script>\n<!-- \/ Yoast SEO plugin. -->","yoast_head_json":{"title":"Avalia\u00e7\u00f5es - PDI - Plano de Desenvolvimento Institucional","robots":{"index":"index","follow":"follow","max-snippet":"max-snippet:-1","max-image-preview":"max-image-preview:large","max-video-preview":"max-video-preview:-1"},"canonical":"https:\/\/institucional.ufrrj.br\/pdi\/avaliacoes-2\/","og_locale":"pt_BR","og_type":"article","og_title":"Avalia\u00e7\u00f5es - PDI - Plano de Desenvolvimento Institucional","og_description":"Relat\u00f3rio de Avalia\u00e7\u00e3o do Plano de Desenvolvimento Institucional da UFRRJ 2018-2022 (PDI): Relat\u00f3rio da Avalia\u00e7\u00e3o do PDI &#8211; Ano 2020 vers\u00e3o 13.12 [&hellip;]","og_url":"https:\/\/institucional.ufrrj.br\/pdi\/avaliacoes-2\/","og_site_name":"PDI - Plano de Desenvolvimento Institucional","article_modified_time":"2023-07-17T19:27:12+00:00","twitter_card":"summary_large_image","schema":{"@context":"https:\/\/schema.org","@graph":[{"@type":"WebPage","@id":"https:\/\/institucional.ufrrj.br\/pdi\/avaliacoes-2\/","url":"https:\/\/institucional.ufrrj.br\/pdi\/avaliacoes-2\/","name":"Avalia\u00e7\u00f5es - PDI - Plano de Desenvolvimento Institucional","isPartOf":{"@id":"https:\/\/institucional.ufrrj.br\/pdi\/#website"},"datePublished":"2017-05-31T14:25:40+00:00","dateModified":"2023-07-17T19:27:12+00:00","breadcrumb":{"@id":"https:\/\/institucional.ufrrj.br\/pdi\/avaliacoes-2\/#breadcrumb"},"inLanguage":"pt-BR","potentialAction":[{"@type":"ReadAction","target":["https:\/\/institucional.ufrrj.br\/pdi\/avaliacoes-2\/"]}]},{"@type":"BreadcrumbList","@id":"https:\/\/institucional.ufrrj.br\/pdi\/avaliacoes-2\/#breadcrumb","itemListElement":[{"@type":"ListItem","position":1,"name":"In\u00edcio","item":"https:\/\/institucional.ufrrj.br\/pdi\/"},{"@type":"ListItem","position":2,"name":"Avalia\u00e7\u00f5es"}]},{"@type":"WebSite","@id":"https:\/\/institucional.ufrrj.br\/pdi\/#website","url":"https:\/\/institucional.ufrrj.br\/pdi\/","name":"PDI - Plano de Desenvolvimento Institucional","description":"S\u00f3 mais um site institucional.ufrrj.br","potentialAction":[{"@type":"SearchAction","target":{"@type":"EntryPoint","urlTemplate":"https:\/\/institucional.ufrrj.br\/pdi\/?s={search_term_string}"},"query-input":{"@type":"PropertyValueSpecification","valueRequired":true,"valueName":"search_term_string"}}],"inLanguage":"pt-BR"}]}},"acf":[],"_links":{"self":[{"href":"https:\/\/institucional.ufrrj.br\/pdi\/wp-json\/wp\/v2\/pages\/390","targetHints":{"allow":["GET"]}}],"collection":[{"href":"https:\/\/institucional.ufrrj.br\/pdi\/wp-json\/wp\/v2\/pages"}],"about":[{"href":"https:\/\/institucional.ufrrj.br\/pdi\/wp-json\/wp\/v2\/types\/page"}],"author":[{"embeddable":true,"href":"https:\/\/institucional.ufrrj.br\/pdi\/wp-json\/wp\/v2\/users\/578"}],"replies":[{"embeddable":true,"href":"https:\/\/institucional.ufrrj.br\/pdi\/wp-json\/wp\/v2\/comments?post=390"}],"version-history":[{"count":15,"href":"https:\/\/institucional.ufrrj.br\/pdi\/wp-json\/wp\/v2\/pages\/390\/revisions"}],"predecessor-version":[{"id":1182,"href":"https:\/\/institucional.ufrrj.br\/pdi\/wp-json\/wp\/v2\/pages\/390\/revisions\/1182"}],"wp:attachment":[{"href":"https:\/\/institucional.ufrrj.br\/pdi\/wp-json\/wp\/v2\/media?parent=390"}],"curies":[{"name":"wp","href":"https:\/\/api.w.org\/{rel}","templated":true}]}}