{"id":333,"date":"2017-05-19T21:42:40","date_gmt":"2017-05-20T00:42:40","guid":{"rendered":"http:\/\/institucional.ufrrj.br\/pdi\/?page_id=333"},"modified":"2023-04-06T11:57:46","modified_gmt":"2023-04-06T14:57:46","slug":"documentos-dos-pdis","status":"publish","type":"page","link":"https:\/\/institucional.ufrrj.br\/pdi\/pdi-2018-a-2022\/documentos-dos-pdis\/","title":{"rendered":"Documentos dos PDI&#8217;s"},"content":{"rendered":"<ul>\n<li style=\"text-align: left\"><strong>PDI UFRRJ 2006-2011: <\/strong><span style=\"color: #0000ff\"><a style=\"color: #0000ff\" href=\"https:\/\/institucional.ufrrj.br\/pdi\/files\/2016\/12\/PDI-UFRRJ-2006-2011.pdf\">Clique aqui para acessar<\/a><\/span><\/li>\n<li style=\"text-align: left\"><strong>PDI UFRRJ 2013-2017:<\/strong> <span style=\"color: #0000ff\"><a style=\"color: #0000ff\" href=\"https:\/\/institucional.ufrrj.br\/pdi\/files\/2016\/12\/PDI-UFRRJ-2013-2017-novo.pdf\">Clique aqui para acessar<\/a><\/span><\/li>\n<li style=\"text-align: left\"><strong>Diagn\u00f3stico Institucional para elabora\u00e7\u00e3o do PDI UFRRJ 2018-2022 :<\/strong> <span style=\"color: #0000ff\"><a style=\"color: #0000ff\" href=\"https:\/\/institucional.ufrrj.br\/pdi\/files\/2017\/05\/Pr\u00e9via-Diagn\u00f3stico.pdf\">Clique aqui para acessar<\/a><\/span><\/li>\n<li style=\"text-align: left\"><strong>PDI UFRRJ 2018-2022: <\/strong><span style=\"color: #0000ff\"><a style=\"color: #0000ff\" href=\"https:\/\/institucional.ufrrj.br\/pdi\/files\/2022\/05\/PDI_Versa\u0303o-Final.-22.11.21-ver.-13-01-22.pdf\">Clique aqui para acessar<\/a><\/span><\/li>\n<\/ul>\n","protected":false},"excerpt":{"rendered":"<p>PDI UFRRJ 2006-2011: Clique aqui para acessar PDI UFRRJ 2013-2017: Clique aqui para acessar Diagn\u00f3stico Institucional para elabora\u00e7\u00e3o do PDI UFRRJ 2018-2022 [&hellip;]<\/p>\n","protected":false},"author":578,"featured_media":0,"parent":759,"menu_order":0,"comment_status":"closed","ping_status":"closed","template":"","meta":{"_acf_changed":false,"footnotes":""},"class_list":["post-333","page","type-page","status-publish","hentry"],"yoast_head":"<!-- This site is optimized with the Yoast SEO plugin v27.2 - https:\/\/yoast.com\/product\/yoast-seo-wordpress\/ -->\n<title>Documentos dos PDI&#039;s - PDI - Plano de Desenvolvimento Institucional<\/title>\n<meta name=\"robots\" content=\"index, follow, max-snippet:-1, max-image-preview:large, max-video-preview:-1\" \/>\n<link rel=\"canonical\" href=\"https:\/\/institucional.ufrrj.br\/pdi\/pdi-2018-a-2022\/documentos-dos-pdis\/\" \/>\n<meta property=\"og:locale\" content=\"pt_BR\" \/>\n<meta property=\"og:type\" content=\"article\" \/>\n<meta property=\"og:title\" content=\"Documentos dos PDI&#039;s - PDI - Plano de Desenvolvimento Institucional\" \/>\n<meta property=\"og:description\" content=\"PDI UFRRJ 2006-2011: Clique aqui para acessar PDI UFRRJ 2013-2017: Clique aqui para acessar Diagn\u00f3stico Institucional para elabora\u00e7\u00e3o do PDI UFRRJ 2018-2022 [&hellip;]\" \/>\n<meta property=\"og:url\" content=\"https:\/\/institucional.ufrrj.br\/pdi\/pdi-2018-a-2022\/documentos-dos-pdis\/\" \/>\n<meta property=\"og:site_name\" content=\"PDI - Plano de Desenvolvimento Institucional\" \/>\n<meta property=\"article:modified_time\" content=\"2023-04-06T14:57:46+00:00\" \/>\n<meta name=\"twitter:card\" content=\"summary_large_image\" \/>\n<script type=\"application\/ld+json\" class=\"yoast-schema-graph\">{\"@context\":\"https:\/\/schema.org\",\"@graph\":[{\"@type\":\"WebPage\",\"@id\":\"https:\/\/institucional.ufrrj.br\/pdi\/pdi-2018-a-2022\/documentos-dos-pdis\/\",\"url\":\"https:\/\/institucional.ufrrj.br\/pdi\/pdi-2018-a-2022\/documentos-dos-pdis\/\",\"name\":\"Documentos dos PDI's - PDI - Plano de Desenvolvimento Institucional\",\"isPartOf\":{\"@id\":\"https:\/\/institucional.ufrrj.br\/pdi\/#website\"},\"datePublished\":\"2017-05-20T00:42:40+00:00\",\"dateModified\":\"2023-04-06T14:57:46+00:00\",\"breadcrumb\":{\"@id\":\"https:\/\/institucional.ufrrj.br\/pdi\/pdi-2018-a-2022\/documentos-dos-pdis\/#breadcrumb\"},\"inLanguage\":\"pt-BR\",\"potentialAction\":[{\"@type\":\"ReadAction\",\"target\":[\"https:\/\/institucional.ufrrj.br\/pdi\/pdi-2018-a-2022\/documentos-dos-pdis\/\"]}]},{\"@type\":\"BreadcrumbList\",\"@id\":\"https:\/\/institucional.ufrrj.br\/pdi\/pdi-2018-a-2022\/documentos-dos-pdis\/#breadcrumb\",\"itemListElement\":[{\"@type\":\"ListItem\",\"position\":1,\"name\":\"In\u00edcio\",\"item\":\"https:\/\/institucional.ufrrj.br\/pdi\/\"},{\"@type\":\"ListItem\",\"position\":2,\"name\":\"PDI 2018 a 2022\",\"item\":\"https:\/\/institucional.ufrrj.br\/pdi\/pdi-2018-a-2022\/\"},{\"@type\":\"ListItem\",\"position\":3,\"name\":\"Documentos dos PDI&#8217;s\"}]},{\"@type\":\"WebSite\",\"@id\":\"https:\/\/institucional.ufrrj.br\/pdi\/#website\",\"url\":\"https:\/\/institucional.ufrrj.br\/pdi\/\",\"name\":\"PDI - Plano de Desenvolvimento Institucional\",\"description\":\"S\u00f3 mais um site institucional.ufrrj.br\",\"potentialAction\":[{\"@type\":\"SearchAction\",\"target\":{\"@type\":\"EntryPoint\",\"urlTemplate\":\"https:\/\/institucional.ufrrj.br\/pdi\/?s={search_term_string}\"},\"query-input\":{\"@type\":\"PropertyValueSpecification\",\"valueRequired\":true,\"valueName\":\"search_term_string\"}}],\"inLanguage\":\"pt-BR\"}]}<\/script>\n<!-- \/ Yoast SEO plugin. -->","yoast_head_json":{"title":"Documentos dos PDI's - PDI - Plano de Desenvolvimento Institucional","robots":{"index":"index","follow":"follow","max-snippet":"max-snippet:-1","max-image-preview":"max-image-preview:large","max-video-preview":"max-video-preview:-1"},"canonical":"https:\/\/institucional.ufrrj.br\/pdi\/pdi-2018-a-2022\/documentos-dos-pdis\/","og_locale":"pt_BR","og_type":"article","og_title":"Documentos dos PDI's - PDI - Plano de Desenvolvimento Institucional","og_description":"PDI UFRRJ 2006-2011: Clique aqui para acessar PDI UFRRJ 2013-2017: Clique aqui para acessar Diagn\u00f3stico Institucional para elabora\u00e7\u00e3o do PDI UFRRJ 2018-2022 [&hellip;]","og_url":"https:\/\/institucional.ufrrj.br\/pdi\/pdi-2018-a-2022\/documentos-dos-pdis\/","og_site_name":"PDI - Plano de Desenvolvimento Institucional","article_modified_time":"2023-04-06T14:57:46+00:00","twitter_card":"summary_large_image","schema":{"@context":"https:\/\/schema.org","@graph":[{"@type":"WebPage","@id":"https:\/\/institucional.ufrrj.br\/pdi\/pdi-2018-a-2022\/documentos-dos-pdis\/","url":"https:\/\/institucional.ufrrj.br\/pdi\/pdi-2018-a-2022\/documentos-dos-pdis\/","name":"Documentos dos PDI's - PDI - Plano de Desenvolvimento Institucional","isPartOf":{"@id":"https:\/\/institucional.ufrrj.br\/pdi\/#website"},"datePublished":"2017-05-20T00:42:40+00:00","dateModified":"2023-04-06T14:57:46+00:00","breadcrumb":{"@id":"https:\/\/institucional.ufrrj.br\/pdi\/pdi-2018-a-2022\/documentos-dos-pdis\/#breadcrumb"},"inLanguage":"pt-BR","potentialAction":[{"@type":"ReadAction","target":["https:\/\/institucional.ufrrj.br\/pdi\/pdi-2018-a-2022\/documentos-dos-pdis\/"]}]},{"@type":"BreadcrumbList","@id":"https:\/\/institucional.ufrrj.br\/pdi\/pdi-2018-a-2022\/documentos-dos-pdis\/#breadcrumb","itemListElement":[{"@type":"ListItem","position":1,"name":"In\u00edcio","item":"https:\/\/institucional.ufrrj.br\/pdi\/"},{"@type":"ListItem","position":2,"name":"PDI 2018 a 2022","item":"https:\/\/institucional.ufrrj.br\/pdi\/pdi-2018-a-2022\/"},{"@type":"ListItem","position":3,"name":"Documentos dos PDI&#8217;s"}]},{"@type":"WebSite","@id":"https:\/\/institucional.ufrrj.br\/pdi\/#website","url":"https:\/\/institucional.ufrrj.br\/pdi\/","name":"PDI - Plano de Desenvolvimento Institucional","description":"S\u00f3 mais um site institucional.ufrrj.br","potentialAction":[{"@type":"SearchAction","target":{"@type":"EntryPoint","urlTemplate":"https:\/\/institucional.ufrrj.br\/pdi\/?s={search_term_string}"},"query-input":{"@type":"PropertyValueSpecification","valueRequired":true,"valueName":"search_term_string"}}],"inLanguage":"pt-BR"}]}},"acf":[],"_links":{"self":[{"href":"https:\/\/institucional.ufrrj.br\/pdi\/wp-json\/wp\/v2\/pages\/333","targetHints":{"allow":["GET"]}}],"collection":[{"href":"https:\/\/institucional.ufrrj.br\/pdi\/wp-json\/wp\/v2\/pages"}],"about":[{"href":"https:\/\/institucional.ufrrj.br\/pdi\/wp-json\/wp\/v2\/types\/page"}],"author":[{"embeddable":true,"href":"https:\/\/institucional.ufrrj.br\/pdi\/wp-json\/wp\/v2\/users\/578"}],"replies":[{"embeddable":true,"href":"https:\/\/institucional.ufrrj.br\/pdi\/wp-json\/wp\/v2\/comments?post=333"}],"version-history":[{"count":29,"href":"https:\/\/institucional.ufrrj.br\/pdi\/wp-json\/wp\/v2\/pages\/333\/revisions"}],"predecessor-version":[{"id":807,"href":"https:\/\/institucional.ufrrj.br\/pdi\/wp-json\/wp\/v2\/pages\/333\/revisions\/807"}],"up":[{"embeddable":true,"href":"https:\/\/institucional.ufrrj.br\/pdi\/wp-json\/wp\/v2\/pages\/759"}],"wp:attachment":[{"href":"https:\/\/institucional.ufrrj.br\/pdi\/wp-json\/wp\/v2\/media?parent=333"}],"curies":[{"name":"wp","href":"https:\/\/api.w.org\/{rel}","templated":true}]}}