{"id":7,"date":"2024-03-26T15:09:24","date_gmt":"2024-03-26T18:09:24","guid":{"rendered":"https:\/\/institucional.ufrrj.br\/prodoc\/?page_id=7"},"modified":"2024-12-16T15:39:04","modified_gmt":"2024-12-16T18:39:04","slug":"apresentacao","status":"publish","type":"page","link":"https:\/\/institucional.ufrrj.br\/pddoc\/apresentacao\/","title":{"rendered":"Apresenta\u00e7\u00e3o"},"content":{"rendered":"\n<p class=\" eplus-wrapper\">O Programa de Desenvolvimento Docente da Universidade Federal Rural do Rio de Janeiro visa promover a capacita\u00e7\u00e3o cont\u00ednua dos docentes, alinhando-se \u00e0s Diretrizes Curriculares Nacionais e \u00e0s necessidades institucionais. Com um enfoque na reflex\u00e3o sobre o fazer docente nas Institui\u00e7\u00f5es P\u00fablicas de Ensino Superior, o programa \u00e9 estruturado em dois blocos: o primeiro abrange eventos de boas-vindas, oficinas de ambienta\u00e7\u00e3o e temas como acessibilidade e tecnologias assistivas; o segundo bloco foca na forma\u00e7\u00e3o pedag\u00f3gica, oferecendo cursos e semin\u00e1rios que incentivam a troca de experi\u00eancias e a aplica\u00e7\u00e3o de metodologias ativas. O objetivo \u00e9 valorizar o trabalho docente, fortalecer a miss\u00e3o educacional da UFRRJ e contribuir para a forma\u00e7\u00e3o de estudantes qualificados e comprometidos com a sociedade.<\/p>\n\n\n\n<p class=\" eplus-wrapper\"><\/p>\n","protected":false},"excerpt":{"rendered":"<p>O Programa de Desenvolvimento Docente da Universidade Federal Rural do Rio de Janeiro visa promover a capacita\u00e7\u00e3o cont\u00ednua dos docentes, alinhando-se \u00e0s [&hellip;]<\/p>\n","protected":false},"author":634,"featured_media":0,"parent":0,"menu_order":0,"comment_status":"closed","ping_status":"closed","template":"","meta":{"_acf_changed":false,"footnotes":""},"class_list":["post-7","page","type-page","status-publish","hentry"],"yoast_head":"<!-- This site is optimized with the Yoast SEO plugin v27.2 - https:\/\/yoast.com\/product\/yoast-seo-wordpress\/ -->\n<title>Apresenta\u00e7\u00e3o - PDDOC<\/title>\n<meta name=\"robots\" content=\"index, follow, max-snippet:-1, max-image-preview:large, max-video-preview:-1\" \/>\n<link rel=\"canonical\" href=\"https:\/\/institucional.ufrrj.br\/pddoc\/apresentacao\/\" \/>\n<meta property=\"og:locale\" content=\"pt_BR\" \/>\n<meta property=\"og:type\" content=\"article\" \/>\n<meta property=\"og:title\" content=\"Apresenta\u00e7\u00e3o - PDDOC\" \/>\n<meta property=\"og:description\" content=\"O Programa de Desenvolvimento Docente da Universidade Federal Rural do Rio de Janeiro visa promover a capacita\u00e7\u00e3o cont\u00ednua dos docentes, alinhando-se \u00e0s [&hellip;]\" \/>\n<meta property=\"og:url\" content=\"https:\/\/institucional.ufrrj.br\/pddoc\/apresentacao\/\" \/>\n<meta property=\"og:site_name\" content=\"PDDOC\" \/>\n<meta property=\"article:modified_time\" content=\"2024-12-16T18:39:04+00:00\" \/>\n<meta name=\"twitter:card\" content=\"summary_large_image\" \/>\n<meta name=\"twitter:label1\" content=\"Est. tempo de leitura\" \/>\n\t<meta name=\"twitter:data1\" content=\"1 minuto\" \/>\n<script type=\"application\/ld+json\" class=\"yoast-schema-graph\">{\"@context\":\"https:\/\/schema.org\",\"@graph\":[{\"@type\":\"WebPage\",\"@id\":\"https:\/\/institucional.ufrrj.br\/pddoc\/apresentacao\/\",\"url\":\"https:\/\/institucional.ufrrj.br\/pddoc\/apresentacao\/\",\"name\":\"Apresenta\u00e7\u00e3o - PDDOC\",\"isPartOf\":{\"@id\":\"https:\/\/institucional.ufrrj.br\/pddoc\/#website\"},\"datePublished\":\"2024-03-26T18:09:24+00:00\",\"dateModified\":\"2024-12-16T18:39:04+00:00\",\"breadcrumb\":{\"@id\":\"https:\/\/institucional.ufrrj.br\/pddoc\/apresentacao\/#breadcrumb\"},\"inLanguage\":\"pt-BR\",\"potentialAction\":[{\"@type\":\"ReadAction\",\"target\":[\"https:\/\/institucional.ufrrj.br\/pddoc\/apresentacao\/\"]}]},{\"@type\":\"BreadcrumbList\",\"@id\":\"https:\/\/institucional.ufrrj.br\/pddoc\/apresentacao\/#breadcrumb\",\"itemListElement\":[{\"@type\":\"ListItem\",\"position\":1,\"name\":\"In\u00edcio\",\"item\":\"https:\/\/institucional.ufrrj.br\/pddoc\/\"},{\"@type\":\"ListItem\",\"position\":2,\"name\":\"Apresenta\u00e7\u00e3o\"}]},{\"@type\":\"WebSite\",\"@id\":\"https:\/\/institucional.ufrrj.br\/pddoc\/#website\",\"url\":\"https:\/\/institucional.ufrrj.br\/pddoc\/\",\"name\":\"PDDOC\",\"description\":\"\",\"potentialAction\":[{\"@type\":\"SearchAction\",\"target\":{\"@type\":\"EntryPoint\",\"urlTemplate\":\"https:\/\/institucional.ufrrj.br\/pddoc\/?s={search_term_string}\"},\"query-input\":{\"@type\":\"PropertyValueSpecification\",\"valueRequired\":true,\"valueName\":\"search_term_string\"}}],\"inLanguage\":\"pt-BR\"}]}<\/script>\n<!-- \/ Yoast SEO plugin. -->","yoast_head_json":{"title":"Apresenta\u00e7\u00e3o - PDDOC","robots":{"index":"index","follow":"follow","max-snippet":"max-snippet:-1","max-image-preview":"max-image-preview:large","max-video-preview":"max-video-preview:-1"},"canonical":"https:\/\/institucional.ufrrj.br\/pddoc\/apresentacao\/","og_locale":"pt_BR","og_type":"article","og_title":"Apresenta\u00e7\u00e3o - PDDOC","og_description":"O Programa de Desenvolvimento Docente da Universidade Federal Rural do Rio de Janeiro visa promover a capacita\u00e7\u00e3o cont\u00ednua dos docentes, alinhando-se \u00e0s [&hellip;]","og_url":"https:\/\/institucional.ufrrj.br\/pddoc\/apresentacao\/","og_site_name":"PDDOC","article_modified_time":"2024-12-16T18:39:04+00:00","twitter_card":"summary_large_image","twitter_misc":{"Est. tempo de leitura":"1 minuto"},"schema":{"@context":"https:\/\/schema.org","@graph":[{"@type":"WebPage","@id":"https:\/\/institucional.ufrrj.br\/pddoc\/apresentacao\/","url":"https:\/\/institucional.ufrrj.br\/pddoc\/apresentacao\/","name":"Apresenta\u00e7\u00e3o - PDDOC","isPartOf":{"@id":"https:\/\/institucional.ufrrj.br\/pddoc\/#website"},"datePublished":"2024-03-26T18:09:24+00:00","dateModified":"2024-12-16T18:39:04+00:00","breadcrumb":{"@id":"https:\/\/institucional.ufrrj.br\/pddoc\/apresentacao\/#breadcrumb"},"inLanguage":"pt-BR","potentialAction":[{"@type":"ReadAction","target":["https:\/\/institucional.ufrrj.br\/pddoc\/apresentacao\/"]}]},{"@type":"BreadcrumbList","@id":"https:\/\/institucional.ufrrj.br\/pddoc\/apresentacao\/#breadcrumb","itemListElement":[{"@type":"ListItem","position":1,"name":"In\u00edcio","item":"https:\/\/institucional.ufrrj.br\/pddoc\/"},{"@type":"ListItem","position":2,"name":"Apresenta\u00e7\u00e3o"}]},{"@type":"WebSite","@id":"https:\/\/institucional.ufrrj.br\/pddoc\/#website","url":"https:\/\/institucional.ufrrj.br\/pddoc\/","name":"PDDOC","description":"","potentialAction":[{"@type":"SearchAction","target":{"@type":"EntryPoint","urlTemplate":"https:\/\/institucional.ufrrj.br\/pddoc\/?s={search_term_string}"},"query-input":{"@type":"PropertyValueSpecification","valueRequired":true,"valueName":"search_term_string"}}],"inLanguage":"pt-BR"}]}},"acf":[],"_links":{"self":[{"href":"https:\/\/institucional.ufrrj.br\/pddoc\/wp-json\/wp\/v2\/pages\/7","targetHints":{"allow":["GET"]}}],"collection":[{"href":"https:\/\/institucional.ufrrj.br\/pddoc\/wp-json\/wp\/v2\/pages"}],"about":[{"href":"https:\/\/institucional.ufrrj.br\/pddoc\/wp-json\/wp\/v2\/types\/page"}],"author":[{"embeddable":true,"href":"https:\/\/institucional.ufrrj.br\/pddoc\/wp-json\/wp\/v2\/users\/634"}],"replies":[{"embeddable":true,"href":"https:\/\/institucional.ufrrj.br\/pddoc\/wp-json\/wp\/v2\/comments?post=7"}],"version-history":[{"count":4,"href":"https:\/\/institucional.ufrrj.br\/pddoc\/wp-json\/wp\/v2\/pages\/7\/revisions"}],"predecessor-version":[{"id":60,"href":"https:\/\/institucional.ufrrj.br\/pddoc\/wp-json\/wp\/v2\/pages\/7\/revisions\/60"}],"wp:attachment":[{"href":"https:\/\/institucional.ufrrj.br\/pddoc\/wp-json\/wp\/v2\/media?parent=7"}],"curies":[{"name":"wp","href":"https:\/\/api.w.org\/{rel}","templated":true}]}}