{"id":49,"date":"2024-12-16T14:01:56","date_gmt":"2024-12-16T17:01:56","guid":{"rendered":"https:\/\/institucional.ufrrj.br\/pddoc\/?page_id=49"},"modified":"2025-03-18T11:24:34","modified_gmt":"2025-03-18T14:24:34","slug":"videos","status":"publish","type":"page","link":"https:\/\/institucional.ufrrj.br\/pddoc\/videos\/","title":{"rendered":"Playlist PDDOC"},"content":{"rendered":"\n<p class=\" has-medium-font-size eplus-wrapper\">A playlist agrega as a\u00e7\u00f5es promovidas pela <strong>Universidade Federal Rural do Rio de Janeiro (UFRRJ)<\/strong>, destacando iniciativas voltadas para a forma\u00e7\u00e3o continuada de seus docentes e a valoriza\u00e7\u00e3o de pr\u00e1ticas pedag\u00f3gicas inclusivas, reflexivas e alinhadas \u00e0s demandas da sociedade atual.<\/p>\n\n\n\n<div class=\"wp-block-group eplus-wrapper\"><div class=\"wp-block-group__inner-container is-layout-constrained wp-block-group-is-layout-constrained\">\n<div class=\"wp-block-group eplus-wrapper is-vertical is-layout-flex wp-container-core-group-is-layout-fe9cc265 wp-block-group-is-layout-flex\">\n<div class=\"wp-block-buttons eplus-wrapper is-layout-flex wp-block-buttons-is-layout-flex\"><\/div>\n<\/div>\n<\/div><\/div>\n\n\n\n<div class=\"wp-block-group eplus-wrapper\"><div class=\"wp-block-group__inner-container is-layout-constrained wp-block-group-is-layout-constrained\">\n<div class=\"wp-block-group eplus-wrapper is-nowrap is-layout-flex wp-container-core-group-is-layout-6c531013 wp-block-group-is-layout-flex\">\n<div class=\"wp-block-buttons eplus-wrapper is-layout-flex wp-block-buttons-is-layout-flex\">\n<div class=\"is-style-outline wp-block-button eplus-wrapper is-style-outline--1\"><a class=\"wp-block-button__link has-text-align-center wp-element-button\" href=\"https:\/\/drive.google.com\/drive\/u\/4\/home\"><strong>Curso de Metodologias Ativas de Aprendizagem: Conceitos, Princ\u00edpios e Planos de Ensino<\/strong><\/a><\/div>\n<\/div>\n<\/div>\n<\/div><\/div>\n\n\n\n<p style=\"font-size:18px\" class=\" eplus-wrapper\">O <strong>Curso de Metodologias Ativas de Aprendizagem: Conceitos, Princ\u00edpios e Planos de Ensino<\/strong> foi realizado de forma remota no dia 27 de novembro de 2024, com a condu\u00e7\u00e3o da professora <strong>Ana Silvia Sartori<\/strong>, da UNESP. A forma\u00e7\u00e3o teve como objetivo explorar os fundamentos e aplica\u00e7\u00f5es das metodologias ativas no ensino, abordando conceitos, princ\u00edpios pedag\u00f3gicos e a constru\u00e7\u00e3o de planos de ensino que promovam a participa\u00e7\u00e3o ativa dos estudantes no processo de aprendizagem.<\/p>\n\n\n\n<p class=\" eplus-wrapper\"><\/p>\n\n\n\n<p class=\" eplus-wrapper\"><\/p>\n\n\n\n<p class=\" eplus-wrapper\"><\/p>\n","protected":false},"excerpt":{"rendered":"<p>A playlist agrega as a\u00e7\u00f5es promovidas pela Universidade Federal Rural do Rio de Janeiro (UFRRJ), destacando iniciativas voltadas para a forma\u00e7\u00e3o continuada [&hellip;]<\/p>\n","protected":false},"author":634,"featured_media":0,"parent":0,"menu_order":0,"comment_status":"closed","ping_status":"closed","template":"","meta":{"_acf_changed":false,"footnotes":""},"class_list":["post-49","page","type-page","status-publish","hentry"],"yoast_head":"<!-- This site is optimized with the Yoast SEO plugin v27.2 - https:\/\/yoast.com\/product\/yoast-seo-wordpress\/ -->\n<title>Playlist PDDOC - PDDOC<\/title>\n<meta name=\"robots\" content=\"index, follow, max-snippet:-1, max-image-preview:large, max-video-preview:-1\" \/>\n<link rel=\"canonical\" href=\"https:\/\/institucional.ufrrj.br\/pddoc\/videos\/\" \/>\n<meta property=\"og:locale\" content=\"pt_BR\" \/>\n<meta property=\"og:type\" content=\"article\" \/>\n<meta property=\"og:title\" content=\"Playlist PDDOC - PDDOC\" \/>\n<meta property=\"og:description\" content=\"A playlist agrega as a\u00e7\u00f5es promovidas pela Universidade Federal Rural do Rio de Janeiro (UFRRJ), destacando iniciativas voltadas para a forma\u00e7\u00e3o continuada [&hellip;]\" \/>\n<meta property=\"og:url\" content=\"https:\/\/institucional.ufrrj.br\/pddoc\/videos\/\" \/>\n<meta property=\"og:site_name\" content=\"PDDOC\" \/>\n<meta property=\"article:modified_time\" content=\"2025-03-18T14:24:34+00:00\" \/>\n<meta name=\"twitter:card\" content=\"summary_large_image\" \/>\n<meta name=\"twitter:label1\" content=\"Est. tempo de leitura\" \/>\n\t<meta name=\"twitter:data1\" content=\"1 minuto\" \/>\n<script type=\"application\/ld+json\" class=\"yoast-schema-graph\">{\"@context\":\"https:\/\/schema.org\",\"@graph\":[{\"@type\":\"WebPage\",\"@id\":\"https:\/\/institucional.ufrrj.br\/pddoc\/videos\/\",\"url\":\"https:\/\/institucional.ufrrj.br\/pddoc\/videos\/\",\"name\":\"Playlist PDDOC - PDDOC\",\"isPartOf\":{\"@id\":\"https:\/\/institucional.ufrrj.br\/pddoc\/#website\"},\"datePublished\":\"2024-12-16T17:01:56+00:00\",\"dateModified\":\"2025-03-18T14:24:34+00:00\",\"breadcrumb\":{\"@id\":\"https:\/\/institucional.ufrrj.br\/pddoc\/videos\/#breadcrumb\"},\"inLanguage\":\"pt-BR\",\"potentialAction\":[{\"@type\":\"ReadAction\",\"target\":[\"https:\/\/institucional.ufrrj.br\/pddoc\/videos\/\"]}]},{\"@type\":\"BreadcrumbList\",\"@id\":\"https:\/\/institucional.ufrrj.br\/pddoc\/videos\/#breadcrumb\",\"itemListElement\":[{\"@type\":\"ListItem\",\"position\":1,\"name\":\"In\u00edcio\",\"item\":\"https:\/\/institucional.ufrrj.br\/pddoc\/\"},{\"@type\":\"ListItem\",\"position\":2,\"name\":\"Playlist PDDOC\"}]},{\"@type\":\"WebSite\",\"@id\":\"https:\/\/institucional.ufrrj.br\/pddoc\/#website\",\"url\":\"https:\/\/institucional.ufrrj.br\/pddoc\/\",\"name\":\"PDDOC\",\"description\":\"\",\"potentialAction\":[{\"@type\":\"SearchAction\",\"target\":{\"@type\":\"EntryPoint\",\"urlTemplate\":\"https:\/\/institucional.ufrrj.br\/pddoc\/?s={search_term_string}\"},\"query-input\":{\"@type\":\"PropertyValueSpecification\",\"valueRequired\":true,\"valueName\":\"search_term_string\"}}],\"inLanguage\":\"pt-BR\"}]}<\/script>\n<!-- \/ Yoast SEO plugin. -->","yoast_head_json":{"title":"Playlist PDDOC - PDDOC","robots":{"index":"index","follow":"follow","max-snippet":"max-snippet:-1","max-image-preview":"max-image-preview:large","max-video-preview":"max-video-preview:-1"},"canonical":"https:\/\/institucional.ufrrj.br\/pddoc\/videos\/","og_locale":"pt_BR","og_type":"article","og_title":"Playlist PDDOC - PDDOC","og_description":"A playlist agrega as a\u00e7\u00f5es promovidas pela Universidade Federal Rural do Rio de Janeiro (UFRRJ), destacando iniciativas voltadas para a forma\u00e7\u00e3o continuada [&hellip;]","og_url":"https:\/\/institucional.ufrrj.br\/pddoc\/videos\/","og_site_name":"PDDOC","article_modified_time":"2025-03-18T14:24:34+00:00","twitter_card":"summary_large_image","twitter_misc":{"Est. tempo de leitura":"1 minuto"},"schema":{"@context":"https:\/\/schema.org","@graph":[{"@type":"WebPage","@id":"https:\/\/institucional.ufrrj.br\/pddoc\/videos\/","url":"https:\/\/institucional.ufrrj.br\/pddoc\/videos\/","name":"Playlist PDDOC - PDDOC","isPartOf":{"@id":"https:\/\/institucional.ufrrj.br\/pddoc\/#website"},"datePublished":"2024-12-16T17:01:56+00:00","dateModified":"2025-03-18T14:24:34+00:00","breadcrumb":{"@id":"https:\/\/institucional.ufrrj.br\/pddoc\/videos\/#breadcrumb"},"inLanguage":"pt-BR","potentialAction":[{"@type":"ReadAction","target":["https:\/\/institucional.ufrrj.br\/pddoc\/videos\/"]}]},{"@type":"BreadcrumbList","@id":"https:\/\/institucional.ufrrj.br\/pddoc\/videos\/#breadcrumb","itemListElement":[{"@type":"ListItem","position":1,"name":"In\u00edcio","item":"https:\/\/institucional.ufrrj.br\/pddoc\/"},{"@type":"ListItem","position":2,"name":"Playlist PDDOC"}]},{"@type":"WebSite","@id":"https:\/\/institucional.ufrrj.br\/pddoc\/#website","url":"https:\/\/institucional.ufrrj.br\/pddoc\/","name":"PDDOC","description":"","potentialAction":[{"@type":"SearchAction","target":{"@type":"EntryPoint","urlTemplate":"https:\/\/institucional.ufrrj.br\/pddoc\/?s={search_term_string}"},"query-input":{"@type":"PropertyValueSpecification","valueRequired":true,"valueName":"search_term_string"}}],"inLanguage":"pt-BR"}]}},"acf":[],"_links":{"self":[{"href":"https:\/\/institucional.ufrrj.br\/pddoc\/wp-json\/wp\/v2\/pages\/49","targetHints":{"allow":["GET"]}}],"collection":[{"href":"https:\/\/institucional.ufrrj.br\/pddoc\/wp-json\/wp\/v2\/pages"}],"about":[{"href":"https:\/\/institucional.ufrrj.br\/pddoc\/wp-json\/wp\/v2\/types\/page"}],"author":[{"embeddable":true,"href":"https:\/\/institucional.ufrrj.br\/pddoc\/wp-json\/wp\/v2\/users\/634"}],"replies":[{"embeddable":true,"href":"https:\/\/institucional.ufrrj.br\/pddoc\/wp-json\/wp\/v2\/comments?post=49"}],"version-history":[{"count":9,"href":"https:\/\/institucional.ufrrj.br\/pddoc\/wp-json\/wp\/v2\/pages\/49\/revisions"}],"predecessor-version":[{"id":118,"href":"https:\/\/institucional.ufrrj.br\/pddoc\/wp-json\/wp\/v2\/pages\/49\/revisions\/118"}],"wp:attachment":[{"href":"https:\/\/institucional.ufrrj.br\/pddoc\/wp-json\/wp\/v2\/media?parent=49"}],"curies":[{"name":"wp","href":"https:\/\/api.w.org\/{rel}","templated":true}]}}