{"id":9,"date":"2018-02-23T14:41:58","date_gmt":"2018-02-23T17:41:58","guid":{"rendered":"http:\/\/institucional.ufrrj.br\/patrimonio\/?page_id=9"},"modified":"2019-08-09T13:08:35","modified_gmt":"2019-08-09T16:08:35","slug":"quem-somos","status":"publish","type":"page","link":"https:\/\/institucional.ufrrj.br\/patrimonio\/quem-somos\/","title":{"rendered":"Quem somos"},"content":{"rendered":"<p style=\"text-align: justify\"><strong>A Divis\u00e3o de Patrim\u00f4nio e Servi\u00e7os Auxiliares (DPSA) \u00e9 respons\u00e1vel pelo cadastro e aux\u00edlio no controle dos bens m\u00f3veis e im\u00f3veis no \u00e2mbito da Universidade Federal Rural do Rio de Janeiro atrav\u00e9s do desenvolvimento de atividades relacionadas com a sua incorpora\u00e7\u00e3o, reavalia\u00e7\u00e3o, movimenta\u00e7\u00e3o, transfer\u00eancia e aliena\u00e7\u00e3o (Doa\u00e7\u00f5es recebidas, realizadas e leil\u00e3o) . A Divis\u00e3o de Patrim\u00f4nio\u00a0 encontra-se na estrutura da Pro-Reitoria de Assuntos Financeiros (PROAF) e possui duas se\u00e7\u00f5es : Se\u00e7\u00e3o de Registro Patrimonial e Se\u00e7\u00e3o de Suporte aos Invent\u00e1rios Setoriais.<\/strong><\/p>\n","protected":false},"excerpt":{"rendered":"<p>A Divis\u00e3o de Patrim\u00f4nio e Servi\u00e7os Auxiliares (DPSA) \u00e9 respons\u00e1vel pelo cadastro e aux\u00edlio no controle dos bens m\u00f3veis e <a class=\"read-more leiamais\" href=\"https:\/\/institucional.ufrrj.br\/patrimonio\/quem-somos\/ \">&#8230; leia mais<\/a><\/p>\n","protected":false},"author":634,"featured_media":0,"parent":0,"menu_order":0,"comment_status":"closed","ping_status":"closed","template":"","meta":{"_acf_changed":false,"footnotes":""},"class_list":["post-9","page","type-page","status-publish","hentry"],"yoast_head":"<!-- This site is optimized with the Yoast SEO plugin v27.2 - https:\/\/yoast.com\/product\/yoast-seo-wordpress\/ -->\n<title>Quem somos - Divis\u00e3o de Patrim\u00f4nio e Servi\u00e7os Auxiliares<\/title>\n<meta name=\"robots\" content=\"index, follow, max-snippet:-1, max-image-preview:large, max-video-preview:-1\" \/>\n<link rel=\"canonical\" href=\"https:\/\/institucional.ufrrj.br\/patrimonio\/quem-somos\/\" \/>\n<meta property=\"og:locale\" content=\"pt_BR\" \/>\n<meta property=\"og:type\" content=\"article\" \/>\n<meta property=\"og:title\" content=\"Quem somos - Divis\u00e3o de Patrim\u00f4nio e Servi\u00e7os Auxiliares\" \/>\n<meta property=\"og:description\" content=\"A Divis\u00e3o de Patrim\u00f4nio e Servi\u00e7os Auxiliares (DPSA) \u00e9 respons\u00e1vel pelo cadastro e aux\u00edlio no controle dos bens m\u00f3veis e ... leia mais\" \/>\n<meta property=\"og:url\" content=\"https:\/\/institucional.ufrrj.br\/patrimonio\/quem-somos\/\" \/>\n<meta property=\"og:site_name\" content=\"Divis\u00e3o de Patrim\u00f4nio e Servi\u00e7os Auxiliares\" \/>\n<meta property=\"article:modified_time\" content=\"2019-08-09T16:08:35+00:00\" \/>\n<meta name=\"twitter:card\" content=\"summary_large_image\" \/>\n<script type=\"application\/ld+json\" class=\"yoast-schema-graph\">{\"@context\":\"https:\/\/schema.org\",\"@graph\":[{\"@type\":\"WebPage\",\"@id\":\"https:\/\/institucional.ufrrj.br\/patrimonio\/quem-somos\/\",\"url\":\"https:\/\/institucional.ufrrj.br\/patrimonio\/quem-somos\/\",\"name\":\"Quem somos - Divis\u00e3o de Patrim\u00f4nio e Servi\u00e7os Auxiliares\",\"isPartOf\":{\"@id\":\"https:\/\/institucional.ufrrj.br\/patrimonio\/#website\"},\"datePublished\":\"2018-02-23T17:41:58+00:00\",\"dateModified\":\"2019-08-09T16:08:35+00:00\",\"breadcrumb\":{\"@id\":\"https:\/\/institucional.ufrrj.br\/patrimonio\/quem-somos\/#breadcrumb\"},\"inLanguage\":\"pt-BR\",\"potentialAction\":[{\"@type\":\"ReadAction\",\"target\":[\"https:\/\/institucional.ufrrj.br\/patrimonio\/quem-somos\/\"]}]},{\"@type\":\"BreadcrumbList\",\"@id\":\"https:\/\/institucional.ufrrj.br\/patrimonio\/quem-somos\/#breadcrumb\",\"itemListElement\":[{\"@type\":\"ListItem\",\"position\":1,\"name\":\"In\u00edcio\",\"item\":\"https:\/\/institucional.ufrrj.br\/patrimonio\/\"},{\"@type\":\"ListItem\",\"position\":2,\"name\":\"Quem somos\"}]},{\"@type\":\"WebSite\",\"@id\":\"https:\/\/institucional.ufrrj.br\/patrimonio\/#website\",\"url\":\"https:\/\/institucional.ufrrj.br\/patrimonio\/\",\"name\":\"Divis\u00e3o de Patrim\u00f4nio e Servi\u00e7os Auxiliares\",\"description\":\"S\u00f3 mais um site institucional.ufrrj.br\",\"potentialAction\":[{\"@type\":\"SearchAction\",\"target\":{\"@type\":\"EntryPoint\",\"urlTemplate\":\"https:\/\/institucional.ufrrj.br\/patrimonio\/?s={search_term_string}\"},\"query-input\":{\"@type\":\"PropertyValueSpecification\",\"valueRequired\":true,\"valueName\":\"search_term_string\"}}],\"inLanguage\":\"pt-BR\"}]}<\/script>\n<!-- \/ Yoast SEO plugin. -->","yoast_head_json":{"title":"Quem somos - Divis\u00e3o de Patrim\u00f4nio e Servi\u00e7os Auxiliares","robots":{"index":"index","follow":"follow","max-snippet":"max-snippet:-1","max-image-preview":"max-image-preview:large","max-video-preview":"max-video-preview:-1"},"canonical":"https:\/\/institucional.ufrrj.br\/patrimonio\/quem-somos\/","og_locale":"pt_BR","og_type":"article","og_title":"Quem somos - Divis\u00e3o de Patrim\u00f4nio e Servi\u00e7os Auxiliares","og_description":"A Divis\u00e3o de Patrim\u00f4nio e Servi\u00e7os Auxiliares (DPSA) \u00e9 respons\u00e1vel pelo cadastro e aux\u00edlio no controle dos bens m\u00f3veis e ... leia mais","og_url":"https:\/\/institucional.ufrrj.br\/patrimonio\/quem-somos\/","og_site_name":"Divis\u00e3o de Patrim\u00f4nio e Servi\u00e7os Auxiliares","article_modified_time":"2019-08-09T16:08:35+00:00","twitter_card":"summary_large_image","schema":{"@context":"https:\/\/schema.org","@graph":[{"@type":"WebPage","@id":"https:\/\/institucional.ufrrj.br\/patrimonio\/quem-somos\/","url":"https:\/\/institucional.ufrrj.br\/patrimonio\/quem-somos\/","name":"Quem somos - Divis\u00e3o de Patrim\u00f4nio e Servi\u00e7os Auxiliares","isPartOf":{"@id":"https:\/\/institucional.ufrrj.br\/patrimonio\/#website"},"datePublished":"2018-02-23T17:41:58+00:00","dateModified":"2019-08-09T16:08:35+00:00","breadcrumb":{"@id":"https:\/\/institucional.ufrrj.br\/patrimonio\/quem-somos\/#breadcrumb"},"inLanguage":"pt-BR","potentialAction":[{"@type":"ReadAction","target":["https:\/\/institucional.ufrrj.br\/patrimonio\/quem-somos\/"]}]},{"@type":"BreadcrumbList","@id":"https:\/\/institucional.ufrrj.br\/patrimonio\/quem-somos\/#breadcrumb","itemListElement":[{"@type":"ListItem","position":1,"name":"In\u00edcio","item":"https:\/\/institucional.ufrrj.br\/patrimonio\/"},{"@type":"ListItem","position":2,"name":"Quem somos"}]},{"@type":"WebSite","@id":"https:\/\/institucional.ufrrj.br\/patrimonio\/#website","url":"https:\/\/institucional.ufrrj.br\/patrimonio\/","name":"Divis\u00e3o de Patrim\u00f4nio e Servi\u00e7os Auxiliares","description":"S\u00f3 mais um site institucional.ufrrj.br","potentialAction":[{"@type":"SearchAction","target":{"@type":"EntryPoint","urlTemplate":"https:\/\/institucional.ufrrj.br\/patrimonio\/?s={search_term_string}"},"query-input":{"@type":"PropertyValueSpecification","valueRequired":true,"valueName":"search_term_string"}}],"inLanguage":"pt-BR"}]}},"acf":[],"_links":{"self":[{"href":"https:\/\/institucional.ufrrj.br\/patrimonio\/wp-json\/wp\/v2\/pages\/9","targetHints":{"allow":["GET"]}}],"collection":[{"href":"https:\/\/institucional.ufrrj.br\/patrimonio\/wp-json\/wp\/v2\/pages"}],"about":[{"href":"https:\/\/institucional.ufrrj.br\/patrimonio\/wp-json\/wp\/v2\/types\/page"}],"author":[{"embeddable":true,"href":"https:\/\/institucional.ufrrj.br\/patrimonio\/wp-json\/wp\/v2\/users\/634"}],"replies":[{"embeddable":true,"href":"https:\/\/institucional.ufrrj.br\/patrimonio\/wp-json\/wp\/v2\/comments?post=9"}],"version-history":[{"count":9,"href":"https:\/\/institucional.ufrrj.br\/patrimonio\/wp-json\/wp\/v2\/pages\/9\/revisions"}],"predecessor-version":[{"id":731,"href":"https:\/\/institucional.ufrrj.br\/patrimonio\/wp-json\/wp\/v2\/pages\/9\/revisions\/731"}],"wp:attachment":[{"href":"https:\/\/institucional.ufrrj.br\/patrimonio\/wp-json\/wp\/v2\/media?parent=9"}],"curies":[{"name":"wp","href":"https:\/\/api.w.org\/{rel}","templated":true}]}}