{"id":719,"date":"2019-08-01T13:57:33","date_gmt":"2019-08-01T16:57:33","guid":{"rendered":"http:\/\/institucional.ufrrj.br\/patrimonio\/?page_id=719"},"modified":"2019-08-01T13:57:42","modified_gmt":"2019-08-01T16:57:42","slug":"inventario-anual","status":"publish","type":"page","link":"https:\/\/institucional.ufrrj.br\/patrimonio\/inventario-anual\/","title":{"rendered":"Invent\u00e1rio Anual"},"content":{"rendered":"<p>O invent\u00e1rio anual \u00e9 um procedimento que est\u00e1 previsto na Instru\u00e7\u00e3o Normativa 205\/1988 da SECRETARIA DE ADMINISTRA\u00c7\u00c3O P\u00daBLICA.Essa instru\u00e7\u00e3o estabelece uma responsabilidade do nomeado em fun\u00e7\u00e3o de confian\u00e7a a &#8220;carga patrimonial&#8221; do setor ao qual ir\u00e1 chefiar. A realiza\u00e7\u00e3o do invent\u00e1rio pode ser feito diretamente pelo titular, ou com o auxilio de uma comiss\u00e3o composta de 3 membros.Cabe destacar que o titular da carga patrimonial n\u00e3o pode participar dessa comiss\u00e3o.<\/p>\n<p>segue o formul\u00e1rio de invent\u00e1rio anual\u00a0<a href=\"https:\/\/institucional.ufrrj.br\/patrimonio\/files\/2018\/04\/02-Formul%C3%A1rio-de-Invent%C3%A1rio-anual.docx\">https:\/\/institucional.ufrrj.br\/patrimonio\/files\/2018\/04\/02-Formul%C3%A1rio-de-Invent%C3%A1rio-anual.docx<\/a><\/p>\n","protected":false},"excerpt":{"rendered":"<p>O invent\u00e1rio anual \u00e9 um procedimento que est\u00e1 previsto na Instru\u00e7\u00e3o Normativa 205\/1988 da SECRETARIA DE ADMINISTRA\u00c7\u00c3O P\u00daBLICA.Essa instru\u00e7\u00e3o estabelece <a class=\"read-more leiamais\" href=\"https:\/\/institucional.ufrrj.br\/patrimonio\/inventario-anual\/ \">&#8230; leia mais<\/a><\/p>\n","protected":false},"author":282,"featured_media":0,"parent":0,"menu_order":0,"comment_status":"closed","ping_status":"closed","template":"","meta":{"_acf_changed":false,"footnotes":""},"class_list":["post-719","page","type-page","status-publish","hentry"],"yoast_head":"<!-- This site is optimized with the Yoast SEO plugin v27.2 - https:\/\/yoast.com\/product\/yoast-seo-wordpress\/ -->\n<title>Invent\u00e1rio Anual - Divis\u00e3o de Patrim\u00f4nio e Servi\u00e7os Auxiliares<\/title>\n<meta name=\"robots\" content=\"index, follow, max-snippet:-1, max-image-preview:large, max-video-preview:-1\" \/>\n<link rel=\"canonical\" href=\"https:\/\/institucional.ufrrj.br\/patrimonio\/inventario-anual\/\" \/>\n<meta property=\"og:locale\" content=\"pt_BR\" \/>\n<meta property=\"og:type\" content=\"article\" \/>\n<meta property=\"og:title\" content=\"Invent\u00e1rio Anual - Divis\u00e3o de Patrim\u00f4nio e Servi\u00e7os Auxiliares\" \/>\n<meta property=\"og:description\" content=\"O invent\u00e1rio anual \u00e9 um procedimento que est\u00e1 previsto na Instru\u00e7\u00e3o Normativa 205\/1988 da SECRETARIA DE ADMINISTRA\u00c7\u00c3O P\u00daBLICA.Essa instru\u00e7\u00e3o estabelece ... leia mais\" \/>\n<meta property=\"og:url\" content=\"https:\/\/institucional.ufrrj.br\/patrimonio\/inventario-anual\/\" \/>\n<meta property=\"og:site_name\" content=\"Divis\u00e3o de Patrim\u00f4nio e Servi\u00e7os Auxiliares\" \/>\n<meta property=\"article:modified_time\" content=\"2019-08-01T16:57:42+00:00\" \/>\n<meta name=\"twitter:card\" content=\"summary_large_image\" \/>\n<meta name=\"twitter:label1\" content=\"Est. tempo de leitura\" \/>\n\t<meta name=\"twitter:data1\" content=\"1 minuto\" \/>\n<script type=\"application\/ld+json\" class=\"yoast-schema-graph\">{\"@context\":\"https:\/\/schema.org\",\"@graph\":[{\"@type\":\"WebPage\",\"@id\":\"https:\/\/institucional.ufrrj.br\/patrimonio\/inventario-anual\/\",\"url\":\"https:\/\/institucional.ufrrj.br\/patrimonio\/inventario-anual\/\",\"name\":\"Invent\u00e1rio Anual - Divis\u00e3o de Patrim\u00f4nio e Servi\u00e7os Auxiliares\",\"isPartOf\":{\"@id\":\"https:\/\/institucional.ufrrj.br\/patrimonio\/#website\"},\"datePublished\":\"2019-08-01T16:57:33+00:00\",\"dateModified\":\"2019-08-01T16:57:42+00:00\",\"breadcrumb\":{\"@id\":\"https:\/\/institucional.ufrrj.br\/patrimonio\/inventario-anual\/#breadcrumb\"},\"inLanguage\":\"pt-BR\",\"potentialAction\":[{\"@type\":\"ReadAction\",\"target\":[\"https:\/\/institucional.ufrrj.br\/patrimonio\/inventario-anual\/\"]}]},{\"@type\":\"BreadcrumbList\",\"@id\":\"https:\/\/institucional.ufrrj.br\/patrimonio\/inventario-anual\/#breadcrumb\",\"itemListElement\":[{\"@type\":\"ListItem\",\"position\":1,\"name\":\"In\u00edcio\",\"item\":\"https:\/\/institucional.ufrrj.br\/patrimonio\/\"},{\"@type\":\"ListItem\",\"position\":2,\"name\":\"Invent\u00e1rio Anual\"}]},{\"@type\":\"WebSite\",\"@id\":\"https:\/\/institucional.ufrrj.br\/patrimonio\/#website\",\"url\":\"https:\/\/institucional.ufrrj.br\/patrimonio\/\",\"name\":\"Divis\u00e3o de Patrim\u00f4nio e Servi\u00e7os Auxiliares\",\"description\":\"S\u00f3 mais um site institucional.ufrrj.br\",\"potentialAction\":[{\"@type\":\"SearchAction\",\"target\":{\"@type\":\"EntryPoint\",\"urlTemplate\":\"https:\/\/institucional.ufrrj.br\/patrimonio\/?s={search_term_string}\"},\"query-input\":{\"@type\":\"PropertyValueSpecification\",\"valueRequired\":true,\"valueName\":\"search_term_string\"}}],\"inLanguage\":\"pt-BR\"}]}<\/script>\n<!-- \/ Yoast SEO plugin. -->","yoast_head_json":{"title":"Invent\u00e1rio Anual - Divis\u00e3o de Patrim\u00f4nio e Servi\u00e7os Auxiliares","robots":{"index":"index","follow":"follow","max-snippet":"max-snippet:-1","max-image-preview":"max-image-preview:large","max-video-preview":"max-video-preview:-1"},"canonical":"https:\/\/institucional.ufrrj.br\/patrimonio\/inventario-anual\/","og_locale":"pt_BR","og_type":"article","og_title":"Invent\u00e1rio Anual - Divis\u00e3o de Patrim\u00f4nio e Servi\u00e7os Auxiliares","og_description":"O invent\u00e1rio anual \u00e9 um procedimento que est\u00e1 previsto na Instru\u00e7\u00e3o Normativa 205\/1988 da SECRETARIA DE ADMINISTRA\u00c7\u00c3O P\u00daBLICA.Essa instru\u00e7\u00e3o estabelece ... leia mais","og_url":"https:\/\/institucional.ufrrj.br\/patrimonio\/inventario-anual\/","og_site_name":"Divis\u00e3o de Patrim\u00f4nio e Servi\u00e7os Auxiliares","article_modified_time":"2019-08-01T16:57:42+00:00","twitter_card":"summary_large_image","twitter_misc":{"Est. tempo de leitura":"1 minuto"},"schema":{"@context":"https:\/\/schema.org","@graph":[{"@type":"WebPage","@id":"https:\/\/institucional.ufrrj.br\/patrimonio\/inventario-anual\/","url":"https:\/\/institucional.ufrrj.br\/patrimonio\/inventario-anual\/","name":"Invent\u00e1rio Anual - Divis\u00e3o de Patrim\u00f4nio e Servi\u00e7os Auxiliares","isPartOf":{"@id":"https:\/\/institucional.ufrrj.br\/patrimonio\/#website"},"datePublished":"2019-08-01T16:57:33+00:00","dateModified":"2019-08-01T16:57:42+00:00","breadcrumb":{"@id":"https:\/\/institucional.ufrrj.br\/patrimonio\/inventario-anual\/#breadcrumb"},"inLanguage":"pt-BR","potentialAction":[{"@type":"ReadAction","target":["https:\/\/institucional.ufrrj.br\/patrimonio\/inventario-anual\/"]}]},{"@type":"BreadcrumbList","@id":"https:\/\/institucional.ufrrj.br\/patrimonio\/inventario-anual\/#breadcrumb","itemListElement":[{"@type":"ListItem","position":1,"name":"In\u00edcio","item":"https:\/\/institucional.ufrrj.br\/patrimonio\/"},{"@type":"ListItem","position":2,"name":"Invent\u00e1rio Anual"}]},{"@type":"WebSite","@id":"https:\/\/institucional.ufrrj.br\/patrimonio\/#website","url":"https:\/\/institucional.ufrrj.br\/patrimonio\/","name":"Divis\u00e3o de Patrim\u00f4nio e Servi\u00e7os Auxiliares","description":"S\u00f3 mais um site institucional.ufrrj.br","potentialAction":[{"@type":"SearchAction","target":{"@type":"EntryPoint","urlTemplate":"https:\/\/institucional.ufrrj.br\/patrimonio\/?s={search_term_string}"},"query-input":{"@type":"PropertyValueSpecification","valueRequired":true,"valueName":"search_term_string"}}],"inLanguage":"pt-BR"}]}},"acf":[],"_links":{"self":[{"href":"https:\/\/institucional.ufrrj.br\/patrimonio\/wp-json\/wp\/v2\/pages\/719","targetHints":{"allow":["GET"]}}],"collection":[{"href":"https:\/\/institucional.ufrrj.br\/patrimonio\/wp-json\/wp\/v2\/pages"}],"about":[{"href":"https:\/\/institucional.ufrrj.br\/patrimonio\/wp-json\/wp\/v2\/types\/page"}],"author":[{"embeddable":true,"href":"https:\/\/institucional.ufrrj.br\/patrimonio\/wp-json\/wp\/v2\/users\/282"}],"replies":[{"embeddable":true,"href":"https:\/\/institucional.ufrrj.br\/patrimonio\/wp-json\/wp\/v2\/comments?post=719"}],"version-history":[{"count":2,"href":"https:\/\/institucional.ufrrj.br\/patrimonio\/wp-json\/wp\/v2\/pages\/719\/revisions"}],"predecessor-version":[{"id":750,"href":"https:\/\/institucional.ufrrj.br\/patrimonio\/wp-json\/wp\/v2\/pages\/719\/revisions\/750"}],"wp:attachment":[{"href":"https:\/\/institucional.ufrrj.br\/patrimonio\/wp-json\/wp\/v2\/media?parent=719"}],"curies":[{"name":"wp","href":"https:\/\/api.w.org\/{rel}","templated":true}]}}