{"id":695,"date":"2019-07-26T14:55:48","date_gmt":"2019-07-26T17:55:48","guid":{"rendered":"http:\/\/institucional.ufrrj.br\/patrimonio\/?page_id=695"},"modified":"2019-07-26T15:16:54","modified_gmt":"2019-07-26T18:16:54","slug":"organograma","status":"publish","type":"page","link":"https:\/\/institucional.ufrrj.br\/patrimonio\/quem-somos\/organograma\/","title":{"rendered":"Organograma"},"content":{"rendered":"<p>Dire\u00e7\u00e3o da Divis\u00e3o de Patrim\u00f4nio e Servi\u00e7os Auxiliares.<\/p>\n<p>Faz o cadastramento de im\u00f3veis\u00a0 atrav\u00e9s da alimenta\u00e7\u00e3o de dois sistemas:<\/p>\n<p>Sipac , m\u00f3dulo im\u00f3veis .<\/p>\n<p>Spinet- sistema de Gerenciamento de Im\u00f3veis de uso Especial da Uni\u00e3o.<\/p>\n<p>-Se\u00e7\u00e3o de Registro patrimonial.<\/p>\n<p>Realiza o tombamento dos bens que \u00e9 a emiss\u00e3o de plaquetas e de termos de responsabilidades.<\/p>\n<p>-Se\u00e7\u00e3o de suporte aos invent\u00e1rios Setoriais.<\/p>\n<p>Auxilia e instrui as diversas unidades da UFRRJ sobre a\u00a0 movimenta\u00e7\u00e3o e desfazimento de bens permanentes.<\/p>\n","protected":false},"excerpt":{"rendered":"<p>Dire\u00e7\u00e3o da Divis\u00e3o de Patrim\u00f4nio e Servi\u00e7os Auxiliares. Faz o cadastramento de im\u00f3veis\u00a0 atrav\u00e9s da alimenta\u00e7\u00e3o de dois sistemas: Sipac <a class=\"read-more leiamais\" href=\"https:\/\/institucional.ufrrj.br\/patrimonio\/quem-somos\/organograma\/ \">&#8230; leia mais<\/a><\/p>\n","protected":false},"author":282,"featured_media":0,"parent":9,"menu_order":0,"comment_status":"closed","ping_status":"closed","template":"","meta":{"_acf_changed":false,"footnotes":""},"class_list":["post-695","page","type-page","status-publish","hentry"],"yoast_head":"<!-- This site is optimized with the Yoast SEO plugin v27.2 - https:\/\/yoast.com\/product\/yoast-seo-wordpress\/ -->\n<title>Organograma - Divis\u00e3o de Patrim\u00f4nio e Servi\u00e7os Auxiliares<\/title>\n<meta name=\"robots\" content=\"index, follow, max-snippet:-1, max-image-preview:large, max-video-preview:-1\" \/>\n<link rel=\"canonical\" href=\"https:\/\/institucional.ufrrj.br\/patrimonio\/quem-somos\/organograma\/\" \/>\n<meta property=\"og:locale\" content=\"pt_BR\" \/>\n<meta property=\"og:type\" content=\"article\" \/>\n<meta property=\"og:title\" content=\"Organograma - Divis\u00e3o de Patrim\u00f4nio e Servi\u00e7os Auxiliares\" \/>\n<meta property=\"og:description\" content=\"Dire\u00e7\u00e3o da Divis\u00e3o de Patrim\u00f4nio e Servi\u00e7os Auxiliares. Faz o cadastramento de im\u00f3veis\u00a0 atrav\u00e9s da alimenta\u00e7\u00e3o de dois sistemas: Sipac ... leia mais\" \/>\n<meta property=\"og:url\" content=\"https:\/\/institucional.ufrrj.br\/patrimonio\/quem-somos\/organograma\/\" \/>\n<meta property=\"og:site_name\" content=\"Divis\u00e3o de Patrim\u00f4nio e Servi\u00e7os Auxiliares\" \/>\n<meta property=\"article:modified_time\" content=\"2019-07-26T18:16:54+00:00\" \/>\n<meta name=\"twitter:card\" content=\"summary_large_image\" \/>\n<script type=\"application\/ld+json\" class=\"yoast-schema-graph\">{\"@context\":\"https:\/\/schema.org\",\"@graph\":[{\"@type\":\"WebPage\",\"@id\":\"https:\/\/institucional.ufrrj.br\/patrimonio\/quem-somos\/organograma\/\",\"url\":\"https:\/\/institucional.ufrrj.br\/patrimonio\/quem-somos\/organograma\/\",\"name\":\"Organograma - Divis\u00e3o de Patrim\u00f4nio e Servi\u00e7os Auxiliares\",\"isPartOf\":{\"@id\":\"https:\/\/institucional.ufrrj.br\/patrimonio\/#website\"},\"datePublished\":\"2019-07-26T17:55:48+00:00\",\"dateModified\":\"2019-07-26T18:16:54+00:00\",\"breadcrumb\":{\"@id\":\"https:\/\/institucional.ufrrj.br\/patrimonio\/quem-somos\/organograma\/#breadcrumb\"},\"inLanguage\":\"pt-BR\",\"potentialAction\":[{\"@type\":\"ReadAction\",\"target\":[\"https:\/\/institucional.ufrrj.br\/patrimonio\/quem-somos\/organograma\/\"]}]},{\"@type\":\"BreadcrumbList\",\"@id\":\"https:\/\/institucional.ufrrj.br\/patrimonio\/quem-somos\/organograma\/#breadcrumb\",\"itemListElement\":[{\"@type\":\"ListItem\",\"position\":1,\"name\":\"In\u00edcio\",\"item\":\"https:\/\/institucional.ufrrj.br\/patrimonio\/\"},{\"@type\":\"ListItem\",\"position\":2,\"name\":\"Quem somos\",\"item\":\"https:\/\/institucional.ufrrj.br\/patrimonio\/quem-somos\/\"},{\"@type\":\"ListItem\",\"position\":3,\"name\":\"Organograma\"}]},{\"@type\":\"WebSite\",\"@id\":\"https:\/\/institucional.ufrrj.br\/patrimonio\/#website\",\"url\":\"https:\/\/institucional.ufrrj.br\/patrimonio\/\",\"name\":\"Divis\u00e3o de Patrim\u00f4nio e Servi\u00e7os Auxiliares\",\"description\":\"S\u00f3 mais um site institucional.ufrrj.br\",\"potentialAction\":[{\"@type\":\"SearchAction\",\"target\":{\"@type\":\"EntryPoint\",\"urlTemplate\":\"https:\/\/institucional.ufrrj.br\/patrimonio\/?s={search_term_string}\"},\"query-input\":{\"@type\":\"PropertyValueSpecification\",\"valueRequired\":true,\"valueName\":\"search_term_string\"}}],\"inLanguage\":\"pt-BR\"}]}<\/script>\n<!-- \/ Yoast SEO plugin. -->","yoast_head_json":{"title":"Organograma - Divis\u00e3o de Patrim\u00f4nio e Servi\u00e7os Auxiliares","robots":{"index":"index","follow":"follow","max-snippet":"max-snippet:-1","max-image-preview":"max-image-preview:large","max-video-preview":"max-video-preview:-1"},"canonical":"https:\/\/institucional.ufrrj.br\/patrimonio\/quem-somos\/organograma\/","og_locale":"pt_BR","og_type":"article","og_title":"Organograma - Divis\u00e3o de Patrim\u00f4nio e Servi\u00e7os Auxiliares","og_description":"Dire\u00e7\u00e3o da Divis\u00e3o de Patrim\u00f4nio e Servi\u00e7os Auxiliares. Faz o cadastramento de im\u00f3veis\u00a0 atrav\u00e9s da alimenta\u00e7\u00e3o de dois sistemas: Sipac ... leia mais","og_url":"https:\/\/institucional.ufrrj.br\/patrimonio\/quem-somos\/organograma\/","og_site_name":"Divis\u00e3o de Patrim\u00f4nio e Servi\u00e7os Auxiliares","article_modified_time":"2019-07-26T18:16:54+00:00","twitter_card":"summary_large_image","schema":{"@context":"https:\/\/schema.org","@graph":[{"@type":"WebPage","@id":"https:\/\/institucional.ufrrj.br\/patrimonio\/quem-somos\/organograma\/","url":"https:\/\/institucional.ufrrj.br\/patrimonio\/quem-somos\/organograma\/","name":"Organograma - Divis\u00e3o de Patrim\u00f4nio e Servi\u00e7os Auxiliares","isPartOf":{"@id":"https:\/\/institucional.ufrrj.br\/patrimonio\/#website"},"datePublished":"2019-07-26T17:55:48+00:00","dateModified":"2019-07-26T18:16:54+00:00","breadcrumb":{"@id":"https:\/\/institucional.ufrrj.br\/patrimonio\/quem-somos\/organograma\/#breadcrumb"},"inLanguage":"pt-BR","potentialAction":[{"@type":"ReadAction","target":["https:\/\/institucional.ufrrj.br\/patrimonio\/quem-somos\/organograma\/"]}]},{"@type":"BreadcrumbList","@id":"https:\/\/institucional.ufrrj.br\/patrimonio\/quem-somos\/organograma\/#breadcrumb","itemListElement":[{"@type":"ListItem","position":1,"name":"In\u00edcio","item":"https:\/\/institucional.ufrrj.br\/patrimonio\/"},{"@type":"ListItem","position":2,"name":"Quem somos","item":"https:\/\/institucional.ufrrj.br\/patrimonio\/quem-somos\/"},{"@type":"ListItem","position":3,"name":"Organograma"}]},{"@type":"WebSite","@id":"https:\/\/institucional.ufrrj.br\/patrimonio\/#website","url":"https:\/\/institucional.ufrrj.br\/patrimonio\/","name":"Divis\u00e3o de Patrim\u00f4nio e Servi\u00e7os Auxiliares","description":"S\u00f3 mais um site institucional.ufrrj.br","potentialAction":[{"@type":"SearchAction","target":{"@type":"EntryPoint","urlTemplate":"https:\/\/institucional.ufrrj.br\/patrimonio\/?s={search_term_string}"},"query-input":{"@type":"PropertyValueSpecification","valueRequired":true,"valueName":"search_term_string"}}],"inLanguage":"pt-BR"}]}},"acf":[],"_links":{"self":[{"href":"https:\/\/institucional.ufrrj.br\/patrimonio\/wp-json\/wp\/v2\/pages\/695","targetHints":{"allow":["GET"]}}],"collection":[{"href":"https:\/\/institucional.ufrrj.br\/patrimonio\/wp-json\/wp\/v2\/pages"}],"about":[{"href":"https:\/\/institucional.ufrrj.br\/patrimonio\/wp-json\/wp\/v2\/types\/page"}],"author":[{"embeddable":true,"href":"https:\/\/institucional.ufrrj.br\/patrimonio\/wp-json\/wp\/v2\/users\/282"}],"replies":[{"embeddable":true,"href":"https:\/\/institucional.ufrrj.br\/patrimonio\/wp-json\/wp\/v2\/comments?post=695"}],"version-history":[{"count":1,"href":"https:\/\/institucional.ufrrj.br\/patrimonio\/wp-json\/wp\/v2\/pages\/695\/revisions"}],"predecessor-version":[{"id":709,"href":"https:\/\/institucional.ufrrj.br\/patrimonio\/wp-json\/wp\/v2\/pages\/695\/revisions\/709"}],"up":[{"embeddable":true,"href":"https:\/\/institucional.ufrrj.br\/patrimonio\/wp-json\/wp\/v2\/pages\/9"}],"wp:attachment":[{"href":"https:\/\/institucional.ufrrj.br\/patrimonio\/wp-json\/wp\/v2\/media?parent=695"}],"curies":[{"name":"wp","href":"https:\/\/api.w.org\/{rel}","templated":true}]}}