{"id":630,"date":"2019-07-24T14:55:05","date_gmt":"2019-07-24T17:55:05","guid":{"rendered":"http:\/\/institucional.ufrrj.br\/patrimonio\/?page_id=630"},"modified":"2019-07-26T14:20:35","modified_gmt":"2019-07-26T17:20:35","slug":"noticias","status":"publish","type":"page","link":"https:\/\/institucional.ufrrj.br\/patrimonio\/noticias\/","title":{"rendered":"Not\u00edcias"},"content":{"rendered":"<p><img loading=\"lazy\" decoding=\"async\" class=\"size-full wp-image-670 alignleft\" src=\"https:\/\/institucional.ufrrj.br\/patrimonio\/files\/2019\/07\/imagem-invent\u00e1rio.jpg\" alt=\"\" width=\"186\" height=\"119\" \/><\/p>\n<p>N\u00e3o esque\u00e7a de fazer\/atualizar seu Invent\u00e1rio<\/p>\n<p>para maiores informa\u00e7\u00f5es, por favor, acesse o link: <a href=\"https:\/\/institucional.ufrrj.br\/patrimonio\/2019\/07\/19\/inventarios\/\">https:\/\/institucional.ufrrj.br\/patrimonio\/2019\/07\/19\/inventarios\/<\/a><\/p>\n","protected":false},"excerpt":{"rendered":"<p>N\u00e3o esque\u00e7a de fazer\/atualizar seu Invent\u00e1rio para maiores informa\u00e7\u00f5es, por favor, acesse o link: https:\/\/institucional.ufrrj.br\/patrimonio\/2019\/07\/19\/inventarios\/<\/p>\n","protected":false},"author":282,"featured_media":0,"parent":0,"menu_order":0,"comment_status":"closed","ping_status":"closed","template":"","meta":{"_acf_changed":false,"footnotes":""},"class_list":["post-630","page","type-page","status-publish","hentry"],"yoast_head":"<!-- This site is optimized with the Yoast SEO plugin v27.2 - https:\/\/yoast.com\/product\/yoast-seo-wordpress\/ -->\n<title>Not\u00edcias - Divis\u00e3o de Patrim\u00f4nio e Servi\u00e7os Auxiliares<\/title>\n<meta name=\"robots\" content=\"index, follow, max-snippet:-1, max-image-preview:large, max-video-preview:-1\" \/>\n<link rel=\"canonical\" href=\"https:\/\/institucional.ufrrj.br\/patrimonio\/noticias\/\" \/>\n<meta property=\"og:locale\" content=\"pt_BR\" \/>\n<meta property=\"og:type\" content=\"article\" \/>\n<meta property=\"og:title\" content=\"Not\u00edcias - Divis\u00e3o de Patrim\u00f4nio e Servi\u00e7os Auxiliares\" \/>\n<meta property=\"og:description\" content=\"N\u00e3o esque\u00e7a de fazer\/atualizar seu Invent\u00e1rio para maiores informa\u00e7\u00f5es, por favor, acesse o link: https:\/\/institucional.ufrrj.br\/patrimonio\/2019\/07\/19\/inventarios\/\" \/>\n<meta property=\"og:url\" content=\"https:\/\/institucional.ufrrj.br\/patrimonio\/noticias\/\" \/>\n<meta property=\"og:site_name\" content=\"Divis\u00e3o de Patrim\u00f4nio e Servi\u00e7os Auxiliares\" \/>\n<meta property=\"article:modified_time\" content=\"2019-07-26T17:20:35+00:00\" \/>\n<meta name=\"twitter:card\" content=\"summary_large_image\" \/>\n<script type=\"application\/ld+json\" class=\"yoast-schema-graph\">{\"@context\":\"https:\/\/schema.org\",\"@graph\":[{\"@type\":\"WebPage\",\"@id\":\"https:\/\/institucional.ufrrj.br\/patrimonio\/noticias\/\",\"url\":\"https:\/\/institucional.ufrrj.br\/patrimonio\/noticias\/\",\"name\":\"Not\u00edcias - Divis\u00e3o de Patrim\u00f4nio e Servi\u00e7os Auxiliares\",\"isPartOf\":{\"@id\":\"https:\/\/institucional.ufrrj.br\/patrimonio\/#website\"},\"datePublished\":\"2019-07-24T17:55:05+00:00\",\"dateModified\":\"2019-07-26T17:20:35+00:00\",\"breadcrumb\":{\"@id\":\"https:\/\/institucional.ufrrj.br\/patrimonio\/noticias\/#breadcrumb\"},\"inLanguage\":\"pt-BR\",\"potentialAction\":[{\"@type\":\"ReadAction\",\"target\":[\"https:\/\/institucional.ufrrj.br\/patrimonio\/noticias\/\"]}]},{\"@type\":\"BreadcrumbList\",\"@id\":\"https:\/\/institucional.ufrrj.br\/patrimonio\/noticias\/#breadcrumb\",\"itemListElement\":[{\"@type\":\"ListItem\",\"position\":1,\"name\":\"In\u00edcio\",\"item\":\"https:\/\/institucional.ufrrj.br\/patrimonio\/\"},{\"@type\":\"ListItem\",\"position\":2,\"name\":\"Not\u00edcias\"}]},{\"@type\":\"WebSite\",\"@id\":\"https:\/\/institucional.ufrrj.br\/patrimonio\/#website\",\"url\":\"https:\/\/institucional.ufrrj.br\/patrimonio\/\",\"name\":\"Divis\u00e3o de Patrim\u00f4nio e Servi\u00e7os Auxiliares\",\"description\":\"S\u00f3 mais um site institucional.ufrrj.br\",\"potentialAction\":[{\"@type\":\"SearchAction\",\"target\":{\"@type\":\"EntryPoint\",\"urlTemplate\":\"https:\/\/institucional.ufrrj.br\/patrimonio\/?s={search_term_string}\"},\"query-input\":{\"@type\":\"PropertyValueSpecification\",\"valueRequired\":true,\"valueName\":\"search_term_string\"}}],\"inLanguage\":\"pt-BR\"}]}<\/script>\n<!-- \/ Yoast SEO plugin. -->","yoast_head_json":{"title":"Not\u00edcias - Divis\u00e3o de Patrim\u00f4nio e Servi\u00e7os Auxiliares","robots":{"index":"index","follow":"follow","max-snippet":"max-snippet:-1","max-image-preview":"max-image-preview:large","max-video-preview":"max-video-preview:-1"},"canonical":"https:\/\/institucional.ufrrj.br\/patrimonio\/noticias\/","og_locale":"pt_BR","og_type":"article","og_title":"Not\u00edcias - Divis\u00e3o de Patrim\u00f4nio e Servi\u00e7os Auxiliares","og_description":"N\u00e3o esque\u00e7a de fazer\/atualizar seu Invent\u00e1rio para maiores informa\u00e7\u00f5es, por favor, acesse o link: https:\/\/institucional.ufrrj.br\/patrimonio\/2019\/07\/19\/inventarios\/","og_url":"https:\/\/institucional.ufrrj.br\/patrimonio\/noticias\/","og_site_name":"Divis\u00e3o de Patrim\u00f4nio e Servi\u00e7os Auxiliares","article_modified_time":"2019-07-26T17:20:35+00:00","twitter_card":"summary_large_image","schema":{"@context":"https:\/\/schema.org","@graph":[{"@type":"WebPage","@id":"https:\/\/institucional.ufrrj.br\/patrimonio\/noticias\/","url":"https:\/\/institucional.ufrrj.br\/patrimonio\/noticias\/","name":"Not\u00edcias - Divis\u00e3o de Patrim\u00f4nio e Servi\u00e7os Auxiliares","isPartOf":{"@id":"https:\/\/institucional.ufrrj.br\/patrimonio\/#website"},"datePublished":"2019-07-24T17:55:05+00:00","dateModified":"2019-07-26T17:20:35+00:00","breadcrumb":{"@id":"https:\/\/institucional.ufrrj.br\/patrimonio\/noticias\/#breadcrumb"},"inLanguage":"pt-BR","potentialAction":[{"@type":"ReadAction","target":["https:\/\/institucional.ufrrj.br\/patrimonio\/noticias\/"]}]},{"@type":"BreadcrumbList","@id":"https:\/\/institucional.ufrrj.br\/patrimonio\/noticias\/#breadcrumb","itemListElement":[{"@type":"ListItem","position":1,"name":"In\u00edcio","item":"https:\/\/institucional.ufrrj.br\/patrimonio\/"},{"@type":"ListItem","position":2,"name":"Not\u00edcias"}]},{"@type":"WebSite","@id":"https:\/\/institucional.ufrrj.br\/patrimonio\/#website","url":"https:\/\/institucional.ufrrj.br\/patrimonio\/","name":"Divis\u00e3o de Patrim\u00f4nio e Servi\u00e7os Auxiliares","description":"S\u00f3 mais um site institucional.ufrrj.br","potentialAction":[{"@type":"SearchAction","target":{"@type":"EntryPoint","urlTemplate":"https:\/\/institucional.ufrrj.br\/patrimonio\/?s={search_term_string}"},"query-input":{"@type":"PropertyValueSpecification","valueRequired":true,"valueName":"search_term_string"}}],"inLanguage":"pt-BR"}]}},"acf":[],"_links":{"self":[{"href":"https:\/\/institucional.ufrrj.br\/patrimonio\/wp-json\/wp\/v2\/pages\/630","targetHints":{"allow":["GET"]}}],"collection":[{"href":"https:\/\/institucional.ufrrj.br\/patrimonio\/wp-json\/wp\/v2\/pages"}],"about":[{"href":"https:\/\/institucional.ufrrj.br\/patrimonio\/wp-json\/wp\/v2\/types\/page"}],"author":[{"embeddable":true,"href":"https:\/\/institucional.ufrrj.br\/patrimonio\/wp-json\/wp\/v2\/users\/282"}],"replies":[{"embeddable":true,"href":"https:\/\/institucional.ufrrj.br\/patrimonio\/wp-json\/wp\/v2\/comments?post=630"}],"version-history":[{"count":6,"href":"https:\/\/institucional.ufrrj.br\/patrimonio\/wp-json\/wp\/v2\/pages\/630\/revisions"}],"predecessor-version":[{"id":684,"href":"https:\/\/institucional.ufrrj.br\/patrimonio\/wp-json\/wp\/v2\/pages\/630\/revisions\/684"}],"wp:attachment":[{"href":"https:\/\/institucional.ufrrj.br\/patrimonio\/wp-json\/wp\/v2\/media?parent=630"}],"curies":[{"name":"wp","href":"https:\/\/api.w.org\/{rel}","templated":true}]}}