{"id":113,"date":"2018-04-09T10:37:15","date_gmt":"2018-04-09T13:37:15","guid":{"rendered":"http:\/\/institucional.ufrrj.br\/patrimonio\/?page_id=113"},"modified":"2019-07-04T13:03:08","modified_gmt":"2019-07-04T16:03:08","slug":"legislacao-utilizada","status":"publish","type":"page","link":"https:\/\/institucional.ufrrj.br\/patrimonio\/legislacao-utilizada\/","title":{"rendered":"Bens m\u00f3veis"},"content":{"rendered":"<p><a href=\"https:\/\/institucional.ufrrj.br\/patrimonio\/files\/2019\/07\/Decreto-9373.docx\">Decreto 9373<\/a><\/p>\n<p><a href=\"https:\/\/institucional.ufrrj.br\/patrimonio\/files\/2018\/04\/Instruo_Normativa_n_205-88.pdf\">Instruo_Normativa_n_205-88<\/a><\/p>\n<p><a href=\"https:\/\/institucional.ufrrj.br\/patrimonio\/files\/2018\/04\/Portaria_Completa_n\u00ba_448-2002.pdf\">Portaria_Completa_n\u00ba_448-2002<\/a><\/p>\n<p><a href=\"https:\/\/institucional.ufrrj.br\/patrimonio\/files\/2018\/04\/IN_CGU_04_2009.pdf\">IN_CGU_04_2009<\/a><\/p>\n<p><a href=\"https:\/\/institucional.ufrrj.br\/patrimonio\/files\/2018\/04\/CPU_Portaria_STN_700_2014_MCASP_6.pdf\">CPU_Portaria_STN_700_2014_MCASP_6<\/a><\/p>\n<p>&nbsp;<\/p>\n<p>&nbsp;<\/p>\n","protected":false},"excerpt":{"rendered":"<p>Decreto 9373 Instruo_Normativa_n_205-88 Portaria_Completa_n\u00ba_448-2002 IN_CGU_04_2009 CPU_Portaria_STN_700_2014_MCASP_6 &nbsp; &nbsp;<\/p>\n","protected":false},"author":282,"featured_media":0,"parent":0,"menu_order":0,"comment_status":"closed","ping_status":"closed","template":"","meta":{"_acf_changed":false,"footnotes":""},"class_list":["post-113","page","type-page","status-publish","hentry"],"yoast_head":"<!-- This site is optimized with the Yoast SEO plugin v27.2 - https:\/\/yoast.com\/product\/yoast-seo-wordpress\/ -->\n<title>Bens m\u00f3veis - Divis\u00e3o de Patrim\u00f4nio e Servi\u00e7os Auxiliares<\/title>\n<meta name=\"robots\" content=\"index, follow, max-snippet:-1, max-image-preview:large, max-video-preview:-1\" \/>\n<link rel=\"canonical\" href=\"https:\/\/institucional.ufrrj.br\/patrimonio\/legislacao-utilizada\/\" \/>\n<meta property=\"og:locale\" content=\"pt_BR\" \/>\n<meta property=\"og:type\" content=\"article\" \/>\n<meta property=\"og:title\" content=\"Bens m\u00f3veis - Divis\u00e3o de Patrim\u00f4nio e Servi\u00e7os Auxiliares\" \/>\n<meta property=\"og:description\" content=\"Decreto 9373 Instruo_Normativa_n_205-88 Portaria_Completa_n\u00ba_448-2002 IN_CGU_04_2009 CPU_Portaria_STN_700_2014_MCASP_6 &nbsp; &nbsp;\" \/>\n<meta property=\"og:url\" content=\"https:\/\/institucional.ufrrj.br\/patrimonio\/legislacao-utilizada\/\" \/>\n<meta property=\"og:site_name\" content=\"Divis\u00e3o de Patrim\u00f4nio e Servi\u00e7os Auxiliares\" \/>\n<meta property=\"article:modified_time\" content=\"2019-07-04T16:03:08+00:00\" \/>\n<meta name=\"twitter:card\" content=\"summary_large_image\" \/>\n<script type=\"application\/ld+json\" class=\"yoast-schema-graph\">{\"@context\":\"https:\/\/schema.org\",\"@graph\":[{\"@type\":\"WebPage\",\"@id\":\"https:\/\/institucional.ufrrj.br\/patrimonio\/legislacao-utilizada\/\",\"url\":\"https:\/\/institucional.ufrrj.br\/patrimonio\/legislacao-utilizada\/\",\"name\":\"Bens m\u00f3veis - Divis\u00e3o de Patrim\u00f4nio e Servi\u00e7os Auxiliares\",\"isPartOf\":{\"@id\":\"https:\/\/institucional.ufrrj.br\/patrimonio\/#website\"},\"datePublished\":\"2018-04-09T13:37:15+00:00\",\"dateModified\":\"2019-07-04T16:03:08+00:00\",\"breadcrumb\":{\"@id\":\"https:\/\/institucional.ufrrj.br\/patrimonio\/legislacao-utilizada\/#breadcrumb\"},\"inLanguage\":\"pt-BR\",\"potentialAction\":[{\"@type\":\"ReadAction\",\"target\":[\"https:\/\/institucional.ufrrj.br\/patrimonio\/legislacao-utilizada\/\"]}]},{\"@type\":\"BreadcrumbList\",\"@id\":\"https:\/\/institucional.ufrrj.br\/patrimonio\/legislacao-utilizada\/#breadcrumb\",\"itemListElement\":[{\"@type\":\"ListItem\",\"position\":1,\"name\":\"In\u00edcio\",\"item\":\"https:\/\/institucional.ufrrj.br\/patrimonio\/\"},{\"@type\":\"ListItem\",\"position\":2,\"name\":\"Bens m\u00f3veis\"}]},{\"@type\":\"WebSite\",\"@id\":\"https:\/\/institucional.ufrrj.br\/patrimonio\/#website\",\"url\":\"https:\/\/institucional.ufrrj.br\/patrimonio\/\",\"name\":\"Divis\u00e3o de Patrim\u00f4nio e Servi\u00e7os Auxiliares\",\"description\":\"S\u00f3 mais um site institucional.ufrrj.br\",\"potentialAction\":[{\"@type\":\"SearchAction\",\"target\":{\"@type\":\"EntryPoint\",\"urlTemplate\":\"https:\/\/institucional.ufrrj.br\/patrimonio\/?s={search_term_string}\"},\"query-input\":{\"@type\":\"PropertyValueSpecification\",\"valueRequired\":true,\"valueName\":\"search_term_string\"}}],\"inLanguage\":\"pt-BR\"}]}<\/script>\n<!-- \/ Yoast SEO plugin. -->","yoast_head_json":{"title":"Bens m\u00f3veis - Divis\u00e3o de Patrim\u00f4nio e Servi\u00e7os Auxiliares","robots":{"index":"index","follow":"follow","max-snippet":"max-snippet:-1","max-image-preview":"max-image-preview:large","max-video-preview":"max-video-preview:-1"},"canonical":"https:\/\/institucional.ufrrj.br\/patrimonio\/legislacao-utilizada\/","og_locale":"pt_BR","og_type":"article","og_title":"Bens m\u00f3veis - Divis\u00e3o de Patrim\u00f4nio e Servi\u00e7os Auxiliares","og_description":"Decreto 9373 Instruo_Normativa_n_205-88 Portaria_Completa_n\u00ba_448-2002 IN_CGU_04_2009 CPU_Portaria_STN_700_2014_MCASP_6 &nbsp; &nbsp;","og_url":"https:\/\/institucional.ufrrj.br\/patrimonio\/legislacao-utilizada\/","og_site_name":"Divis\u00e3o de Patrim\u00f4nio e Servi\u00e7os Auxiliares","article_modified_time":"2019-07-04T16:03:08+00:00","twitter_card":"summary_large_image","schema":{"@context":"https:\/\/schema.org","@graph":[{"@type":"WebPage","@id":"https:\/\/institucional.ufrrj.br\/patrimonio\/legislacao-utilizada\/","url":"https:\/\/institucional.ufrrj.br\/patrimonio\/legislacao-utilizada\/","name":"Bens m\u00f3veis - Divis\u00e3o de Patrim\u00f4nio e Servi\u00e7os Auxiliares","isPartOf":{"@id":"https:\/\/institucional.ufrrj.br\/patrimonio\/#website"},"datePublished":"2018-04-09T13:37:15+00:00","dateModified":"2019-07-04T16:03:08+00:00","breadcrumb":{"@id":"https:\/\/institucional.ufrrj.br\/patrimonio\/legislacao-utilizada\/#breadcrumb"},"inLanguage":"pt-BR","potentialAction":[{"@type":"ReadAction","target":["https:\/\/institucional.ufrrj.br\/patrimonio\/legislacao-utilizada\/"]}]},{"@type":"BreadcrumbList","@id":"https:\/\/institucional.ufrrj.br\/patrimonio\/legislacao-utilizada\/#breadcrumb","itemListElement":[{"@type":"ListItem","position":1,"name":"In\u00edcio","item":"https:\/\/institucional.ufrrj.br\/patrimonio\/"},{"@type":"ListItem","position":2,"name":"Bens m\u00f3veis"}]},{"@type":"WebSite","@id":"https:\/\/institucional.ufrrj.br\/patrimonio\/#website","url":"https:\/\/institucional.ufrrj.br\/patrimonio\/","name":"Divis\u00e3o de Patrim\u00f4nio e Servi\u00e7os Auxiliares","description":"S\u00f3 mais um site institucional.ufrrj.br","potentialAction":[{"@type":"SearchAction","target":{"@type":"EntryPoint","urlTemplate":"https:\/\/institucional.ufrrj.br\/patrimonio\/?s={search_term_string}"},"query-input":{"@type":"PropertyValueSpecification","valueRequired":true,"valueName":"search_term_string"}}],"inLanguage":"pt-BR"}]}},"acf":[],"_links":{"self":[{"href":"https:\/\/institucional.ufrrj.br\/patrimonio\/wp-json\/wp\/v2\/pages\/113","targetHints":{"allow":["GET"]}}],"collection":[{"href":"https:\/\/institucional.ufrrj.br\/patrimonio\/wp-json\/wp\/v2\/pages"}],"about":[{"href":"https:\/\/institucional.ufrrj.br\/patrimonio\/wp-json\/wp\/v2\/types\/page"}],"author":[{"embeddable":true,"href":"https:\/\/institucional.ufrrj.br\/patrimonio\/wp-json\/wp\/v2\/users\/282"}],"replies":[{"embeddable":true,"href":"https:\/\/institucional.ufrrj.br\/patrimonio\/wp-json\/wp\/v2\/comments?post=113"}],"version-history":[{"count":14,"href":"https:\/\/institucional.ufrrj.br\/patrimonio\/wp-json\/wp\/v2\/pages\/113\/revisions"}],"predecessor-version":[{"id":559,"href":"https:\/\/institucional.ufrrj.br\/patrimonio\/wp-json\/wp\/v2\/pages\/113\/revisions\/559"}],"wp:attachment":[{"href":"https:\/\/institucional.ufrrj.br\/patrimonio\/wp-json\/wp\/v2\/media?parent=113"}],"curies":[{"name":"wp","href":"https:\/\/api.w.org\/{rel}","templated":true}]}}