{"id":7,"date":"2018-05-17T10:35:25","date_gmt":"2018-05-17T13:35:25","guid":{"rendered":"http:\/\/institucional.ufrrj.br\/parquesejardins\/?page_id=7"},"modified":"2024-09-05T14:27:03","modified_gmt":"2024-09-05T17:27:03","slug":"historico","status":"publish","type":"page","link":"https:\/\/institucional.ufrrj.br\/parquesejardins\/historico\/","title":{"rendered":"Hist\u00f3rico"},"content":{"rendered":"<p>A Universidade Federal Rural do Rio de Janeiro (UFRRJ), especificamente o conjunto arquitet\u00f4nico, em estilo neocolonial, do campus de Serop\u00e9dica come\u00e7ou a ser constru\u00eddo em 1939. O extenso e belo parque paisag\u00edstico de autoria do arquiteto paisagista Reynaldo Dierberger foi conjuntamente implantado, agregando aos pavilh\u00f5es neocoloniais jardins, lagos artificiais, massas arb\u00f3reas compostas por esp\u00e9cies nativas, agrupamentos de palmeiras, maci\u00e7os arbustivos, forra\u00e7\u00e3o, taludes e canteiros gramados.<\/p>\n<div id=\"attachment_13485\" style=\"width: 310px\" class=\"wp-caption alignright\"><a href=\"https:\/\/institucional.ufrrj.br\/parquesejardins\/files\/2018\/08\/IMG_2349.jpg\"><img loading=\"lazy\" decoding=\"async\" aria-describedby=\"caption-attachment-13485\" class=\"wp-image-13485 size-medium\" src=\"https:\/\/institucional.ufrrj.br\/parquesejardins\/files\/2018\/08\/IMG_2349-300x225.jpg\" alt=\"\" width=\"300\" height=\"225\" srcset=\"https:\/\/institucional.ufrrj.br\/parquesejardins\/files\/2018\/08\/IMG_2349-300x225.jpg 300w, https:\/\/institucional.ufrrj.br\/parquesejardins\/files\/2018\/08\/IMG_2349-768x576.jpg 768w, https:\/\/institucional.ufrrj.br\/parquesejardins\/files\/2018\/08\/IMG_2349-1024x768.jpg 1024w, https:\/\/institucional.ufrrj.br\/parquesejardins\/files\/2018\/08\/IMG_2349.jpg 2048w\" sizes=\"auto, (max-width: 300px) 100vw, 300px\" \/><\/a><p id=\"caption-attachment-13485\" class=\"wp-caption-text\">Maci\u00e7o arbustivo com agrupamento de palmeiras ao fundo<\/p><\/div>\n<p>A concep\u00e7\u00e3o original do projeto de implanta\u00e7\u00e3o arquitet\u00f4nica e urban\u00edstica preservou-se, o que pode ser constatado no depoimento da \u00e9poca do autor do projeto:<\/p>\n<p style=\"text-align: left\"><em>\u201cExigia-se uma composi\u00e7\u00e3o paisag\u00edstica aproveitando-se os elementos naturais tanto quanto poss\u00edvel, a fim de estabelecer-se perfeita harmonia com o conjunto geral das instala\u00e7\u00f5es previstas, tanto do lado esquerdo, onde se acham localizadas a Escola e suas se\u00e7\u00f5es, como do fronteiro, no qual tamb\u00e9m est\u00e3o sendo feitas v\u00e1rias constru\u00e7\u00f5es pertencentes ao Centro Nacional de Ensino e Pesquisas Agron\u00f4micas. <\/em><\/p>\n<p style=\"text-align: left\"><em>A forma\u00e7\u00e3o do terreno previsto para o parque propriamente dito ser\u00e1 se processando, tendo j\u00e1 ficado reservada uma \u00e1rea que se pode calcular em 300 mil metros quadrados. Para isso, foi organizado um cuidadoso projeto, que compreende bosques, al\u00e9as, v\u00e1rios agrupamentos de palmeiras e maci\u00e7os de arbustos flor\u00edsticos, em que figurem trepadeiras e \u00e1rvores de grande efeito ornamental. Como sabe, temos numerosas \u00e1rvores de flora\u00e7\u00e3o. Cuidar-se-\u00e1, \u00e9 claro, das variedades diferentes e ter-se-\u00e1 ainda em conta as \u00e9pocas de sua flora\u00e7\u00e3o. O porte dessas \u00e1rvores ser\u00e1 tamb\u00e9m objeto de aten\u00e7\u00f5es especiais, a fim de estabelecer-se perfeito equil\u00edbrio na sua distribui\u00e7\u00e3o. <\/em><\/p>\n<div id=\"attachment_13487\" style=\"width: 310px\" class=\"wp-caption alignleft\"><a href=\"https:\/\/institucional.ufrrj.br\/parquesejardins\/files\/2018\/08\/IMG_2335.jpg\"><img loading=\"lazy\" decoding=\"async\" aria-describedby=\"caption-attachment-13487\" class=\"wp-image-13487 size-medium\" src=\"https:\/\/institucional.ufrrj.br\/parquesejardins\/files\/2018\/08\/IMG_2335-300x225.jpg\" alt=\"\" width=\"300\" height=\"225\" srcset=\"https:\/\/institucional.ufrrj.br\/parquesejardins\/files\/2018\/08\/IMG_2335-300x225.jpg 300w, https:\/\/institucional.ufrrj.br\/parquesejardins\/files\/2018\/08\/IMG_2335-768x576.jpg 768w, https:\/\/institucional.ufrrj.br\/parquesejardins\/files\/2018\/08\/IMG_2335-1024x768.jpg 1024w, https:\/\/institucional.ufrrj.br\/parquesejardins\/files\/2018\/08\/IMG_2335.jpg 2048w\" sizes=\"auto, (max-width: 300px) 100vw, 300px\" \/><\/a><p id=\"caption-attachment-13487\" class=\"wp-caption-text\">Lago do Instituto de Agronomia com reflexos de \u00e1rvores e constru\u00e7\u00f5es<\/p><\/div>\n<p><em>Um grande lago j\u00e1 foi aberto, mas outro maior est\u00e1 sendo constru\u00eddo, que dar\u00e3o, sem d\u00favida muita vida ao parque, tornando-o assim ainda mais gracioso. A sua localiza\u00e7\u00e3o \u00e9 tal que permitir\u00e1 que suas \u00e1guas reflitam algumas constru\u00e7\u00f5es pr\u00f3ximas e maci\u00e7os de plantas de flora\u00e7\u00e3o. A distribui\u00e7\u00e3o das al\u00e9as n\u00e3o foi arbitr\u00e1ria. Ao contr\u00e1rio, exigiu acurado estudo, de forma a real\u00e7arem certas vistas, n\u00e3o s\u00f3 das proximidades como das grandes dist\u00e2ncias, permitindo assim in\u00fameras e belas perspectivas dos diferentes agrupamentos de plantas ornamentais.\u201d <\/em><\/p>\n<p style=\"text-align: right\"><em>Reynaldo Dierberger, Revista do Servi\u00e7o P\u00fablico (1944).<\/em><\/p>\n<p>&nbsp;<\/p>\n<p>Reynaldo Dierberger concretizou outros importantes trabalhos, como o Parque Ibirapuera (SP), Jardins do Pal\u00e1cio da Guanabara (RJ), Pra\u00e7a da Liberdade (MG), entre muitas outras obras.<\/p>\n<h2 style=\"text-align: center\">O Tombamento<\/h2>\n<p>Ap\u00f3s a realiza\u00e7\u00e3o de um estudo arquitet\u00f4nico da UFRRJ pela arquiteta e urbanista Maria de Lourdes Rumbelsperger foi poss\u00edvel constatar que o painel de azulejos que se encontrava no antigo refeit\u00f3rio se tratava de um exemplar de arquitetura neocolonial.\u00a0 Considerando a import\u00e2ncia hist\u00f3rica dessa institui\u00e7\u00e3o em seus estilos arquitet\u00f4nico e paisag\u00edstico, em 1998, o conjunto arquitet\u00f4nico-paisag\u00edstico foi protegido provisoriamente na esfera administrativa estadual pelo Instituto Estadual do Patrim\u00f4nio Cultural (Inepac), tendo preservadas as suas principais caracter\u00edsticas, tanto paisag\u00edsticas quanto arquitet\u00f4nicas.<\/p>\n<p><a href=\"https:\/\/institucional.ufrrj.br\/parquesejardins\/files\/2018\/08\/mulher.jpg\"><img loading=\"lazy\" decoding=\"async\" class=\"size-medium wp-image-13534 alignright\" src=\"https:\/\/institucional.ufrrj.br\/parquesejardins\/files\/2018\/08\/mulher-99x300.jpg\" alt=\"\" width=\"99\" height=\"300\" srcset=\"https:\/\/institucional.ufrrj.br\/parquesejardins\/files\/2018\/08\/mulher-99x300.jpg 99w, https:\/\/institucional.ufrrj.br\/parquesejardins\/files\/2018\/08\/mulher-339x1024.jpg 339w, https:\/\/institucional.ufrrj.br\/parquesejardins\/files\/2018\/08\/mulher.jpg 678w\" sizes=\"auto, (max-width: 99px) 100vw, 99px\" \/><\/a>O tombamento foi decorrente de um pedido da UFRRJ, fundamentado pelo estudo de Maria de Lourdes, para o Inepac visando \u00e0 prote\u00e7\u00e3o legal de pain\u00e9is de azulejos desenhados e pintados do antigo sal\u00e3o de refei\u00e7\u00f5es da Escola de Agronomia, concebidos pela artista pl\u00e1stica portuguesa Maria Helena Vieira da Silva, em 1943, obra \u00fanica no mundo. Ao visitarem o local, os t\u00e9cnicos do Inepac constataram a import\u00e2ncia de proteger legalmente n\u00e3o apenas os citados pain\u00e9is, mas tamb\u00e9m todo o conjunto arquitet\u00f4nico-paisag\u00edstico em fun\u00e7\u00e3o de sua import\u00e2ncia cultural.<\/p>\n<p>http:\/\/www.inepac.rj.gov.br\/index.php\/bens_tombados\/detalhar\/422<\/p>\n<p><a href=\"https:\/\/institucional.ufrrj.br\/parquesejardins\/files\/2018\/08\/IMG_2397.jpg\"><img loading=\"lazy\" decoding=\"async\" class=\"alignleft wp-image-13533 size-medium\" src=\"https:\/\/institucional.ufrrj.br\/parquesejardins\/files\/2018\/08\/IMG_2397-225x300.jpg\" alt=\"\" width=\"225\" height=\"300\" srcset=\"https:\/\/institucional.ufrrj.br\/parquesejardins\/files\/2018\/08\/IMG_2397-225x300.jpg 225w, https:\/\/institucional.ufrrj.br\/parquesejardins\/files\/2018\/08\/IMG_2397-768x1024.jpg 768w, https:\/\/institucional.ufrrj.br\/parquesejardins\/files\/2018\/08\/IMG_2397.jpg 1536w\" sizes=\"auto, (max-width: 225px) 100vw, 225px\" \/><\/a>Em 2001, ocorreu o tombamento definitivo da obra de Maria Helena Vieira da Silva como tamb\u00e9m das \u00e1reas como o Pavilh\u00e3o Central (P1), a sede do Instituto de Qu\u00edmica, a sede do Instituto de Biologia, a resid\u00eancia do reitor e as edifica\u00e7\u00f5es onde atualmente est\u00e3o instaladas a Empresa de Pesquisa Agropecu\u00e1ria do Estado do Rio de Janeiro (Pesagro) e da Empresa Brasileira de Pesquisa Agropecu\u00e1ria (Embrapa).<\/p>\n<p>Al\u00e9m desses elementos de composi\u00e7\u00e3o, consta-se o tombamento dos jardins e da paisagem que comp\u00f5es essa arquitetura. Vale ressaltar que a maioria dos jardins tombados s\u00e3o associados de conjuntos arquitet\u00f4nicos, por isso, conservar os jardins, juntamente com a arquitetura \u00e9 fundamental, pois ambas se complementam em termos de paisagem e composi\u00e7\u00e3o paisag\u00edstica. \u00a0O tombamento ainda prop\u00f4s uma \u00e1rea envolt\u00f3ria \u00e0 projetada por Dierberger visando sua prote\u00e7\u00e3o e integra\u00e7\u00e3o \u00e0s futuras expans\u00f5es (\u00e1rea de tutela).<\/p>\n<p>Refer\u00eancias bibliogr\u00e1ficas:<\/p>\n<p>MONTEIRO, Maria Cristina; MATTOS, Regina P. de; BIASE, Tereza de; FERRAZ, Maria das Gra\u00e7as M. dos S. Invent\u00e1rio de bens im\u00f3veis. Rio de Janeiro: INEPAC, 1998.<\/p>\n<p>KZURE-CERQUERA, Humberto; MARY, Wellington. Plano diretor participativo: Diagn\u00f3stico do Estado de Conserva\u00e7\u00e3o do Projeto Paisag\u00edstico Original do Campus da Universidade Federal Rural do Rio de Janeiro. Serop\u00e9dica-RJ, 2010.<\/p>\n<p>CARLOS, Cl\u00e1udio Antonio Santos Lima.\u00a0 Entre pastiches e rupturas: novas edifica\u00e7\u00f5es no campus da Universidade Federal Rural do Rio de Janeiro, 2014.<\/p>\n<p>RUMBELSPERGER, Maria de Lourdes. Arquitetura Neocolonial.Serop\u00e9dica, RJ: Editora Universidade Rural. 2005, 139 p.<\/p>\n","protected":false},"excerpt":{"rendered":"<p>A Universidade Federal Rural do Rio de Janeiro (UFRRJ), especificamente o conjunto arquitet\u00f4nico, em estilo neocolonial, do campus de Serop\u00e9dica <a class=\"read-more\" href=\"https:\/\/institucional.ufrrj.br\/parquesejardins\/historico\/ \" >&#8230; <span class=\"font-italic\">leia mais <i class=\"fas fa-angle-right\"><\/i><\/span><\/a><\/p>\n","protected":false},"author":634,"featured_media":0,"parent":0,"menu_order":0,"comment_status":"closed","ping_status":"closed","template":"","meta":{"_acf_changed":false,"footnotes":""},"class_list":["post-7","page","type-page","status-publish","hentry"],"yoast_head":"<!-- This site is optimized with the Yoast SEO plugin v27.2 - https:\/\/yoast.com\/product\/yoast-seo-wordpress\/ -->\n<title>Hist\u00f3rico - Parques e Jardins<\/title>\n<meta name=\"robots\" content=\"index, follow, max-snippet:-1, max-image-preview:large, max-video-preview:-1\" \/>\n<link rel=\"canonical\" href=\"https:\/\/institucional.ufrrj.br\/parquesejardins\/historico\/\" \/>\n<meta property=\"og:locale\" content=\"pt_BR\" \/>\n<meta property=\"og:type\" content=\"article\" \/>\n<meta property=\"og:title\" content=\"Hist\u00f3rico - Parques e Jardins\" \/>\n<meta property=\"og:description\" content=\"A Universidade Federal Rural do Rio de Janeiro (UFRRJ), especificamente o conjunto arquitet\u00f4nico, em estilo neocolonial, do campus de Serop\u00e9dica ... leia mais\" \/>\n<meta property=\"og:url\" content=\"https:\/\/institucional.ufrrj.br\/parquesejardins\/historico\/\" \/>\n<meta property=\"og:site_name\" content=\"Parques e Jardins\" \/>\n<meta property=\"article:modified_time\" content=\"2024-09-05T17:27:03+00:00\" \/>\n<meta property=\"og:image\" content=\"http:\/\/institucional.ufrrj.br\/parquesejardins\/files\/2018\/08\/IMG_2349-300x225.jpg\" \/>\n<meta name=\"twitter:card\" content=\"summary_large_image\" \/>\n<meta name=\"twitter:label1\" content=\"Est. tempo de leitura\" \/>\n\t<meta name=\"twitter:data1\" content=\"5 minutos\" \/>\n<script type=\"application\/ld+json\" class=\"yoast-schema-graph\">{\"@context\":\"https:\/\/schema.org\",\"@graph\":[{\"@type\":\"WebPage\",\"@id\":\"https:\/\/institucional.ufrrj.br\/parquesejardins\/historico\/\",\"url\":\"https:\/\/institucional.ufrrj.br\/parquesejardins\/historico\/\",\"name\":\"Hist\u00f3rico - Parques e Jardins\",\"isPartOf\":{\"@id\":\"https:\/\/institucional.ufrrj.br\/parquesejardins\/#website\"},\"primaryImageOfPage\":{\"@id\":\"https:\/\/institucional.ufrrj.br\/parquesejardins\/historico\/#primaryimage\"},\"image\":{\"@id\":\"https:\/\/institucional.ufrrj.br\/parquesejardins\/historico\/#primaryimage\"},\"thumbnailUrl\":\"http:\/\/institucional.ufrrj.br\/parquesejardins\/files\/2018\/08\/IMG_2349-300x225.jpg\",\"datePublished\":\"2018-05-17T13:35:25+00:00\",\"dateModified\":\"2024-09-05T17:27:03+00:00\",\"breadcrumb\":{\"@id\":\"https:\/\/institucional.ufrrj.br\/parquesejardins\/historico\/#breadcrumb\"},\"inLanguage\":\"pt-BR\",\"potentialAction\":[{\"@type\":\"ReadAction\",\"target\":[\"https:\/\/institucional.ufrrj.br\/parquesejardins\/historico\/\"]}]},{\"@type\":\"ImageObject\",\"inLanguage\":\"pt-BR\",\"@id\":\"https:\/\/institucional.ufrrj.br\/parquesejardins\/historico\/#primaryimage\",\"url\":\"http:\/\/institucional.ufrrj.br\/parquesejardins\/files\/2018\/08\/IMG_2349-300x225.jpg\",\"contentUrl\":\"http:\/\/institucional.ufrrj.br\/parquesejardins\/files\/2018\/08\/IMG_2349-300x225.jpg\"},{\"@type\":\"BreadcrumbList\",\"@id\":\"https:\/\/institucional.ufrrj.br\/parquesejardins\/historico\/#breadcrumb\",\"itemListElement\":[{\"@type\":\"ListItem\",\"position\":1,\"name\":\"In\u00edcio\",\"item\":\"https:\/\/institucional.ufrrj.br\/parquesejardins\/\"},{\"@type\":\"ListItem\",\"position\":2,\"name\":\"Hist\u00f3rico\"}]},{\"@type\":\"WebSite\",\"@id\":\"https:\/\/institucional.ufrrj.br\/parquesejardins\/#website\",\"url\":\"https:\/\/institucional.ufrrj.br\/parquesejardins\/\",\"name\":\"Parques e Jardins\",\"description\":\"S\u00f3 mais um site institucional.ufrrj.br\",\"potentialAction\":[{\"@type\":\"SearchAction\",\"target\":{\"@type\":\"EntryPoint\",\"urlTemplate\":\"https:\/\/institucional.ufrrj.br\/parquesejardins\/?s={search_term_string}\"},\"query-input\":{\"@type\":\"PropertyValueSpecification\",\"valueRequired\":true,\"valueName\":\"search_term_string\"}}],\"inLanguage\":\"pt-BR\"}]}<\/script>\n<!-- \/ Yoast SEO plugin. -->","yoast_head_json":{"title":"Hist\u00f3rico - Parques e Jardins","robots":{"index":"index","follow":"follow","max-snippet":"max-snippet:-1","max-image-preview":"max-image-preview:large","max-video-preview":"max-video-preview:-1"},"canonical":"https:\/\/institucional.ufrrj.br\/parquesejardins\/historico\/","og_locale":"pt_BR","og_type":"article","og_title":"Hist\u00f3rico - Parques e Jardins","og_description":"A Universidade Federal Rural do Rio de Janeiro (UFRRJ), especificamente o conjunto arquitet\u00f4nico, em estilo neocolonial, do campus de Serop\u00e9dica ... leia mais","og_url":"https:\/\/institucional.ufrrj.br\/parquesejardins\/historico\/","og_site_name":"Parques e Jardins","article_modified_time":"2024-09-05T17:27:03+00:00","og_image":[{"url":"http:\/\/institucional.ufrrj.br\/parquesejardins\/files\/2018\/08\/IMG_2349-300x225.jpg","type":"","width":"","height":""}],"twitter_card":"summary_large_image","twitter_misc":{"Est. tempo de leitura":"5 minutos"},"schema":{"@context":"https:\/\/schema.org","@graph":[{"@type":"WebPage","@id":"https:\/\/institucional.ufrrj.br\/parquesejardins\/historico\/","url":"https:\/\/institucional.ufrrj.br\/parquesejardins\/historico\/","name":"Hist\u00f3rico - Parques e Jardins","isPartOf":{"@id":"https:\/\/institucional.ufrrj.br\/parquesejardins\/#website"},"primaryImageOfPage":{"@id":"https:\/\/institucional.ufrrj.br\/parquesejardins\/historico\/#primaryimage"},"image":{"@id":"https:\/\/institucional.ufrrj.br\/parquesejardins\/historico\/#primaryimage"},"thumbnailUrl":"http:\/\/institucional.ufrrj.br\/parquesejardins\/files\/2018\/08\/IMG_2349-300x225.jpg","datePublished":"2018-05-17T13:35:25+00:00","dateModified":"2024-09-05T17:27:03+00:00","breadcrumb":{"@id":"https:\/\/institucional.ufrrj.br\/parquesejardins\/historico\/#breadcrumb"},"inLanguage":"pt-BR","potentialAction":[{"@type":"ReadAction","target":["https:\/\/institucional.ufrrj.br\/parquesejardins\/historico\/"]}]},{"@type":"ImageObject","inLanguage":"pt-BR","@id":"https:\/\/institucional.ufrrj.br\/parquesejardins\/historico\/#primaryimage","url":"http:\/\/institucional.ufrrj.br\/parquesejardins\/files\/2018\/08\/IMG_2349-300x225.jpg","contentUrl":"http:\/\/institucional.ufrrj.br\/parquesejardins\/files\/2018\/08\/IMG_2349-300x225.jpg"},{"@type":"BreadcrumbList","@id":"https:\/\/institucional.ufrrj.br\/parquesejardins\/historico\/#breadcrumb","itemListElement":[{"@type":"ListItem","position":1,"name":"In\u00edcio","item":"https:\/\/institucional.ufrrj.br\/parquesejardins\/"},{"@type":"ListItem","position":2,"name":"Hist\u00f3rico"}]},{"@type":"WebSite","@id":"https:\/\/institucional.ufrrj.br\/parquesejardins\/#website","url":"https:\/\/institucional.ufrrj.br\/parquesejardins\/","name":"Parques e Jardins","description":"S\u00f3 mais um site institucional.ufrrj.br","potentialAction":[{"@type":"SearchAction","target":{"@type":"EntryPoint","urlTemplate":"https:\/\/institucional.ufrrj.br\/parquesejardins\/?s={search_term_string}"},"query-input":{"@type":"PropertyValueSpecification","valueRequired":true,"valueName":"search_term_string"}}],"inLanguage":"pt-BR"}]}},"acf":[],"_links":{"self":[{"href":"https:\/\/institucional.ufrrj.br\/parquesejardins\/wp-json\/wp\/v2\/pages\/7","targetHints":{"allow":["GET"]}}],"collection":[{"href":"https:\/\/institucional.ufrrj.br\/parquesejardins\/wp-json\/wp\/v2\/pages"}],"about":[{"href":"https:\/\/institucional.ufrrj.br\/parquesejardins\/wp-json\/wp\/v2\/types\/page"}],"author":[{"embeddable":true,"href":"https:\/\/institucional.ufrrj.br\/parquesejardins\/wp-json\/wp\/v2\/users\/634"}],"replies":[{"embeddable":true,"href":"https:\/\/institucional.ufrrj.br\/parquesejardins\/wp-json\/wp\/v2\/comments?post=7"}],"version-history":[{"count":12,"href":"https:\/\/institucional.ufrrj.br\/parquesejardins\/wp-json\/wp\/v2\/pages\/7\/revisions"}],"predecessor-version":[{"id":13876,"href":"https:\/\/institucional.ufrrj.br\/parquesejardins\/wp-json\/wp\/v2\/pages\/7\/revisions\/13876"}],"wp:attachment":[{"href":"https:\/\/institucional.ufrrj.br\/parquesejardins\/wp-json\/wp\/v2\/media?parent=7"}],"curies":[{"name":"wp","href":"https:\/\/api.w.org\/{rel}","templated":true}]}}