{"id":13704,"date":"2019-09-24T13:47:37","date_gmt":"2019-09-24T16:47:37","guid":{"rendered":"http:\/\/institucional.ufrrj.br\/parquesejardins\/?page_id=13704"},"modified":"2019-12-12T14:08:05","modified_gmt":"2019-12-12T17:08:05","slug":"concurso-fotografia","status":"publish","type":"page","link":"https:\/\/institucional.ufrrj.br\/parquesejardins\/concurso-fotografia\/","title":{"rendered":"Classifica\u00e7\u00e3o Concurso Fotogr\u00e1fico"},"content":{"rendered":"<p>Agradecemos a Comunidade Acad\u00eamica da UFRRJ pela vota\u00e7\u00e3o expressiva com mais de 3600 votos. Agradecemos tamb\u00e9m todos os participantes do Concurso Fotogr\u00e1fico da UFRRJ 2019. Abaixo seguem as 12 fotos mais votadas em ordem de classifica\u00e7\u00e3o.<\/p>\n<p>O certificado dos classificados est\u00e1 dispon\u00edvel no endere\u00e7o <a href=\"http:\/\/graduacao.im.ufrrj.br\/portal\/\">http:\/\/graduacao.im.ufrrj.br\/portal\/<\/a><\/p>\n<style type=\"text\/css\">\n#foogallery-gallery-13805.fg-justified .fg-item { margin-right: 1px; margin-bottom: 1px; }\n#foogallery-gallery-13805.fg-justified .fg-image { height: 150px; }<\/style>\n\t\t\t<div class=\"foogallery foogallery-container foogallery-justified foogallery-lightbox-none fg-justified fg-ready fg-light fg-border-thin fg-shadow-outline fg-loading-default fg-loaded-fade-in fg-caption-hover fg-hover-fade fg-hover-zoom\" id=\"foogallery-gallery-13805\" data-foogallery=\"{&quot;item&quot;:{&quot;showCaptionTitle&quot;:true,&quot;showCaptionDescription&quot;:true},&quot;lazy&quot;:true,&quot;template&quot;:{&quot;rowHeight&quot;:150,&quot;maxRowHeight&quot;:300,&quot;margins&quot;:1,&quot;align&quot;:&quot;center&quot;,&quot;lastRow&quot;:&quot;smart&quot;}}\" style=\"--fg-title-line-clamp: 0; --fg-description-line-clamp: 0;\" >\n\t<div class=\"fg-item fg-type-image fg-idle\"><figure class=\"fg-item-inner\"><a href=\"https:\/\/institucional.ufrrj.br\/parquesejardins\/files\/2019\/11\/LaviniaAmadordeOliveira-e1573480762591.jpg\" data-caption-title=\"1\u00ba Lugar - Lav\u00ednia Amador de Oliveira\" data-attachment-id=\"13759\" data-type=\"image\" class=\"fg-thumb\"><span class=\"fg-image-wrap\"><img fetchpriority=\"high\" decoding=\"async\" title=\"1\u00ba Lugar - Lav\u00ednia Amador de Oliveira\" height=\"300\" width=\"447\" class=\"skip-lazy fg-image\" data-src-fg=\"https:\/\/institucional.ufrrj.br\/parquesejardins\/files\/cache\/2019\/11\/LaviniaAmadordeOliveira-e1573480762591\/358689819.jpg\" src=\"data:image\/svg+xml,%3Csvg%20xmlns%3D%22http%3A%2F%2Fwww.w3.org%2F2000%2Fsvg%22%20width%3D%22447%22%20height%3D%22300%22%20viewBox%3D%220%200%20447%20300%22%3E%3C%2Fsvg%3E\" loading=\"eager\"><\/span><span class=\"fg-image-overlay\"><\/span><\/a><figcaption class=\"fg-caption\"><div class=\"fg-caption-inner\"><div class=\"fg-caption-title\">1\u00ba Lugar - Lav\u00ednia Amador de Oliveira<\/div><\/div><\/figcaption><\/figure><div class=\"fg-loader\"><\/div><\/div><div class=\"fg-item fg-type-image fg-idle\"><figure class=\"fg-item-inner\"><a href=\"https:\/\/institucional.ufrrj.br\/parquesejardins\/files\/2019\/11\/TatianeAlvesDeOliveiraMota.jpg\" data-caption-title=\"2\u00ba Lugar - Tatiane Alves de Oliveira Mota\" data-attachment-id=\"13765\" data-type=\"image\" class=\"fg-thumb\"><span class=\"fg-image-wrap\"><img decoding=\"async\" title=\"2\u00ba Lugar - Tatiane Alves de Oliveira Mota\" height=\"300\" width=\"533\" class=\"skip-lazy fg-image\" data-src-fg=\"https:\/\/institucional.ufrrj.br\/parquesejardins\/files\/cache\/2019\/11\/TatianeAlvesDeOliveiraMota\/828850194.jpg\" src=\"data:image\/svg+xml,%3Csvg%20xmlns%3D%22http%3A%2F%2Fwww.w3.org%2F2000%2Fsvg%22%20width%3D%22533%22%20height%3D%22300%22%20viewBox%3D%220%200%20533%20300%22%3E%3C%2Fsvg%3E\" loading=\"eager\"><\/span><span class=\"fg-image-overlay\"><\/span><\/a><figcaption class=\"fg-caption\"><div class=\"fg-caption-inner\"><div class=\"fg-caption-title\">2\u00ba Lugar - Tatiane Alves de Oliveira Mota<\/div><\/div><\/figcaption><\/figure><div class=\"fg-loader\"><\/div><\/div><div class=\"fg-item fg-type-image fg-idle\"><figure class=\"fg-item-inner\"><a href=\"https:\/\/institucional.ufrrj.br\/parquesejardins\/files\/2019\/11\/LeonardoAlmeidaFreitas.jpg\" data-caption-title=\"3\u00ba Lugar - Leonardo Almeida Freitas\" data-attachment-id=\"13760\" data-type=\"image\" class=\"fg-thumb\"><span class=\"fg-image-wrap\"><img decoding=\"async\" title=\"3\u00ba Lugar - Leonardo Almeida Freitas\" height=\"300\" width=\"437\" class=\"skip-lazy fg-image\" data-src-fg=\"https:\/\/institucional.ufrrj.br\/parquesejardins\/files\/cache\/2019\/11\/LeonardoAlmeidaFreitas\/2543499091.jpg\" src=\"data:image\/svg+xml,%3Csvg%20xmlns%3D%22http%3A%2F%2Fwww.w3.org%2F2000%2Fsvg%22%20width%3D%22437%22%20height%3D%22300%22%20viewBox%3D%220%200%20437%20300%22%3E%3C%2Fsvg%3E\" loading=\"eager\"><\/span><span class=\"fg-image-overlay\"><\/span><\/a><figcaption class=\"fg-caption\"><div class=\"fg-caption-inner\"><div class=\"fg-caption-title\">3\u00ba Lugar - Leonardo Almeida Freitas<\/div><\/div><\/figcaption><\/figure><div class=\"fg-loader\"><\/div><\/div><div class=\"fg-item fg-type-image fg-idle\"><figure class=\"fg-item-inner\"><a href=\"https:\/\/institucional.ufrrj.br\/parquesejardins\/files\/2019\/11\/AnaHelenaPereiradaSilvaFrancisco.jpg\" data-caption-title=\"4\u00ba Lugar - Ana Helena Pereira da Silva Francisco\" data-attachment-id=\"13749\" data-type=\"image\" class=\"fg-thumb\"><span class=\"fg-image-wrap\"><img decoding=\"async\" title=\"4\u00ba Lugar - Ana Helena Pereira da Silva Francisco\" height=\"300\" width=\"533\" class=\"skip-lazy fg-image\" data-src-fg=\"https:\/\/institucional.ufrrj.br\/parquesejardins\/files\/cache\/2019\/11\/AnaHelenaPereiradaSilvaFrancisco\/3153052938.jpg\" src=\"data:image\/svg+xml,%3Csvg%20xmlns%3D%22http%3A%2F%2Fwww.w3.org%2F2000%2Fsvg%22%20width%3D%22533%22%20height%3D%22300%22%20viewBox%3D%220%200%20533%20300%22%3E%3C%2Fsvg%3E\" loading=\"eager\"><\/span><span class=\"fg-image-overlay\"><\/span><\/a><figcaption class=\"fg-caption\"><div class=\"fg-caption-inner\"><div class=\"fg-caption-title\">4\u00ba Lugar - Ana Helena Pereira da Silva Francisco<\/div><\/div><\/figcaption><\/figure><div class=\"fg-loader\"><\/div><\/div><div class=\"fg-item fg-type-image fg-idle\"><figure class=\"fg-item-inner\"><a href=\"https:\/\/institucional.ufrrj.br\/parquesejardins\/files\/2019\/11\/JullieCordeirodaCosta.jpeg\" data-caption-title=\"5\u00ba Lugar - Jullie Cordeiro da Costa\" data-attachment-id=\"13757\" data-type=\"image\" class=\"fg-thumb\"><span class=\"fg-image-wrap\"><img decoding=\"async\" title=\"5\u00ba Lugar - Jullie Cordeiro da Costa\" height=\"300\" width=\"400\" class=\"skip-lazy fg-image\" data-src-fg=\"https:\/\/institucional.ufrrj.br\/parquesejardins\/files\/cache\/2019\/11\/JullieCordeirodaCosta\/1192008610.jpeg\" src=\"data:image\/svg+xml,%3Csvg%20xmlns%3D%22http%3A%2F%2Fwww.w3.org%2F2000%2Fsvg%22%20width%3D%22400%22%20height%3D%22300%22%20viewBox%3D%220%200%20400%20300%22%3E%3C%2Fsvg%3E\" loading=\"eager\"><\/span><span class=\"fg-image-overlay\"><\/span><\/a><figcaption class=\"fg-caption\"><div class=\"fg-caption-inner\"><div class=\"fg-caption-title\">5\u00ba Lugar - Jullie Cordeiro da Costa<\/div><\/div><\/figcaption><\/figure><div class=\"fg-loader\"><\/div><\/div><div class=\"fg-item fg-type-image fg-idle\"><figure class=\"fg-item-inner\"><a href=\"https:\/\/institucional.ufrrj.br\/parquesejardins\/files\/2019\/11\/MariaArleteFerreiraAlves.jpg\" data-caption-title=\"6\u00ba Lugar - Maria Arlete Ferreira Alves\" data-attachment-id=\"13762\" data-type=\"image\" class=\"fg-thumb\"><span class=\"fg-image-wrap\"><img decoding=\"async\" title=\"6\u00ba Lugar - Maria Arlete Ferreira Alves\" height=\"300\" width=\"510\" class=\"skip-lazy fg-image\" data-src-fg=\"https:\/\/institucional.ufrrj.br\/parquesejardins\/files\/cache\/2019\/11\/MariaArleteFerreiraAlves\/3936508884.jpg\" src=\"data:image\/svg+xml,%3Csvg%20xmlns%3D%22http%3A%2F%2Fwww.w3.org%2F2000%2Fsvg%22%20width%3D%22510%22%20height%3D%22300%22%20viewBox%3D%220%200%20510%20300%22%3E%3C%2Fsvg%3E\" loading=\"eager\"><\/span><span class=\"fg-image-overlay\"><\/span><\/a><figcaption class=\"fg-caption\"><div class=\"fg-caption-inner\"><div class=\"fg-caption-title\">6\u00ba Lugar - Maria Arlete Ferreira Alves<\/div><\/div><\/figcaption><\/figure><div class=\"fg-loader\"><\/div><\/div><div class=\"fg-item fg-type-image fg-idle\"><figure class=\"fg-item-inner\"><a href=\"https:\/\/institucional.ufrrj.br\/parquesejardins\/files\/2019\/11\/DanieldaSilvaClaro.jpg\" data-caption-title=\"7\u00ba Lugar - Daniel da Silva Claro\" data-attachment-id=\"13752\" data-type=\"image\" class=\"fg-thumb\"><span class=\"fg-image-wrap\"><img decoding=\"async\" title=\"7\u00ba Lugar - Daniel da Silva Claro\" height=\"300\" width=\"450\" class=\"skip-lazy fg-image\" data-src-fg=\"https:\/\/institucional.ufrrj.br\/parquesejardins\/files\/cache\/2019\/11\/DanieldaSilvaClaro\/3267787458.jpg\" src=\"data:image\/svg+xml,%3Csvg%20xmlns%3D%22http%3A%2F%2Fwww.w3.org%2F2000%2Fsvg%22%20width%3D%22450%22%20height%3D%22300%22%20viewBox%3D%220%200%20450%20300%22%3E%3C%2Fsvg%3E\" loading=\"eager\"><\/span><span class=\"fg-image-overlay\"><\/span><\/a><figcaption class=\"fg-caption\"><div class=\"fg-caption-inner\"><div class=\"fg-caption-title\">7\u00ba Lugar - Daniel da Silva Claro<\/div><\/div><\/figcaption><\/figure><div class=\"fg-loader\"><\/div><\/div><div class=\"fg-item fg-type-image fg-idle\"><figure class=\"fg-item-inner\"><a href=\"https:\/\/institucional.ufrrj.br\/parquesejardins\/files\/2019\/11\/PauloVictorRodriguesdeJesusDantas.jpg\" data-caption-title=\"8\u00ba Lugar - Paulo Victor Rodrigues de Jesus Dantas\" data-attachment-id=\"13764\" data-type=\"image\" class=\"fg-thumb\"><span class=\"fg-image-wrap\"><img decoding=\"async\" title=\"8\u00ba Lugar - Paulo Victor Rodrigues de Jesus Dantas\" height=\"300\" width=\"450\" class=\"skip-lazy fg-image\" data-src-fg=\"https:\/\/institucional.ufrrj.br\/parquesejardins\/files\/cache\/2019\/11\/PauloVictorRodriguesdeJesusDantas\/1110078156.jpg\" src=\"data:image\/svg+xml,%3Csvg%20xmlns%3D%22http%3A%2F%2Fwww.w3.org%2F2000%2Fsvg%22%20width%3D%22450%22%20height%3D%22300%22%20viewBox%3D%220%200%20450%20300%22%3E%3C%2Fsvg%3E\" loading=\"eager\"><\/span><span class=\"fg-image-overlay\"><\/span><\/a><figcaption class=\"fg-caption\"><div class=\"fg-caption-inner\"><div class=\"fg-caption-title\">8\u00ba Lugar - Paulo Victor Rodrigues de Jesus Dantas<\/div><\/div><\/figcaption><\/figure><div class=\"fg-loader\"><\/div><\/div><div class=\"fg-item fg-type-image fg-idle\"><figure class=\"fg-item-inner\"><a href=\"https:\/\/institucional.ufrrj.br\/parquesejardins\/files\/2019\/11\/IgorLeitedaSilva.jpg\" data-caption-title=\"9\u00ba Lugar - Igor Leite da Silva\" data-attachment-id=\"13754\" data-type=\"image\" class=\"fg-thumb\"><span class=\"fg-image-wrap\"><img decoding=\"async\" title=\"9\u00ba Lugar - Igor Leite da Silva\" height=\"300\" width=\"890\" class=\"skip-lazy fg-image\" data-src-fg=\"https:\/\/institucional.ufrrj.br\/parquesejardins\/files\/cache\/2019\/11\/IgorLeitedaSilva\/2788809011.jpg\" src=\"data:image\/svg+xml,%3Csvg%20xmlns%3D%22http%3A%2F%2Fwww.w3.org%2F2000%2Fsvg%22%20width%3D%22890%22%20height%3D%22300%22%20viewBox%3D%220%200%20890%20300%22%3E%3C%2Fsvg%3E\" loading=\"eager\"><\/span><span class=\"fg-image-overlay\"><\/span><\/a><figcaption class=\"fg-caption\"><div class=\"fg-caption-inner\"><div class=\"fg-caption-title\">9\u00ba Lugar - Igor Leite da Silva<\/div><\/div><\/figcaption><\/figure><div class=\"fg-loader\"><\/div><\/div><div class=\"fg-item fg-type-image fg-idle\"><figure class=\"fg-item-inner\"><a href=\"https:\/\/institucional.ufrrj.br\/parquesejardins\/files\/2019\/11\/AlexandredaSilvaRodriguesdeAraujo.jpeg\" data-caption-title=\"10\u00ba Lugar - Alexandre da Silva Rodrigues de Araujo\" data-attachment-id=\"13747\" data-type=\"image\" class=\"fg-thumb\"><span class=\"fg-image-wrap\"><img decoding=\"async\" title=\"10\u00ba Lugar - Alexandre da Silva Rodrigues de Araujo\" height=\"300\" width=\"450\" class=\"skip-lazy fg-image\" data-src-fg=\"https:\/\/institucional.ufrrj.br\/parquesejardins\/files\/cache\/2019\/11\/AlexandredaSilvaRodriguesdeAraujo\/3649627013.jpeg\" src=\"data:image\/svg+xml,%3Csvg%20xmlns%3D%22http%3A%2F%2Fwww.w3.org%2F2000%2Fsvg%22%20width%3D%22450%22%20height%3D%22300%22%20viewBox%3D%220%200%20450%20300%22%3E%3C%2Fsvg%3E\" loading=\"eager\"><\/span><span class=\"fg-image-overlay\"><\/span><\/a><figcaption class=\"fg-caption\"><div class=\"fg-caption-inner\"><div class=\"fg-caption-title\">10\u00ba Lugar - Alexandre da Silva Rodrigues de Araujo<\/div><\/div><\/figcaption><\/figure><div class=\"fg-loader\"><\/div><\/div><div class=\"fg-item fg-type-image fg-idle\"><figure class=\"fg-item-inner\"><a href=\"https:\/\/institucional.ufrrj.br\/parquesejardins\/files\/2019\/11\/AnaCarolinadeSouzaCampos.jpg\" data-caption-title=\"11\u00ba Lugar - Ana Carolina de Souza Campos\" data-attachment-id=\"13748\" data-type=\"image\" class=\"fg-thumb\"><span class=\"fg-image-wrap\"><img decoding=\"async\" title=\"11\u00ba Lugar - Ana Carolina de Souza Campos\" height=\"300\" width=\"401\" class=\"skip-lazy fg-image\" data-src-fg=\"https:\/\/institucional.ufrrj.br\/parquesejardins\/files\/cache\/2019\/11\/AnaCarolinadeSouzaCampos\/491567520.jpg\" src=\"data:image\/svg+xml,%3Csvg%20xmlns%3D%22http%3A%2F%2Fwww.w3.org%2F2000%2Fsvg%22%20width%3D%22401%22%20height%3D%22300%22%20viewBox%3D%220%200%20401%20300%22%3E%3C%2Fsvg%3E\" loading=\"eager\"><\/span><span class=\"fg-image-overlay\"><\/span><\/a><figcaption class=\"fg-caption\"><div class=\"fg-caption-inner\"><div class=\"fg-caption-title\">11\u00ba Lugar - Ana Carolina de Souza Campos<\/div><\/div><\/figcaption><\/figure><div class=\"fg-loader\"><\/div><\/div><div class=\"fg-item fg-type-image fg-idle\"><figure class=\"fg-item-inner\"><a href=\"https:\/\/institucional.ufrrj.br\/parquesejardins\/files\/2019\/11\/KarineBuenoVargas.jpg\" data-caption-title=\"12\u00ba Lugar - Karine Bueno Vargas\" data-attachment-id=\"13758\" data-type=\"image\" class=\"fg-thumb\"><span class=\"fg-image-wrap\"><img decoding=\"async\" title=\"12\u00ba Lugar - Karine Bueno Vargas\" height=\"300\" width=\"402\" class=\"skip-lazy fg-image\" data-src-fg=\"https:\/\/institucional.ufrrj.br\/parquesejardins\/files\/cache\/2019\/11\/KarineBuenoVargas\/135475700.jpg\" src=\"data:image\/svg+xml,%3Csvg%20xmlns%3D%22http%3A%2F%2Fwww.w3.org%2F2000%2Fsvg%22%20width%3D%22402%22%20height%3D%22300%22%20viewBox%3D%220%200%20402%20300%22%3E%3C%2Fsvg%3E\" loading=\"eager\"><\/span><span class=\"fg-image-overlay\"><\/span><\/a><figcaption class=\"fg-caption\"><div class=\"fg-caption-inner\"><div class=\"fg-caption-title\">12\u00ba Lugar - Karine Bueno Vargas<\/div><\/div><\/figcaption><\/figure><div class=\"fg-loader\"><\/div><\/div><\/div>\n\n","protected":false},"excerpt":{"rendered":"<p>Agradecemos a Comunidade Acad\u00eamica da UFRRJ pela vota\u00e7\u00e3o expressiva com mais de 3600 votos. Agradecemos tamb\u00e9m todos os participantes do <a class=\"read-more\" href=\"https:\/\/institucional.ufrrj.br\/parquesejardins\/concurso-fotografia\/ \" >&#8230; <span class=\"font-italic\">leia mais <i class=\"fas fa-angle-right\"><\/i><\/span><\/a><\/p>\n","protected":false},"author":634,"featured_media":0,"parent":0,"menu_order":0,"comment_status":"closed","ping_status":"closed","template":"","meta":{"_acf_changed":false,"footnotes":""},"class_list":["post-13704","page","type-page","status-publish","hentry"],"yoast_head":"<!-- This site is optimized with the Yoast SEO plugin v27.2 - https:\/\/yoast.com\/product\/yoast-seo-wordpress\/ -->\n<title>Classifica\u00e7\u00e3o Concurso Fotogr\u00e1fico - Parques e Jardins<\/title>\n<meta name=\"robots\" content=\"index, follow, max-snippet:-1, max-image-preview:large, max-video-preview:-1\" \/>\n<link rel=\"canonical\" href=\"https:\/\/institucional.ufrrj.br\/parquesejardins\/concurso-fotografia\/\" \/>\n<meta property=\"og:locale\" content=\"pt_BR\" \/>\n<meta property=\"og:type\" content=\"article\" \/>\n<meta property=\"og:title\" content=\"Classifica\u00e7\u00e3o Concurso Fotogr\u00e1fico - Parques e Jardins\" \/>\n<meta property=\"og:description\" content=\"Agradecemos a Comunidade Acad\u00eamica da UFRRJ pela vota\u00e7\u00e3o expressiva com mais de 3600 votos. Agradecemos tamb\u00e9m todos os participantes do ... leia mais\" \/>\n<meta property=\"og:url\" content=\"https:\/\/institucional.ufrrj.br\/parquesejardins\/concurso-fotografia\/\" \/>\n<meta property=\"og:site_name\" content=\"Parques e Jardins\" \/>\n<meta property=\"article:modified_time\" content=\"2019-12-12T17:08:05+00:00\" \/>\n<meta name=\"twitter:card\" content=\"summary_large_image\" \/>\n<script type=\"application\/ld+json\" class=\"yoast-schema-graph\">{\"@context\":\"https:\/\/schema.org\",\"@graph\":[{\"@type\":\"WebPage\",\"@id\":\"https:\/\/institucional.ufrrj.br\/parquesejardins\/concurso-fotografia\/\",\"url\":\"https:\/\/institucional.ufrrj.br\/parquesejardins\/concurso-fotografia\/\",\"name\":\"Classifica\u00e7\u00e3o Concurso Fotogr\u00e1fico - Parques e Jardins\",\"isPartOf\":{\"@id\":\"https:\/\/institucional.ufrrj.br\/parquesejardins\/#website\"},\"datePublished\":\"2019-09-24T16:47:37+00:00\",\"dateModified\":\"2019-12-12T17:08:05+00:00\",\"breadcrumb\":{\"@id\":\"https:\/\/institucional.ufrrj.br\/parquesejardins\/concurso-fotografia\/#breadcrumb\"},\"inLanguage\":\"pt-BR\",\"potentialAction\":[{\"@type\":\"ReadAction\",\"target\":[\"https:\/\/institucional.ufrrj.br\/parquesejardins\/concurso-fotografia\/\"]}]},{\"@type\":\"BreadcrumbList\",\"@id\":\"https:\/\/institucional.ufrrj.br\/parquesejardins\/concurso-fotografia\/#breadcrumb\",\"itemListElement\":[{\"@type\":\"ListItem\",\"position\":1,\"name\":\"In\u00edcio\",\"item\":\"https:\/\/institucional.ufrrj.br\/parquesejardins\/\"},{\"@type\":\"ListItem\",\"position\":2,\"name\":\"Classifica\u00e7\u00e3o Concurso Fotogr\u00e1fico\"}]},{\"@type\":\"WebSite\",\"@id\":\"https:\/\/institucional.ufrrj.br\/parquesejardins\/#website\",\"url\":\"https:\/\/institucional.ufrrj.br\/parquesejardins\/\",\"name\":\"Parques e Jardins\",\"description\":\"S\u00f3 mais um site institucional.ufrrj.br\",\"potentialAction\":[{\"@type\":\"SearchAction\",\"target\":{\"@type\":\"EntryPoint\",\"urlTemplate\":\"https:\/\/institucional.ufrrj.br\/parquesejardins\/?s={search_term_string}\"},\"query-input\":{\"@type\":\"PropertyValueSpecification\",\"valueRequired\":true,\"valueName\":\"search_term_string\"}}],\"inLanguage\":\"pt-BR\"}]}<\/script>\n<!-- \/ Yoast SEO plugin. -->","yoast_head_json":{"title":"Classifica\u00e7\u00e3o Concurso Fotogr\u00e1fico - Parques e Jardins","robots":{"index":"index","follow":"follow","max-snippet":"max-snippet:-1","max-image-preview":"max-image-preview:large","max-video-preview":"max-video-preview:-1"},"canonical":"https:\/\/institucional.ufrrj.br\/parquesejardins\/concurso-fotografia\/","og_locale":"pt_BR","og_type":"article","og_title":"Classifica\u00e7\u00e3o Concurso Fotogr\u00e1fico - Parques e Jardins","og_description":"Agradecemos a Comunidade Acad\u00eamica da UFRRJ pela vota\u00e7\u00e3o expressiva com mais de 3600 votos. Agradecemos tamb\u00e9m todos os participantes do ... leia mais","og_url":"https:\/\/institucional.ufrrj.br\/parquesejardins\/concurso-fotografia\/","og_site_name":"Parques e Jardins","article_modified_time":"2019-12-12T17:08:05+00:00","twitter_card":"summary_large_image","schema":{"@context":"https:\/\/schema.org","@graph":[{"@type":"WebPage","@id":"https:\/\/institucional.ufrrj.br\/parquesejardins\/concurso-fotografia\/","url":"https:\/\/institucional.ufrrj.br\/parquesejardins\/concurso-fotografia\/","name":"Classifica\u00e7\u00e3o Concurso Fotogr\u00e1fico - Parques e Jardins","isPartOf":{"@id":"https:\/\/institucional.ufrrj.br\/parquesejardins\/#website"},"datePublished":"2019-09-24T16:47:37+00:00","dateModified":"2019-12-12T17:08:05+00:00","breadcrumb":{"@id":"https:\/\/institucional.ufrrj.br\/parquesejardins\/concurso-fotografia\/#breadcrumb"},"inLanguage":"pt-BR","potentialAction":[{"@type":"ReadAction","target":["https:\/\/institucional.ufrrj.br\/parquesejardins\/concurso-fotografia\/"]}]},{"@type":"BreadcrumbList","@id":"https:\/\/institucional.ufrrj.br\/parquesejardins\/concurso-fotografia\/#breadcrumb","itemListElement":[{"@type":"ListItem","position":1,"name":"In\u00edcio","item":"https:\/\/institucional.ufrrj.br\/parquesejardins\/"},{"@type":"ListItem","position":2,"name":"Classifica\u00e7\u00e3o Concurso Fotogr\u00e1fico"}]},{"@type":"WebSite","@id":"https:\/\/institucional.ufrrj.br\/parquesejardins\/#website","url":"https:\/\/institucional.ufrrj.br\/parquesejardins\/","name":"Parques e Jardins","description":"S\u00f3 mais um site institucional.ufrrj.br","potentialAction":[{"@type":"SearchAction","target":{"@type":"EntryPoint","urlTemplate":"https:\/\/institucional.ufrrj.br\/parquesejardins\/?s={search_term_string}"},"query-input":{"@type":"PropertyValueSpecification","valueRequired":true,"valueName":"search_term_string"}}],"inLanguage":"pt-BR"}]}},"acf":[],"_links":{"self":[{"href":"https:\/\/institucional.ufrrj.br\/parquesejardins\/wp-json\/wp\/v2\/pages\/13704","targetHints":{"allow":["GET"]}}],"collection":[{"href":"https:\/\/institucional.ufrrj.br\/parquesejardins\/wp-json\/wp\/v2\/pages"}],"about":[{"href":"https:\/\/institucional.ufrrj.br\/parquesejardins\/wp-json\/wp\/v2\/types\/page"}],"author":[{"embeddable":true,"href":"https:\/\/institucional.ufrrj.br\/parquesejardins\/wp-json\/wp\/v2\/users\/634"}],"replies":[{"embeddable":true,"href":"https:\/\/institucional.ufrrj.br\/parquesejardins\/wp-json\/wp\/v2\/comments?post=13704"}],"version-history":[{"count":4,"href":"https:\/\/institucional.ufrrj.br\/parquesejardins\/wp-json\/wp\/v2\/pages\/13704\/revisions"}],"predecessor-version":[{"id":13808,"href":"https:\/\/institucional.ufrrj.br\/parquesejardins\/wp-json\/wp\/v2\/pages\/13704\/revisions\/13808"}],"wp:attachment":[{"href":"https:\/\/institucional.ufrrj.br\/parquesejardins\/wp-json\/wp\/v2\/media?parent=13704"}],"curies":[{"name":"wp","href":"https:\/\/api.w.org\/{rel}","templated":true}]}}