{"id":13431,"date":"2018-08-14T14:58:01","date_gmt":"2018-08-14T17:58:01","guid":{"rendered":"http:\/\/institucional.ufrrj.br\/parquesejardins\/?page_id=13431"},"modified":"2019-11-27T16:01:31","modified_gmt":"2019-11-27T19:01:31","slug":"videos-pela-ufrrj","status":"publish","type":"page","link":"https:\/\/institucional.ufrrj.br\/parquesejardins\/videos-pela-ufrrj\/","title":{"rendered":"V\u00eddeos pela UFRRJ"},"content":{"rendered":"<p>Abaixo seguem v\u00eddeos feitos nos Campus de Serop\u00e9dica da UFRRJ.<\/p>\n<p>Bom passeio!!!!!!<\/p>\n<p><iframe loading=\"lazy\" title=\"UFRRJ Promo - Dji Mavic Pro\" width=\"500\" height=\"281\" src=\"https:\/\/www.youtube.com\/embed\/UAcMd77E5_Q?feature=oembed\" frameborder=\"0\" allow=\"accelerometer; autoplay; clipboard-write; encrypted-media; gyroscope; picture-in-picture; web-share\" referrerpolicy=\"strict-origin-when-cross-origin\" allowfullscreen><\/iframe><\/p>\n<p><iframe loading=\"lazy\" title=\"Vista a\u00e9reas da UFRRJ\" width=\"500\" height=\"281\" src=\"https:\/\/www.youtube.com\/embed\/_WoC7sAK5wM?start=18&#038;feature=oembed\" frameborder=\"0\" allow=\"accelerometer; autoplay; clipboard-write; encrypted-media; gyroscope; picture-in-picture; web-share\" referrerpolicy=\"strict-origin-when-cross-origin\" allowfullscreen><\/iframe><\/p>\n<p>https:\/\/www.youtube.com\/watch?v=dUAkocFyMlU&#038;t=433s<\/p>\n<p><iframe loading=\"lazy\" title=\"Rural.  O para\u00edso visto do c\u00e9u, partindo da sede da Adur RJ\" width=\"500\" height=\"281\" src=\"https:\/\/www.youtube.com\/embed\/qiiu1Gm9nDU?feature=oembed\" frameborder=\"0\" allow=\"accelerometer; autoplay; clipboard-write; encrypted-media; gyroscope; picture-in-picture; web-share\" referrerpolicy=\"strict-origin-when-cross-origin\" allowfullscreen><\/iframe><\/p>\n<p>&nbsp;<\/p>\n","protected":false},"excerpt":{"rendered":"<p>Abaixo seguem v\u00eddeos feitos nos Campus de Serop\u00e9dica da UFRRJ. Bom passeio!!!!!! https:\/\/www.youtube.com\/watch?v=dUAkocFyMlU&#038;t=433s &nbsp;<\/p>\n","protected":false},"author":719,"featured_media":0,"parent":0,"menu_order":0,"comment_status":"closed","ping_status":"closed","template":"","meta":{"_acf_changed":false,"footnotes":""},"class_list":["post-13431","page","type-page","status-publish","hentry"],"yoast_head":"<!-- This site is optimized with the Yoast SEO plugin v27.2 - https:\/\/yoast.com\/product\/yoast-seo-wordpress\/ -->\n<title>V\u00eddeos pela UFRRJ - Parques e Jardins<\/title>\n<meta name=\"robots\" content=\"index, follow, max-snippet:-1, max-image-preview:large, max-video-preview:-1\" \/>\n<link rel=\"canonical\" href=\"https:\/\/institucional.ufrrj.br\/parquesejardins\/videos-pela-ufrrj\/\" \/>\n<meta property=\"og:locale\" content=\"pt_BR\" \/>\n<meta property=\"og:type\" content=\"article\" \/>\n<meta property=\"og:title\" content=\"V\u00eddeos pela UFRRJ - Parques e Jardins\" \/>\n<meta property=\"og:description\" content=\"Abaixo seguem v\u00eddeos feitos nos Campus de Serop\u00e9dica da UFRRJ. Bom passeio!!!!!! https:\/\/www.youtube.com\/watch?v=dUAkocFyMlU&#038;t=433s &nbsp;\" \/>\n<meta property=\"og:url\" content=\"https:\/\/institucional.ufrrj.br\/parquesejardins\/videos-pela-ufrrj\/\" \/>\n<meta property=\"og:site_name\" content=\"Parques e Jardins\" \/>\n<meta property=\"article:modified_time\" content=\"2019-11-27T19:01:31+00:00\" \/>\n<meta name=\"twitter:card\" content=\"summary_large_image\" \/>\n<script type=\"application\/ld+json\" class=\"yoast-schema-graph\">{\"@context\":\"https:\/\/schema.org\",\"@graph\":[{\"@type\":\"WebPage\",\"@id\":\"https:\/\/institucional.ufrrj.br\/parquesejardins\/videos-pela-ufrrj\/\",\"url\":\"https:\/\/institucional.ufrrj.br\/parquesejardins\/videos-pela-ufrrj\/\",\"name\":\"V\u00eddeos pela UFRRJ - Parques e Jardins\",\"isPartOf\":{\"@id\":\"https:\/\/institucional.ufrrj.br\/parquesejardins\/#website\"},\"datePublished\":\"2018-08-14T17:58:01+00:00\",\"dateModified\":\"2019-11-27T19:01:31+00:00\",\"breadcrumb\":{\"@id\":\"https:\/\/institucional.ufrrj.br\/parquesejardins\/videos-pela-ufrrj\/#breadcrumb\"},\"inLanguage\":\"pt-BR\",\"potentialAction\":[{\"@type\":\"ReadAction\",\"target\":[\"https:\/\/institucional.ufrrj.br\/parquesejardins\/videos-pela-ufrrj\/\"]}]},{\"@type\":\"BreadcrumbList\",\"@id\":\"https:\/\/institucional.ufrrj.br\/parquesejardins\/videos-pela-ufrrj\/#breadcrumb\",\"itemListElement\":[{\"@type\":\"ListItem\",\"position\":1,\"name\":\"In\u00edcio\",\"item\":\"https:\/\/institucional.ufrrj.br\/parquesejardins\/\"},{\"@type\":\"ListItem\",\"position\":2,\"name\":\"V\u00eddeos pela UFRRJ\"}]},{\"@type\":\"WebSite\",\"@id\":\"https:\/\/institucional.ufrrj.br\/parquesejardins\/#website\",\"url\":\"https:\/\/institucional.ufrrj.br\/parquesejardins\/\",\"name\":\"Parques e Jardins\",\"description\":\"S\u00f3 mais um site institucional.ufrrj.br\",\"potentialAction\":[{\"@type\":\"SearchAction\",\"target\":{\"@type\":\"EntryPoint\",\"urlTemplate\":\"https:\/\/institucional.ufrrj.br\/parquesejardins\/?s={search_term_string}\"},\"query-input\":{\"@type\":\"PropertyValueSpecification\",\"valueRequired\":true,\"valueName\":\"search_term_string\"}}],\"inLanguage\":\"pt-BR\"}]}<\/script>\n<!-- \/ Yoast SEO plugin. -->","yoast_head_json":{"title":"V\u00eddeos pela UFRRJ - Parques e Jardins","robots":{"index":"index","follow":"follow","max-snippet":"max-snippet:-1","max-image-preview":"max-image-preview:large","max-video-preview":"max-video-preview:-1"},"canonical":"https:\/\/institucional.ufrrj.br\/parquesejardins\/videos-pela-ufrrj\/","og_locale":"pt_BR","og_type":"article","og_title":"V\u00eddeos pela UFRRJ - Parques e Jardins","og_description":"Abaixo seguem v\u00eddeos feitos nos Campus de Serop\u00e9dica da UFRRJ. Bom passeio!!!!!! https:\/\/www.youtube.com\/watch?v=dUAkocFyMlU&#038;t=433s &nbsp;","og_url":"https:\/\/institucional.ufrrj.br\/parquesejardins\/videos-pela-ufrrj\/","og_site_name":"Parques e Jardins","article_modified_time":"2019-11-27T19:01:31+00:00","twitter_card":"summary_large_image","schema":{"@context":"https:\/\/schema.org","@graph":[{"@type":"WebPage","@id":"https:\/\/institucional.ufrrj.br\/parquesejardins\/videos-pela-ufrrj\/","url":"https:\/\/institucional.ufrrj.br\/parquesejardins\/videos-pela-ufrrj\/","name":"V\u00eddeos pela UFRRJ - Parques e Jardins","isPartOf":{"@id":"https:\/\/institucional.ufrrj.br\/parquesejardins\/#website"},"datePublished":"2018-08-14T17:58:01+00:00","dateModified":"2019-11-27T19:01:31+00:00","breadcrumb":{"@id":"https:\/\/institucional.ufrrj.br\/parquesejardins\/videos-pela-ufrrj\/#breadcrumb"},"inLanguage":"pt-BR","potentialAction":[{"@type":"ReadAction","target":["https:\/\/institucional.ufrrj.br\/parquesejardins\/videos-pela-ufrrj\/"]}]},{"@type":"BreadcrumbList","@id":"https:\/\/institucional.ufrrj.br\/parquesejardins\/videos-pela-ufrrj\/#breadcrumb","itemListElement":[{"@type":"ListItem","position":1,"name":"In\u00edcio","item":"https:\/\/institucional.ufrrj.br\/parquesejardins\/"},{"@type":"ListItem","position":2,"name":"V\u00eddeos pela UFRRJ"}]},{"@type":"WebSite","@id":"https:\/\/institucional.ufrrj.br\/parquesejardins\/#website","url":"https:\/\/institucional.ufrrj.br\/parquesejardins\/","name":"Parques e Jardins","description":"S\u00f3 mais um site institucional.ufrrj.br","potentialAction":[{"@type":"SearchAction","target":{"@type":"EntryPoint","urlTemplate":"https:\/\/institucional.ufrrj.br\/parquesejardins\/?s={search_term_string}"},"query-input":{"@type":"PropertyValueSpecification","valueRequired":true,"valueName":"search_term_string"}}],"inLanguage":"pt-BR"}]}},"acf":[],"_links":{"self":[{"href":"https:\/\/institucional.ufrrj.br\/parquesejardins\/wp-json\/wp\/v2\/pages\/13431","targetHints":{"allow":["GET"]}}],"collection":[{"href":"https:\/\/institucional.ufrrj.br\/parquesejardins\/wp-json\/wp\/v2\/pages"}],"about":[{"href":"https:\/\/institucional.ufrrj.br\/parquesejardins\/wp-json\/wp\/v2\/types\/page"}],"author":[{"embeddable":true,"href":"https:\/\/institucional.ufrrj.br\/parquesejardins\/wp-json\/wp\/v2\/users\/719"}],"replies":[{"embeddable":true,"href":"https:\/\/institucional.ufrrj.br\/parquesejardins\/wp-json\/wp\/v2\/comments?post=13431"}],"version-history":[{"count":6,"href":"https:\/\/institucional.ufrrj.br\/parquesejardins\/wp-json\/wp\/v2\/pages\/13431\/revisions"}],"predecessor-version":[{"id":13717,"href":"https:\/\/institucional.ufrrj.br\/parquesejardins\/wp-json\/wp\/v2\/pages\/13431\/revisions\/13717"}],"wp:attachment":[{"href":"https:\/\/institucional.ufrrj.br\/parquesejardins\/wp-json\/wp\/v2\/media?parent=13431"}],"curies":[{"name":"wp","href":"https:\/\/api.w.org\/{rel}","templated":true}]}}