{"id":13425,"date":"2018-08-14T14:45:17","date_gmt":"2018-08-14T17:45:17","guid":{"rendered":"http:\/\/institucional.ufrrj.br\/parquesejardins\/?page_id=13425"},"modified":"2018-08-21T10:43:00","modified_gmt":"2018-08-21T13:43:00","slug":"jardim-do-departamento-de-quimica-2","status":"publish","type":"page","link":"https:\/\/institucional.ufrrj.br\/parquesejardins\/jardim-do-departamento-de-quimica-2\/","title":{"rendered":"Jardim do Departamento de Qu\u00edmica"},"content":{"rendered":"<div id=\"attachment_13493\" style=\"width: 310px\" class=\"wp-caption alignnone\"><a href=\"https:\/\/institucional.ufrrj.br\/parquesejardins\/files\/2018\/08\/Pq-jardim.jpg\"><img loading=\"lazy\" decoding=\"async\" aria-describedby=\"caption-attachment-13493\" class=\"wp-image-13493 size-medium\" src=\"https:\/\/institucional.ufrrj.br\/parquesejardins\/files\/2018\/08\/Pq-jardim-300x219.jpg\" alt=\"\" width=\"300\" height=\"219\" srcset=\"https:\/\/institucional.ufrrj.br\/parquesejardins\/files\/2018\/08\/Pq-jardim-300x219.jpg 300w, https:\/\/institucional.ufrrj.br\/parquesejardins\/files\/2018\/08\/Pq-jardim-768x562.jpg 768w, https:\/\/institucional.ufrrj.br\/parquesejardins\/files\/2018\/08\/Pq-jardim-1024x749.jpg 1024w, https:\/\/institucional.ufrrj.br\/parquesejardins\/files\/2018\/08\/Pq-jardim.jpg 2048w\" sizes=\"auto, (max-width: 300px) 100vw, 300px\" \/><\/a><p id=\"caption-attachment-13493\" class=\"wp-caption-text\">Vis\u00e3o a\u00e9rea do Jardim do Departamento de Qu\u00edmica<\/p><\/div>\n<div id=\"attachment_13537\" style=\"width: 310px\" class=\"wp-caption alignnone\"><a href=\"https:\/\/institucional.ufrrj.br\/parquesejardins\/files\/2018\/08\/IMG_2395.jpg\"><img loading=\"lazy\" decoding=\"async\" aria-describedby=\"caption-attachment-13537\" class=\"size-medium wp-image-13537\" src=\"https:\/\/institucional.ufrrj.br\/parquesejardins\/files\/2018\/08\/IMG_2395-300x225.jpg\" alt=\"\" width=\"300\" height=\"225\" srcset=\"https:\/\/institucional.ufrrj.br\/parquesejardins\/files\/2018\/08\/IMG_2395-300x225.jpg 300w, https:\/\/institucional.ufrrj.br\/parquesejardins\/files\/2018\/08\/IMG_2395-768x576.jpg 768w, https:\/\/institucional.ufrrj.br\/parquesejardins\/files\/2018\/08\/IMG_2395-1024x768.jpg 1024w, https:\/\/institucional.ufrrj.br\/parquesejardins\/files\/2018\/08\/IMG_2395.jpg 2048w\" sizes=\"auto, (max-width: 300px) 100vw, 300px\" \/><\/a><p id=\"caption-attachment-13537\" class=\"wp-caption-text\">Lago do Jardim do Departamento de Qu\u00edmica<\/p><\/div>\n<div id=\"attachment_13539\" style=\"width: 310px\" class=\"wp-caption alignnone\"><a href=\"https:\/\/institucional.ufrrj.br\/parquesejardins\/files\/2018\/08\/IMG_2393.jpg\"><img loading=\"lazy\" decoding=\"async\" aria-describedby=\"caption-attachment-13539\" class=\"size-medium wp-image-13539\" src=\"https:\/\/institucional.ufrrj.br\/parquesejardins\/files\/2018\/08\/IMG_2393-300x225.jpg\" alt=\"\" width=\"300\" height=\"225\" srcset=\"https:\/\/institucional.ufrrj.br\/parquesejardins\/files\/2018\/08\/IMG_2393-300x225.jpg 300w, https:\/\/institucional.ufrrj.br\/parquesejardins\/files\/2018\/08\/IMG_2393-768x576.jpg 768w, https:\/\/institucional.ufrrj.br\/parquesejardins\/files\/2018\/08\/IMG_2393-1024x768.jpg 1024w, https:\/\/institucional.ufrrj.br\/parquesejardins\/files\/2018\/08\/IMG_2393.jpg 2048w\" sizes=\"auto, (max-width: 300px) 100vw, 300px\" \/><\/a><p id=\"caption-attachment-13539\" class=\"wp-caption-text\">Agaves<\/p><\/div>\n<div id=\"attachment_13540\" style=\"width: 310px\" class=\"wp-caption alignnone\"><a href=\"https:\/\/institucional.ufrrj.br\/parquesejardins\/files\/2018\/08\/IMG_2394.jpg\"><img loading=\"lazy\" decoding=\"async\" aria-describedby=\"caption-attachment-13540\" class=\"size-medium wp-image-13540\" src=\"https:\/\/institucional.ufrrj.br\/parquesejardins\/files\/2018\/08\/IMG_2394-300x225.jpg\" alt=\"\" width=\"300\" height=\"225\" srcset=\"https:\/\/institucional.ufrrj.br\/parquesejardins\/files\/2018\/08\/IMG_2394-300x225.jpg 300w, https:\/\/institucional.ufrrj.br\/parquesejardins\/files\/2018\/08\/IMG_2394-768x576.jpg 768w, https:\/\/institucional.ufrrj.br\/parquesejardins\/files\/2018\/08\/IMG_2394-1024x768.jpg 1024w, https:\/\/institucional.ufrrj.br\/parquesejardins\/files\/2018\/08\/IMG_2394.jpg 2048w\" sizes=\"auto, (max-width: 300px) 100vw, 300px\" \/><\/a><p id=\"caption-attachment-13540\" class=\"wp-caption-text\">Camar\u00e3o amarelo<\/p><\/div>\n<div id=\"attachment_13541\" style=\"width: 310px\" class=\"wp-caption alignnone\"><a href=\"https:\/\/institucional.ufrrj.br\/parquesejardins\/files\/2018\/08\/IMG_2396.jpg\"><img loading=\"lazy\" decoding=\"async\" aria-describedby=\"caption-attachment-13541\" class=\"size-medium wp-image-13541\" src=\"https:\/\/institucional.ufrrj.br\/parquesejardins\/files\/2018\/08\/IMG_2396-300x225.jpg\" alt=\"\" width=\"300\" height=\"225\" srcset=\"https:\/\/institucional.ufrrj.br\/parquesejardins\/files\/2018\/08\/IMG_2396-300x225.jpg 300w, https:\/\/institucional.ufrrj.br\/parquesejardins\/files\/2018\/08\/IMG_2396-768x576.jpg 768w, https:\/\/institucional.ufrrj.br\/parquesejardins\/files\/2018\/08\/IMG_2396-1024x768.jpg 1024w, https:\/\/institucional.ufrrj.br\/parquesejardins\/files\/2018\/08\/IMG_2396.jpg 2048w\" sizes=\"auto, (max-width: 300px) 100vw, 300px\" \/><\/a><p id=\"caption-attachment-13541\" class=\"wp-caption-text\">Philodendron<\/p><\/div>\n","protected":false},"excerpt":{"rendered":"","protected":false},"author":719,"featured_media":0,"parent":0,"menu_order":0,"comment_status":"closed","ping_status":"closed","template":"","meta":{"_acf_changed":false,"footnotes":""},"class_list":["post-13425","page","type-page","status-publish","hentry"],"yoast_head":"<!-- This site is optimized with the Yoast SEO plugin v27.2 - https:\/\/yoast.com\/product\/yoast-seo-wordpress\/ -->\n<title>Jardim do Departamento de Qu\u00edmica - Parques e Jardins<\/title>\n<meta name=\"robots\" content=\"index, follow, max-snippet:-1, max-image-preview:large, max-video-preview:-1\" \/>\n<link rel=\"canonical\" href=\"https:\/\/institucional.ufrrj.br\/parquesejardins\/jardim-do-departamento-de-quimica-2\/\" \/>\n<meta property=\"og:locale\" content=\"pt_BR\" \/>\n<meta property=\"og:type\" content=\"article\" \/>\n<meta property=\"og:title\" content=\"Jardim do Departamento de Qu\u00edmica - Parques e Jardins\" \/>\n<meta property=\"og:url\" content=\"https:\/\/institucional.ufrrj.br\/parquesejardins\/jardim-do-departamento-de-quimica-2\/\" \/>\n<meta property=\"og:site_name\" content=\"Parques e Jardins\" \/>\n<meta property=\"article:modified_time\" content=\"2018-08-21T13:43:00+00:00\" \/>\n<meta property=\"og:image\" content=\"http:\/\/institucional.ufrrj.br\/parquesejardins\/files\/2018\/08\/Pq-jardim-300x219.jpg\" \/>\n<meta name=\"twitter:card\" content=\"summary_large_image\" \/>\n<script type=\"application\/ld+json\" class=\"yoast-schema-graph\">{\"@context\":\"https:\/\/schema.org\",\"@graph\":[{\"@type\":\"WebPage\",\"@id\":\"https:\/\/institucional.ufrrj.br\/parquesejardins\/jardim-do-departamento-de-quimica-2\/\",\"url\":\"https:\/\/institucional.ufrrj.br\/parquesejardins\/jardim-do-departamento-de-quimica-2\/\",\"name\":\"Jardim do Departamento de Qu\u00edmica - Parques e Jardins\",\"isPartOf\":{\"@id\":\"https:\/\/institucional.ufrrj.br\/parquesejardins\/#website\"},\"primaryImageOfPage\":{\"@id\":\"https:\/\/institucional.ufrrj.br\/parquesejardins\/jardim-do-departamento-de-quimica-2\/#primaryimage\"},\"image\":{\"@id\":\"https:\/\/institucional.ufrrj.br\/parquesejardins\/jardim-do-departamento-de-quimica-2\/#primaryimage\"},\"thumbnailUrl\":\"http:\/\/institucional.ufrrj.br\/parquesejardins\/files\/2018\/08\/Pq-jardim-300x219.jpg\",\"datePublished\":\"2018-08-14T17:45:17+00:00\",\"dateModified\":\"2018-08-21T13:43:00+00:00\",\"breadcrumb\":{\"@id\":\"https:\/\/institucional.ufrrj.br\/parquesejardins\/jardim-do-departamento-de-quimica-2\/#breadcrumb\"},\"inLanguage\":\"pt-BR\",\"potentialAction\":[{\"@type\":\"ReadAction\",\"target\":[\"https:\/\/institucional.ufrrj.br\/parquesejardins\/jardim-do-departamento-de-quimica-2\/\"]}]},{\"@type\":\"ImageObject\",\"inLanguage\":\"pt-BR\",\"@id\":\"https:\/\/institucional.ufrrj.br\/parquesejardins\/jardim-do-departamento-de-quimica-2\/#primaryimage\",\"url\":\"http:\/\/institucional.ufrrj.br\/parquesejardins\/files\/2018\/08\/Pq-jardim-300x219.jpg\",\"contentUrl\":\"http:\/\/institucional.ufrrj.br\/parquesejardins\/files\/2018\/08\/Pq-jardim-300x219.jpg\"},{\"@type\":\"BreadcrumbList\",\"@id\":\"https:\/\/institucional.ufrrj.br\/parquesejardins\/jardim-do-departamento-de-quimica-2\/#breadcrumb\",\"itemListElement\":[{\"@type\":\"ListItem\",\"position\":1,\"name\":\"In\u00edcio\",\"item\":\"https:\/\/institucional.ufrrj.br\/parquesejardins\/\"},{\"@type\":\"ListItem\",\"position\":2,\"name\":\"Jardim do Departamento de Qu\u00edmica\"}]},{\"@type\":\"WebSite\",\"@id\":\"https:\/\/institucional.ufrrj.br\/parquesejardins\/#website\",\"url\":\"https:\/\/institucional.ufrrj.br\/parquesejardins\/\",\"name\":\"Parques e Jardins\",\"description\":\"S\u00f3 mais um site institucional.ufrrj.br\",\"potentialAction\":[{\"@type\":\"SearchAction\",\"target\":{\"@type\":\"EntryPoint\",\"urlTemplate\":\"https:\/\/institucional.ufrrj.br\/parquesejardins\/?s={search_term_string}\"},\"query-input\":{\"@type\":\"PropertyValueSpecification\",\"valueRequired\":true,\"valueName\":\"search_term_string\"}}],\"inLanguage\":\"pt-BR\"}]}<\/script>\n<!-- \/ Yoast SEO plugin. -->","yoast_head_json":{"title":"Jardim do Departamento de Qu\u00edmica - Parques e Jardins","robots":{"index":"index","follow":"follow","max-snippet":"max-snippet:-1","max-image-preview":"max-image-preview:large","max-video-preview":"max-video-preview:-1"},"canonical":"https:\/\/institucional.ufrrj.br\/parquesejardins\/jardim-do-departamento-de-quimica-2\/","og_locale":"pt_BR","og_type":"article","og_title":"Jardim do Departamento de Qu\u00edmica - Parques e Jardins","og_url":"https:\/\/institucional.ufrrj.br\/parquesejardins\/jardim-do-departamento-de-quimica-2\/","og_site_name":"Parques e Jardins","article_modified_time":"2018-08-21T13:43:00+00:00","og_image":[{"url":"http:\/\/institucional.ufrrj.br\/parquesejardins\/files\/2018\/08\/Pq-jardim-300x219.jpg","type":"","width":"","height":""}],"twitter_card":"summary_large_image","schema":{"@context":"https:\/\/schema.org","@graph":[{"@type":"WebPage","@id":"https:\/\/institucional.ufrrj.br\/parquesejardins\/jardim-do-departamento-de-quimica-2\/","url":"https:\/\/institucional.ufrrj.br\/parquesejardins\/jardim-do-departamento-de-quimica-2\/","name":"Jardim do Departamento de Qu\u00edmica - Parques e Jardins","isPartOf":{"@id":"https:\/\/institucional.ufrrj.br\/parquesejardins\/#website"},"primaryImageOfPage":{"@id":"https:\/\/institucional.ufrrj.br\/parquesejardins\/jardim-do-departamento-de-quimica-2\/#primaryimage"},"image":{"@id":"https:\/\/institucional.ufrrj.br\/parquesejardins\/jardim-do-departamento-de-quimica-2\/#primaryimage"},"thumbnailUrl":"http:\/\/institucional.ufrrj.br\/parquesejardins\/files\/2018\/08\/Pq-jardim-300x219.jpg","datePublished":"2018-08-14T17:45:17+00:00","dateModified":"2018-08-21T13:43:00+00:00","breadcrumb":{"@id":"https:\/\/institucional.ufrrj.br\/parquesejardins\/jardim-do-departamento-de-quimica-2\/#breadcrumb"},"inLanguage":"pt-BR","potentialAction":[{"@type":"ReadAction","target":["https:\/\/institucional.ufrrj.br\/parquesejardins\/jardim-do-departamento-de-quimica-2\/"]}]},{"@type":"ImageObject","inLanguage":"pt-BR","@id":"https:\/\/institucional.ufrrj.br\/parquesejardins\/jardim-do-departamento-de-quimica-2\/#primaryimage","url":"http:\/\/institucional.ufrrj.br\/parquesejardins\/files\/2018\/08\/Pq-jardim-300x219.jpg","contentUrl":"http:\/\/institucional.ufrrj.br\/parquesejardins\/files\/2018\/08\/Pq-jardim-300x219.jpg"},{"@type":"BreadcrumbList","@id":"https:\/\/institucional.ufrrj.br\/parquesejardins\/jardim-do-departamento-de-quimica-2\/#breadcrumb","itemListElement":[{"@type":"ListItem","position":1,"name":"In\u00edcio","item":"https:\/\/institucional.ufrrj.br\/parquesejardins\/"},{"@type":"ListItem","position":2,"name":"Jardim do Departamento de Qu\u00edmica"}]},{"@type":"WebSite","@id":"https:\/\/institucional.ufrrj.br\/parquesejardins\/#website","url":"https:\/\/institucional.ufrrj.br\/parquesejardins\/","name":"Parques e Jardins","description":"S\u00f3 mais um site institucional.ufrrj.br","potentialAction":[{"@type":"SearchAction","target":{"@type":"EntryPoint","urlTemplate":"https:\/\/institucional.ufrrj.br\/parquesejardins\/?s={search_term_string}"},"query-input":{"@type":"PropertyValueSpecification","valueRequired":true,"valueName":"search_term_string"}}],"inLanguage":"pt-BR"}]}},"acf":[],"_links":{"self":[{"href":"https:\/\/institucional.ufrrj.br\/parquesejardins\/wp-json\/wp\/v2\/pages\/13425","targetHints":{"allow":["GET"]}}],"collection":[{"href":"https:\/\/institucional.ufrrj.br\/parquesejardins\/wp-json\/wp\/v2\/pages"}],"about":[{"href":"https:\/\/institucional.ufrrj.br\/parquesejardins\/wp-json\/wp\/v2\/types\/page"}],"author":[{"embeddable":true,"href":"https:\/\/institucional.ufrrj.br\/parquesejardins\/wp-json\/wp\/v2\/users\/719"}],"replies":[{"embeddable":true,"href":"https:\/\/institucional.ufrrj.br\/parquesejardins\/wp-json\/wp\/v2\/comments?post=13425"}],"version-history":[{"count":5,"href":"https:\/\/institucional.ufrrj.br\/parquesejardins\/wp-json\/wp\/v2\/pages\/13425\/revisions"}],"predecessor-version":[{"id":13542,"href":"https:\/\/institucional.ufrrj.br\/parquesejardins\/wp-json\/wp\/v2\/pages\/13425\/revisions\/13542"}],"wp:attachment":[{"href":"https:\/\/institucional.ufrrj.br\/parquesejardins\/wp-json\/wp\/v2\/media?parent=13425"}],"curies":[{"name":"wp","href":"https:\/\/api.w.org\/{rel}","templated":true}]}}