{"id":13419,"date":"2018-08-14T14:40:19","date_gmt":"2018-08-14T17:40:19","guid":{"rendered":"http:\/\/institucional.ufrrj.br\/parquesejardins\/?page_id=13419"},"modified":"2018-08-21T10:12:35","modified_gmt":"2018-08-21T13:12:35","slug":"jardim-do-departamento-de-biologia","status":"publish","type":"page","link":"https:\/\/institucional.ufrrj.br\/parquesejardins\/jardim-do-departamento-de-biologia\/","title":{"rendered":"Jardim do Instituto de Ci\u00eancias Biol\u00f3gicas e da Sa\u00fade (ICBS)"},"content":{"rendered":"<div id=\"attachment_13490\" style=\"width: 306px\" class=\"wp-caption alignnone\"><a href=\"https:\/\/institucional.ufrrj.br\/parquesejardins\/files\/2018\/08\/IB-jardim.jpg\"><img loading=\"lazy\" decoding=\"async\" aria-describedby=\"caption-attachment-13490\" class=\"wp-image-13490 size-medium\" src=\"https:\/\/institucional.ufrrj.br\/parquesejardins\/files\/2018\/08\/IB-jardim-296x300.jpg\" alt=\"\" width=\"296\" height=\"300\" srcset=\"https:\/\/institucional.ufrrj.br\/parquesejardins\/files\/2018\/08\/IB-jardim-296x300.jpg 296w, https:\/\/institucional.ufrrj.br\/parquesejardins\/files\/2018\/08\/IB-jardim-768x779.jpg 768w, https:\/\/institucional.ufrrj.br\/parquesejardins\/files\/2018\/08\/IB-jardim-1010x1024.jpg 1010w, https:\/\/institucional.ufrrj.br\/parquesejardins\/files\/2018\/08\/IB-jardim-75x75.jpg 75w, https:\/\/institucional.ufrrj.br\/parquesejardins\/files\/2018\/08\/IB-jardim-100x100.jpg 100w, https:\/\/institucional.ufrrj.br\/parquesejardins\/files\/2018\/08\/IB-jardim.jpg 2020w\" sizes=\"auto, (max-width: 296px) 100vw, 296px\" \/><\/a><p id=\"caption-attachment-13490\" class=\"wp-caption-text\">Vis\u00e3o a\u00e9rea do Jardim do ICBS<\/p><\/div>\n<div id=\"attachment_13511\" style=\"width: 310px\" class=\"wp-caption alignnone\"><a href=\"https:\/\/institucional.ufrrj.br\/parquesejardins\/files\/2018\/08\/IMG_2382.jpg\"><img loading=\"lazy\" decoding=\"async\" aria-describedby=\"caption-attachment-13511\" class=\"wp-image-13511 size-medium\" src=\"https:\/\/institucional.ufrrj.br\/parquesejardins\/files\/2018\/08\/IMG_2382-300x225.jpg\" alt=\"\" width=\"300\" height=\"225\" srcset=\"https:\/\/institucional.ufrrj.br\/parquesejardins\/files\/2018\/08\/IMG_2382-300x225.jpg 300w, https:\/\/institucional.ufrrj.br\/parquesejardins\/files\/2018\/08\/IMG_2382-768x576.jpg 768w, https:\/\/institucional.ufrrj.br\/parquesejardins\/files\/2018\/08\/IMG_2382-1024x768.jpg 1024w, https:\/\/institucional.ufrrj.br\/parquesejardins\/files\/2018\/08\/IMG_2382.jpg 2048w\" sizes=\"auto, (max-width: 300px) 100vw, 300px\" \/><\/a><p id=\"caption-attachment-13511\" class=\"wp-caption-text\">Lago do Jardim do ICBS<\/p><\/div>\n<div id=\"attachment_13512\" style=\"width: 310px\" class=\"wp-caption alignnone\"><a href=\"https:\/\/institucional.ufrrj.br\/parquesejardins\/files\/2018\/08\/IMG_2383.jpg\"><img loading=\"lazy\" decoding=\"async\" aria-describedby=\"caption-attachment-13512\" class=\"size-medium wp-image-13512\" src=\"https:\/\/institucional.ufrrj.br\/parquesejardins\/files\/2018\/08\/IMG_2383-300x225.jpg\" alt=\"\" width=\"300\" height=\"225\" srcset=\"https:\/\/institucional.ufrrj.br\/parquesejardins\/files\/2018\/08\/IMG_2383-300x225.jpg 300w, https:\/\/institucional.ufrrj.br\/parquesejardins\/files\/2018\/08\/IMG_2383-768x576.jpg 768w, https:\/\/institucional.ufrrj.br\/parquesejardins\/files\/2018\/08\/IMG_2383-1024x768.jpg 1024w, https:\/\/institucional.ufrrj.br\/parquesejardins\/files\/2018\/08\/IMG_2383.jpg 2048w\" sizes=\"auto, (max-width: 300px) 100vw, 300px\" \/><\/a><p id=\"caption-attachment-13512\" class=\"wp-caption-text\">Detalhe do Lago<\/p><\/div>\n<div id=\"attachment_13513\" style=\"width: 310px\" class=\"wp-caption alignnone\"><a href=\"https:\/\/institucional.ufrrj.br\/parquesejardins\/files\/2018\/08\/IMG_2384.jpg\"><img loading=\"lazy\" decoding=\"async\" aria-describedby=\"caption-attachment-13513\" class=\"wp-image-13513 size-medium\" src=\"https:\/\/institucional.ufrrj.br\/parquesejardins\/files\/2018\/08\/IMG_2384-300x225.jpg\" alt=\"\" width=\"300\" height=\"225\" srcset=\"https:\/\/institucional.ufrrj.br\/parquesejardins\/files\/2018\/08\/IMG_2384-300x225.jpg 300w, https:\/\/institucional.ufrrj.br\/parquesejardins\/files\/2018\/08\/IMG_2384-768x576.jpg 768w, https:\/\/institucional.ufrrj.br\/parquesejardins\/files\/2018\/08\/IMG_2384-1024x768.jpg 1024w, https:\/\/institucional.ufrrj.br\/parquesejardins\/files\/2018\/08\/IMG_2384.jpg 2048w\" sizes=\"auto, (max-width: 300px) 100vw, 300px\" \/><\/a><p id=\"caption-attachment-13513\" class=\"wp-caption-text\">Vista para entrada principal do ICBS<\/p><\/div>\n<div id=\"attachment_13514\" style=\"width: 310px\" class=\"wp-caption alignnone\"><a href=\"https:\/\/institucional.ufrrj.br\/parquesejardins\/files\/2018\/08\/IMG_2385.jpg\"><img loading=\"lazy\" decoding=\"async\" aria-describedby=\"caption-attachment-13514\" class=\"wp-image-13514 size-medium\" src=\"https:\/\/institucional.ufrrj.br\/parquesejardins\/files\/2018\/08\/IMG_2385-300x225.jpg\" alt=\"\" width=\"300\" height=\"225\" srcset=\"https:\/\/institucional.ufrrj.br\/parquesejardins\/files\/2018\/08\/IMG_2385-300x225.jpg 300w, https:\/\/institucional.ufrrj.br\/parquesejardins\/files\/2018\/08\/IMG_2385-768x576.jpg 768w, https:\/\/institucional.ufrrj.br\/parquesejardins\/files\/2018\/08\/IMG_2385-1024x768.jpg 1024w, https:\/\/institucional.ufrrj.br\/parquesejardins\/files\/2018\/08\/IMG_2385.jpg 2048w\" sizes=\"auto, (max-width: 300px) 100vw, 300px\" \/><\/a><p id=\"caption-attachment-13514\" class=\"wp-caption-text\">Maci\u00e7o de coroa de cristo com ravenalas e pandanus ao fundo<\/p><\/div>\n","protected":false},"excerpt":{"rendered":"","protected":false},"author":719,"featured_media":0,"parent":0,"menu_order":0,"comment_status":"closed","ping_status":"closed","template":"","meta":{"_acf_changed":false,"footnotes":""},"class_list":["post-13419","page","type-page","status-publish","hentry"],"yoast_head":"<!-- This site is optimized with the Yoast SEO plugin v27.2 - https:\/\/yoast.com\/product\/yoast-seo-wordpress\/ -->\n<title>Jardim do Instituto de Ci\u00eancias Biol\u00f3gicas e da Sa\u00fade (ICBS) - Parques e Jardins<\/title>\n<meta name=\"robots\" content=\"index, follow, max-snippet:-1, max-image-preview:large, max-video-preview:-1\" \/>\n<link rel=\"canonical\" href=\"https:\/\/institucional.ufrrj.br\/parquesejardins\/jardim-do-departamento-de-biologia\/\" \/>\n<meta property=\"og:locale\" content=\"pt_BR\" \/>\n<meta property=\"og:type\" content=\"article\" \/>\n<meta property=\"og:title\" content=\"Jardim do Instituto de Ci\u00eancias Biol\u00f3gicas e da Sa\u00fade (ICBS) - Parques e Jardins\" \/>\n<meta property=\"og:url\" content=\"https:\/\/institucional.ufrrj.br\/parquesejardins\/jardim-do-departamento-de-biologia\/\" \/>\n<meta property=\"og:site_name\" content=\"Parques e Jardins\" \/>\n<meta property=\"article:modified_time\" content=\"2018-08-21T13:12:35+00:00\" \/>\n<meta property=\"og:image\" content=\"http:\/\/institucional.ufrrj.br\/parquesejardins\/files\/2018\/08\/IB-jardim-296x300.jpg\" \/>\n<meta name=\"twitter:card\" content=\"summary_large_image\" \/>\n<script type=\"application\/ld+json\" class=\"yoast-schema-graph\">{\"@context\":\"https:\/\/schema.org\",\"@graph\":[{\"@type\":\"WebPage\",\"@id\":\"https:\/\/institucional.ufrrj.br\/parquesejardins\/jardim-do-departamento-de-biologia\/\",\"url\":\"https:\/\/institucional.ufrrj.br\/parquesejardins\/jardim-do-departamento-de-biologia\/\",\"name\":\"Jardim do Instituto de Ci\u00eancias Biol\u00f3gicas e da Sa\u00fade (ICBS) - Parques e Jardins\",\"isPartOf\":{\"@id\":\"https:\/\/institucional.ufrrj.br\/parquesejardins\/#website\"},\"primaryImageOfPage\":{\"@id\":\"https:\/\/institucional.ufrrj.br\/parquesejardins\/jardim-do-departamento-de-biologia\/#primaryimage\"},\"image\":{\"@id\":\"https:\/\/institucional.ufrrj.br\/parquesejardins\/jardim-do-departamento-de-biologia\/#primaryimage\"},\"thumbnailUrl\":\"http:\/\/institucional.ufrrj.br\/parquesejardins\/files\/2018\/08\/IB-jardim-296x300.jpg\",\"datePublished\":\"2018-08-14T17:40:19+00:00\",\"dateModified\":\"2018-08-21T13:12:35+00:00\",\"breadcrumb\":{\"@id\":\"https:\/\/institucional.ufrrj.br\/parquesejardins\/jardim-do-departamento-de-biologia\/#breadcrumb\"},\"inLanguage\":\"pt-BR\",\"potentialAction\":[{\"@type\":\"ReadAction\",\"target\":[\"https:\/\/institucional.ufrrj.br\/parquesejardins\/jardim-do-departamento-de-biologia\/\"]}]},{\"@type\":\"ImageObject\",\"inLanguage\":\"pt-BR\",\"@id\":\"https:\/\/institucional.ufrrj.br\/parquesejardins\/jardim-do-departamento-de-biologia\/#primaryimage\",\"url\":\"http:\/\/institucional.ufrrj.br\/parquesejardins\/files\/2018\/08\/IB-jardim-296x300.jpg\",\"contentUrl\":\"http:\/\/institucional.ufrrj.br\/parquesejardins\/files\/2018\/08\/IB-jardim-296x300.jpg\"},{\"@type\":\"BreadcrumbList\",\"@id\":\"https:\/\/institucional.ufrrj.br\/parquesejardins\/jardim-do-departamento-de-biologia\/#breadcrumb\",\"itemListElement\":[{\"@type\":\"ListItem\",\"position\":1,\"name\":\"In\u00edcio\",\"item\":\"https:\/\/institucional.ufrrj.br\/parquesejardins\/\"},{\"@type\":\"ListItem\",\"position\":2,\"name\":\"Jardim do Instituto de Ci\u00eancias Biol\u00f3gicas e da Sa\u00fade (ICBS)\"}]},{\"@type\":\"WebSite\",\"@id\":\"https:\/\/institucional.ufrrj.br\/parquesejardins\/#website\",\"url\":\"https:\/\/institucional.ufrrj.br\/parquesejardins\/\",\"name\":\"Parques e Jardins\",\"description\":\"S\u00f3 mais um site institucional.ufrrj.br\",\"potentialAction\":[{\"@type\":\"SearchAction\",\"target\":{\"@type\":\"EntryPoint\",\"urlTemplate\":\"https:\/\/institucional.ufrrj.br\/parquesejardins\/?s={search_term_string}\"},\"query-input\":{\"@type\":\"PropertyValueSpecification\",\"valueRequired\":true,\"valueName\":\"search_term_string\"}}],\"inLanguage\":\"pt-BR\"}]}<\/script>\n<!-- \/ Yoast SEO plugin. -->","yoast_head_json":{"title":"Jardim do Instituto de Ci\u00eancias Biol\u00f3gicas e da Sa\u00fade (ICBS) - Parques e Jardins","robots":{"index":"index","follow":"follow","max-snippet":"max-snippet:-1","max-image-preview":"max-image-preview:large","max-video-preview":"max-video-preview:-1"},"canonical":"https:\/\/institucional.ufrrj.br\/parquesejardins\/jardim-do-departamento-de-biologia\/","og_locale":"pt_BR","og_type":"article","og_title":"Jardim do Instituto de Ci\u00eancias Biol\u00f3gicas e da Sa\u00fade (ICBS) - Parques e Jardins","og_url":"https:\/\/institucional.ufrrj.br\/parquesejardins\/jardim-do-departamento-de-biologia\/","og_site_name":"Parques e Jardins","article_modified_time":"2018-08-21T13:12:35+00:00","og_image":[{"url":"http:\/\/institucional.ufrrj.br\/parquesejardins\/files\/2018\/08\/IB-jardim-296x300.jpg","type":"","width":"","height":""}],"twitter_card":"summary_large_image","schema":{"@context":"https:\/\/schema.org","@graph":[{"@type":"WebPage","@id":"https:\/\/institucional.ufrrj.br\/parquesejardins\/jardim-do-departamento-de-biologia\/","url":"https:\/\/institucional.ufrrj.br\/parquesejardins\/jardim-do-departamento-de-biologia\/","name":"Jardim do Instituto de Ci\u00eancias Biol\u00f3gicas e da Sa\u00fade (ICBS) - Parques e Jardins","isPartOf":{"@id":"https:\/\/institucional.ufrrj.br\/parquesejardins\/#website"},"primaryImageOfPage":{"@id":"https:\/\/institucional.ufrrj.br\/parquesejardins\/jardim-do-departamento-de-biologia\/#primaryimage"},"image":{"@id":"https:\/\/institucional.ufrrj.br\/parquesejardins\/jardim-do-departamento-de-biologia\/#primaryimage"},"thumbnailUrl":"http:\/\/institucional.ufrrj.br\/parquesejardins\/files\/2018\/08\/IB-jardim-296x300.jpg","datePublished":"2018-08-14T17:40:19+00:00","dateModified":"2018-08-21T13:12:35+00:00","breadcrumb":{"@id":"https:\/\/institucional.ufrrj.br\/parquesejardins\/jardim-do-departamento-de-biologia\/#breadcrumb"},"inLanguage":"pt-BR","potentialAction":[{"@type":"ReadAction","target":["https:\/\/institucional.ufrrj.br\/parquesejardins\/jardim-do-departamento-de-biologia\/"]}]},{"@type":"ImageObject","inLanguage":"pt-BR","@id":"https:\/\/institucional.ufrrj.br\/parquesejardins\/jardim-do-departamento-de-biologia\/#primaryimage","url":"http:\/\/institucional.ufrrj.br\/parquesejardins\/files\/2018\/08\/IB-jardim-296x300.jpg","contentUrl":"http:\/\/institucional.ufrrj.br\/parquesejardins\/files\/2018\/08\/IB-jardim-296x300.jpg"},{"@type":"BreadcrumbList","@id":"https:\/\/institucional.ufrrj.br\/parquesejardins\/jardim-do-departamento-de-biologia\/#breadcrumb","itemListElement":[{"@type":"ListItem","position":1,"name":"In\u00edcio","item":"https:\/\/institucional.ufrrj.br\/parquesejardins\/"},{"@type":"ListItem","position":2,"name":"Jardim do Instituto de Ci\u00eancias Biol\u00f3gicas e da Sa\u00fade (ICBS)"}]},{"@type":"WebSite","@id":"https:\/\/institucional.ufrrj.br\/parquesejardins\/#website","url":"https:\/\/institucional.ufrrj.br\/parquesejardins\/","name":"Parques e Jardins","description":"S\u00f3 mais um site institucional.ufrrj.br","potentialAction":[{"@type":"SearchAction","target":{"@type":"EntryPoint","urlTemplate":"https:\/\/institucional.ufrrj.br\/parquesejardins\/?s={search_term_string}"},"query-input":{"@type":"PropertyValueSpecification","valueRequired":true,"valueName":"search_term_string"}}],"inLanguage":"pt-BR"}]}},"acf":[],"_links":{"self":[{"href":"https:\/\/institucional.ufrrj.br\/parquesejardins\/wp-json\/wp\/v2\/pages\/13419","targetHints":{"allow":["GET"]}}],"collection":[{"href":"https:\/\/institucional.ufrrj.br\/parquesejardins\/wp-json\/wp\/v2\/pages"}],"about":[{"href":"https:\/\/institucional.ufrrj.br\/parquesejardins\/wp-json\/wp\/v2\/types\/page"}],"author":[{"embeddable":true,"href":"https:\/\/institucional.ufrrj.br\/parquesejardins\/wp-json\/wp\/v2\/users\/719"}],"replies":[{"embeddable":true,"href":"https:\/\/institucional.ufrrj.br\/parquesejardins\/wp-json\/wp\/v2\/comments?post=13419"}],"version-history":[{"count":11,"href":"https:\/\/institucional.ufrrj.br\/parquesejardins\/wp-json\/wp\/v2\/pages\/13419\/revisions"}],"predecessor-version":[{"id":13530,"href":"https:\/\/institucional.ufrrj.br\/parquesejardins\/wp-json\/wp\/v2\/pages\/13419\/revisions\/13530"}],"wp:attachment":[{"href":"https:\/\/institucional.ufrrj.br\/parquesejardins\/wp-json\/wp\/v2\/media?parent=13419"}],"curies":[{"name":"wp","href":"https:\/\/api.w.org\/{rel}","templated":true}]}}