{"id":13409,"date":"2018-08-13T10:25:13","date_gmt":"2018-08-13T13:25:13","guid":{"rendered":"http:\/\/institucional.ufrrj.br\/parquesejardins\/?page_id=13409"},"modified":"2018-08-16T10:34:06","modified_gmt":"2018-08-16T13:34:06","slug":"jardins","status":"publish","type":"page","link":"https:\/\/institucional.ufrrj.br\/parquesejardins\/jardins\/","title":{"rendered":"Jardins"},"content":{"rendered":"<p><strong>Jardins da UFRRJ: estilo e beleza<\/strong><\/p>\n<p>O arquiteto paisagista Reynaldo Dierberger foi o respons\u00e1vel pela cria\u00e7\u00e3o do parque paisag\u00edstico da Universidade Federal Rural do Rio de Janeiro. Os jardins internos t\u00eam grande destaque no conjunto da obra.<\/p>\n<p>Os jardins internos do pavilh\u00e3o central (P1), Instituto de Agronomia, Instituto de Biologia e Pavilh\u00e3o de qu\u00edmica s\u00e3o semelhantes em estilos, sendo todos formais e com simetria bem definida em sua composi\u00e7\u00e3o. Todos eles s\u00e3o marcados por caminhos dispostos perpendicularmente direcionando o passeio ao lago central e ornamentado com grande diversidade de plantas ornamentais.<\/p>\n<p>A beleza c\u00eanica dos jardins, juntamente com a arquitetura imponente, remete aos claustros medievais e j\u00e1 foi longo da hist\u00f3ria, palco de filmagens de document\u00e1rios, novelas e miniss\u00e9ries.<\/p>\n<p>Os Jardins s\u00e3o abertos \u00e0 visita\u00e7\u00e3o, venha conhecer e se encantar.<\/p>\n","protected":false},"excerpt":{"rendered":"<p>Jardins da UFRRJ: estilo e beleza O arquiteto paisagista Reynaldo Dierberger foi o respons\u00e1vel pela cria\u00e7\u00e3o do parque paisag\u00edstico da <a class=\"read-more\" href=\"https:\/\/institucional.ufrrj.br\/parquesejardins\/jardins\/ \" >&#8230; <span class=\"font-italic\">leia mais <i class=\"fas fa-angle-right\"><\/i><\/span><\/a><\/p>\n","protected":false},"author":719,"featured_media":0,"parent":0,"menu_order":0,"comment_status":"closed","ping_status":"closed","template":"","meta":{"_acf_changed":false,"footnotes":""},"class_list":["post-13409","page","type-page","status-publish","hentry"],"yoast_head":"<!-- This site is optimized with the Yoast SEO plugin v27.2 - https:\/\/yoast.com\/product\/yoast-seo-wordpress\/ -->\n<title>Jardins - Parques e Jardins<\/title>\n<meta name=\"robots\" content=\"index, follow, max-snippet:-1, max-image-preview:large, max-video-preview:-1\" \/>\n<link rel=\"canonical\" href=\"https:\/\/institucional.ufrrj.br\/parquesejardins\/jardins\/\" \/>\n<meta property=\"og:locale\" content=\"pt_BR\" \/>\n<meta property=\"og:type\" content=\"article\" \/>\n<meta property=\"og:title\" content=\"Jardins - Parques e Jardins\" \/>\n<meta property=\"og:description\" content=\"Jardins da UFRRJ: estilo e beleza O arquiteto paisagista Reynaldo Dierberger foi o respons\u00e1vel pela cria\u00e7\u00e3o do parque paisag\u00edstico da ... leia mais\" \/>\n<meta property=\"og:url\" content=\"https:\/\/institucional.ufrrj.br\/parquesejardins\/jardins\/\" \/>\n<meta property=\"og:site_name\" content=\"Parques e Jardins\" \/>\n<meta property=\"article:modified_time\" content=\"2018-08-16T13:34:06+00:00\" \/>\n<meta name=\"twitter:card\" content=\"summary_large_image\" \/>\n<meta name=\"twitter:label1\" content=\"Est. tempo de leitura\" \/>\n\t<meta name=\"twitter:data1\" content=\"1 minuto\" \/>\n<script type=\"application\/ld+json\" class=\"yoast-schema-graph\">{\"@context\":\"https:\/\/schema.org\",\"@graph\":[{\"@type\":\"WebPage\",\"@id\":\"https:\/\/institucional.ufrrj.br\/parquesejardins\/jardins\/\",\"url\":\"https:\/\/institucional.ufrrj.br\/parquesejardins\/jardins\/\",\"name\":\"Jardins - Parques e Jardins\",\"isPartOf\":{\"@id\":\"https:\/\/institucional.ufrrj.br\/parquesejardins\/#website\"},\"datePublished\":\"2018-08-13T13:25:13+00:00\",\"dateModified\":\"2018-08-16T13:34:06+00:00\",\"breadcrumb\":{\"@id\":\"https:\/\/institucional.ufrrj.br\/parquesejardins\/jardins\/#breadcrumb\"},\"inLanguage\":\"pt-BR\",\"potentialAction\":[{\"@type\":\"ReadAction\",\"target\":[\"https:\/\/institucional.ufrrj.br\/parquesejardins\/jardins\/\"]}]},{\"@type\":\"BreadcrumbList\",\"@id\":\"https:\/\/institucional.ufrrj.br\/parquesejardins\/jardins\/#breadcrumb\",\"itemListElement\":[{\"@type\":\"ListItem\",\"position\":1,\"name\":\"In\u00edcio\",\"item\":\"https:\/\/institucional.ufrrj.br\/parquesejardins\/\"},{\"@type\":\"ListItem\",\"position\":2,\"name\":\"Jardins\"}]},{\"@type\":\"WebSite\",\"@id\":\"https:\/\/institucional.ufrrj.br\/parquesejardins\/#website\",\"url\":\"https:\/\/institucional.ufrrj.br\/parquesejardins\/\",\"name\":\"Parques e Jardins\",\"description\":\"S\u00f3 mais um site institucional.ufrrj.br\",\"potentialAction\":[{\"@type\":\"SearchAction\",\"target\":{\"@type\":\"EntryPoint\",\"urlTemplate\":\"https:\/\/institucional.ufrrj.br\/parquesejardins\/?s={search_term_string}\"},\"query-input\":{\"@type\":\"PropertyValueSpecification\",\"valueRequired\":true,\"valueName\":\"search_term_string\"}}],\"inLanguage\":\"pt-BR\"}]}<\/script>\n<!-- \/ Yoast SEO plugin. -->","yoast_head_json":{"title":"Jardins - Parques e Jardins","robots":{"index":"index","follow":"follow","max-snippet":"max-snippet:-1","max-image-preview":"max-image-preview:large","max-video-preview":"max-video-preview:-1"},"canonical":"https:\/\/institucional.ufrrj.br\/parquesejardins\/jardins\/","og_locale":"pt_BR","og_type":"article","og_title":"Jardins - Parques e Jardins","og_description":"Jardins da UFRRJ: estilo e beleza O arquiteto paisagista Reynaldo Dierberger foi o respons\u00e1vel pela cria\u00e7\u00e3o do parque paisag\u00edstico da ... leia mais","og_url":"https:\/\/institucional.ufrrj.br\/parquesejardins\/jardins\/","og_site_name":"Parques e Jardins","article_modified_time":"2018-08-16T13:34:06+00:00","twitter_card":"summary_large_image","twitter_misc":{"Est. tempo de leitura":"1 minuto"},"schema":{"@context":"https:\/\/schema.org","@graph":[{"@type":"WebPage","@id":"https:\/\/institucional.ufrrj.br\/parquesejardins\/jardins\/","url":"https:\/\/institucional.ufrrj.br\/parquesejardins\/jardins\/","name":"Jardins - Parques e Jardins","isPartOf":{"@id":"https:\/\/institucional.ufrrj.br\/parquesejardins\/#website"},"datePublished":"2018-08-13T13:25:13+00:00","dateModified":"2018-08-16T13:34:06+00:00","breadcrumb":{"@id":"https:\/\/institucional.ufrrj.br\/parquesejardins\/jardins\/#breadcrumb"},"inLanguage":"pt-BR","potentialAction":[{"@type":"ReadAction","target":["https:\/\/institucional.ufrrj.br\/parquesejardins\/jardins\/"]}]},{"@type":"BreadcrumbList","@id":"https:\/\/institucional.ufrrj.br\/parquesejardins\/jardins\/#breadcrumb","itemListElement":[{"@type":"ListItem","position":1,"name":"In\u00edcio","item":"https:\/\/institucional.ufrrj.br\/parquesejardins\/"},{"@type":"ListItem","position":2,"name":"Jardins"}]},{"@type":"WebSite","@id":"https:\/\/institucional.ufrrj.br\/parquesejardins\/#website","url":"https:\/\/institucional.ufrrj.br\/parquesejardins\/","name":"Parques e Jardins","description":"S\u00f3 mais um site institucional.ufrrj.br","potentialAction":[{"@type":"SearchAction","target":{"@type":"EntryPoint","urlTemplate":"https:\/\/institucional.ufrrj.br\/parquesejardins\/?s={search_term_string}"},"query-input":{"@type":"PropertyValueSpecification","valueRequired":true,"valueName":"search_term_string"}}],"inLanguage":"pt-BR"}]}},"acf":[],"_links":{"self":[{"href":"https:\/\/institucional.ufrrj.br\/parquesejardins\/wp-json\/wp\/v2\/pages\/13409","targetHints":{"allow":["GET"]}}],"collection":[{"href":"https:\/\/institucional.ufrrj.br\/parquesejardins\/wp-json\/wp\/v2\/pages"}],"about":[{"href":"https:\/\/institucional.ufrrj.br\/parquesejardins\/wp-json\/wp\/v2\/types\/page"}],"author":[{"embeddable":true,"href":"https:\/\/institucional.ufrrj.br\/parquesejardins\/wp-json\/wp\/v2\/users\/719"}],"replies":[{"embeddable":true,"href":"https:\/\/institucional.ufrrj.br\/parquesejardins\/wp-json\/wp\/v2\/comments?post=13409"}],"version-history":[{"count":4,"href":"https:\/\/institucional.ufrrj.br\/parquesejardins\/wp-json\/wp\/v2\/pages\/13409\/revisions"}],"predecessor-version":[{"id":13446,"href":"https:\/\/institucional.ufrrj.br\/parquesejardins\/wp-json\/wp\/v2\/pages\/13409\/revisions\/13446"}],"wp:attachment":[{"href":"https:\/\/institucional.ufrrj.br\/parquesejardins\/wp-json\/wp\/v2\/media?parent=13409"}],"curies":[{"name":"wp","href":"https:\/\/api.w.org\/{rel}","templated":true}]}}