{"id":4213,"date":"2026-03-17T10:52:11","date_gmt":"2026-03-17T13:52:11","guid":{"rendered":"https:\/\/institucional.ufrrj.br\/nit\/?page_id=4213"},"modified":"2026-03-17T11:06:17","modified_gmt":"2026-03-17T14:06:17","slug":"diretrizes-gerais-de-atuacao","status":"publish","type":"page","link":"https:\/\/institucional.ufrrj.br\/nit\/diretrizes-gerais-de-atuacao\/","title":{"rendered":"Diretrizes Gerais de Atua\u00e7\u00e3o"},"content":{"rendered":"\n<p><strong>Participa\u00e7\u00e3o Social<\/strong> \u2013 todas as a\u00e7\u00f5es do NIS devem ser concebidas e implementadas com participa\u00e7\u00e3o ativa das comunidades e dos sujeitos coletivos envolvidos.<\/p>\n\n\n\n<p><strong>Diversidade Cultural e Inclus\u00e3o<\/strong> \u2013 respeito \u00e0 pluralidade \u00e9tnica, de g\u00eanero, geracional e territorial, promovendo justi\u00e7a social e combate a desigualdades.<\/p>\n\n\n\n<p><strong>Sustentabilidade e Responsabilidade Socioambiental<\/strong> \u2013 incorpora\u00e7\u00e3o de pr\u00e1ticas de baixo impacto ambiental, regenera\u00e7\u00e3o ecol\u00f3gica e valoriza\u00e7\u00e3o dos modos tradicionais de uso da natureza.<\/p>\n\n\n\n<p><strong>Interdisciplinaridade<\/strong> \u2013 integra\u00e7\u00e3o de diferentes \u00e1reas do conhecimento cient\u00edfico e dos saberes tradicionais, articulando metodologias participativas, tecnol\u00f3gicas e culturais.<\/p>\n\n\n\n<p><strong>Transpar\u00eancia e \u00c9tica<\/strong> \u2013 gest\u00e3o participativa, democr\u00e1tica e transparente dos processos, com presta\u00e7\u00e3o de contas social e institucional.<\/p>\n\n\n\n<p><strong>Inova\u00e7\u00e3o Colaborativa<\/strong> \u2013 est\u00edmulo \u00e0 coopera\u00e7\u00e3o em rede, parcerias interinstitucionais e intersetoriais para ampliar o alcance das a\u00e7\u00f5es.<\/p>\n\n\n\n<p><strong>Replicabilidade e Escalabilidade<\/strong> \u2013 as solu\u00e7\u00f5es desenvolvidas devem ser adapt\u00e1veis a diferentes contextos, permitindo expans\u00e3o e apropria\u00e7\u00e3o por outros territ\u00f3rios e coletivos.<\/p>\n","protected":false},"excerpt":{"rendered":"<p>Participa\u00e7\u00e3o Social \u2013 todas as a\u00e7\u00f5es do NIS devem ser concebidas e implementadas com participa\u00e7\u00e3o ativa das comunidades e dos <a class=\"read-more\" href=\"https:\/\/institucional.ufrrj.br\/nit\/diretrizes-gerais-de-atuacao\/ \" >&#8230; <span class=\"font-italic\">leia mais <i class=\"fas fa-angle-right\"><\/i><\/span><\/a><\/p>\n","protected":false},"author":883,"featured_media":0,"parent":0,"menu_order":0,"comment_status":"closed","ping_status":"closed","template":"","meta":{"_acf_changed":false,"footnotes":"","_links_to":"","_links_to_target":""},"class_list":["post-4213","page","type-page","status-publish","hentry"],"yoast_head":"<!-- This site is optimized with the Yoast SEO plugin v27.2 - https:\/\/yoast.com\/product\/yoast-seo-wordpress\/ -->\n<title>Diretrizes Gerais de Atua\u00e7\u00e3o - Ag\u00eancia de Inova\u00e7\u00e3o da UFRRJ<\/title>\n<meta name=\"robots\" content=\"index, follow, max-snippet:-1, max-image-preview:large, max-video-preview:-1\" \/>\n<link rel=\"canonical\" href=\"https:\/\/institucional.ufrrj.br\/nit\/diretrizes-gerais-de-atuacao\/\" \/>\n<meta property=\"og:locale\" content=\"pt_BR\" \/>\n<meta property=\"og:type\" content=\"article\" \/>\n<meta property=\"og:title\" content=\"Diretrizes Gerais de Atua\u00e7\u00e3o - Ag\u00eancia de Inova\u00e7\u00e3o da UFRRJ\" \/>\n<meta property=\"og:description\" content=\"Participa\u00e7\u00e3o Social \u2013 todas as a\u00e7\u00f5es do NIS devem ser concebidas e implementadas com participa\u00e7\u00e3o ativa das comunidades e dos ... leia mais\" \/>\n<meta property=\"og:url\" content=\"https:\/\/institucional.ufrrj.br\/nit\/diretrizes-gerais-de-atuacao\/\" \/>\n<meta property=\"og:site_name\" content=\"Ag\u00eancia de Inova\u00e7\u00e3o da UFRRJ\" \/>\n<meta property=\"article:modified_time\" content=\"2026-03-17T14:06:17+00:00\" \/>\n<meta name=\"twitter:card\" content=\"summary_large_image\" \/>\n<meta name=\"twitter:label1\" content=\"Est. tempo de leitura\" \/>\n\t<meta name=\"twitter:data1\" content=\"1 minuto\" \/>\n<script type=\"application\/ld+json\" class=\"yoast-schema-graph\">{\"@context\":\"https:\/\/schema.org\",\"@graph\":[{\"@type\":\"WebPage\",\"@id\":\"https:\/\/institucional.ufrrj.br\/nit\/diretrizes-gerais-de-atuacao\/\",\"url\":\"https:\/\/institucional.ufrrj.br\/nit\/diretrizes-gerais-de-atuacao\/\",\"name\":\"Diretrizes Gerais de Atua\u00e7\u00e3o - Ag\u00eancia de Inova\u00e7\u00e3o da UFRRJ\",\"isPartOf\":{\"@id\":\"https:\/\/institucional.ufrrj.br\/nit\/#website\"},\"datePublished\":\"2026-03-17T13:52:11+00:00\",\"dateModified\":\"2026-03-17T14:06:17+00:00\",\"breadcrumb\":{\"@id\":\"https:\/\/institucional.ufrrj.br\/nit\/diretrizes-gerais-de-atuacao\/#breadcrumb\"},\"inLanguage\":\"pt-BR\",\"potentialAction\":[{\"@type\":\"ReadAction\",\"target\":[\"https:\/\/institucional.ufrrj.br\/nit\/diretrizes-gerais-de-atuacao\/\"]}]},{\"@type\":\"BreadcrumbList\",\"@id\":\"https:\/\/institucional.ufrrj.br\/nit\/diretrizes-gerais-de-atuacao\/#breadcrumb\",\"itemListElement\":[{\"@type\":\"ListItem\",\"position\":1,\"name\":\"In\u00edcio\",\"item\":\"https:\/\/institucional.ufrrj.br\/nit\/\"},{\"@type\":\"ListItem\",\"position\":2,\"name\":\"Diretrizes Gerais de Atua\u00e7\u00e3o\"}]},{\"@type\":\"WebSite\",\"@id\":\"https:\/\/institucional.ufrrj.br\/nit\/#website\",\"url\":\"https:\/\/institucional.ufrrj.br\/nit\/\",\"name\":\"Ag\u00eancia de Inova\u00e7\u00e3o UFRRJ\",\"description\":\"UFRRJ\",\"potentialAction\":[{\"@type\":\"SearchAction\",\"target\":{\"@type\":\"EntryPoint\",\"urlTemplate\":\"https:\/\/institucional.ufrrj.br\/nit\/?s={search_term_string}\"},\"query-input\":{\"@type\":\"PropertyValueSpecification\",\"valueRequired\":true,\"valueName\":\"search_term_string\"}}],\"inLanguage\":\"pt-BR\"}]}<\/script>\n<!-- \/ Yoast SEO plugin. -->","yoast_head_json":{"title":"Diretrizes Gerais de Atua\u00e7\u00e3o - Ag\u00eancia de Inova\u00e7\u00e3o da UFRRJ","robots":{"index":"index","follow":"follow","max-snippet":"max-snippet:-1","max-image-preview":"max-image-preview:large","max-video-preview":"max-video-preview:-1"},"canonical":"https:\/\/institucional.ufrrj.br\/nit\/diretrizes-gerais-de-atuacao\/","og_locale":"pt_BR","og_type":"article","og_title":"Diretrizes Gerais de Atua\u00e7\u00e3o - Ag\u00eancia de Inova\u00e7\u00e3o da UFRRJ","og_description":"Participa\u00e7\u00e3o Social \u2013 todas as a\u00e7\u00f5es do NIS devem ser concebidas e implementadas com participa\u00e7\u00e3o ativa das comunidades e dos ... leia mais","og_url":"https:\/\/institucional.ufrrj.br\/nit\/diretrizes-gerais-de-atuacao\/","og_site_name":"Ag\u00eancia de Inova\u00e7\u00e3o da UFRRJ","article_modified_time":"2026-03-17T14:06:17+00:00","twitter_card":"summary_large_image","twitter_misc":{"Est. tempo de leitura":"1 minuto"},"schema":{"@context":"https:\/\/schema.org","@graph":[{"@type":"WebPage","@id":"https:\/\/institucional.ufrrj.br\/nit\/diretrizes-gerais-de-atuacao\/","url":"https:\/\/institucional.ufrrj.br\/nit\/diretrizes-gerais-de-atuacao\/","name":"Diretrizes Gerais de Atua\u00e7\u00e3o - Ag\u00eancia de Inova\u00e7\u00e3o da UFRRJ","isPartOf":{"@id":"https:\/\/institucional.ufrrj.br\/nit\/#website"},"datePublished":"2026-03-17T13:52:11+00:00","dateModified":"2026-03-17T14:06:17+00:00","breadcrumb":{"@id":"https:\/\/institucional.ufrrj.br\/nit\/diretrizes-gerais-de-atuacao\/#breadcrumb"},"inLanguage":"pt-BR","potentialAction":[{"@type":"ReadAction","target":["https:\/\/institucional.ufrrj.br\/nit\/diretrizes-gerais-de-atuacao\/"]}]},{"@type":"BreadcrumbList","@id":"https:\/\/institucional.ufrrj.br\/nit\/diretrizes-gerais-de-atuacao\/#breadcrumb","itemListElement":[{"@type":"ListItem","position":1,"name":"In\u00edcio","item":"https:\/\/institucional.ufrrj.br\/nit\/"},{"@type":"ListItem","position":2,"name":"Diretrizes Gerais de Atua\u00e7\u00e3o"}]},{"@type":"WebSite","@id":"https:\/\/institucional.ufrrj.br\/nit\/#website","url":"https:\/\/institucional.ufrrj.br\/nit\/","name":"Ag\u00eancia de Inova\u00e7\u00e3o UFRRJ","description":"UFRRJ","potentialAction":[{"@type":"SearchAction","target":{"@type":"EntryPoint","urlTemplate":"https:\/\/institucional.ufrrj.br\/nit\/?s={search_term_string}"},"query-input":{"@type":"PropertyValueSpecification","valueRequired":true,"valueName":"search_term_string"}}],"inLanguage":"pt-BR"}]}},"acf":[],"_links":{"self":[{"href":"https:\/\/institucional.ufrrj.br\/nit\/wp-json\/wp\/v2\/pages\/4213","targetHints":{"allow":["GET"]}}],"collection":[{"href":"https:\/\/institucional.ufrrj.br\/nit\/wp-json\/wp\/v2\/pages"}],"about":[{"href":"https:\/\/institucional.ufrrj.br\/nit\/wp-json\/wp\/v2\/types\/page"}],"author":[{"embeddable":true,"href":"https:\/\/institucional.ufrrj.br\/nit\/wp-json\/wp\/v2\/users\/883"}],"replies":[{"embeddable":true,"href":"https:\/\/institucional.ufrrj.br\/nit\/wp-json\/wp\/v2\/comments?post=4213"}],"version-history":[{"count":2,"href":"https:\/\/institucional.ufrrj.br\/nit\/wp-json\/wp\/v2\/pages\/4213\/revisions"}],"predecessor-version":[{"id":4230,"href":"https:\/\/institucional.ufrrj.br\/nit\/wp-json\/wp\/v2\/pages\/4213\/revisions\/4230"}],"wp:attachment":[{"href":"https:\/\/institucional.ufrrj.br\/nit\/wp-json\/wp\/v2\/media?parent=4213"}],"curies":[{"name":"wp","href":"https:\/\/api.w.org\/{rel}","templated":true}]}}