{"id":4211,"date":"2026-03-17T10:48:08","date_gmt":"2026-03-17T13:48:08","guid":{"rendered":"https:\/\/institucional.ufrrj.br\/nit\/?page_id=4211"},"modified":"2026-03-17T11:12:08","modified_gmt":"2026-03-17T14:12:08","slug":"objetivos-gerais","status":"publish","type":"page","link":"https:\/\/institucional.ufrrj.br\/nit\/objetivos-gerais\/","title":{"rendered":"Objetivos Gerais"},"content":{"rendered":"\n<div class=\"wp-block-group is-vertical is-layout-flex wp-container-core-group-is-layout-8cf370e7 wp-block-group-is-layout-flex\">\n<blockquote class=\"wp-block-quote is-layout-flow wp-block-quote-is-layout-flow\">\n<p>Estimular a inova\u00e7\u00e3o social e as tecnologias sociais dentro da UFRRJ e combater a desigualdade setorial na participa\u00e7\u00e3o das diferentes \u00e1reas de conhecimento nas pol\u00edticas de inova\u00e7\u00e3o.<\/p>\n<\/blockquote>\n\n\n\n<blockquote class=\"wp-block-quote is-layout-flow wp-block-quote-is-layout-flow\">\n<p>Estimular sinergias entre tecnologias sociais desenvolvidas nas ci\u00eancias exatas e da terra com as tecnologias sociais desenvolvidas nas \u00e1reas de ci\u00eancias humanas.<\/p>\n<\/blockquote>\n\n\n\n<blockquote class=\"wp-block-quote is-layout-flow wp-block-quote-is-layout-flow\">\n<p>Estimular a articula\u00e7\u00e3o das ci\u00eancias humanas \u00e0 inova\u00e7\u00e3o social (automa\u00e7\u00e3o, geotecnologias, plataformas digitais), favorecendo a cria\u00e7\u00e3o de solu\u00e7\u00f5es para problemas sociais e ambientais.<\/p>\n<\/blockquote>\n\n\n\n<blockquote class=\"wp-block-quote is-layout-flow wp-block-quote-is-layout-flow\">\n<p>Estimular a inser\u00e7\u00e3o das \u00e1reas de ci\u00eancias sociais (antropologia, sociologia e ci\u00eancia pol\u00edtica) nas pol\u00edticas de ci\u00eancia, tecnologia e inova\u00e7\u00e3o e a transforma\u00e7\u00e3o dos conhecimentos em ci\u00eancia aplicada;<\/p>\n<\/blockquote>\n\n\n\n<blockquote class=\"wp-block-quote is-layout-flow wp-block-quote-is-layout-flow\">\n<p>Estimular a produ\u00e7\u00e3o e aplica\u00e7\u00e3o de conhecimento cient\u00edfico e emp\u00edrico para o desenvolvimento de solu\u00e7\u00f5es inovadoras de impacto social;<\/p>\n<\/blockquote>\n\n\n\n<blockquote class=\"wp-block-quote is-layout-flow wp-block-quote-is-layout-flow\">\n<p>Estimular a cria\u00e7\u00e3o e difus\u00e3o de tecnologias sociais, acess\u00edveis e replic\u00e1veis, que respondam a demandas concretas de comunidades urbanas, rurais, ind\u00edgenas, quilombolas e tradicionais;<\/p>\n<\/blockquote>\n\n\n\n<blockquote class=\"wp-block-quote is-layout-flow wp-block-quote-is-layout-flow\">\n<p>Estimular o reconhecimento e inclus\u00e3o de povos e comunidades tradicionais (urbanas, rurais, ind\u00edgenas, quilombolas) e grupos etnicamente diferenciados como agentes e participantes das pol\u00edticas de inova\u00e7\u00e3o;<\/p>\n<\/blockquote>\n\n\n\n<blockquote class=\"wp-block-quote is-layout-flow wp-block-quote-is-layout-flow\">\n<p>Estimular a forma\u00e7\u00e3o e capacita\u00e7\u00e3o intercultural, integrando saberes acad\u00eamicos, saberes tradicionais populares e ancestrais;<\/p>\n<\/blockquote>\n\n\n\n<blockquote class=\"wp-block-quote is-layout-flow wp-block-quote-is-layout-flow\">\n<p>Estimular diferentes formas de economia cooperativa e economia solid\u00e1ria (na pesca, artesanato, sistemas agr\u00edcolas tradicionais, turismo de base comunit\u00e1ria, extrativismo artesanal).<\/p>\n<\/blockquote>\n<\/div>\n","protected":false},"excerpt":{"rendered":"<p>Estimular a inova\u00e7\u00e3o social e as tecnologias sociais dentro da UFRRJ e combater a desigualdade setorial na participa\u00e7\u00e3o das diferentes <a class=\"read-more\" href=\"https:\/\/institucional.ufrrj.br\/nit\/objetivos-gerais\/ \" >&#8230; <span class=\"font-italic\">leia mais <i class=\"fas fa-angle-right\"><\/i><\/span><\/a><\/p>\n","protected":false},"author":883,"featured_media":0,"parent":0,"menu_order":0,"comment_status":"closed","ping_status":"closed","template":"","meta":{"_acf_changed":false,"footnotes":"","_links_to":"","_links_to_target":""},"class_list":["post-4211","page","type-page","status-publish","hentry"],"yoast_head":"<!-- This site is optimized with the Yoast SEO plugin v27.2 - https:\/\/yoast.com\/product\/yoast-seo-wordpress\/ -->\n<title>Objetivos Gerais - Ag\u00eancia de Inova\u00e7\u00e3o da UFRRJ<\/title>\n<meta name=\"robots\" content=\"index, follow, max-snippet:-1, max-image-preview:large, max-video-preview:-1\" \/>\n<link rel=\"canonical\" href=\"https:\/\/institucional.ufrrj.br\/nit\/objetivos-gerais\/\" \/>\n<meta property=\"og:locale\" content=\"pt_BR\" \/>\n<meta property=\"og:type\" content=\"article\" \/>\n<meta property=\"og:title\" content=\"Objetivos Gerais - Ag\u00eancia de Inova\u00e7\u00e3o da UFRRJ\" \/>\n<meta property=\"og:description\" content=\"Estimular a inova\u00e7\u00e3o social e as tecnologias sociais dentro da UFRRJ e combater a desigualdade setorial na participa\u00e7\u00e3o das diferentes ... leia mais\" \/>\n<meta property=\"og:url\" content=\"https:\/\/institucional.ufrrj.br\/nit\/objetivos-gerais\/\" \/>\n<meta property=\"og:site_name\" content=\"Ag\u00eancia de Inova\u00e7\u00e3o da UFRRJ\" \/>\n<meta property=\"article:modified_time\" content=\"2026-03-17T14:12:08+00:00\" \/>\n<meta name=\"twitter:card\" content=\"summary_large_image\" \/>\n<script type=\"application\/ld+json\" class=\"yoast-schema-graph\">{\"@context\":\"https:\/\/schema.org\",\"@graph\":[{\"@type\":\"WebPage\",\"@id\":\"https:\/\/institucional.ufrrj.br\/nit\/objetivos-gerais\/\",\"url\":\"https:\/\/institucional.ufrrj.br\/nit\/objetivos-gerais\/\",\"name\":\"Objetivos Gerais - Ag\u00eancia de Inova\u00e7\u00e3o da UFRRJ\",\"isPartOf\":{\"@id\":\"https:\/\/institucional.ufrrj.br\/nit\/#website\"},\"datePublished\":\"2026-03-17T13:48:08+00:00\",\"dateModified\":\"2026-03-17T14:12:08+00:00\",\"breadcrumb\":{\"@id\":\"https:\/\/institucional.ufrrj.br\/nit\/objetivos-gerais\/#breadcrumb\"},\"inLanguage\":\"pt-BR\",\"potentialAction\":[{\"@type\":\"ReadAction\",\"target\":[\"https:\/\/institucional.ufrrj.br\/nit\/objetivos-gerais\/\"]}]},{\"@type\":\"BreadcrumbList\",\"@id\":\"https:\/\/institucional.ufrrj.br\/nit\/objetivos-gerais\/#breadcrumb\",\"itemListElement\":[{\"@type\":\"ListItem\",\"position\":1,\"name\":\"In\u00edcio\",\"item\":\"https:\/\/institucional.ufrrj.br\/nit\/\"},{\"@type\":\"ListItem\",\"position\":2,\"name\":\"Objetivos Gerais\"}]},{\"@type\":\"WebSite\",\"@id\":\"https:\/\/institucional.ufrrj.br\/nit\/#website\",\"url\":\"https:\/\/institucional.ufrrj.br\/nit\/\",\"name\":\"Ag\u00eancia de Inova\u00e7\u00e3o UFRRJ\",\"description\":\"UFRRJ\",\"potentialAction\":[{\"@type\":\"SearchAction\",\"target\":{\"@type\":\"EntryPoint\",\"urlTemplate\":\"https:\/\/institucional.ufrrj.br\/nit\/?s={search_term_string}\"},\"query-input\":{\"@type\":\"PropertyValueSpecification\",\"valueRequired\":true,\"valueName\":\"search_term_string\"}}],\"inLanguage\":\"pt-BR\"}]}<\/script>\n<!-- \/ Yoast SEO plugin. -->","yoast_head_json":{"title":"Objetivos Gerais - Ag\u00eancia de Inova\u00e7\u00e3o da UFRRJ","robots":{"index":"index","follow":"follow","max-snippet":"max-snippet:-1","max-image-preview":"max-image-preview:large","max-video-preview":"max-video-preview:-1"},"canonical":"https:\/\/institucional.ufrrj.br\/nit\/objetivos-gerais\/","og_locale":"pt_BR","og_type":"article","og_title":"Objetivos Gerais - Ag\u00eancia de Inova\u00e7\u00e3o da UFRRJ","og_description":"Estimular a inova\u00e7\u00e3o social e as tecnologias sociais dentro da UFRRJ e combater a desigualdade setorial na participa\u00e7\u00e3o das diferentes ... leia mais","og_url":"https:\/\/institucional.ufrrj.br\/nit\/objetivos-gerais\/","og_site_name":"Ag\u00eancia de Inova\u00e7\u00e3o da UFRRJ","article_modified_time":"2026-03-17T14:12:08+00:00","twitter_card":"summary_large_image","schema":{"@context":"https:\/\/schema.org","@graph":[{"@type":"WebPage","@id":"https:\/\/institucional.ufrrj.br\/nit\/objetivos-gerais\/","url":"https:\/\/institucional.ufrrj.br\/nit\/objetivos-gerais\/","name":"Objetivos Gerais - Ag\u00eancia de Inova\u00e7\u00e3o da UFRRJ","isPartOf":{"@id":"https:\/\/institucional.ufrrj.br\/nit\/#website"},"datePublished":"2026-03-17T13:48:08+00:00","dateModified":"2026-03-17T14:12:08+00:00","breadcrumb":{"@id":"https:\/\/institucional.ufrrj.br\/nit\/objetivos-gerais\/#breadcrumb"},"inLanguage":"pt-BR","potentialAction":[{"@type":"ReadAction","target":["https:\/\/institucional.ufrrj.br\/nit\/objetivos-gerais\/"]}]},{"@type":"BreadcrumbList","@id":"https:\/\/institucional.ufrrj.br\/nit\/objetivos-gerais\/#breadcrumb","itemListElement":[{"@type":"ListItem","position":1,"name":"In\u00edcio","item":"https:\/\/institucional.ufrrj.br\/nit\/"},{"@type":"ListItem","position":2,"name":"Objetivos Gerais"}]},{"@type":"WebSite","@id":"https:\/\/institucional.ufrrj.br\/nit\/#website","url":"https:\/\/institucional.ufrrj.br\/nit\/","name":"Ag\u00eancia de Inova\u00e7\u00e3o UFRRJ","description":"UFRRJ","potentialAction":[{"@type":"SearchAction","target":{"@type":"EntryPoint","urlTemplate":"https:\/\/institucional.ufrrj.br\/nit\/?s={search_term_string}"},"query-input":{"@type":"PropertyValueSpecification","valueRequired":true,"valueName":"search_term_string"}}],"inLanguage":"pt-BR"}]}},"acf":[],"_links":{"self":[{"href":"https:\/\/institucional.ufrrj.br\/nit\/wp-json\/wp\/v2\/pages\/4211","targetHints":{"allow":["GET"]}}],"collection":[{"href":"https:\/\/institucional.ufrrj.br\/nit\/wp-json\/wp\/v2\/pages"}],"about":[{"href":"https:\/\/institucional.ufrrj.br\/nit\/wp-json\/wp\/v2\/types\/page"}],"author":[{"embeddable":true,"href":"https:\/\/institucional.ufrrj.br\/nit\/wp-json\/wp\/v2\/users\/883"}],"replies":[{"embeddable":true,"href":"https:\/\/institucional.ufrrj.br\/nit\/wp-json\/wp\/v2\/comments?post=4211"}],"version-history":[{"count":1,"href":"https:\/\/institucional.ufrrj.br\/nit\/wp-json\/wp\/v2\/pages\/4211\/revisions"}],"predecessor-version":[{"id":4235,"href":"https:\/\/institucional.ufrrj.br\/nit\/wp-json\/wp\/v2\/pages\/4211\/revisions\/4235"}],"wp:attachment":[{"href":"https:\/\/institucional.ufrrj.br\/nit\/wp-json\/wp\/v2\/media?parent=4211"}],"curies":[{"name":"wp","href":"https:\/\/api.w.org\/{rel}","templated":true}]}}