{"id":4209,"date":"2026-03-17T10:47:28","date_gmt":"2026-03-17T13:47:28","guid":{"rendered":"https:\/\/institucional.ufrrj.br\/nit\/?page_id=4209"},"modified":"2026-03-17T11:13:06","modified_gmt":"2026-03-17T14:13:06","slug":"atribuicoes","status":"publish","type":"page","link":"https:\/\/institucional.ufrrj.br\/nit\/atribuicoes\/","title":{"rendered":"Atribui\u00e7\u00f5es"},"content":{"rendered":"\n<p>Da <strong>Inova\u00e7\u00e3o Social<\/strong> &#8211; A inova\u00e7\u00e3o social \u00e9 pr\u00e1tica desempenhada por professores, t\u00e9cnico-administrativos, estudantes, laborat\u00f3rios e grupos de pesquisa, cursos e departamentos, sendo sua responsabilidade a elabora\u00e7\u00e3o, capta\u00e7\u00e3o de recursos e execu\u00e7\u00e3o de a\u00e7\u00f5es e projetos.<\/p>\n\n\n\n<p>Do NIS &#8211; A fun\u00e7\u00e3o do NIS \u00e9 elaborar, junto \u00e0 Ag\u00eancia de Inova\u00e7\u00e3o, a\u00e7\u00f5es de divulga\u00e7\u00e3o, pol\u00edticas de valoriza\u00e7\u00e3o e promo\u00e7\u00e3o da inova\u00e7\u00e3o social dentro da da Ag\u00eancia de Inova\u00e7\u00e3o da UFRRJ, por meio a\u00e7\u00f5es internas, de estudos e diagn\u00f3sticos sobre inova\u00e7\u00e3o social no interior da universidade e a promo\u00e7\u00e3o de eventos que auxiliem e orientem o conjunto da comunidade cient\u00edfica da UFRRJ na execu\u00e7\u00e3o da pol\u00edtica de inova\u00e7\u00e3o.<\/p>\n\n\n\n<p>Da Coordena\u00e7\u00e3o do NIS- \u00e9 o \u00f3rg\u00e3o que planeja, coordena as atividades e define as estrat\u00e9gias de atua\u00e7\u00e3o; indica os membros do N\u00facleo e promove a integra\u00e7\u00e3o com as inst\u00e2ncias internas da Ag\u00eancia de Inova\u00e7\u00e3o.<\/p>\n","protected":false},"excerpt":{"rendered":"<p>Da Inova\u00e7\u00e3o Social &#8211; A inova\u00e7\u00e3o social \u00e9 pr\u00e1tica desempenhada por professores, t\u00e9cnico-administrativos, estudantes, laborat\u00f3rios e grupos de pesquisa, cursos <a class=\"read-more\" href=\"https:\/\/institucional.ufrrj.br\/nit\/atribuicoes\/ \" >&#8230; <span class=\"font-italic\">leia mais <i class=\"fas fa-angle-right\"><\/i><\/span><\/a><\/p>\n","protected":false},"author":883,"featured_media":0,"parent":0,"menu_order":0,"comment_status":"closed","ping_status":"closed","template":"","meta":{"_acf_changed":false,"footnotes":"","_links_to":"","_links_to_target":""},"class_list":["post-4209","page","type-page","status-publish","hentry"],"yoast_head":"<!-- This site is optimized with the Yoast SEO plugin v27.2 - https:\/\/yoast.com\/product\/yoast-seo-wordpress\/ -->\n<title>Atribui\u00e7\u00f5es - Ag\u00eancia de Inova\u00e7\u00e3o da UFRRJ<\/title>\n<meta name=\"robots\" content=\"index, follow, max-snippet:-1, max-image-preview:large, max-video-preview:-1\" \/>\n<link rel=\"canonical\" href=\"https:\/\/institucional.ufrrj.br\/nit\/atribuicoes\/\" \/>\n<meta property=\"og:locale\" content=\"pt_BR\" \/>\n<meta property=\"og:type\" content=\"article\" \/>\n<meta property=\"og:title\" content=\"Atribui\u00e7\u00f5es - Ag\u00eancia de Inova\u00e7\u00e3o da UFRRJ\" \/>\n<meta property=\"og:description\" content=\"Da Inova\u00e7\u00e3o Social &#8211; A inova\u00e7\u00e3o social \u00e9 pr\u00e1tica desempenhada por professores, t\u00e9cnico-administrativos, estudantes, laborat\u00f3rios e grupos de pesquisa, cursos ... leia mais\" \/>\n<meta property=\"og:url\" content=\"https:\/\/institucional.ufrrj.br\/nit\/atribuicoes\/\" \/>\n<meta property=\"og:site_name\" content=\"Ag\u00eancia de Inova\u00e7\u00e3o da UFRRJ\" \/>\n<meta property=\"article:modified_time\" content=\"2026-03-17T14:13:06+00:00\" \/>\n<meta name=\"twitter:card\" content=\"summary_large_image\" \/>\n<meta name=\"twitter:label1\" content=\"Est. tempo de leitura\" \/>\n\t<meta name=\"twitter:data1\" content=\"1 minuto\" \/>\n<script type=\"application\/ld+json\" class=\"yoast-schema-graph\">{\"@context\":\"https:\/\/schema.org\",\"@graph\":[{\"@type\":\"WebPage\",\"@id\":\"https:\/\/institucional.ufrrj.br\/nit\/atribuicoes\/\",\"url\":\"https:\/\/institucional.ufrrj.br\/nit\/atribuicoes\/\",\"name\":\"Atribui\u00e7\u00f5es - Ag\u00eancia de Inova\u00e7\u00e3o da UFRRJ\",\"isPartOf\":{\"@id\":\"https:\/\/institucional.ufrrj.br\/nit\/#website\"},\"datePublished\":\"2026-03-17T13:47:28+00:00\",\"dateModified\":\"2026-03-17T14:13:06+00:00\",\"breadcrumb\":{\"@id\":\"https:\/\/institucional.ufrrj.br\/nit\/atribuicoes\/#breadcrumb\"},\"inLanguage\":\"pt-BR\",\"potentialAction\":[{\"@type\":\"ReadAction\",\"target\":[\"https:\/\/institucional.ufrrj.br\/nit\/atribuicoes\/\"]}]},{\"@type\":\"BreadcrumbList\",\"@id\":\"https:\/\/institucional.ufrrj.br\/nit\/atribuicoes\/#breadcrumb\",\"itemListElement\":[{\"@type\":\"ListItem\",\"position\":1,\"name\":\"In\u00edcio\",\"item\":\"https:\/\/institucional.ufrrj.br\/nit\/\"},{\"@type\":\"ListItem\",\"position\":2,\"name\":\"Atribui\u00e7\u00f5es\"}]},{\"@type\":\"WebSite\",\"@id\":\"https:\/\/institucional.ufrrj.br\/nit\/#website\",\"url\":\"https:\/\/institucional.ufrrj.br\/nit\/\",\"name\":\"Ag\u00eancia de Inova\u00e7\u00e3o UFRRJ\",\"description\":\"UFRRJ\",\"potentialAction\":[{\"@type\":\"SearchAction\",\"target\":{\"@type\":\"EntryPoint\",\"urlTemplate\":\"https:\/\/institucional.ufrrj.br\/nit\/?s={search_term_string}\"},\"query-input\":{\"@type\":\"PropertyValueSpecification\",\"valueRequired\":true,\"valueName\":\"search_term_string\"}}],\"inLanguage\":\"pt-BR\"}]}<\/script>\n<!-- \/ Yoast SEO plugin. -->","yoast_head_json":{"title":"Atribui\u00e7\u00f5es - Ag\u00eancia de Inova\u00e7\u00e3o da UFRRJ","robots":{"index":"index","follow":"follow","max-snippet":"max-snippet:-1","max-image-preview":"max-image-preview:large","max-video-preview":"max-video-preview:-1"},"canonical":"https:\/\/institucional.ufrrj.br\/nit\/atribuicoes\/","og_locale":"pt_BR","og_type":"article","og_title":"Atribui\u00e7\u00f5es - Ag\u00eancia de Inova\u00e7\u00e3o da UFRRJ","og_description":"Da Inova\u00e7\u00e3o Social &#8211; A inova\u00e7\u00e3o social \u00e9 pr\u00e1tica desempenhada por professores, t\u00e9cnico-administrativos, estudantes, laborat\u00f3rios e grupos de pesquisa, cursos ... leia mais","og_url":"https:\/\/institucional.ufrrj.br\/nit\/atribuicoes\/","og_site_name":"Ag\u00eancia de Inova\u00e7\u00e3o da UFRRJ","article_modified_time":"2026-03-17T14:13:06+00:00","twitter_card":"summary_large_image","twitter_misc":{"Est. tempo de leitura":"1 minuto"},"schema":{"@context":"https:\/\/schema.org","@graph":[{"@type":"WebPage","@id":"https:\/\/institucional.ufrrj.br\/nit\/atribuicoes\/","url":"https:\/\/institucional.ufrrj.br\/nit\/atribuicoes\/","name":"Atribui\u00e7\u00f5es - Ag\u00eancia de Inova\u00e7\u00e3o da UFRRJ","isPartOf":{"@id":"https:\/\/institucional.ufrrj.br\/nit\/#website"},"datePublished":"2026-03-17T13:47:28+00:00","dateModified":"2026-03-17T14:13:06+00:00","breadcrumb":{"@id":"https:\/\/institucional.ufrrj.br\/nit\/atribuicoes\/#breadcrumb"},"inLanguage":"pt-BR","potentialAction":[{"@type":"ReadAction","target":["https:\/\/institucional.ufrrj.br\/nit\/atribuicoes\/"]}]},{"@type":"BreadcrumbList","@id":"https:\/\/institucional.ufrrj.br\/nit\/atribuicoes\/#breadcrumb","itemListElement":[{"@type":"ListItem","position":1,"name":"In\u00edcio","item":"https:\/\/institucional.ufrrj.br\/nit\/"},{"@type":"ListItem","position":2,"name":"Atribui\u00e7\u00f5es"}]},{"@type":"WebSite","@id":"https:\/\/institucional.ufrrj.br\/nit\/#website","url":"https:\/\/institucional.ufrrj.br\/nit\/","name":"Ag\u00eancia de Inova\u00e7\u00e3o UFRRJ","description":"UFRRJ","potentialAction":[{"@type":"SearchAction","target":{"@type":"EntryPoint","urlTemplate":"https:\/\/institucional.ufrrj.br\/nit\/?s={search_term_string}"},"query-input":{"@type":"PropertyValueSpecification","valueRequired":true,"valueName":"search_term_string"}}],"inLanguage":"pt-BR"}]}},"acf":[],"_links":{"self":[{"href":"https:\/\/institucional.ufrrj.br\/nit\/wp-json\/wp\/v2\/pages\/4209","targetHints":{"allow":["GET"]}}],"collection":[{"href":"https:\/\/institucional.ufrrj.br\/nit\/wp-json\/wp\/v2\/pages"}],"about":[{"href":"https:\/\/institucional.ufrrj.br\/nit\/wp-json\/wp\/v2\/types\/page"}],"author":[{"embeddable":true,"href":"https:\/\/institucional.ufrrj.br\/nit\/wp-json\/wp\/v2\/users\/883"}],"replies":[{"embeddable":true,"href":"https:\/\/institucional.ufrrj.br\/nit\/wp-json\/wp\/v2\/comments?post=4209"}],"version-history":[{"count":2,"href":"https:\/\/institucional.ufrrj.br\/nit\/wp-json\/wp\/v2\/pages\/4209\/revisions"}],"predecessor-version":[{"id":4236,"href":"https:\/\/institucional.ufrrj.br\/nit\/wp-json\/wp\/v2\/pages\/4209\/revisions\/4236"}],"wp:attachment":[{"href":"https:\/\/institucional.ufrrj.br\/nit\/wp-json\/wp\/v2\/media?parent=4209"}],"curies":[{"name":"wp","href":"https:\/\/api.w.org\/{rel}","templated":true}]}}