{"id":4207,"date":"2026-03-17T10:46:37","date_gmt":"2026-03-17T13:46:37","guid":{"rendered":"https:\/\/institucional.ufrrj.br\/nit\/?page_id=4207"},"modified":"2026-03-17T11:21:57","modified_gmt":"2026-03-17T14:21:57","slug":"nucleo-de-inovacao-social","status":"publish","type":"page","link":"https:\/\/institucional.ufrrj.br\/nit\/nucleo-de-inovacao-social\/","title":{"rendered":"N\u00facleo de Inova\u00e7\u00e3o Social"},"content":{"rendered":"\n<p>O NIS (N\u00facleo de Inova\u00e7\u00e3o Social) integrante da Ag\u00eancia de Inova\u00e7\u00e3o da Universidade Federal Rural do Rio de Janeiro (UFRRJ), tem como miss\u00e3o apoiar as pr\u00e1ticas de desenvolvimento de solu\u00e7\u00f5es inovadoras voltadas para o enfrentamento de problemas sociais, ambientais e culturais, em di\u00e1logo permanente com comunidades, institui\u00e7\u00f5es p\u00fablicas, setor privado e organiza\u00e7\u00f5es da sociedade civil.<\/p>\n\n\n\n<p><strong>Sua cria\u00e7\u00e3o e funcionamento encontram respaldo na Pol\u00edtica Institucional de Inova\u00e7\u00e3o da UFRRJ (Delibera\u00e7\u00e3o n\u00ba 185\/2024\/CONSU) e no Regimento Interno da Ag\u00eancia de Inova\u00e7\u00e3o (Delibera\u00e7\u00e3o n\u00ba 187\/2024\/CONSU), que estabelecem a promo\u00e7\u00e3o da inova\u00e7\u00e3o social, da transfer\u00eancia de tecnologia e da extens\u00e3o tecnol\u00f3gica como fun\u00e7\u00f5es essenciais da Universidade.<\/strong><\/p>\n\n\n\n<p><strong>O NIS busca articular ci\u00eancia, tecnologia, saberes tradicionais e pr\u00e1ticas sociais, fortalecendo a autonomia comunit\u00e1ria, a equidade, a sustentabilidade socioambiental e a inclus\u00e3o social.<\/strong><\/p>\n\n\n\n<hr class=\"wp-block-separator has-alpha-channel-opacity\" \/>\n\n\n\n<div class=\"wp-block-columns is-layout-flex wp-container-core-columns-is-layout-9d6595d7 wp-block-columns-is-layout-flex\">\n<div class=\"wp-block-column is-layout-flow wp-block-column-is-layout-flow\" style=\"flex-basis:100%\">\n<div class=\"wp-block-group is-vertical is-layout-flex wp-container-core-group-is-layout-8cf370e7 wp-block-group-is-layout-flex\">\n<div class=\"wp-block-buttons is-content-justification-center is-layout-flex wp-container-core-buttons-is-layout-16018d1d wp-block-buttons-is-layout-flex\">\n<div class=\"wp-block-button is-style-outline is-style-outline--1\"><a class=\"wp-block-button__link wp-element-button\" href=\"https:\/\/institucional.ufrrj.br\/nit\/atribuicoes\/\"><strong>Atribui\u00e7\u00f5es<\/strong><\/a><\/div>\n\n\n\n<div class=\"wp-block-button is-style-outline is-style-outline--2\"><a class=\"wp-block-button__link wp-element-button\" href=\"https:\/\/institucional.ufrrj.br\/nit\/objetivos-gerais\/\"><strong>Objetivos Gerais<\/strong><\/a><\/div>\n\n\n\n<div class=\"wp-block-button is-style-outline is-style-outline--3\"><a class=\"wp-block-button__link wp-element-button\" href=\"https:\/\/institucional.ufrrj.br\/nit\/diretrizes-gerais-de-atuacao\/\"><strong>Diretrizes<\/strong><\/a><\/div>\n\n\n\n<div class=\"wp-block-button is-style-outline is-style-outline--4\"><a class=\"wp-block-button__link wp-element-button\" href=\"https:\/\/institucional.ufrrj.br\/nit\/conceitos-inovacao-social-e-tecnologias-sociais\/\"><strong>Inova\u00e7\u00e3o e Tecnologias Sociais<\/strong><\/a><\/div>\n\n\n\n<div class=\"wp-block-button is-style-outline is-style-outline--5\"><a class=\"wp-block-button__link wp-element-button\" href=\"https:\/\/institucional.ufrrj.br\/nit\/acoes-do-nis\/\"><strong>A\u00e7\u00f5es do NIS<\/strong><\/a><\/div>\n<\/div>\n<\/div>\n<\/div>\n<\/div>\n\n\n\n<p><\/p>\n","protected":false},"excerpt":{"rendered":"<p>O NIS (N\u00facleo de Inova\u00e7\u00e3o Social) integrante da Ag\u00eancia de Inova\u00e7\u00e3o da Universidade Federal Rural do Rio de Janeiro (UFRRJ), <a class=\"read-more\" href=\"https:\/\/institucional.ufrrj.br\/nit\/nucleo-de-inovacao-social\/ \" >&#8230; <span class=\"font-italic\">leia mais <i class=\"fas fa-angle-right\"><\/i><\/span><\/a><\/p>\n","protected":false},"author":883,"featured_media":0,"parent":0,"menu_order":0,"comment_status":"closed","ping_status":"closed","template":"","meta":{"_acf_changed":false,"footnotes":"","_links_to":"","_links_to_target":""},"class_list":["post-4207","page","type-page","status-publish","hentry"],"yoast_head":"<!-- This site is optimized with the Yoast SEO plugin v27.2 - https:\/\/yoast.com\/product\/yoast-seo-wordpress\/ -->\n<title>N\u00facleo de Inova\u00e7\u00e3o Social - Ag\u00eancia de Inova\u00e7\u00e3o da UFRRJ<\/title>\n<meta name=\"robots\" content=\"index, follow, max-snippet:-1, max-image-preview:large, max-video-preview:-1\" \/>\n<link rel=\"canonical\" href=\"https:\/\/institucional.ufrrj.br\/nit\/nucleo-de-inovacao-social\/\" \/>\n<meta property=\"og:locale\" content=\"pt_BR\" \/>\n<meta property=\"og:type\" content=\"article\" \/>\n<meta property=\"og:title\" content=\"N\u00facleo de Inova\u00e7\u00e3o Social - Ag\u00eancia de Inova\u00e7\u00e3o da UFRRJ\" \/>\n<meta property=\"og:description\" content=\"O NIS (N\u00facleo de Inova\u00e7\u00e3o Social) integrante da Ag\u00eancia de Inova\u00e7\u00e3o da Universidade Federal Rural do Rio de Janeiro (UFRRJ), ... leia mais\" \/>\n<meta property=\"og:url\" content=\"https:\/\/institucional.ufrrj.br\/nit\/nucleo-de-inovacao-social\/\" \/>\n<meta property=\"og:site_name\" content=\"Ag\u00eancia de Inova\u00e7\u00e3o da UFRRJ\" \/>\n<meta property=\"article:modified_time\" content=\"2026-03-17T14:21:57+00:00\" \/>\n<meta name=\"twitter:card\" content=\"summary_large_image\" \/>\n<meta name=\"twitter:label1\" content=\"Est. tempo de leitura\" \/>\n\t<meta name=\"twitter:data1\" content=\"1 minuto\" \/>\n<script type=\"application\/ld+json\" class=\"yoast-schema-graph\">{\"@context\":\"https:\/\/schema.org\",\"@graph\":[{\"@type\":\"WebPage\",\"@id\":\"https:\/\/institucional.ufrrj.br\/nit\/nucleo-de-inovacao-social\/\",\"url\":\"https:\/\/institucional.ufrrj.br\/nit\/nucleo-de-inovacao-social\/\",\"name\":\"N\u00facleo de Inova\u00e7\u00e3o Social - Ag\u00eancia de Inova\u00e7\u00e3o da UFRRJ\",\"isPartOf\":{\"@id\":\"https:\/\/institucional.ufrrj.br\/nit\/#website\"},\"datePublished\":\"2026-03-17T13:46:37+00:00\",\"dateModified\":\"2026-03-17T14:21:57+00:00\",\"breadcrumb\":{\"@id\":\"https:\/\/institucional.ufrrj.br\/nit\/nucleo-de-inovacao-social\/#breadcrumb\"},\"inLanguage\":\"pt-BR\",\"potentialAction\":[{\"@type\":\"ReadAction\",\"target\":[\"https:\/\/institucional.ufrrj.br\/nit\/nucleo-de-inovacao-social\/\"]}]},{\"@type\":\"BreadcrumbList\",\"@id\":\"https:\/\/institucional.ufrrj.br\/nit\/nucleo-de-inovacao-social\/#breadcrumb\",\"itemListElement\":[{\"@type\":\"ListItem\",\"position\":1,\"name\":\"In\u00edcio\",\"item\":\"https:\/\/institucional.ufrrj.br\/nit\/\"},{\"@type\":\"ListItem\",\"position\":2,\"name\":\"N\u00facleo de Inova\u00e7\u00e3o Social\"}]},{\"@type\":\"WebSite\",\"@id\":\"https:\/\/institucional.ufrrj.br\/nit\/#website\",\"url\":\"https:\/\/institucional.ufrrj.br\/nit\/\",\"name\":\"Ag\u00eancia de Inova\u00e7\u00e3o UFRRJ\",\"description\":\"UFRRJ\",\"potentialAction\":[{\"@type\":\"SearchAction\",\"target\":{\"@type\":\"EntryPoint\",\"urlTemplate\":\"https:\/\/institucional.ufrrj.br\/nit\/?s={search_term_string}\"},\"query-input\":{\"@type\":\"PropertyValueSpecification\",\"valueRequired\":true,\"valueName\":\"search_term_string\"}}],\"inLanguage\":\"pt-BR\"}]}<\/script>\n<!-- \/ Yoast SEO plugin. -->","yoast_head_json":{"title":"N\u00facleo de Inova\u00e7\u00e3o Social - Ag\u00eancia de Inova\u00e7\u00e3o da UFRRJ","robots":{"index":"index","follow":"follow","max-snippet":"max-snippet:-1","max-image-preview":"max-image-preview:large","max-video-preview":"max-video-preview:-1"},"canonical":"https:\/\/institucional.ufrrj.br\/nit\/nucleo-de-inovacao-social\/","og_locale":"pt_BR","og_type":"article","og_title":"N\u00facleo de Inova\u00e7\u00e3o Social - Ag\u00eancia de Inova\u00e7\u00e3o da UFRRJ","og_description":"O NIS (N\u00facleo de Inova\u00e7\u00e3o Social) integrante da Ag\u00eancia de Inova\u00e7\u00e3o da Universidade Federal Rural do Rio de Janeiro (UFRRJ), ... leia mais","og_url":"https:\/\/institucional.ufrrj.br\/nit\/nucleo-de-inovacao-social\/","og_site_name":"Ag\u00eancia de Inova\u00e7\u00e3o da UFRRJ","article_modified_time":"2026-03-17T14:21:57+00:00","twitter_card":"summary_large_image","twitter_misc":{"Est. tempo de leitura":"1 minuto"},"schema":{"@context":"https:\/\/schema.org","@graph":[{"@type":"WebPage","@id":"https:\/\/institucional.ufrrj.br\/nit\/nucleo-de-inovacao-social\/","url":"https:\/\/institucional.ufrrj.br\/nit\/nucleo-de-inovacao-social\/","name":"N\u00facleo de Inova\u00e7\u00e3o Social - Ag\u00eancia de Inova\u00e7\u00e3o da UFRRJ","isPartOf":{"@id":"https:\/\/institucional.ufrrj.br\/nit\/#website"},"datePublished":"2026-03-17T13:46:37+00:00","dateModified":"2026-03-17T14:21:57+00:00","breadcrumb":{"@id":"https:\/\/institucional.ufrrj.br\/nit\/nucleo-de-inovacao-social\/#breadcrumb"},"inLanguage":"pt-BR","potentialAction":[{"@type":"ReadAction","target":["https:\/\/institucional.ufrrj.br\/nit\/nucleo-de-inovacao-social\/"]}]},{"@type":"BreadcrumbList","@id":"https:\/\/institucional.ufrrj.br\/nit\/nucleo-de-inovacao-social\/#breadcrumb","itemListElement":[{"@type":"ListItem","position":1,"name":"In\u00edcio","item":"https:\/\/institucional.ufrrj.br\/nit\/"},{"@type":"ListItem","position":2,"name":"N\u00facleo de Inova\u00e7\u00e3o Social"}]},{"@type":"WebSite","@id":"https:\/\/institucional.ufrrj.br\/nit\/#website","url":"https:\/\/institucional.ufrrj.br\/nit\/","name":"Ag\u00eancia de Inova\u00e7\u00e3o UFRRJ","description":"UFRRJ","potentialAction":[{"@type":"SearchAction","target":{"@type":"EntryPoint","urlTemplate":"https:\/\/institucional.ufrrj.br\/nit\/?s={search_term_string}"},"query-input":{"@type":"PropertyValueSpecification","valueRequired":true,"valueName":"search_term_string"}}],"inLanguage":"pt-BR"}]}},"acf":[],"_links":{"self":[{"href":"https:\/\/institucional.ufrrj.br\/nit\/wp-json\/wp\/v2\/pages\/4207","targetHints":{"allow":["GET"]}}],"collection":[{"href":"https:\/\/institucional.ufrrj.br\/nit\/wp-json\/wp\/v2\/pages"}],"about":[{"href":"https:\/\/institucional.ufrrj.br\/nit\/wp-json\/wp\/v2\/types\/page"}],"author":[{"embeddable":true,"href":"https:\/\/institucional.ufrrj.br\/nit\/wp-json\/wp\/v2\/users\/883"}],"replies":[{"embeddable":true,"href":"https:\/\/institucional.ufrrj.br\/nit\/wp-json\/wp\/v2\/comments?post=4207"}],"version-history":[{"count":2,"href":"https:\/\/institucional.ufrrj.br\/nit\/wp-json\/wp\/v2\/pages\/4207\/revisions"}],"predecessor-version":[{"id":4248,"href":"https:\/\/institucional.ufrrj.br\/nit\/wp-json\/wp\/v2\/pages\/4207\/revisions\/4248"}],"wp:attachment":[{"href":"https:\/\/institucional.ufrrj.br\/nit\/wp-json\/wp\/v2\/media?parent=4207"}],"curies":[{"name":"wp","href":"https:\/\/api.w.org\/{rel}","templated":true}]}}