{"id":3869,"date":"2025-08-21T09:15:50","date_gmt":"2025-08-21T12:15:50","guid":{"rendered":"https:\/\/institucional.ufrrj.br\/nit\/?page_id=3869"},"modified":"2026-03-06T09:51:26","modified_gmt":"2026-03-06T12:51:26","slug":"processos-seletivos-da-enactus","status":"publish","type":"page","link":"https:\/\/institucional.ufrrj.br\/nit\/processos-seletivos-da-enactus\/","title":{"rendered":"Processos Seletivos da Enactus"},"content":{"rendered":"\n<p>Segue os processos seletivos das Enactus UFRRJ:<\/p>\n\n\n\n<h2 class=\"wp-block-heading\"><strong>Enactus UFRRJ abre Processo Seletivo Rel\u00e2mpago<\/strong><\/h2>\n\n\n\n<div class=\"wp-block-media-text has-media-on-the-right is-stacked-on-mobile\"><div class=\"wp-block-media-text__content\">\n<p>A Enactus UFRRJ iniciou seu <strong>Processo Seletivo Rel\u00e2mpago<\/strong>, aberto a estudantes de todos os cursos interessados em atuar com <strong>empreendedorismo social<\/strong> e gerar impacto positivo na comunidade. As inscri\u00e7\u00f5es v\u00e3o at\u00e9 <strong>19 de dezembro<\/strong> <strong>de 2025.<\/strong><\/p>\n\n\n\n<p>A equipe busca novos integrantes para ampliar o alcance das a\u00e7\u00f5es e fortalecer os resultados j\u00e1 conquistados. O processo seletivo ocorre entre <strong>8 e 19 de dezembro<\/strong> <strong>de 2025<\/strong>.<\/p>\n\n\n\n<p><strong>Inscri\u00e7\u00e3o:<\/strong> <a href=\"https:\/\/docs.google.com\/forms\/d\/e\/1FAIpQLSfs4iAPHSkelDu2UYHyIeZ4ZE5UIPRFf8JJD0jZFXCm7nqYsQ\/viewform\">Clique Aqui<\/a><br><strong>Edital:<\/strong> <a href=\"https:\/\/drive.google.com\/file\/d\/1wKalQMPw25DfjPha5U1mPh8lADjqBPuS\/view?usp=drivesdk\">Clique Aqui<\/a><\/p>\n<\/div><figure class=\"wp-block-media-text__media\"><img loading=\"lazy\" decoding=\"async\" width=\"1024\" height=\"1024\" src=\"https:\/\/institucional.ufrrj.br\/nit\/files\/2025\/12\/PS-Relampago-Beatriz-Lisboa-1024x1024.png\" alt=\"\" class=\"wp-image-4120 size-full\" srcset=\"https:\/\/institucional.ufrrj.br\/nit\/files\/2025\/12\/PS-Relampago-Beatriz-Lisboa-1024x1024.png 1024w, https:\/\/institucional.ufrrj.br\/nit\/files\/2025\/12\/PS-Relampago-Beatriz-Lisboa-300x300.png 300w, https:\/\/institucional.ufrrj.br\/nit\/files\/2025\/12\/PS-Relampago-Beatriz-Lisboa-150x150.png 150w, https:\/\/institucional.ufrrj.br\/nit\/files\/2025\/12\/PS-Relampago-Beatriz-Lisboa-768x768.png 768w, https:\/\/institucional.ufrrj.br\/nit\/files\/2025\/12\/PS-Relampago-Beatriz-Lisboa-75x75.png 75w, https:\/\/institucional.ufrrj.br\/nit\/files\/2025\/12\/PS-Relampago-Beatriz-Lisboa-100x100.png 100w, https:\/\/institucional.ufrrj.br\/nit\/files\/2025\/12\/PS-Relampago-Beatriz-Lisboa.png 1080w\" sizes=\"auto, (max-width: 1024px) 100vw, 1024px\" \/><\/figure><\/div>\n\n\n\n<p><\/p>\n","protected":false},"excerpt":{"rendered":"<p>Segue os processos seletivos das Enactus UFRRJ: Enactus UFRRJ abre Processo Seletivo Rel\u00e2mpago A Enactus UFRRJ iniciou seu Processo Seletivo <a class=\"read-more\" href=\"https:\/\/institucional.ufrrj.br\/nit\/processos-seletivos-da-enactus\/ \" >&#8230; <span class=\"font-italic\">leia mais <i class=\"fas fa-angle-right\"><\/i><\/span><\/a><\/p>\n","protected":false},"author":883,"featured_media":0,"parent":0,"menu_order":0,"comment_status":"closed","ping_status":"closed","template":"","meta":{"_acf_changed":false,"footnotes":"","_links_to":"","_links_to_target":""},"class_list":["post-3869","page","type-page","status-publish","hentry"],"yoast_head":"<!-- This site is optimized with the Yoast SEO plugin v27.2 - https:\/\/yoast.com\/product\/yoast-seo-wordpress\/ -->\n<title>Processos Seletivos da Enactus - Ag\u00eancia de Inova\u00e7\u00e3o da UFRRJ<\/title>\n<meta name=\"robots\" content=\"index, follow, max-snippet:-1, max-image-preview:large, max-video-preview:-1\" \/>\n<link rel=\"canonical\" href=\"https:\/\/institucional.ufrrj.br\/nit\/processos-seletivos-da-enactus\/\" \/>\n<meta property=\"og:locale\" content=\"pt_BR\" \/>\n<meta property=\"og:type\" content=\"article\" \/>\n<meta property=\"og:title\" content=\"Processos Seletivos da Enactus - Ag\u00eancia de Inova\u00e7\u00e3o da UFRRJ\" \/>\n<meta property=\"og:description\" content=\"Segue os processos seletivos das Enactus UFRRJ: Enactus UFRRJ abre Processo Seletivo Rel\u00e2mpago A Enactus UFRRJ iniciou seu Processo Seletivo ... leia mais\" \/>\n<meta property=\"og:url\" content=\"https:\/\/institucional.ufrrj.br\/nit\/processos-seletivos-da-enactus\/\" \/>\n<meta property=\"og:site_name\" content=\"Ag\u00eancia de Inova\u00e7\u00e3o da UFRRJ\" \/>\n<meta property=\"article:modified_time\" content=\"2026-03-06T12:51:26+00:00\" \/>\n<meta property=\"og:image\" content=\"https:\/\/institucional.ufrrj.br\/nit\/files\/2025\/12\/PS-Relampago-Beatriz-Lisboa.png\" \/>\n\t<meta property=\"og:image:width\" content=\"1080\" \/>\n\t<meta property=\"og:image:height\" content=\"1080\" \/>\n\t<meta property=\"og:image:type\" content=\"image\/png\" \/>\n<meta name=\"twitter:card\" content=\"summary_large_image\" \/>\n<meta name=\"twitter:label1\" content=\"Est. tempo de leitura\" \/>\n\t<meta name=\"twitter:data1\" content=\"1 minuto\" \/>\n<script type=\"application\/ld+json\" class=\"yoast-schema-graph\">{\"@context\":\"https:\/\/schema.org\",\"@graph\":[{\"@type\":\"WebPage\",\"@id\":\"https:\/\/institucional.ufrrj.br\/nit\/processos-seletivos-da-enactus\/\",\"url\":\"https:\/\/institucional.ufrrj.br\/nit\/processos-seletivos-da-enactus\/\",\"name\":\"Processos Seletivos da Enactus - Ag\u00eancia de Inova\u00e7\u00e3o da UFRRJ\",\"isPartOf\":{\"@id\":\"https:\/\/institucional.ufrrj.br\/nit\/#website\"},\"primaryImageOfPage\":{\"@id\":\"https:\/\/institucional.ufrrj.br\/nit\/processos-seletivos-da-enactus\/#primaryimage\"},\"image\":{\"@id\":\"https:\/\/institucional.ufrrj.br\/nit\/processos-seletivos-da-enactus\/#primaryimage\"},\"thumbnailUrl\":\"https:\/\/institucional.ufrrj.br\/nit\/files\/2025\/12\/PS-Relampago-Beatriz-Lisboa-1024x1024.png\",\"datePublished\":\"2025-08-21T12:15:50+00:00\",\"dateModified\":\"2026-03-06T12:51:26+00:00\",\"breadcrumb\":{\"@id\":\"https:\/\/institucional.ufrrj.br\/nit\/processos-seletivos-da-enactus\/#breadcrumb\"},\"inLanguage\":\"pt-BR\",\"potentialAction\":[{\"@type\":\"ReadAction\",\"target\":[\"https:\/\/institucional.ufrrj.br\/nit\/processos-seletivos-da-enactus\/\"]}]},{\"@type\":\"ImageObject\",\"inLanguage\":\"pt-BR\",\"@id\":\"https:\/\/institucional.ufrrj.br\/nit\/processos-seletivos-da-enactus\/#primaryimage\",\"url\":\"https:\/\/institucional.ufrrj.br\/nit\/files\/2025\/12\/PS-Relampago-Beatriz-Lisboa.png\",\"contentUrl\":\"https:\/\/institucional.ufrrj.br\/nit\/files\/2025\/12\/PS-Relampago-Beatriz-Lisboa.png\",\"width\":1080,\"height\":1080},{\"@type\":\"BreadcrumbList\",\"@id\":\"https:\/\/institucional.ufrrj.br\/nit\/processos-seletivos-da-enactus\/#breadcrumb\",\"itemListElement\":[{\"@type\":\"ListItem\",\"position\":1,\"name\":\"In\u00edcio\",\"item\":\"https:\/\/institucional.ufrrj.br\/nit\/\"},{\"@type\":\"ListItem\",\"position\":2,\"name\":\"Processos Seletivos da Enactus\"}]},{\"@type\":\"WebSite\",\"@id\":\"https:\/\/institucional.ufrrj.br\/nit\/#website\",\"url\":\"https:\/\/institucional.ufrrj.br\/nit\/\",\"name\":\"Ag\u00eancia de Inova\u00e7\u00e3o UFRRJ\",\"description\":\"UFRRJ\",\"potentialAction\":[{\"@type\":\"SearchAction\",\"target\":{\"@type\":\"EntryPoint\",\"urlTemplate\":\"https:\/\/institucional.ufrrj.br\/nit\/?s={search_term_string}\"},\"query-input\":{\"@type\":\"PropertyValueSpecification\",\"valueRequired\":true,\"valueName\":\"search_term_string\"}}],\"inLanguage\":\"pt-BR\"}]}<\/script>\n<!-- \/ Yoast SEO plugin. -->","yoast_head_json":{"title":"Processos Seletivos da Enactus - Ag\u00eancia de Inova\u00e7\u00e3o da UFRRJ","robots":{"index":"index","follow":"follow","max-snippet":"max-snippet:-1","max-image-preview":"max-image-preview:large","max-video-preview":"max-video-preview:-1"},"canonical":"https:\/\/institucional.ufrrj.br\/nit\/processos-seletivos-da-enactus\/","og_locale":"pt_BR","og_type":"article","og_title":"Processos Seletivos da Enactus - Ag\u00eancia de Inova\u00e7\u00e3o da UFRRJ","og_description":"Segue os processos seletivos das Enactus UFRRJ: Enactus UFRRJ abre Processo Seletivo Rel\u00e2mpago A Enactus UFRRJ iniciou seu Processo Seletivo ... leia mais","og_url":"https:\/\/institucional.ufrrj.br\/nit\/processos-seletivos-da-enactus\/","og_site_name":"Ag\u00eancia de Inova\u00e7\u00e3o da UFRRJ","article_modified_time":"2026-03-06T12:51:26+00:00","og_image":[{"width":1080,"height":1080,"url":"https:\/\/institucional.ufrrj.br\/nit\/files\/2025\/12\/PS-Relampago-Beatriz-Lisboa.png","type":"image\/png"}],"twitter_card":"summary_large_image","twitter_misc":{"Est. tempo de leitura":"1 minuto"},"schema":{"@context":"https:\/\/schema.org","@graph":[{"@type":"WebPage","@id":"https:\/\/institucional.ufrrj.br\/nit\/processos-seletivos-da-enactus\/","url":"https:\/\/institucional.ufrrj.br\/nit\/processos-seletivos-da-enactus\/","name":"Processos Seletivos da Enactus - Ag\u00eancia de Inova\u00e7\u00e3o da UFRRJ","isPartOf":{"@id":"https:\/\/institucional.ufrrj.br\/nit\/#website"},"primaryImageOfPage":{"@id":"https:\/\/institucional.ufrrj.br\/nit\/processos-seletivos-da-enactus\/#primaryimage"},"image":{"@id":"https:\/\/institucional.ufrrj.br\/nit\/processos-seletivos-da-enactus\/#primaryimage"},"thumbnailUrl":"https:\/\/institucional.ufrrj.br\/nit\/files\/2025\/12\/PS-Relampago-Beatriz-Lisboa-1024x1024.png","datePublished":"2025-08-21T12:15:50+00:00","dateModified":"2026-03-06T12:51:26+00:00","breadcrumb":{"@id":"https:\/\/institucional.ufrrj.br\/nit\/processos-seletivos-da-enactus\/#breadcrumb"},"inLanguage":"pt-BR","potentialAction":[{"@type":"ReadAction","target":["https:\/\/institucional.ufrrj.br\/nit\/processos-seletivos-da-enactus\/"]}]},{"@type":"ImageObject","inLanguage":"pt-BR","@id":"https:\/\/institucional.ufrrj.br\/nit\/processos-seletivos-da-enactus\/#primaryimage","url":"https:\/\/institucional.ufrrj.br\/nit\/files\/2025\/12\/PS-Relampago-Beatriz-Lisboa.png","contentUrl":"https:\/\/institucional.ufrrj.br\/nit\/files\/2025\/12\/PS-Relampago-Beatriz-Lisboa.png","width":1080,"height":1080},{"@type":"BreadcrumbList","@id":"https:\/\/institucional.ufrrj.br\/nit\/processos-seletivos-da-enactus\/#breadcrumb","itemListElement":[{"@type":"ListItem","position":1,"name":"In\u00edcio","item":"https:\/\/institucional.ufrrj.br\/nit\/"},{"@type":"ListItem","position":2,"name":"Processos Seletivos da Enactus"}]},{"@type":"WebSite","@id":"https:\/\/institucional.ufrrj.br\/nit\/#website","url":"https:\/\/institucional.ufrrj.br\/nit\/","name":"Ag\u00eancia de Inova\u00e7\u00e3o UFRRJ","description":"UFRRJ","potentialAction":[{"@type":"SearchAction","target":{"@type":"EntryPoint","urlTemplate":"https:\/\/institucional.ufrrj.br\/nit\/?s={search_term_string}"},"query-input":{"@type":"PropertyValueSpecification","valueRequired":true,"valueName":"search_term_string"}}],"inLanguage":"pt-BR"}]}},"acf":[],"_links":{"self":[{"href":"https:\/\/institucional.ufrrj.br\/nit\/wp-json\/wp\/v2\/pages\/3869","targetHints":{"allow":["GET"]}}],"collection":[{"href":"https:\/\/institucional.ufrrj.br\/nit\/wp-json\/wp\/v2\/pages"}],"about":[{"href":"https:\/\/institucional.ufrrj.br\/nit\/wp-json\/wp\/v2\/types\/page"}],"author":[{"embeddable":true,"href":"https:\/\/institucional.ufrrj.br\/nit\/wp-json\/wp\/v2\/users\/883"}],"replies":[{"embeddable":true,"href":"https:\/\/institucional.ufrrj.br\/nit\/wp-json\/wp\/v2\/comments?post=3869"}],"version-history":[{"count":2,"href":"https:\/\/institucional.ufrrj.br\/nit\/wp-json\/wp\/v2\/pages\/3869\/revisions"}],"predecessor-version":[{"id":4201,"href":"https:\/\/institucional.ufrrj.br\/nit\/wp-json\/wp\/v2\/pages\/3869\/revisions\/4201"}],"wp:attachment":[{"href":"https:\/\/institucional.ufrrj.br\/nit\/wp-json\/wp\/v2\/media?parent=3869"}],"curies":[{"name":"wp","href":"https:\/\/api.w.org\/{rel}","templated":true}]}}