{"id":3852,"date":"2025-08-14T14:36:50","date_gmt":"2025-08-14T17:36:50","guid":{"rendered":"https:\/\/institucional.ufrrj.br\/nit\/?page_id=3852"},"modified":"2025-09-15T17:30:31","modified_gmt":"2025-09-15T20:30:31","slug":"enactus-rural","status":"publish","type":"page","link":"https:\/\/institucional.ufrrj.br\/nit\/enactus-rural\/","title":{"rendered":"Enactus Rural"},"content":{"rendered":"\n<figure class=\"wp-block-image\"><a href=\"https:\/\/portal.ufrrj.br\/wp-content\/uploads\/2025\/02\/porelas_003.jpg\"><img decoding=\"async\" src=\"https:\/\/portal.ufrrj.br\/wp-content\/uploads\/2025\/02\/porelas_003-1024x683.jpg\" alt=\"\" class=\"wp-image-92697\" \/><\/a><\/figure>\n\n\n\n<p>A&nbsp;<strong>Enactus Rural<\/strong>&nbsp;\u00e9 um projeto de extens\u00e3o que trabalha com o empreendedorismo social e recebe alunos de todos os cursos de gradua\u00e7\u00e3o. Inicialmente teve como professores conselheiros Jos\u00e9 Lucena Barbosa Junior e Maria Ivone Martins Jacintho Barbosa e atualmente Alessandra Cassol, a Enactus da Rural \u00e9 uma ramifica\u00e7\u00e3o da organiza\u00e7\u00e3o internacional Enactus, dedicada a promover o empreendedorismo social entre os universit\u00e1rios de todo o mundo.<\/p>\n\n\n\n<p>Acesse o Portif\u00f3lio da Enactus da UFRRJ abaixo:<\/p>\n\n\n\n<div data-wp-interactive=\"core\/file\" class=\"wp-block-file aligncenter\"><object data-wp-bind--hidden=\"!state.hasPdfPreview\" hidden class=\"wp-block-file__embed\" data=\"https:\/\/institucional.ufrrj.br\/nit\/files\/2025\/09\/Portfo\u0301lio-EJs-Enactus-UFRRJ.pdf\" type=\"application\/pdf\" style=\"width:100%;height:810px\" aria-label=\"Incorporado de Portfo\u0301lio EJs &amp; Enactus UFRRJ.\"><\/object><a id=\"wp-block-file--media-e297d6b6-d3ef-4f1b-a62b-7180854e6ef2\" href=\"https:\/\/institucional.ufrrj.br\/nit\/files\/2025\/09\/Portfo\u0301lio-EJs-Enactus-UFRRJ.pdf\" target=\"_blank\" rel=\"noreferrer noopener\">Portfo\u0301lio EJs &amp; Enactus UFRRJ<\/a><\/div>\n\n\n<div class=\"wp-block-image\">\n<figure class=\"aligncenter size-full is-resized\"><a href=\"https:\/\/institucional.ufrrj.br\/nit\/files\/2025\/08\/WhatsApp-Image-2025-08-15-at-11.29.27.jpeg\"><img loading=\"lazy\" decoding=\"async\" width=\"292\" height=\"172\" src=\"https:\/\/institucional.ufrrj.br\/nit\/files\/2025\/08\/WhatsApp-Image-2025-08-15-at-11.29.27.jpeg\" alt=\"\" class=\"wp-image-3859\" style=\"width:386px;height:auto\" \/><\/a><\/figure>\n<\/div>\n\n\n<p><strong>MVV Enactus\/time:<\/strong><\/p>\n\n\n\n<p><strong>Miss\u00e3o: <\/strong>fazer o bem um a um atrav\u00e9s de jovens l\u00edderes a fim de acolher pessoas e transformar realidades com base no empreendedorismo social.<\/p>\n\n\n\n<p><strong>Vis\u00e3o: <\/strong>ser um projeto de extens\u00e3o na UFRRJ e na regi\u00e3o sudeste, reduzindo barreiras entre a comunidade e a universidade atrav\u00e9s dos projetos sociais.<\/p>\n\n\n\n<p><strong>Valores: <\/strong>empatia, lideran\u00e7a participativa, autonomia, resili\u00eancia, transpar\u00eancia, unimultiplicidade, responsabilidade.<\/p>\n\n\n\n<p><strong>Redes sociais e email Enactus:<\/strong><\/p>\n\n\n\n<p><a href=\"https:\/\/www.instagram.com\/enactusbrasil\/\">@enctufrrj<\/a><\/p>\n\n\n\n<p><a href=\"mailto:enactusrural@gmail.com\">enactusrural@gmail.com<\/a><\/p>\n\n\n<div class=\"wp-block-image\">\n<figure class=\"aligncenter size-full\"><a href=\"https:\/\/institucional.ufrrj.br\/nit\/files\/2025\/08\/WhatsApp-Image-2025-08-15-at-11.25.31-1-1.jpeg\"><img loading=\"lazy\" decoding=\"async\" width=\"240\" height=\"242\" src=\"https:\/\/institucional.ufrrj.br\/nit\/files\/2025\/08\/WhatsApp-Image-2025-08-15-at-11.25.31-1-1.jpeg\" alt=\"\" class=\"wp-image-3862\" srcset=\"https:\/\/institucional.ufrrj.br\/nit\/files\/2025\/08\/WhatsApp-Image-2025-08-15-at-11.25.31-1-1.jpeg 240w, https:\/\/institucional.ufrrj.br\/nit\/files\/2025\/08\/WhatsApp-Image-2025-08-15-at-11.25.31-1-1-150x150.jpeg 150w, https:\/\/institucional.ufrrj.br\/nit\/files\/2025\/08\/WhatsApp-Image-2025-08-15-at-11.25.31-1-1-75x75.jpeg 75w, https:\/\/institucional.ufrrj.br\/nit\/files\/2025\/08\/WhatsApp-Image-2025-08-15-at-11.25.31-1-1-100x100.jpeg 100w\" sizes=\"auto, (max-width: 240px) 100vw, 240px\" \/><\/a><\/figure>\n<\/div>\n\n\n<p><strong>Projeto Hedera:<\/strong><\/p>\n\n\n\n<p>O Hedera \u00e9 um projeto voltado para o letramento ambiental de crian\u00e7as do 4\u00b0 e 5\u00b0 anos do Ensino Fundamental de escolas p\u00fablicas, visto que s\u00e3o o futuro da gera\u00e7\u00e3o. Eles aprendem, de forma l\u00fadica com jogos e brincadeiras, sobre log\u00edstica reversa, sustentabilidade, economia circular e a import\u00e2ncia da preserva\u00e7\u00e3o ambiental.<\/p>\n\n\n\n<p><strong>Miss\u00e3o:<\/strong> minimizar a defasagem escolar no ensino fundamental p\u00fablico de Serop\u00e9dica, utilizando ferramentas ecol\u00f3gicas na rotina dos alunos e conscientizando-os sobre ecologia, economia circular e consumo consciente, contribuindo para uma forma\u00e7\u00e3o educacional mais sustent\u00e1vel e integrada ao meio ambiente.<\/p>\n\n\n\n<p><strong>Vis\u00e3o: <\/strong>transformar as escolas p\u00fablicas de Serop\u00e9dica em refer\u00eancia de educa\u00e7\u00e3o sustent\u00e1vel, integrando a conex\u00e3o com a natureza e pr\u00e1ticas inovadoras que promovam consci\u00eancia ecol\u00f3gica e supera\u00e7\u00e3o da defasagem escolar.<\/p>\n\n\n\n<p><strong>Valores: e<\/strong>duca\u00e7\u00e3o continuada, transformar crian\u00e7as em indiv\u00edduos engajados com a causa ambiental, incentivar a economia circular e consumo consciente, protagonismo socioambiental.<\/p>\n\n\n\n<p><strong>Redes sociais e email Hedera:<\/strong><\/p>\n\n\n\n<p><a href=\"https:\/\/www.instagram.com\/projetohedera\/#\">@projetohedera<\/a><\/p>\n\n\n\n<p><a href=\"mailto:faleconosco.hedera@gmail.com\">faleconosco.hedera@gmail.com<\/a><\/p>\n\n\n<div class=\"wp-block-image\">\n<figure class=\"aligncenter size-full is-resized\"><a href=\"https:\/\/institucional.ufrrj.br\/nit\/files\/2025\/08\/WhatsApp-Image-2025-08-15-at-11.25.32.jpeg\"><img loading=\"lazy\" decoding=\"async\" width=\"720\" height=\"714\" src=\"https:\/\/institucional.ufrrj.br\/nit\/files\/2025\/08\/WhatsApp-Image-2025-08-15-at-11.25.32.jpeg\" alt=\"\" class=\"wp-image-3861\" style=\"width:348px;height:auto\" srcset=\"https:\/\/institucional.ufrrj.br\/nit\/files\/2025\/08\/WhatsApp-Image-2025-08-15-at-11.25.32.jpeg 720w, https:\/\/institucional.ufrrj.br\/nit\/files\/2025\/08\/WhatsApp-Image-2025-08-15-at-11.25.32-300x298.jpeg 300w, https:\/\/institucional.ufrrj.br\/nit\/files\/2025\/08\/WhatsApp-Image-2025-08-15-at-11.25.32-150x150.jpeg 150w, https:\/\/institucional.ufrrj.br\/nit\/files\/2025\/08\/WhatsApp-Image-2025-08-15-at-11.25.32-75x75.jpeg 75w, https:\/\/institucional.ufrrj.br\/nit\/files\/2025\/08\/WhatsApp-Image-2025-08-15-at-11.25.32-100x100.jpeg 100w\" sizes=\"auto, (max-width: 720px) 100vw, 720px\" \/><\/a><\/figure>\n<\/div>\n\n\n<p><strong>Projeto Por Elas:<\/strong><\/p>\n\n\n\n<p>O Movimento Por Elas \u00e9 um projeto que visa inserir mulheres diaristas no mercado de trabalho por meio de suas faxinas e outras capacita\u00e7\u00f5es. Tal iniciativa contribui para uma maior renda financeira, visto que o p\u00fablico-alvo s\u00e3o trabalhadoras em situa\u00e7\u00e3o de vulnerabilidade social.<\/p>\n\n\n\n<p><strong>Miss\u00e3o:<\/strong> conectar mulheres diaristas a novas oportunidades de renda, por meio da capacita\u00e7\u00e3o, visibilidade e ferramentas inovadoras que valorizem seu trabalho e ampliem suas possibilidades de crescimento.<\/p>\n\n\n\n<p><strong>Vis\u00e3o:<\/strong> ser refer\u00eancia no fortalecimento do empreendedorismo feminino e na transforma\u00e7\u00e3o da realidade, ampliando oportunidades e impactando positivamente a vida de mulheres na Baixada Fluminense.<\/p>\n\n\n\n<p><strong>Valores:<\/strong> Empoderamento: inspirar confian\u00e7a e protagonismo nas mulheres, mostrando seu valor e potencial;<\/p>\n\n\n\n<p>Inclus\u00e3o: construir pontes que conectem pessoas e gerem oportunidades para todos;&nbsp;&nbsp;<\/p>\n\n\n\n<p>Colabora\u00e7\u00e3o: trabalhar em conjunto para alcan\u00e7ar resultados transformadores;<\/p>\n\n\n\n<p>Inova\u00e7\u00e3o Social: criar solu\u00e7\u00f5es criativas e eficientes para desafios reais;<\/p>\n\n\n\n<p>Compromisso comunit\u00e1rio: fortalecer a comunidade local enquanto promovemos o desenvolvimento sustent\u00e1vel.<\/p>\n\n\n\n<p><strong>Prop\u00f3sito: <\/strong>empoderar mulheres diaristas, promovendo autonomia, dignidade e valoriza\u00e7\u00e3o profissional, enquanto constru\u00edmos um futuro mais justo e inclusivo.<\/p>\n\n\n\n<p><strong>Redes sociais e email Por Elas:<\/strong><\/p>\n\n\n\n<p><a href=\"https:\/\/www.instagram.com\/porelasdiaristas\/#\">@porelasdiaristas<\/a><\/p>\n\n\n\n<p><a href=\"mailto:faleconosco.porelas@gmail.com\">faleconosco.porelas@gmail.com<\/a><\/p>\n","protected":false},"excerpt":{"rendered":"<p>A&nbsp;Enactus Rural&nbsp;\u00e9 um projeto de extens\u00e3o que trabalha com o empreendedorismo social e recebe alunos de todos os cursos de <a class=\"read-more\" href=\"https:\/\/institucional.ufrrj.br\/nit\/enactus-rural\/ \" >&#8230; <span class=\"font-italic\">leia mais <i class=\"fas fa-angle-right\"><\/i><\/span><\/a><\/p>\n","protected":false},"author":883,"featured_media":0,"parent":0,"menu_order":0,"comment_status":"closed","ping_status":"closed","template":"","meta":{"_acf_changed":false,"footnotes":"","_links_to":"","_links_to_target":""},"class_list":["post-3852","page","type-page","status-publish","hentry"],"yoast_head":"<!-- This site is optimized with the Yoast SEO plugin v27.2 - https:\/\/yoast.com\/product\/yoast-seo-wordpress\/ -->\n<title>Enactus Rural - Ag\u00eancia de Inova\u00e7\u00e3o da UFRRJ<\/title>\n<meta name=\"robots\" content=\"index, follow, max-snippet:-1, max-image-preview:large, max-video-preview:-1\" \/>\n<link rel=\"canonical\" href=\"https:\/\/institucional.ufrrj.br\/nit\/enactus-rural\/\" \/>\n<meta property=\"og:locale\" content=\"pt_BR\" \/>\n<meta property=\"og:type\" content=\"article\" \/>\n<meta property=\"og:title\" content=\"Enactus Rural - Ag\u00eancia de Inova\u00e7\u00e3o da UFRRJ\" \/>\n<meta property=\"og:description\" content=\"A&nbsp;Enactus Rural&nbsp;\u00e9 um projeto de extens\u00e3o que trabalha com o empreendedorismo social e recebe alunos de todos os cursos de ... leia mais\" \/>\n<meta property=\"og:url\" content=\"https:\/\/institucional.ufrrj.br\/nit\/enactus-rural\/\" \/>\n<meta property=\"og:site_name\" content=\"Ag\u00eancia de Inova\u00e7\u00e3o da UFRRJ\" \/>\n<meta property=\"article:modified_time\" content=\"2025-09-15T20:30:31+00:00\" \/>\n<meta name=\"twitter:card\" content=\"summary_large_image\" \/>\n<meta name=\"twitter:label1\" content=\"Est. tempo de leitura\" \/>\n\t<meta name=\"twitter:data1\" content=\"4 minutos\" \/>\n<script type=\"application\/ld+json\" class=\"yoast-schema-graph\">{\"@context\":\"https:\/\/schema.org\",\"@graph\":[{\"@type\":\"WebPage\",\"@id\":\"https:\/\/institucional.ufrrj.br\/nit\/enactus-rural\/\",\"url\":\"https:\/\/institucional.ufrrj.br\/nit\/enactus-rural\/\",\"name\":\"Enactus Rural - Ag\u00eancia de Inova\u00e7\u00e3o da UFRRJ\",\"isPartOf\":{\"@id\":\"https:\/\/institucional.ufrrj.br\/nit\/#website\"},\"primaryImageOfPage\":{\"@id\":\"https:\/\/institucional.ufrrj.br\/nit\/enactus-rural\/#primaryimage\"},\"image\":{\"@id\":\"https:\/\/institucional.ufrrj.br\/nit\/enactus-rural\/#primaryimage\"},\"thumbnailUrl\":\"https:\/\/portal.ufrrj.br\/wp-content\/uploads\/2025\/02\/porelas_003-1024x683.jpg\",\"datePublished\":\"2025-08-14T17:36:50+00:00\",\"dateModified\":\"2025-09-15T20:30:31+00:00\",\"breadcrumb\":{\"@id\":\"https:\/\/institucional.ufrrj.br\/nit\/enactus-rural\/#breadcrumb\"},\"inLanguage\":\"pt-BR\",\"potentialAction\":[{\"@type\":\"ReadAction\",\"target\":[\"https:\/\/institucional.ufrrj.br\/nit\/enactus-rural\/\"]}]},{\"@type\":\"ImageObject\",\"inLanguage\":\"pt-BR\",\"@id\":\"https:\/\/institucional.ufrrj.br\/nit\/enactus-rural\/#primaryimage\",\"url\":\"https:\/\/portal.ufrrj.br\/wp-content\/uploads\/2025\/02\/porelas_003-1024x683.jpg\",\"contentUrl\":\"https:\/\/portal.ufrrj.br\/wp-content\/uploads\/2025\/02\/porelas_003-1024x683.jpg\"},{\"@type\":\"BreadcrumbList\",\"@id\":\"https:\/\/institucional.ufrrj.br\/nit\/enactus-rural\/#breadcrumb\",\"itemListElement\":[{\"@type\":\"ListItem\",\"position\":1,\"name\":\"In\u00edcio\",\"item\":\"https:\/\/institucional.ufrrj.br\/nit\/\"},{\"@type\":\"ListItem\",\"position\":2,\"name\":\"Enactus Rural\"}]},{\"@type\":\"WebSite\",\"@id\":\"https:\/\/institucional.ufrrj.br\/nit\/#website\",\"url\":\"https:\/\/institucional.ufrrj.br\/nit\/\",\"name\":\"Ag\u00eancia de Inova\u00e7\u00e3o UFRRJ\",\"description\":\"UFRRJ\",\"potentialAction\":[{\"@type\":\"SearchAction\",\"target\":{\"@type\":\"EntryPoint\",\"urlTemplate\":\"https:\/\/institucional.ufrrj.br\/nit\/?s={search_term_string}\"},\"query-input\":{\"@type\":\"PropertyValueSpecification\",\"valueRequired\":true,\"valueName\":\"search_term_string\"}}],\"inLanguage\":\"pt-BR\"}]}<\/script>\n<!-- \/ Yoast SEO plugin. -->","yoast_head_json":{"title":"Enactus Rural - Ag\u00eancia de Inova\u00e7\u00e3o da UFRRJ","robots":{"index":"index","follow":"follow","max-snippet":"max-snippet:-1","max-image-preview":"max-image-preview:large","max-video-preview":"max-video-preview:-1"},"canonical":"https:\/\/institucional.ufrrj.br\/nit\/enactus-rural\/","og_locale":"pt_BR","og_type":"article","og_title":"Enactus Rural - Ag\u00eancia de Inova\u00e7\u00e3o da UFRRJ","og_description":"A&nbsp;Enactus Rural&nbsp;\u00e9 um projeto de extens\u00e3o que trabalha com o empreendedorismo social e recebe alunos de todos os cursos de ... leia mais","og_url":"https:\/\/institucional.ufrrj.br\/nit\/enactus-rural\/","og_site_name":"Ag\u00eancia de Inova\u00e7\u00e3o da UFRRJ","article_modified_time":"2025-09-15T20:30:31+00:00","twitter_card":"summary_large_image","twitter_misc":{"Est. tempo de leitura":"4 minutos"},"schema":{"@context":"https:\/\/schema.org","@graph":[{"@type":"WebPage","@id":"https:\/\/institucional.ufrrj.br\/nit\/enactus-rural\/","url":"https:\/\/institucional.ufrrj.br\/nit\/enactus-rural\/","name":"Enactus Rural - Ag\u00eancia de Inova\u00e7\u00e3o da UFRRJ","isPartOf":{"@id":"https:\/\/institucional.ufrrj.br\/nit\/#website"},"primaryImageOfPage":{"@id":"https:\/\/institucional.ufrrj.br\/nit\/enactus-rural\/#primaryimage"},"image":{"@id":"https:\/\/institucional.ufrrj.br\/nit\/enactus-rural\/#primaryimage"},"thumbnailUrl":"https:\/\/portal.ufrrj.br\/wp-content\/uploads\/2025\/02\/porelas_003-1024x683.jpg","datePublished":"2025-08-14T17:36:50+00:00","dateModified":"2025-09-15T20:30:31+00:00","breadcrumb":{"@id":"https:\/\/institucional.ufrrj.br\/nit\/enactus-rural\/#breadcrumb"},"inLanguage":"pt-BR","potentialAction":[{"@type":"ReadAction","target":["https:\/\/institucional.ufrrj.br\/nit\/enactus-rural\/"]}]},{"@type":"ImageObject","inLanguage":"pt-BR","@id":"https:\/\/institucional.ufrrj.br\/nit\/enactus-rural\/#primaryimage","url":"https:\/\/portal.ufrrj.br\/wp-content\/uploads\/2025\/02\/porelas_003-1024x683.jpg","contentUrl":"https:\/\/portal.ufrrj.br\/wp-content\/uploads\/2025\/02\/porelas_003-1024x683.jpg"},{"@type":"BreadcrumbList","@id":"https:\/\/institucional.ufrrj.br\/nit\/enactus-rural\/#breadcrumb","itemListElement":[{"@type":"ListItem","position":1,"name":"In\u00edcio","item":"https:\/\/institucional.ufrrj.br\/nit\/"},{"@type":"ListItem","position":2,"name":"Enactus Rural"}]},{"@type":"WebSite","@id":"https:\/\/institucional.ufrrj.br\/nit\/#website","url":"https:\/\/institucional.ufrrj.br\/nit\/","name":"Ag\u00eancia de Inova\u00e7\u00e3o UFRRJ","description":"UFRRJ","potentialAction":[{"@type":"SearchAction","target":{"@type":"EntryPoint","urlTemplate":"https:\/\/institucional.ufrrj.br\/nit\/?s={search_term_string}"},"query-input":{"@type":"PropertyValueSpecification","valueRequired":true,"valueName":"search_term_string"}}],"inLanguage":"pt-BR"}]}},"acf":[],"_links":{"self":[{"href":"https:\/\/institucional.ufrrj.br\/nit\/wp-json\/wp\/v2\/pages\/3852","targetHints":{"allow":["GET"]}}],"collection":[{"href":"https:\/\/institucional.ufrrj.br\/nit\/wp-json\/wp\/v2\/pages"}],"about":[{"href":"https:\/\/institucional.ufrrj.br\/nit\/wp-json\/wp\/v2\/types\/page"}],"author":[{"embeddable":true,"href":"https:\/\/institucional.ufrrj.br\/nit\/wp-json\/wp\/v2\/users\/883"}],"replies":[{"embeddable":true,"href":"https:\/\/institucional.ufrrj.br\/nit\/wp-json\/wp\/v2\/comments?post=3852"}],"version-history":[{"count":6,"href":"https:\/\/institucional.ufrrj.br\/nit\/wp-json\/wp\/v2\/pages\/3852\/revisions"}],"predecessor-version":[{"id":3933,"href":"https:\/\/institucional.ufrrj.br\/nit\/wp-json\/wp\/v2\/pages\/3852\/revisions\/3933"}],"wp:attachment":[{"href":"https:\/\/institucional.ufrrj.br\/nit\/wp-json\/wp\/v2\/media?parent=3852"}],"curies":[{"name":"wp","href":"https:\/\/api.w.org\/{rel}","templated":true}]}}