{"id":3845,"date":"2025-08-14T14:26:35","date_gmt":"2025-08-14T17:26:35","guid":{"rendered":"https:\/\/institucional.ufrrj.br\/nit\/?page_id=3845"},"modified":"2025-08-26T16:24:47","modified_gmt":"2025-08-26T19:24:47","slug":"processos-seletivos-de-ejs","status":"publish","type":"page","link":"https:\/\/institucional.ufrrj.br\/nit\/processos-seletivos-de-ejs\/","title":{"rendered":"Processos Seletivos de EJs"},"content":{"rendered":"\n<p>Segue os processos seletivos das Empresas Juniores da UFRRJ:<\/p>\n\n\n\n<div class=\"wp-block-media-text is-stacked-on-mobile\" style=\"grid-template-columns:33% auto\"><figure class=\"wp-block-media-text__media\"><img loading=\"lazy\" decoding=\"async\" width=\"800\" height=\"800\" src=\"https:\/\/institucional.ufrrj.br\/nit\/files\/2024\/06\/Vale-Verde-SSA.png\" alt=\"\" class=\"wp-image-2502 size-full\" srcset=\"https:\/\/institucional.ufrrj.br\/nit\/files\/2024\/06\/Vale-Verde-SSA.png 800w, https:\/\/institucional.ufrrj.br\/nit\/files\/2024\/06\/Vale-Verde-SSA-300x300.png 300w, https:\/\/institucional.ufrrj.br\/nit\/files\/2024\/06\/Vale-Verde-SSA-150x150.png 150w, https:\/\/institucional.ufrrj.br\/nit\/files\/2024\/06\/Vale-Verde-SSA-768x768.png 768w, https:\/\/institucional.ufrrj.br\/nit\/files\/2024\/06\/Vale-Verde-SSA-75x75.png 75w, https:\/\/institucional.ufrrj.br\/nit\/files\/2024\/06\/Vale-Verde-SSA-100x100.png 100w\" sizes=\"auto, (max-width: 800px) 100vw, 800px\" \/><\/figure><div class=\"wp-block-media-text__content\">\n<p>\ud83c\udf31 <strong>Vem a\u00ed o 2\u00ba Processo Seletivo da Vale Verde SSA!<\/strong><\/p>\n\n\n\n<p>A Empresa J\u00fanior <strong>Vale Verde Solu\u00e7\u00f5es e Servi\u00e7os Ambientais<\/strong> convida estudantes dos cursos de <strong>Gest\u00e3o Ambiental, Administra\u00e7\u00e3o, Direito, Economia e Ci\u00eancia dos Dados<\/strong> do Instituto Tr\u00eas Rios a participarem do processo seletivo de trainees, que acontece de <strong>1\u00ba a 5 de setembro de 2025<\/strong>.<br>Se voc\u00ea \u00e9 <strong>proativo, curioso e quer aplicar seus conhecimentos em projetos reais de sustentabilidade<\/strong>, essa \u00e9 a sua oportunidade!<\/p>\n\n\n\n<p>Acesso o edital\u00a0<a href=\"https:\/\/institucional.ufrrj.br\/nit\/files\/2025\/08\/2o-Edital-de-Processo-Seletivo-Vale-Verde-Solucoes-e-Servicos-Ambientais-assinado-Julianne-Milward.pdf\" target=\"_blank\" rel=\"noreferrer noopener\"><strong>aqui<\/strong><\/a><br>\ud83d\udd17 <a href=\"http:\/\/bit.ly\/Inscri%C3%A7%C3%A3oValeVerdeSSA25\">Inscreva-se aqui<\/a><br>\ud83d\udcf2 Acompanhe: <a href=\"https:\/\/www.instagram.com\/valeverdessa\/\">@valeverdessa<\/a><br>\ud83d\udca1 Transforme ideias em impacto!<\/p>\n<\/div><\/div>\n\n\n\n<hr class=\"wp-block-separator has-alpha-channel-opacity\" \/>\n\n\n\n<div class=\"wp-block-media-text is-stacked-on-mobile\"><figure class=\"wp-block-media-text__media\"><img loading=\"lazy\" decoding=\"async\" width=\"534\" height=\"450\" src=\"https:\/\/institucional.ufrrj.br\/nit\/files\/2024\/07\/2.png\" alt=\"\" class=\"wp-image-2627 size-full\" srcset=\"https:\/\/institucional.ufrrj.br\/nit\/files\/2024\/07\/2.png 534w, https:\/\/institucional.ufrrj.br\/nit\/files\/2024\/07\/2-300x253.png 300w\" sizes=\"auto, (max-width: 534px) 100vw, 534px\" \/><\/figure><div class=\"wp-block-media-text__content\">\n<p>\ud83d\ude80 <strong>Vem ser Signal Jr.!<\/strong><\/p>\n\n\n\n<p>A <strong>Signal Jr.<\/strong>, Empresa J\u00fanior de Sistemas de Informa\u00e7\u00e3o da UFRRJ, abriu inscri\u00e7\u00f5es para o <strong>Processo Seletivo 2025.2<\/strong>! Se voc\u00ea \u00e9 aluno(a) de <strong>Administra\u00e7\u00e3o, Matem\u00e1tica Aplicada<\/strong> ou <strong>Sistemas de Informa\u00e7\u00e3o<\/strong> no campus Serop\u00e9dica e quer vivenciar o mercado, atuar em projetos reais e desenvolver novas habilidades, essa \u00e9 a sua chance! Acesso o edital <a href=\"https:\/\/institucional.ufrrj.br\/nit\/files\/2025\/08\/Edital-Processo-Seletivo-Signal-Jr.-2025.2.docx-TAMIRIS-ROMANO-DE-LUNA-MACEDO-1.pdf\" target=\"_blank\" rel=\"noreferrer noopener\"><strong>aqui<\/strong><\/a><\/p>\n\n\n\n<p>\ud83d\udcc5 <strong>Inscri\u00e7\u00f5es:<\/strong> 04 a 18\/08\/2025<br>\ud83d\udd17 <a class=\"\" href=\"https:\/\/forms.gle\/DmyGJB2QQEeCRXUJA\">Formul\u00e1rio de inscri\u00e7\u00e3o<\/a><br>\ud83d\udcf2 Mais informa\u00e7\u00f5es: <strong>@signal_jr<\/strong><\/p>\n\n\n\n<p>\ud83d\udca1 Experi\u00eancia, networking e aprendizado na pr\u00e1tica. Participe!<\/p>\n<\/div><\/div>\n\n\n\n<p><\/p>\n","protected":false},"excerpt":{"rendered":"<p>Segue os processos seletivos das Empresas Juniores da UFRRJ: \ud83c\udf31 Vem a\u00ed o 2\u00ba Processo Seletivo da Vale Verde SSA! <a class=\"read-more\" href=\"https:\/\/institucional.ufrrj.br\/nit\/processos-seletivos-de-ejs\/ \" >&#8230; <span class=\"font-italic\">leia mais <i class=\"fas fa-angle-right\"><\/i><\/span><\/a><\/p>\n","protected":false},"author":883,"featured_media":0,"parent":0,"menu_order":0,"comment_status":"closed","ping_status":"closed","template":"","meta":{"_acf_changed":false,"footnotes":"","_links_to":"","_links_to_target":""},"class_list":["post-3845","page","type-page","status-publish","hentry"],"yoast_head":"<!-- This site is optimized with the Yoast SEO plugin v27.2 - https:\/\/yoast.com\/product\/yoast-seo-wordpress\/ -->\n<title>Processos Seletivos de EJs - Ag\u00eancia de Inova\u00e7\u00e3o da UFRRJ<\/title>\n<meta name=\"robots\" content=\"index, follow, max-snippet:-1, max-image-preview:large, max-video-preview:-1\" \/>\n<link rel=\"canonical\" href=\"https:\/\/institucional.ufrrj.br\/nit\/processos-seletivos-de-ejs\/\" \/>\n<meta property=\"og:locale\" content=\"pt_BR\" \/>\n<meta property=\"og:type\" content=\"article\" \/>\n<meta property=\"og:title\" content=\"Processos Seletivos de EJs - Ag\u00eancia de Inova\u00e7\u00e3o da UFRRJ\" \/>\n<meta property=\"og:description\" content=\"Segue os processos seletivos das Empresas Juniores da UFRRJ: \ud83c\udf31 Vem a\u00ed o 2\u00ba Processo Seletivo da Vale Verde SSA! ... leia mais\" \/>\n<meta property=\"og:url\" content=\"https:\/\/institucional.ufrrj.br\/nit\/processos-seletivos-de-ejs\/\" \/>\n<meta property=\"og:site_name\" content=\"Ag\u00eancia de Inova\u00e7\u00e3o da UFRRJ\" \/>\n<meta property=\"article:modified_time\" content=\"2025-08-26T19:24:47+00:00\" \/>\n<meta property=\"og:image\" content=\"https:\/\/institucional.ufrrj.br\/nit\/files\/2024\/06\/Vale-Verde-SSA.png\" \/>\n\t<meta property=\"og:image:width\" content=\"800\" \/>\n\t<meta property=\"og:image:height\" content=\"800\" \/>\n\t<meta property=\"og:image:type\" content=\"image\/png\" \/>\n<meta name=\"twitter:card\" content=\"summary_large_image\" \/>\n<meta name=\"twitter:label1\" content=\"Est. tempo de leitura\" \/>\n\t<meta name=\"twitter:data1\" content=\"2 minutos\" \/>\n<script type=\"application\/ld+json\" class=\"yoast-schema-graph\">{\"@context\":\"https:\/\/schema.org\",\"@graph\":[{\"@type\":\"WebPage\",\"@id\":\"https:\/\/institucional.ufrrj.br\/nit\/processos-seletivos-de-ejs\/\",\"url\":\"https:\/\/institucional.ufrrj.br\/nit\/processos-seletivos-de-ejs\/\",\"name\":\"Processos Seletivos de EJs - Ag\u00eancia de Inova\u00e7\u00e3o da UFRRJ\",\"isPartOf\":{\"@id\":\"https:\/\/institucional.ufrrj.br\/nit\/#website\"},\"primaryImageOfPage\":{\"@id\":\"https:\/\/institucional.ufrrj.br\/nit\/processos-seletivos-de-ejs\/#primaryimage\"},\"image\":{\"@id\":\"https:\/\/institucional.ufrrj.br\/nit\/processos-seletivos-de-ejs\/#primaryimage\"},\"thumbnailUrl\":\"https:\/\/institucional.ufrrj.br\/nit\/files\/2024\/06\/Vale-Verde-SSA.png\",\"datePublished\":\"2025-08-14T17:26:35+00:00\",\"dateModified\":\"2025-08-26T19:24:47+00:00\",\"breadcrumb\":{\"@id\":\"https:\/\/institucional.ufrrj.br\/nit\/processos-seletivos-de-ejs\/#breadcrumb\"},\"inLanguage\":\"pt-BR\",\"potentialAction\":[{\"@type\":\"ReadAction\",\"target\":[\"https:\/\/institucional.ufrrj.br\/nit\/processos-seletivos-de-ejs\/\"]}]},{\"@type\":\"ImageObject\",\"inLanguage\":\"pt-BR\",\"@id\":\"https:\/\/institucional.ufrrj.br\/nit\/processos-seletivos-de-ejs\/#primaryimage\",\"url\":\"https:\/\/institucional.ufrrj.br\/nit\/files\/2024\/06\/Vale-Verde-SSA.png\",\"contentUrl\":\"https:\/\/institucional.ufrrj.br\/nit\/files\/2024\/06\/Vale-Verde-SSA.png\",\"width\":800,\"height\":800},{\"@type\":\"BreadcrumbList\",\"@id\":\"https:\/\/institucional.ufrrj.br\/nit\/processos-seletivos-de-ejs\/#breadcrumb\",\"itemListElement\":[{\"@type\":\"ListItem\",\"position\":1,\"name\":\"In\u00edcio\",\"item\":\"https:\/\/institucional.ufrrj.br\/nit\/\"},{\"@type\":\"ListItem\",\"position\":2,\"name\":\"Processos Seletivos de EJs\"}]},{\"@type\":\"WebSite\",\"@id\":\"https:\/\/institucional.ufrrj.br\/nit\/#website\",\"url\":\"https:\/\/institucional.ufrrj.br\/nit\/\",\"name\":\"Ag\u00eancia de Inova\u00e7\u00e3o UFRRJ\",\"description\":\"UFRRJ\",\"potentialAction\":[{\"@type\":\"SearchAction\",\"target\":{\"@type\":\"EntryPoint\",\"urlTemplate\":\"https:\/\/institucional.ufrrj.br\/nit\/?s={search_term_string}\"},\"query-input\":{\"@type\":\"PropertyValueSpecification\",\"valueRequired\":true,\"valueName\":\"search_term_string\"}}],\"inLanguage\":\"pt-BR\"}]}<\/script>\n<!-- \/ Yoast SEO plugin. -->","yoast_head_json":{"title":"Processos Seletivos de EJs - Ag\u00eancia de Inova\u00e7\u00e3o da UFRRJ","robots":{"index":"index","follow":"follow","max-snippet":"max-snippet:-1","max-image-preview":"max-image-preview:large","max-video-preview":"max-video-preview:-1"},"canonical":"https:\/\/institucional.ufrrj.br\/nit\/processos-seletivos-de-ejs\/","og_locale":"pt_BR","og_type":"article","og_title":"Processos Seletivos de EJs - Ag\u00eancia de Inova\u00e7\u00e3o da UFRRJ","og_description":"Segue os processos seletivos das Empresas Juniores da UFRRJ: \ud83c\udf31 Vem a\u00ed o 2\u00ba Processo Seletivo da Vale Verde SSA! ... leia mais","og_url":"https:\/\/institucional.ufrrj.br\/nit\/processos-seletivos-de-ejs\/","og_site_name":"Ag\u00eancia de Inova\u00e7\u00e3o da UFRRJ","article_modified_time":"2025-08-26T19:24:47+00:00","og_image":[{"width":800,"height":800,"url":"https:\/\/institucional.ufrrj.br\/nit\/files\/2024\/06\/Vale-Verde-SSA.png","type":"image\/png"}],"twitter_card":"summary_large_image","twitter_misc":{"Est. tempo de leitura":"2 minutos"},"schema":{"@context":"https:\/\/schema.org","@graph":[{"@type":"WebPage","@id":"https:\/\/institucional.ufrrj.br\/nit\/processos-seletivos-de-ejs\/","url":"https:\/\/institucional.ufrrj.br\/nit\/processos-seletivos-de-ejs\/","name":"Processos Seletivos de EJs - Ag\u00eancia de Inova\u00e7\u00e3o da UFRRJ","isPartOf":{"@id":"https:\/\/institucional.ufrrj.br\/nit\/#website"},"primaryImageOfPage":{"@id":"https:\/\/institucional.ufrrj.br\/nit\/processos-seletivos-de-ejs\/#primaryimage"},"image":{"@id":"https:\/\/institucional.ufrrj.br\/nit\/processos-seletivos-de-ejs\/#primaryimage"},"thumbnailUrl":"https:\/\/institucional.ufrrj.br\/nit\/files\/2024\/06\/Vale-Verde-SSA.png","datePublished":"2025-08-14T17:26:35+00:00","dateModified":"2025-08-26T19:24:47+00:00","breadcrumb":{"@id":"https:\/\/institucional.ufrrj.br\/nit\/processos-seletivos-de-ejs\/#breadcrumb"},"inLanguage":"pt-BR","potentialAction":[{"@type":"ReadAction","target":["https:\/\/institucional.ufrrj.br\/nit\/processos-seletivos-de-ejs\/"]}]},{"@type":"ImageObject","inLanguage":"pt-BR","@id":"https:\/\/institucional.ufrrj.br\/nit\/processos-seletivos-de-ejs\/#primaryimage","url":"https:\/\/institucional.ufrrj.br\/nit\/files\/2024\/06\/Vale-Verde-SSA.png","contentUrl":"https:\/\/institucional.ufrrj.br\/nit\/files\/2024\/06\/Vale-Verde-SSA.png","width":800,"height":800},{"@type":"BreadcrumbList","@id":"https:\/\/institucional.ufrrj.br\/nit\/processos-seletivos-de-ejs\/#breadcrumb","itemListElement":[{"@type":"ListItem","position":1,"name":"In\u00edcio","item":"https:\/\/institucional.ufrrj.br\/nit\/"},{"@type":"ListItem","position":2,"name":"Processos Seletivos de EJs"}]},{"@type":"WebSite","@id":"https:\/\/institucional.ufrrj.br\/nit\/#website","url":"https:\/\/institucional.ufrrj.br\/nit\/","name":"Ag\u00eancia de Inova\u00e7\u00e3o UFRRJ","description":"UFRRJ","potentialAction":[{"@type":"SearchAction","target":{"@type":"EntryPoint","urlTemplate":"https:\/\/institucional.ufrrj.br\/nit\/?s={search_term_string}"},"query-input":{"@type":"PropertyValueSpecification","valueRequired":true,"valueName":"search_term_string"}}],"inLanguage":"pt-BR"}]}},"acf":[],"_links":{"self":[{"href":"https:\/\/institucional.ufrrj.br\/nit\/wp-json\/wp\/v2\/pages\/3845","targetHints":{"allow":["GET"]}}],"collection":[{"href":"https:\/\/institucional.ufrrj.br\/nit\/wp-json\/wp\/v2\/pages"}],"about":[{"href":"https:\/\/institucional.ufrrj.br\/nit\/wp-json\/wp\/v2\/types\/page"}],"author":[{"embeddable":true,"href":"https:\/\/institucional.ufrrj.br\/nit\/wp-json\/wp\/v2\/users\/883"}],"replies":[{"embeddable":true,"href":"https:\/\/institucional.ufrrj.br\/nit\/wp-json\/wp\/v2\/comments?post=3845"}],"version-history":[{"count":4,"href":"https:\/\/institucional.ufrrj.br\/nit\/wp-json\/wp\/v2\/pages\/3845\/revisions"}],"predecessor-version":[{"id":3917,"href":"https:\/\/institucional.ufrrj.br\/nit\/wp-json\/wp\/v2\/pages\/3845\/revisions\/3917"}],"wp:attachment":[{"href":"https:\/\/institucional.ufrrj.br\/nit\/wp-json\/wp\/v2\/media?parent=3845"}],"curies":[{"name":"wp","href":"https:\/\/api.w.org\/{rel}","templated":true}]}}