{"id":3726,"date":"2025-07-10T10:05:07","date_gmt":"2025-07-10T13:05:07","guid":{"rendered":"https:\/\/institucional.ufrrj.br\/nit\/?page_id=3726"},"modified":"2026-03-19T13:44:27","modified_gmt":"2026-03-19T16:44:27","slug":"normativos-de-institucionalizacao","status":"publish","type":"page","link":"https:\/\/institucional.ufrrj.br\/nit\/normativos-de-institucionalizacao\/","title":{"rendered":"Normativos de Institucionaliza\u00e7\u00e3o"},"content":{"rendered":"\n<p>N<strong>ormativas para cria\u00e7\u00e3o e regulariza\u00e7\u00e3o das Empresas Juniores na UFRRJ:<\/strong><\/p>\n\n\n\n<p>a) <a href=\"https:\/\/institucional.ufrrj.br\/nit\/files\/2026\/03\/DELIB-456-CEPE-2025.pdf\">Regulamento Interno para Associa\u00e7\u00f5es sem Fins Lucrativos vinculadas \u00e0 Universidade Federal Rural do Rio de Janeiro (UFRRJ)<\/a>;<br>b) <a href=\"https:\/\/institucional.ufrrj.br\/nit\/files\/2026\/03\/Edital_2_2026_PROEXT_PROPPG_AI_Cadastro_e_Regularizac807a771o_EJs_2026.pdf\" target=\"_blank\" rel=\"noreferrer noopener\">Edital n\u00ba 2\/2026 \u2013 Cadastro e Regulariza\u00e7\u00e3o das Empresas Juniores da UFRRJ<\/a>;<br>c) Modelos de documentos-padr\u00e3o (conforme templates).<\/p>\n\n\n\n<div class=\"wp-block-file\"><a id=\"wp-block-file--media-c810e6ca-bfb0-48d2-b69a-3be38373fbcd\" href=\"https:\/\/institucional.ufrrj.br\/nit\/files\/2026\/03\/Edital_2_2026_PROEXT_PROPPG_AI_Cadastro_e_Regularizac807a771o_EJs_2026.pdf\">Edital_2_2026_PROEXT_PROPPG_AI_Cadastro_e_Regularizac807a771o_EJs_2026<\/a><a href=\"https:\/\/institucional.ufrrj.br\/nit\/files\/2026\/03\/Edital_2_2026_PROEXT_PROPPG_AI_Cadastro_e_Regularizac807a771o_EJs_2026.pdf\" class=\"wp-block-file__button wp-element-button\" download aria-describedby=\"wp-block-file--media-c810e6ca-bfb0-48d2-b69a-3be38373fbcd\">Baixar<\/a><\/div>\n\n\n\n<div class=\"wp-block-file\"><a id=\"wp-block-file--media-f77f1741-9b02-47b2-83e3-33a02ba1f676\" href=\"https:\/\/institucional.ufrrj.br\/nit\/files\/2025\/12\/1.-Minuta-do-Plano-de-Atividades-Academicas-1.docx\">&#8211; Minuta do Plano de Atividades Acade\u0302micas da EJ<\/a><\/div>\n\n\n\n<div class=\"wp-block-file\"><a id=\"wp-block-file--media-7ad15b9a-9d6d-4318-94b9-7251211e3b8e\" href=\"https:\/\/institucional.ufrrj.br\/nit\/files\/2025\/07\/3.-Minuta-da-Declarac\u0327a\u0303o-de-anue\u0302ncia-do-Departamento.doc\" target=\"_blank\" rel=\"noreferrer noopener\">&#8211; Minuta da Declara\u00e7\u00e3o de anu\u00eancia do Departamento quanto \u00e0 infraestrutura e apoio necess\u00e1rios ao funcionamento da EJ<\/a><\/div>\n\n\n\n<div class=\"wp-block-file\"><a id=\"wp-block-file--media-9508e5a0-5b17-4013-80e1-b466c8428e98\" href=\"https:\/\/institucional.ufrrj.br\/nit\/files\/2025\/07\/4.-Minuta-do-estatuto-da-Associac\u0327a\u0303o-2.doc\" target=\"_blank\" rel=\"noreferrer noopener\">&#8211; Minuta do Estatuto da EJ<\/a><\/div>\n\n\n\n<div class=\"wp-block-file\"><a id=\"wp-block-file--media-ef0bc26e-97bc-42db-a96a-48edd75448c1\" href=\"https:\/\/institucional.ufrrj.br\/nit\/files\/2025\/07\/5.-Minuta-Ata-de-reunia\u0303o-de-fundac\u0327a\u0303o-assinada-pelos-estudantes-fundadores.doc\" target=\"_blank\" rel=\"noreferrer noopener\"> &#8211; Minuta Ata de reunia\u0303o de fundac\u0327a\u0303o assinada pelos estudantes fundadores<\/a><\/div>\n\n\n\n<div class=\"wp-block-file\"><a id=\"wp-block-file--media-449c804d-37ad-4d96-8287-086ee502d6fe\" href=\"https:\/\/institucional.ufrrj.br\/nit\/files\/2025\/07\/7.-Minuta-Declarac\u0327a\u0303o-Abertura-CNPJ.docx\" target=\"_blank\" rel=\"noreferrer noopener\">&#8211; Minuta declara\u00e7\u00e3o declara\u00e7\u00e3o de compromisso para abertura de um CNPJ assinada pelo(a) orientador(a) e presidente da EJ<\/a><\/div>\n\n\n\n<div class=\"wp-block-file\"><a id=\"wp-block-file--media-8983e6e1-44c6-4848-896c-4dfecf0ec708\" href=\"https:\/\/institucional.ufrrj.br\/nit\/files\/2025\/07\/12.-Minuta-Carta-de-intenc\u0327a\u0303o-de-federac\u0327a\u0303o.docx\" target=\"_blank\" rel=\"noreferrer noopener\"> &#8211; Minuta Carta de intenc\u0327a\u0303o de federac\u0327a\u0303o<\/a><\/div>\n\n\n\n<div class=\"wp-block-file\"><a id=\"wp-block-file--media-c2c14739-3d0b-4c0d-97c1-04b9455238e5\" href=\"https:\/\/institucional.ufrrj.br\/nit\/files\/2025\/07\/14.-Minuta-Termo-de-voluntariado-dos-membros-da-EJ.docx\" target=\"_blank\" rel=\"noreferrer noopener\"> &#8211; Minuta Termo de voluntariado dos membros da EJ<\/a><\/div>\n\n\n\n<div class=\"wp-block-file\"><a id=\"wp-block-file--media-9ed4241d-82a8-4089-a08b-443cce5c87df\" href=\"https:\/\/institucional.ufrrj.br\/nit\/files\/2025\/07\/15.-Minuta-Termo-de-Compromisso-Professor-Orientador.docx\" target=\"_blank\" rel=\"noreferrer noopener\">&#8211; Minuta Termo de Compromisso do Professor Orientador<\/a><\/div>\n\n\n\n<div class=\"wp-block-file\"><a id=\"wp-block-file--media-8bab20c9-b4f6-420d-96dc-960b7c582e47\" href=\"https:\/\/institucional.ufrrj.br\/nit\/files\/2025\/07\/6.-Minuta-Ata-de-Eleic\u0327a\u0303o-e-Posse.docx\" target=\"_blank\" rel=\"noreferrer noopener\"> &#8211; Minuta Ata de Eleic\u0327a\u0303o e Posse<\/a><\/div>\n\n\n\n<div class=\"wp-block-file\"><a id=\"wp-block-file--media-1f1c504d-cdbd-460f-bd16-4089808e0a2d\" href=\"https:\/\/institucional.ufrrj.br\/nit\/files\/2025\/07\/13.-Minuta-Declarac\u0327a\u0303o-de-Volunta\u0301rio-da-EJ.docx\" target=\"_blank\" rel=\"noreferrer noopener\"> &#8211; Minuta Declarac\u0327a\u0303o de Volunta\u0301rio da EJ<\/a><\/div>\n\n\n\n<p><strong>Apoio institucional gratuito \u00e0s Empresas Juniores:<\/strong><\/p>\n\n\n\n<p>a)&nbsp;<strong>Cria\u00e7\u00e3o de logomarca:<\/strong>&nbsp;Acesse a p\u00e1gina da Coordenadoria de Comunica\u00e7\u00e3o Social (CCS) pelo link&nbsp;<a rel=\"noreferrer noopener\" href=\"https:\/\/institucional.ufrrj.br\/ccs\/\" target=\"_blank\">https:\/\/institucional.ufrrj.br\/ccs\/<\/a>&nbsp;e preencha o formul\u00e1rio de \u201cSolicita\u00e7\u00e3o de servi\u00e7o de design\u201d. Ap\u00f3s o envio, encaminhe o e-mail de confirma\u00e7\u00e3o para&nbsp;<em><a>nitrural@ufrrj.br<\/a><\/em>&nbsp;e&nbsp;<em><a>alessandracassol@ufrrj.br<\/a><\/em>.<\/p>\n\n\n\n<p>b)&nbsp;<strong>Registro da logomarca junto ao INPI:<\/strong>&nbsp;Acesse a p\u00e1gina da Ag\u00eancia de Inova\u00e7\u00e3o da UFRRJ pelo link&nbsp;<a rel=\"noreferrer noopener\" href=\"https:\/\/institucional.ufrrj.br\/nit\/marca\/\" target=\"_blank\">https:\/\/institucional.ufrrj.br\/nit\/marca\/<\/a>&nbsp;e preencha o formul\u00e1rio \u201cSolicita\u00e7\u00e3o de Servi\u00e7o de Registro de Marcas\u201d. O documento deve ser assinado pelo(a) presidente da EJ e pelo(a) professor(a) orientador(a). Envie o formul\u00e1rio e a imagem da logomarca em formato JPG para&nbsp;<em><a>nitrural@ufrrj.br<\/a><\/em>&nbsp;e&nbsp;<em><a>alessandracassol@ufrrj.br<\/a><\/em>.<\/p>\n\n\n\n<p>c)&nbsp;<strong>Solicita\u00e7\u00e3o de e-mail institucional:<\/strong>&nbsp;<a href=\"https:\/\/institucional.ufrrj.br\/nit\/files\/2025\/08\/Procedimento-para-solicitac\u0327a\u0303o-de-criac\u0327a\u0303o-de-e-mail-institucional-para-empresas-juniores-da-UFRRJ.pdf\" target=\"_blank\" rel=\"noreferrer noopener\">Clique aqui e acesse o procedimento<\/a><\/p>\n\n\n\n<p>d) <strong>Solicita\u00e7\u00e3o de transporte para atividades<\/strong>: <a href=\"https:\/\/institucional.ufrrj.br\/nit\/files\/2025\/08\/1.-Procedimento-para-pedido-de-transporte-o\u0302nibus.docx.pdf\" target=\"_blank\" rel=\"noreferrer noopener\">Clique aqui e acesse o procedimento<\/a><\/p>\n\n\n\n<p><\/p>\n","protected":false},"excerpt":{"rendered":"<p>Normativas para cria\u00e7\u00e3o e regulariza\u00e7\u00e3o das Empresas Juniores na UFRRJ: a) Regulamento Interno para Associa\u00e7\u00f5es sem Fins Lucrativos vinculadas \u00e0 <a class=\"read-more\" href=\"https:\/\/institucional.ufrrj.br\/nit\/normativos-de-institucionalizacao\/ \" >&#8230; <span class=\"font-italic\">leia mais <i class=\"fas fa-angle-right\"><\/i><\/span><\/a><\/p>\n","protected":false},"author":883,"featured_media":0,"parent":0,"menu_order":0,"comment_status":"closed","ping_status":"closed","template":"","meta":{"_acf_changed":false,"footnotes":"","_links_to":"","_links_to_target":""},"class_list":["post-3726","page","type-page","status-publish","hentry"],"yoast_head":"<!-- This site is optimized with the Yoast SEO plugin v27.2 - https:\/\/yoast.com\/product\/yoast-seo-wordpress\/ -->\n<title>Normativos de Institucionaliza\u00e7\u00e3o - Ag\u00eancia de Inova\u00e7\u00e3o da UFRRJ<\/title>\n<meta name=\"robots\" content=\"index, follow, max-snippet:-1, max-image-preview:large, max-video-preview:-1\" \/>\n<link rel=\"canonical\" href=\"https:\/\/institucional.ufrrj.br\/nit\/normativos-de-institucionalizacao\/\" \/>\n<meta property=\"og:locale\" content=\"pt_BR\" \/>\n<meta property=\"og:type\" content=\"article\" \/>\n<meta property=\"og:title\" content=\"Normativos de Institucionaliza\u00e7\u00e3o - Ag\u00eancia de Inova\u00e7\u00e3o da UFRRJ\" \/>\n<meta property=\"og:description\" content=\"Normativas para cria\u00e7\u00e3o e regulariza\u00e7\u00e3o das Empresas Juniores na UFRRJ: a) Regulamento Interno para Associa\u00e7\u00f5es sem Fins Lucrativos vinculadas \u00e0 ... leia mais\" \/>\n<meta property=\"og:url\" content=\"https:\/\/institucional.ufrrj.br\/nit\/normativos-de-institucionalizacao\/\" \/>\n<meta property=\"og:site_name\" content=\"Ag\u00eancia de Inova\u00e7\u00e3o da UFRRJ\" \/>\n<meta property=\"article:modified_time\" content=\"2026-03-19T16:44:27+00:00\" \/>\n<meta name=\"twitter:card\" content=\"summary_large_image\" \/>\n<meta name=\"twitter:label1\" content=\"Est. tempo de leitura\" \/>\n\t<meta name=\"twitter:data1\" content=\"2 minutos\" \/>\n<script type=\"application\/ld+json\" class=\"yoast-schema-graph\">{\"@context\":\"https:\/\/schema.org\",\"@graph\":[{\"@type\":\"WebPage\",\"@id\":\"https:\/\/institucional.ufrrj.br\/nit\/normativos-de-institucionalizacao\/\",\"url\":\"https:\/\/institucional.ufrrj.br\/nit\/normativos-de-institucionalizacao\/\",\"name\":\"Normativos de Institucionaliza\u00e7\u00e3o - Ag\u00eancia de Inova\u00e7\u00e3o da UFRRJ\",\"isPartOf\":{\"@id\":\"https:\/\/institucional.ufrrj.br\/nit\/#website\"},\"datePublished\":\"2025-07-10T13:05:07+00:00\",\"dateModified\":\"2026-03-19T16:44:27+00:00\",\"breadcrumb\":{\"@id\":\"https:\/\/institucional.ufrrj.br\/nit\/normativos-de-institucionalizacao\/#breadcrumb\"},\"inLanguage\":\"pt-BR\",\"potentialAction\":[{\"@type\":\"ReadAction\",\"target\":[\"https:\/\/institucional.ufrrj.br\/nit\/normativos-de-institucionalizacao\/\"]}]},{\"@type\":\"BreadcrumbList\",\"@id\":\"https:\/\/institucional.ufrrj.br\/nit\/normativos-de-institucionalizacao\/#breadcrumb\",\"itemListElement\":[{\"@type\":\"ListItem\",\"position\":1,\"name\":\"In\u00edcio\",\"item\":\"https:\/\/institucional.ufrrj.br\/nit\/\"},{\"@type\":\"ListItem\",\"position\":2,\"name\":\"Normativos de Institucionaliza\u00e7\u00e3o\"}]},{\"@type\":\"WebSite\",\"@id\":\"https:\/\/institucional.ufrrj.br\/nit\/#website\",\"url\":\"https:\/\/institucional.ufrrj.br\/nit\/\",\"name\":\"Ag\u00eancia de Inova\u00e7\u00e3o UFRRJ\",\"description\":\"UFRRJ\",\"potentialAction\":[{\"@type\":\"SearchAction\",\"target\":{\"@type\":\"EntryPoint\",\"urlTemplate\":\"https:\/\/institucional.ufrrj.br\/nit\/?s={search_term_string}\"},\"query-input\":{\"@type\":\"PropertyValueSpecification\",\"valueRequired\":true,\"valueName\":\"search_term_string\"}}],\"inLanguage\":\"pt-BR\"}]}<\/script>\n<!-- \/ Yoast SEO plugin. -->","yoast_head_json":{"title":"Normativos de Institucionaliza\u00e7\u00e3o - Ag\u00eancia de Inova\u00e7\u00e3o da UFRRJ","robots":{"index":"index","follow":"follow","max-snippet":"max-snippet:-1","max-image-preview":"max-image-preview:large","max-video-preview":"max-video-preview:-1"},"canonical":"https:\/\/institucional.ufrrj.br\/nit\/normativos-de-institucionalizacao\/","og_locale":"pt_BR","og_type":"article","og_title":"Normativos de Institucionaliza\u00e7\u00e3o - Ag\u00eancia de Inova\u00e7\u00e3o da UFRRJ","og_description":"Normativas para cria\u00e7\u00e3o e regulariza\u00e7\u00e3o das Empresas Juniores na UFRRJ: a) Regulamento Interno para Associa\u00e7\u00f5es sem Fins Lucrativos vinculadas \u00e0 ... leia mais","og_url":"https:\/\/institucional.ufrrj.br\/nit\/normativos-de-institucionalizacao\/","og_site_name":"Ag\u00eancia de Inova\u00e7\u00e3o da UFRRJ","article_modified_time":"2026-03-19T16:44:27+00:00","twitter_card":"summary_large_image","twitter_misc":{"Est. tempo de leitura":"2 minutos"},"schema":{"@context":"https:\/\/schema.org","@graph":[{"@type":"WebPage","@id":"https:\/\/institucional.ufrrj.br\/nit\/normativos-de-institucionalizacao\/","url":"https:\/\/institucional.ufrrj.br\/nit\/normativos-de-institucionalizacao\/","name":"Normativos de Institucionaliza\u00e7\u00e3o - Ag\u00eancia de Inova\u00e7\u00e3o da UFRRJ","isPartOf":{"@id":"https:\/\/institucional.ufrrj.br\/nit\/#website"},"datePublished":"2025-07-10T13:05:07+00:00","dateModified":"2026-03-19T16:44:27+00:00","breadcrumb":{"@id":"https:\/\/institucional.ufrrj.br\/nit\/normativos-de-institucionalizacao\/#breadcrumb"},"inLanguage":"pt-BR","potentialAction":[{"@type":"ReadAction","target":["https:\/\/institucional.ufrrj.br\/nit\/normativos-de-institucionalizacao\/"]}]},{"@type":"BreadcrumbList","@id":"https:\/\/institucional.ufrrj.br\/nit\/normativos-de-institucionalizacao\/#breadcrumb","itemListElement":[{"@type":"ListItem","position":1,"name":"In\u00edcio","item":"https:\/\/institucional.ufrrj.br\/nit\/"},{"@type":"ListItem","position":2,"name":"Normativos de Institucionaliza\u00e7\u00e3o"}]},{"@type":"WebSite","@id":"https:\/\/institucional.ufrrj.br\/nit\/#website","url":"https:\/\/institucional.ufrrj.br\/nit\/","name":"Ag\u00eancia de Inova\u00e7\u00e3o UFRRJ","description":"UFRRJ","potentialAction":[{"@type":"SearchAction","target":{"@type":"EntryPoint","urlTemplate":"https:\/\/institucional.ufrrj.br\/nit\/?s={search_term_string}"},"query-input":{"@type":"PropertyValueSpecification","valueRequired":true,"valueName":"search_term_string"}}],"inLanguage":"pt-BR"}]}},"acf":[],"_links":{"self":[{"href":"https:\/\/institucional.ufrrj.br\/nit\/wp-json\/wp\/v2\/pages\/3726","targetHints":{"allow":["GET"]}}],"collection":[{"href":"https:\/\/institucional.ufrrj.br\/nit\/wp-json\/wp\/v2\/pages"}],"about":[{"href":"https:\/\/institucional.ufrrj.br\/nit\/wp-json\/wp\/v2\/types\/page"}],"author":[{"embeddable":true,"href":"https:\/\/institucional.ufrrj.br\/nit\/wp-json\/wp\/v2\/users\/883"}],"replies":[{"embeddable":true,"href":"https:\/\/institucional.ufrrj.br\/nit\/wp-json\/wp\/v2\/comments?post=3726"}],"version-history":[{"count":1,"href":"https:\/\/institucional.ufrrj.br\/nit\/wp-json\/wp\/v2\/pages\/3726\/revisions"}],"predecessor-version":[{"id":4251,"href":"https:\/\/institucional.ufrrj.br\/nit\/wp-json\/wp\/v2\/pages\/3726\/revisions\/4251"}],"wp:attachment":[{"href":"https:\/\/institucional.ufrrj.br\/nit\/wp-json\/wp\/v2\/media?parent=3726"}],"curies":[{"name":"wp","href":"https:\/\/api.w.org\/{rel}","templated":true}]}}