{"id":3078,"date":"2024-09-10T15:25:15","date_gmt":"2024-09-10T18:25:15","guid":{"rendered":"https:\/\/institucional.ufrrj.br\/nit\/?page_id=3078"},"modified":"2024-09-10T15:25:17","modified_gmt":"2024-09-10T18:25:17","slug":"sisaees","status":"publish","type":"page","link":"https:\/\/institucional.ufrrj.br\/nit\/sisaees\/","title":{"rendered":"SisAEES &#8211; Sistema de Acompanhamento de Egressos do Ensino Superior"},"content":{"rendered":"\n<h4 class=\"eplus-wrapper wp-block-heading\"><em>N\u00b0 DO PEDIDO<\/em><\/h4>\n\n\n\n<p class=\" eplus-wrapper\">BR 51 2019 002596 2<\/p>\n\n\n\n<h4 class=\"eplus-wrapper wp-block-heading\"><em>INVENTORES E COLABORADORES<\/em><\/h4>\n\n\n\n<p class=\" eplus-wrapper\">Ricardo Bittencourt Pimentel<br>Sandra Regina Greg\u00f3rio<br>Tiago Badre Marino<\/p>\n","protected":false},"excerpt":{"rendered":"<p>N\u00b0 DO PEDIDO BR 51 2019 002596 2 INVENTORES E COLABORADORES Ricardo Bittencourt PimentelSandra Regina Greg\u00f3rioTiago Badre Marino<\/p>\n","protected":false},"author":858,"featured_media":0,"parent":0,"menu_order":0,"comment_status":"closed","ping_status":"closed","template":"","meta":{"_acf_changed":false,"footnotes":"","_links_to":"","_links_to_target":""},"class_list":["post-3078","page","type-page","status-publish","hentry"],"yoast_head":"<!-- This site is optimized with the Yoast SEO plugin v27.2 - https:\/\/yoast.com\/product\/yoast-seo-wordpress\/ -->\n<title>SisAEES - Sistema de Acompanhamento de Egressos do Ensino Superior - Ag\u00eancia de Inova\u00e7\u00e3o da UFRRJ<\/title>\n<meta name=\"robots\" content=\"index, follow, max-snippet:-1, max-image-preview:large, max-video-preview:-1\" \/>\n<link rel=\"canonical\" href=\"https:\/\/institucional.ufrrj.br\/nit\/sisaees\/\" \/>\n<meta property=\"og:locale\" content=\"pt_BR\" \/>\n<meta property=\"og:type\" content=\"article\" \/>\n<meta property=\"og:title\" content=\"SisAEES - Sistema de Acompanhamento de Egressos do Ensino Superior - Ag\u00eancia de Inova\u00e7\u00e3o da UFRRJ\" \/>\n<meta property=\"og:description\" content=\"N\u00b0 DO PEDIDO BR 51 2019 002596 2 INVENTORES E COLABORADORES Ricardo Bittencourt PimentelSandra Regina Greg\u00f3rioTiago Badre Marino\" \/>\n<meta property=\"og:url\" content=\"https:\/\/institucional.ufrrj.br\/nit\/sisaees\/\" \/>\n<meta property=\"og:site_name\" content=\"Ag\u00eancia de Inova\u00e7\u00e3o da UFRRJ\" \/>\n<meta property=\"article:modified_time\" content=\"2024-09-10T18:25:17+00:00\" \/>\n<meta name=\"twitter:card\" content=\"summary_large_image\" \/>\n<meta name=\"twitter:label1\" content=\"Est. tempo de leitura\" \/>\n\t<meta name=\"twitter:data1\" content=\"1 minuto\" \/>\n<script type=\"application\/ld+json\" class=\"yoast-schema-graph\">{\"@context\":\"https:\/\/schema.org\",\"@graph\":[{\"@type\":\"WebPage\",\"@id\":\"https:\/\/institucional.ufrrj.br\/nit\/sisaees\/\",\"url\":\"https:\/\/institucional.ufrrj.br\/nit\/sisaees\/\",\"name\":\"SisAEES - Sistema de Acompanhamento de Egressos do Ensino Superior - Ag\u00eancia de Inova\u00e7\u00e3o da UFRRJ\",\"isPartOf\":{\"@id\":\"https:\/\/institucional.ufrrj.br\/nit\/#website\"},\"datePublished\":\"2024-09-10T18:25:15+00:00\",\"dateModified\":\"2024-09-10T18:25:17+00:00\",\"breadcrumb\":{\"@id\":\"https:\/\/institucional.ufrrj.br\/nit\/sisaees\/#breadcrumb\"},\"inLanguage\":\"pt-BR\",\"potentialAction\":[{\"@type\":\"ReadAction\",\"target\":[\"https:\/\/institucional.ufrrj.br\/nit\/sisaees\/\"]}]},{\"@type\":\"BreadcrumbList\",\"@id\":\"https:\/\/institucional.ufrrj.br\/nit\/sisaees\/#breadcrumb\",\"itemListElement\":[{\"@type\":\"ListItem\",\"position\":1,\"name\":\"In\u00edcio\",\"item\":\"https:\/\/institucional.ufrrj.br\/nit\/\"},{\"@type\":\"ListItem\",\"position\":2,\"name\":\"SisAEES &#8211; Sistema de Acompanhamento de Egressos do Ensino Superior\"}]},{\"@type\":\"WebSite\",\"@id\":\"https:\/\/institucional.ufrrj.br\/nit\/#website\",\"url\":\"https:\/\/institucional.ufrrj.br\/nit\/\",\"name\":\"Ag\u00eancia de Inova\u00e7\u00e3o UFRRJ\",\"description\":\"UFRRJ\",\"potentialAction\":[{\"@type\":\"SearchAction\",\"target\":{\"@type\":\"EntryPoint\",\"urlTemplate\":\"https:\/\/institucional.ufrrj.br\/nit\/?s={search_term_string}\"},\"query-input\":{\"@type\":\"PropertyValueSpecification\",\"valueRequired\":true,\"valueName\":\"search_term_string\"}}],\"inLanguage\":\"pt-BR\"}]}<\/script>\n<!-- \/ Yoast SEO plugin. -->","yoast_head_json":{"title":"SisAEES - Sistema de Acompanhamento de Egressos do Ensino Superior - Ag\u00eancia de Inova\u00e7\u00e3o da UFRRJ","robots":{"index":"index","follow":"follow","max-snippet":"max-snippet:-1","max-image-preview":"max-image-preview:large","max-video-preview":"max-video-preview:-1"},"canonical":"https:\/\/institucional.ufrrj.br\/nit\/sisaees\/","og_locale":"pt_BR","og_type":"article","og_title":"SisAEES - Sistema de Acompanhamento de Egressos do Ensino Superior - Ag\u00eancia de Inova\u00e7\u00e3o da UFRRJ","og_description":"N\u00b0 DO PEDIDO BR 51 2019 002596 2 INVENTORES E COLABORADORES Ricardo Bittencourt PimentelSandra Regina Greg\u00f3rioTiago Badre Marino","og_url":"https:\/\/institucional.ufrrj.br\/nit\/sisaees\/","og_site_name":"Ag\u00eancia de Inova\u00e7\u00e3o da UFRRJ","article_modified_time":"2024-09-10T18:25:17+00:00","twitter_card":"summary_large_image","twitter_misc":{"Est. tempo de leitura":"1 minuto"},"schema":{"@context":"https:\/\/schema.org","@graph":[{"@type":"WebPage","@id":"https:\/\/institucional.ufrrj.br\/nit\/sisaees\/","url":"https:\/\/institucional.ufrrj.br\/nit\/sisaees\/","name":"SisAEES - Sistema de Acompanhamento de Egressos do Ensino Superior - Ag\u00eancia de Inova\u00e7\u00e3o da UFRRJ","isPartOf":{"@id":"https:\/\/institucional.ufrrj.br\/nit\/#website"},"datePublished":"2024-09-10T18:25:15+00:00","dateModified":"2024-09-10T18:25:17+00:00","breadcrumb":{"@id":"https:\/\/institucional.ufrrj.br\/nit\/sisaees\/#breadcrumb"},"inLanguage":"pt-BR","potentialAction":[{"@type":"ReadAction","target":["https:\/\/institucional.ufrrj.br\/nit\/sisaees\/"]}]},{"@type":"BreadcrumbList","@id":"https:\/\/institucional.ufrrj.br\/nit\/sisaees\/#breadcrumb","itemListElement":[{"@type":"ListItem","position":1,"name":"In\u00edcio","item":"https:\/\/institucional.ufrrj.br\/nit\/"},{"@type":"ListItem","position":2,"name":"SisAEES &#8211; Sistema de Acompanhamento de Egressos do Ensino Superior"}]},{"@type":"WebSite","@id":"https:\/\/institucional.ufrrj.br\/nit\/#website","url":"https:\/\/institucional.ufrrj.br\/nit\/","name":"Ag\u00eancia de Inova\u00e7\u00e3o UFRRJ","description":"UFRRJ","potentialAction":[{"@type":"SearchAction","target":{"@type":"EntryPoint","urlTemplate":"https:\/\/institucional.ufrrj.br\/nit\/?s={search_term_string}"},"query-input":{"@type":"PropertyValueSpecification","valueRequired":true,"valueName":"search_term_string"}}],"inLanguage":"pt-BR"}]}},"acf":[],"_links":{"self":[{"href":"https:\/\/institucional.ufrrj.br\/nit\/wp-json\/wp\/v2\/pages\/3078","targetHints":{"allow":["GET"]}}],"collection":[{"href":"https:\/\/institucional.ufrrj.br\/nit\/wp-json\/wp\/v2\/pages"}],"about":[{"href":"https:\/\/institucional.ufrrj.br\/nit\/wp-json\/wp\/v2\/types\/page"}],"author":[{"embeddable":true,"href":"https:\/\/institucional.ufrrj.br\/nit\/wp-json\/wp\/v2\/users\/858"}],"replies":[{"embeddable":true,"href":"https:\/\/institucional.ufrrj.br\/nit\/wp-json\/wp\/v2\/comments?post=3078"}],"version-history":[{"count":1,"href":"https:\/\/institucional.ufrrj.br\/nit\/wp-json\/wp\/v2\/pages\/3078\/revisions"}],"predecessor-version":[{"id":3079,"href":"https:\/\/institucional.ufrrj.br\/nit\/wp-json\/wp\/v2\/pages\/3078\/revisions\/3079"}],"wp:attachment":[{"href":"https:\/\/institucional.ufrrj.br\/nit\/wp-json\/wp\/v2\/media?parent=3078"}],"curies":[{"name":"wp","href":"https:\/\/api.w.org\/{rel}","templated":true}]}}