{"id":3074,"date":"2024-09-10T15:20:08","date_gmt":"2024-09-10T18:20:08","guid":{"rendered":"https:\/\/institucional.ufrrj.br\/nit\/?page_id=3074"},"modified":"2024-09-10T15:20:09","modified_gmt":"2024-09-10T18:20:09","slug":"simsag","status":"publish","type":"page","link":"https:\/\/institucional.ufrrj.br\/nit\/simsag\/","title":{"rendered":"SimSag"},"content":{"rendered":"\n<h4 class=\"eplus-wrapper wp-block-heading\"><em>N\u00b0 DO PEDIDO<\/em><\/h4>\n\n\n\n<p class=\" eplus-wrapper\">\u00a0BR 51 2022 003641 0<\/p>\n\n\n\n<h4 class=\"eplus-wrapper wp-block-heading\"><em>INVENTORES E COLABORADORES<\/em><\/h4>\n\n\n\n<p class=\" eplus-wrapper\">Alex Tadeu De Almeida Waldmann<br>Andre Leibsohn Martins<br>Bruno Francisco Oechsler<br>Carlos Pessanha Costa Carvalho<br>Claudia Miriam Scheid Pereira<br>Duilio Tadeu Da Concei\u00e7\u00e3o Junior<br>Elessandre Alves De Souza<br>Fl\u00e1via Marques Fagundes<br>F\u00e1bio De Oliveira Arouca<br>Gabriela Marcia Ribeiro Menezes<br>Jo\u00e3o Jorge Ribeiro Damasceno<br>Luiz Augusto Da Cruz Meleiro<br>Lu\u00eds Am\u00e9rico Cal\u00e7ada<br>Nara Brand\u00e3o Costa Santos<br>Robson Raposa Rocha<\/p>\n","protected":false},"excerpt":{"rendered":"<p>N\u00b0 DO PEDIDO \u00a0BR 51 2022 003641 0 INVENTORES E COLABORADORES Alex Tadeu De Almeida WaldmannAndre Leibsohn MartinsBruno Francisco OechslerCarlos <a class=\"read-more\" href=\"https:\/\/institucional.ufrrj.br\/nit\/simsag\/ \" >&#8230; <span class=\"font-italic\">leia mais <i class=\"fas fa-angle-right\"><\/i><\/span><\/a><\/p>\n","protected":false},"author":858,"featured_media":0,"parent":0,"menu_order":0,"comment_status":"closed","ping_status":"closed","template":"","meta":{"_acf_changed":false,"footnotes":"","_links_to":"","_links_to_target":""},"class_list":["post-3074","page","type-page","status-publish","hentry"],"yoast_head":"<!-- This site is optimized with the Yoast SEO plugin v27.2 - https:\/\/yoast.com\/product\/yoast-seo-wordpress\/ -->\n<title>SimSag - Ag\u00eancia de Inova\u00e7\u00e3o da UFRRJ<\/title>\n<meta name=\"robots\" content=\"index, follow, max-snippet:-1, max-image-preview:large, max-video-preview:-1\" \/>\n<link rel=\"canonical\" href=\"https:\/\/institucional.ufrrj.br\/nit\/simsag\/\" \/>\n<meta property=\"og:locale\" content=\"pt_BR\" \/>\n<meta property=\"og:type\" content=\"article\" \/>\n<meta property=\"og:title\" content=\"SimSag - Ag\u00eancia de Inova\u00e7\u00e3o da UFRRJ\" \/>\n<meta property=\"og:description\" content=\"N\u00b0 DO PEDIDO \u00a0BR 51 2022 003641 0 INVENTORES E COLABORADORES Alex Tadeu De Almeida WaldmannAndre Leibsohn MartinsBruno Francisco OechslerCarlos ... leia mais\" \/>\n<meta property=\"og:url\" content=\"https:\/\/institucional.ufrrj.br\/nit\/simsag\/\" \/>\n<meta property=\"og:site_name\" content=\"Ag\u00eancia de Inova\u00e7\u00e3o da UFRRJ\" \/>\n<meta property=\"article:modified_time\" content=\"2024-09-10T18:20:09+00:00\" \/>\n<meta name=\"twitter:card\" content=\"summary_large_image\" \/>\n<meta name=\"twitter:label1\" content=\"Est. tempo de leitura\" \/>\n\t<meta name=\"twitter:data1\" content=\"1 minuto\" \/>\n<script type=\"application\/ld+json\" class=\"yoast-schema-graph\">{\"@context\":\"https:\/\/schema.org\",\"@graph\":[{\"@type\":\"WebPage\",\"@id\":\"https:\/\/institucional.ufrrj.br\/nit\/simsag\/\",\"url\":\"https:\/\/institucional.ufrrj.br\/nit\/simsag\/\",\"name\":\"SimSag - Ag\u00eancia de Inova\u00e7\u00e3o da UFRRJ\",\"isPartOf\":{\"@id\":\"https:\/\/institucional.ufrrj.br\/nit\/#website\"},\"datePublished\":\"2024-09-10T18:20:08+00:00\",\"dateModified\":\"2024-09-10T18:20:09+00:00\",\"breadcrumb\":{\"@id\":\"https:\/\/institucional.ufrrj.br\/nit\/simsag\/#breadcrumb\"},\"inLanguage\":\"pt-BR\",\"potentialAction\":[{\"@type\":\"ReadAction\",\"target\":[\"https:\/\/institucional.ufrrj.br\/nit\/simsag\/\"]}]},{\"@type\":\"BreadcrumbList\",\"@id\":\"https:\/\/institucional.ufrrj.br\/nit\/simsag\/#breadcrumb\",\"itemListElement\":[{\"@type\":\"ListItem\",\"position\":1,\"name\":\"In\u00edcio\",\"item\":\"https:\/\/institucional.ufrrj.br\/nit\/\"},{\"@type\":\"ListItem\",\"position\":2,\"name\":\"SimSag\"}]},{\"@type\":\"WebSite\",\"@id\":\"https:\/\/institucional.ufrrj.br\/nit\/#website\",\"url\":\"https:\/\/institucional.ufrrj.br\/nit\/\",\"name\":\"Ag\u00eancia de Inova\u00e7\u00e3o UFRRJ\",\"description\":\"UFRRJ\",\"potentialAction\":[{\"@type\":\"SearchAction\",\"target\":{\"@type\":\"EntryPoint\",\"urlTemplate\":\"https:\/\/institucional.ufrrj.br\/nit\/?s={search_term_string}\"},\"query-input\":{\"@type\":\"PropertyValueSpecification\",\"valueRequired\":true,\"valueName\":\"search_term_string\"}}],\"inLanguage\":\"pt-BR\"}]}<\/script>\n<!-- \/ Yoast SEO plugin. -->","yoast_head_json":{"title":"SimSag - Ag\u00eancia de Inova\u00e7\u00e3o da UFRRJ","robots":{"index":"index","follow":"follow","max-snippet":"max-snippet:-1","max-image-preview":"max-image-preview:large","max-video-preview":"max-video-preview:-1"},"canonical":"https:\/\/institucional.ufrrj.br\/nit\/simsag\/","og_locale":"pt_BR","og_type":"article","og_title":"SimSag - Ag\u00eancia de Inova\u00e7\u00e3o da UFRRJ","og_description":"N\u00b0 DO PEDIDO \u00a0BR 51 2022 003641 0 INVENTORES E COLABORADORES Alex Tadeu De Almeida WaldmannAndre Leibsohn MartinsBruno Francisco OechslerCarlos ... leia mais","og_url":"https:\/\/institucional.ufrrj.br\/nit\/simsag\/","og_site_name":"Ag\u00eancia de Inova\u00e7\u00e3o da UFRRJ","article_modified_time":"2024-09-10T18:20:09+00:00","twitter_card":"summary_large_image","twitter_misc":{"Est. tempo de leitura":"1 minuto"},"schema":{"@context":"https:\/\/schema.org","@graph":[{"@type":"WebPage","@id":"https:\/\/institucional.ufrrj.br\/nit\/simsag\/","url":"https:\/\/institucional.ufrrj.br\/nit\/simsag\/","name":"SimSag - Ag\u00eancia de Inova\u00e7\u00e3o da UFRRJ","isPartOf":{"@id":"https:\/\/institucional.ufrrj.br\/nit\/#website"},"datePublished":"2024-09-10T18:20:08+00:00","dateModified":"2024-09-10T18:20:09+00:00","breadcrumb":{"@id":"https:\/\/institucional.ufrrj.br\/nit\/simsag\/#breadcrumb"},"inLanguage":"pt-BR","potentialAction":[{"@type":"ReadAction","target":["https:\/\/institucional.ufrrj.br\/nit\/simsag\/"]}]},{"@type":"BreadcrumbList","@id":"https:\/\/institucional.ufrrj.br\/nit\/simsag\/#breadcrumb","itemListElement":[{"@type":"ListItem","position":1,"name":"In\u00edcio","item":"https:\/\/institucional.ufrrj.br\/nit\/"},{"@type":"ListItem","position":2,"name":"SimSag"}]},{"@type":"WebSite","@id":"https:\/\/institucional.ufrrj.br\/nit\/#website","url":"https:\/\/institucional.ufrrj.br\/nit\/","name":"Ag\u00eancia de Inova\u00e7\u00e3o UFRRJ","description":"UFRRJ","potentialAction":[{"@type":"SearchAction","target":{"@type":"EntryPoint","urlTemplate":"https:\/\/institucional.ufrrj.br\/nit\/?s={search_term_string}"},"query-input":{"@type":"PropertyValueSpecification","valueRequired":true,"valueName":"search_term_string"}}],"inLanguage":"pt-BR"}]}},"acf":[],"_links":{"self":[{"href":"https:\/\/institucional.ufrrj.br\/nit\/wp-json\/wp\/v2\/pages\/3074","targetHints":{"allow":["GET"]}}],"collection":[{"href":"https:\/\/institucional.ufrrj.br\/nit\/wp-json\/wp\/v2\/pages"}],"about":[{"href":"https:\/\/institucional.ufrrj.br\/nit\/wp-json\/wp\/v2\/types\/page"}],"author":[{"embeddable":true,"href":"https:\/\/institucional.ufrrj.br\/nit\/wp-json\/wp\/v2\/users\/858"}],"replies":[{"embeddable":true,"href":"https:\/\/institucional.ufrrj.br\/nit\/wp-json\/wp\/v2\/comments?post=3074"}],"version-history":[{"count":1,"href":"https:\/\/institucional.ufrrj.br\/nit\/wp-json\/wp\/v2\/pages\/3074\/revisions"}],"predecessor-version":[{"id":3075,"href":"https:\/\/institucional.ufrrj.br\/nit\/wp-json\/wp\/v2\/pages\/3074\/revisions\/3075"}],"wp:attachment":[{"href":"https:\/\/institucional.ufrrj.br\/nit\/wp-json\/wp\/v2\/media?parent=3074"}],"curies":[{"name":"wp","href":"https:\/\/api.w.org\/{rel}","templated":true}]}}