{"id":3070,"date":"2024-09-10T15:13:10","date_gmt":"2024-09-10T18:13:10","guid":{"rendered":"https:\/\/institucional.ufrrj.br\/nit\/?page_id=3070"},"modified":"2024-09-10T15:13:11","modified_gmt":"2024-09-10T18:13:11","slug":"simulador-termico-para-operacoes-em-flexitubos","status":"publish","type":"page","link":"https:\/\/institucional.ufrrj.br\/nit\/simulador-termico-para-operacoes-em-flexitubos\/","title":{"rendered":"Simulador t\u00e9rmico para opera\u00e7\u00f5es em flexitubos"},"content":{"rendered":"\n<h4 class=\"eplus-wrapper wp-block-heading\"><em>N\u00b0 DO PEDIDO<\/em><\/h4>\n\n\n\n<p class=\" eplus-wrapper\">BR 51 2022 003643 6<\/p>\n\n\n\n<h4 class=\"eplus-wrapper wp-block-heading\"><em>INVENTORES E COLABORADORES<\/em><\/h4>\n\n\n\n<p class=\" eplus-wrapper\">Beatriz Rosas de Oliveira<br>Bruno Francisco Oechsler<br>Caroline Euline Gon\u00e7alves Pereira<br>Claudia Miriam Scheid Pereira<br>Eduardo da Cunha Hora Paraiso<br>Emilio Cesar Cavalcante Melo da Silva<br>Jose Marcelo Silva Rocha<br>Lu\u00eds Am\u00e9rico Cal\u00e7ada<br>Rodrigo Fernando de Oliveira Borges<br>S\u00e9rgio da Cruz Magalh\u00e3es Filho<\/p>\n","protected":false},"excerpt":{"rendered":"<p>N\u00b0 DO PEDIDO BR 51 2022 003643 6 INVENTORES E COLABORADORES Beatriz Rosas de OliveiraBruno Francisco OechslerCaroline Euline Gon\u00e7alves PereiraClaudia <a class=\"read-more\" href=\"https:\/\/institucional.ufrrj.br\/nit\/simulador-termico-para-operacoes-em-flexitubos\/ \" >&#8230; <span class=\"font-italic\">leia mais <i class=\"fas fa-angle-right\"><\/i><\/span><\/a><\/p>\n","protected":false},"author":858,"featured_media":0,"parent":0,"menu_order":0,"comment_status":"closed","ping_status":"closed","template":"","meta":{"_acf_changed":false,"footnotes":"","_links_to":"","_links_to_target":""},"class_list":["post-3070","page","type-page","status-publish","hentry"],"yoast_head":"<!-- This site is optimized with the Yoast SEO plugin v27.2 - https:\/\/yoast.com\/product\/yoast-seo-wordpress\/ -->\n<title>Simulador t\u00e9rmico para opera\u00e7\u00f5es em flexitubos - Ag\u00eancia de Inova\u00e7\u00e3o da UFRRJ<\/title>\n<meta name=\"robots\" content=\"index, follow, max-snippet:-1, max-image-preview:large, max-video-preview:-1\" \/>\n<link rel=\"canonical\" href=\"https:\/\/institucional.ufrrj.br\/nit\/simulador-termico-para-operacoes-em-flexitubos\/\" \/>\n<meta property=\"og:locale\" content=\"pt_BR\" \/>\n<meta property=\"og:type\" content=\"article\" \/>\n<meta property=\"og:title\" content=\"Simulador t\u00e9rmico para opera\u00e7\u00f5es em flexitubos - Ag\u00eancia de Inova\u00e7\u00e3o da UFRRJ\" \/>\n<meta property=\"og:description\" content=\"N\u00b0 DO PEDIDO BR 51 2022 003643 6 INVENTORES E COLABORADORES Beatriz Rosas de OliveiraBruno Francisco OechslerCaroline Euline Gon\u00e7alves PereiraClaudia ... leia mais\" \/>\n<meta property=\"og:url\" content=\"https:\/\/institucional.ufrrj.br\/nit\/simulador-termico-para-operacoes-em-flexitubos\/\" \/>\n<meta property=\"og:site_name\" content=\"Ag\u00eancia de Inova\u00e7\u00e3o da UFRRJ\" \/>\n<meta property=\"article:modified_time\" content=\"2024-09-10T18:13:11+00:00\" \/>\n<meta name=\"twitter:card\" content=\"summary_large_image\" \/>\n<meta name=\"twitter:label1\" content=\"Est. tempo de leitura\" \/>\n\t<meta name=\"twitter:data1\" content=\"1 minuto\" \/>\n<script type=\"application\/ld+json\" class=\"yoast-schema-graph\">{\"@context\":\"https:\/\/schema.org\",\"@graph\":[{\"@type\":\"WebPage\",\"@id\":\"https:\/\/institucional.ufrrj.br\/nit\/simulador-termico-para-operacoes-em-flexitubos\/\",\"url\":\"https:\/\/institucional.ufrrj.br\/nit\/simulador-termico-para-operacoes-em-flexitubos\/\",\"name\":\"Simulador t\u00e9rmico para opera\u00e7\u00f5es em flexitubos - Ag\u00eancia de Inova\u00e7\u00e3o da UFRRJ\",\"isPartOf\":{\"@id\":\"https:\/\/institucional.ufrrj.br\/nit\/#website\"},\"datePublished\":\"2024-09-10T18:13:10+00:00\",\"dateModified\":\"2024-09-10T18:13:11+00:00\",\"breadcrumb\":{\"@id\":\"https:\/\/institucional.ufrrj.br\/nit\/simulador-termico-para-operacoes-em-flexitubos\/#breadcrumb\"},\"inLanguage\":\"pt-BR\",\"potentialAction\":[{\"@type\":\"ReadAction\",\"target\":[\"https:\/\/institucional.ufrrj.br\/nit\/simulador-termico-para-operacoes-em-flexitubos\/\"]}]},{\"@type\":\"BreadcrumbList\",\"@id\":\"https:\/\/institucional.ufrrj.br\/nit\/simulador-termico-para-operacoes-em-flexitubos\/#breadcrumb\",\"itemListElement\":[{\"@type\":\"ListItem\",\"position\":1,\"name\":\"In\u00edcio\",\"item\":\"https:\/\/institucional.ufrrj.br\/nit\/\"},{\"@type\":\"ListItem\",\"position\":2,\"name\":\"Simulador t\u00e9rmico para opera\u00e7\u00f5es em flexitubos\"}]},{\"@type\":\"WebSite\",\"@id\":\"https:\/\/institucional.ufrrj.br\/nit\/#website\",\"url\":\"https:\/\/institucional.ufrrj.br\/nit\/\",\"name\":\"Ag\u00eancia de Inova\u00e7\u00e3o UFRRJ\",\"description\":\"UFRRJ\",\"potentialAction\":[{\"@type\":\"SearchAction\",\"target\":{\"@type\":\"EntryPoint\",\"urlTemplate\":\"https:\/\/institucional.ufrrj.br\/nit\/?s={search_term_string}\"},\"query-input\":{\"@type\":\"PropertyValueSpecification\",\"valueRequired\":true,\"valueName\":\"search_term_string\"}}],\"inLanguage\":\"pt-BR\"}]}<\/script>\n<!-- \/ Yoast SEO plugin. -->","yoast_head_json":{"title":"Simulador t\u00e9rmico para opera\u00e7\u00f5es em flexitubos - Ag\u00eancia de Inova\u00e7\u00e3o da UFRRJ","robots":{"index":"index","follow":"follow","max-snippet":"max-snippet:-1","max-image-preview":"max-image-preview:large","max-video-preview":"max-video-preview:-1"},"canonical":"https:\/\/institucional.ufrrj.br\/nit\/simulador-termico-para-operacoes-em-flexitubos\/","og_locale":"pt_BR","og_type":"article","og_title":"Simulador t\u00e9rmico para opera\u00e7\u00f5es em flexitubos - Ag\u00eancia de Inova\u00e7\u00e3o da UFRRJ","og_description":"N\u00b0 DO PEDIDO BR 51 2022 003643 6 INVENTORES E COLABORADORES Beatriz Rosas de OliveiraBruno Francisco OechslerCaroline Euline Gon\u00e7alves PereiraClaudia ... leia mais","og_url":"https:\/\/institucional.ufrrj.br\/nit\/simulador-termico-para-operacoes-em-flexitubos\/","og_site_name":"Ag\u00eancia de Inova\u00e7\u00e3o da UFRRJ","article_modified_time":"2024-09-10T18:13:11+00:00","twitter_card":"summary_large_image","twitter_misc":{"Est. tempo de leitura":"1 minuto"},"schema":{"@context":"https:\/\/schema.org","@graph":[{"@type":"WebPage","@id":"https:\/\/institucional.ufrrj.br\/nit\/simulador-termico-para-operacoes-em-flexitubos\/","url":"https:\/\/institucional.ufrrj.br\/nit\/simulador-termico-para-operacoes-em-flexitubos\/","name":"Simulador t\u00e9rmico para opera\u00e7\u00f5es em flexitubos - Ag\u00eancia de Inova\u00e7\u00e3o da UFRRJ","isPartOf":{"@id":"https:\/\/institucional.ufrrj.br\/nit\/#website"},"datePublished":"2024-09-10T18:13:10+00:00","dateModified":"2024-09-10T18:13:11+00:00","breadcrumb":{"@id":"https:\/\/institucional.ufrrj.br\/nit\/simulador-termico-para-operacoes-em-flexitubos\/#breadcrumb"},"inLanguage":"pt-BR","potentialAction":[{"@type":"ReadAction","target":["https:\/\/institucional.ufrrj.br\/nit\/simulador-termico-para-operacoes-em-flexitubos\/"]}]},{"@type":"BreadcrumbList","@id":"https:\/\/institucional.ufrrj.br\/nit\/simulador-termico-para-operacoes-em-flexitubos\/#breadcrumb","itemListElement":[{"@type":"ListItem","position":1,"name":"In\u00edcio","item":"https:\/\/institucional.ufrrj.br\/nit\/"},{"@type":"ListItem","position":2,"name":"Simulador t\u00e9rmico para opera\u00e7\u00f5es em flexitubos"}]},{"@type":"WebSite","@id":"https:\/\/institucional.ufrrj.br\/nit\/#website","url":"https:\/\/institucional.ufrrj.br\/nit\/","name":"Ag\u00eancia de Inova\u00e7\u00e3o UFRRJ","description":"UFRRJ","potentialAction":[{"@type":"SearchAction","target":{"@type":"EntryPoint","urlTemplate":"https:\/\/institucional.ufrrj.br\/nit\/?s={search_term_string}"},"query-input":{"@type":"PropertyValueSpecification","valueRequired":true,"valueName":"search_term_string"}}],"inLanguage":"pt-BR"}]}},"acf":[],"_links":{"self":[{"href":"https:\/\/institucional.ufrrj.br\/nit\/wp-json\/wp\/v2\/pages\/3070","targetHints":{"allow":["GET"]}}],"collection":[{"href":"https:\/\/institucional.ufrrj.br\/nit\/wp-json\/wp\/v2\/pages"}],"about":[{"href":"https:\/\/institucional.ufrrj.br\/nit\/wp-json\/wp\/v2\/types\/page"}],"author":[{"embeddable":true,"href":"https:\/\/institucional.ufrrj.br\/nit\/wp-json\/wp\/v2\/users\/858"}],"replies":[{"embeddable":true,"href":"https:\/\/institucional.ufrrj.br\/nit\/wp-json\/wp\/v2\/comments?post=3070"}],"version-history":[{"count":1,"href":"https:\/\/institucional.ufrrj.br\/nit\/wp-json\/wp\/v2\/pages\/3070\/revisions"}],"predecessor-version":[{"id":3071,"href":"https:\/\/institucional.ufrrj.br\/nit\/wp-json\/wp\/v2\/pages\/3070\/revisions\/3071"}],"wp:attachment":[{"href":"https:\/\/institucional.ufrrj.br\/nit\/wp-json\/wp\/v2\/media?parent=3070"}],"curies":[{"name":"wp","href":"https:\/\/api.w.org\/{rel}","templated":true}]}}