{"id":2804,"date":"2024-07-30T16:34:04","date_gmt":"2024-07-30T19:34:04","guid":{"rendered":"https:\/\/institucional.ufrrj.br\/nit\/?page_id=2804"},"modified":"2024-07-30T16:34:04","modified_gmt":"2024-07-30T19:34:04","slug":"patente-materiais-avancados","status":"publish","type":"page","link":"https:\/\/institucional.ufrrj.br\/nit\/patente-materiais-avancados\/","title":{"rendered":"Materiais Avan\u00e7ados"},"content":{"rendered":"\n<h2 class=\"eplus-wrapper wp-block-heading\">T\u00edtulo: Filmes comest\u00edveis composto por microc\u00e1psulas<br>de betanina e gelatina e prepara\u00e7\u00e3o do mesmo<\/h2>\n\n\n\n<h3 class=\"eplus-wrapper wp-block-heading\"><strong>INPI:<\/strong> BR 10 2023 005163 4<\/h3>\n\n\n\n<h3 class=\"eplus-wrapper wp-block-heading\">Descri\u00e7\u00e3o<\/h3>\n\n\n\n<p class=\" eplus-wrapper\">produ\u00e7\u00e3o de filmes comest\u00edveis utilizando microc\u00e1psulas de betanina, gelatina e<br>glicerol.<\/p>\n","protected":false},"excerpt":{"rendered":"<p>T\u00edtulo: Filmes comest\u00edveis composto por microc\u00e1psulasde betanina e gelatina e prepara\u00e7\u00e3o do mesmo INPI: BR 10 2023 005163 4 Descri\u00e7\u00e3o <a class=\"read-more\" href=\"https:\/\/institucional.ufrrj.br\/nit\/patente-materiais-avancados\/ \" >&#8230; <span class=\"font-italic\">leia mais <i class=\"fas fa-angle-right\"><\/i><\/span><\/a><\/p>\n","protected":false},"author":858,"featured_media":0,"parent":0,"menu_order":0,"comment_status":"closed","ping_status":"closed","template":"","meta":{"_acf_changed":false,"footnotes":"","_links_to":"","_links_to_target":""},"class_list":["post-2804","page","type-page","status-publish","hentry"],"yoast_head":"<!-- This site is optimized with the Yoast SEO plugin v27.2 - https:\/\/yoast.com\/product\/yoast-seo-wordpress\/ -->\n<title>Materiais Avan\u00e7ados - Ag\u00eancia de Inova\u00e7\u00e3o da UFRRJ<\/title>\n<meta name=\"robots\" content=\"index, follow, max-snippet:-1, max-image-preview:large, max-video-preview:-1\" \/>\n<link rel=\"canonical\" href=\"https:\/\/institucional.ufrrj.br\/nit\/patente-materiais-avancados\/\" \/>\n<meta property=\"og:locale\" content=\"pt_BR\" \/>\n<meta property=\"og:type\" content=\"article\" \/>\n<meta property=\"og:title\" content=\"Materiais Avan\u00e7ados - Ag\u00eancia de Inova\u00e7\u00e3o da UFRRJ\" \/>\n<meta property=\"og:description\" content=\"T\u00edtulo: Filmes comest\u00edveis composto por microc\u00e1psulasde betanina e gelatina e prepara\u00e7\u00e3o do mesmo INPI: BR 10 2023 005163 4 Descri\u00e7\u00e3o ... leia mais\" \/>\n<meta property=\"og:url\" content=\"https:\/\/institucional.ufrrj.br\/nit\/patente-materiais-avancados\/\" \/>\n<meta property=\"og:site_name\" content=\"Ag\u00eancia de Inova\u00e7\u00e3o da UFRRJ\" \/>\n<meta name=\"twitter:card\" content=\"summary_large_image\" \/>\n<meta name=\"twitter:label1\" content=\"Est. tempo de leitura\" \/>\n\t<meta name=\"twitter:data1\" content=\"1 minuto\" \/>\n<script type=\"application\/ld+json\" class=\"yoast-schema-graph\">{\"@context\":\"https:\/\/schema.org\",\"@graph\":[{\"@type\":\"WebPage\",\"@id\":\"https:\/\/institucional.ufrrj.br\/nit\/patente-materiais-avancados\/\",\"url\":\"https:\/\/institucional.ufrrj.br\/nit\/patente-materiais-avancados\/\",\"name\":\"Materiais Avan\u00e7ados - Ag\u00eancia de Inova\u00e7\u00e3o da UFRRJ\",\"isPartOf\":{\"@id\":\"https:\/\/institucional.ufrrj.br\/nit\/#website\"},\"datePublished\":\"2024-07-30T19:34:04+00:00\",\"breadcrumb\":{\"@id\":\"https:\/\/institucional.ufrrj.br\/nit\/patente-materiais-avancados\/#breadcrumb\"},\"inLanguage\":\"pt-BR\",\"potentialAction\":[{\"@type\":\"ReadAction\",\"target\":[\"https:\/\/institucional.ufrrj.br\/nit\/patente-materiais-avancados\/\"]}]},{\"@type\":\"BreadcrumbList\",\"@id\":\"https:\/\/institucional.ufrrj.br\/nit\/patente-materiais-avancados\/#breadcrumb\",\"itemListElement\":[{\"@type\":\"ListItem\",\"position\":1,\"name\":\"In\u00edcio\",\"item\":\"https:\/\/institucional.ufrrj.br\/nit\/\"},{\"@type\":\"ListItem\",\"position\":2,\"name\":\"Materiais Avan\u00e7ados\"}]},{\"@type\":\"WebSite\",\"@id\":\"https:\/\/institucional.ufrrj.br\/nit\/#website\",\"url\":\"https:\/\/institucional.ufrrj.br\/nit\/\",\"name\":\"Ag\u00eancia de Inova\u00e7\u00e3o UFRRJ\",\"description\":\"UFRRJ\",\"potentialAction\":[{\"@type\":\"SearchAction\",\"target\":{\"@type\":\"EntryPoint\",\"urlTemplate\":\"https:\/\/institucional.ufrrj.br\/nit\/?s={search_term_string}\"},\"query-input\":{\"@type\":\"PropertyValueSpecification\",\"valueRequired\":true,\"valueName\":\"search_term_string\"}}],\"inLanguage\":\"pt-BR\"}]}<\/script>\n<!-- \/ Yoast SEO plugin. -->","yoast_head_json":{"title":"Materiais Avan\u00e7ados - Ag\u00eancia de Inova\u00e7\u00e3o da UFRRJ","robots":{"index":"index","follow":"follow","max-snippet":"max-snippet:-1","max-image-preview":"max-image-preview:large","max-video-preview":"max-video-preview:-1"},"canonical":"https:\/\/institucional.ufrrj.br\/nit\/patente-materiais-avancados\/","og_locale":"pt_BR","og_type":"article","og_title":"Materiais Avan\u00e7ados - Ag\u00eancia de Inova\u00e7\u00e3o da UFRRJ","og_description":"T\u00edtulo: Filmes comest\u00edveis composto por microc\u00e1psulasde betanina e gelatina e prepara\u00e7\u00e3o do mesmo INPI: BR 10 2023 005163 4 Descri\u00e7\u00e3o ... leia mais","og_url":"https:\/\/institucional.ufrrj.br\/nit\/patente-materiais-avancados\/","og_site_name":"Ag\u00eancia de Inova\u00e7\u00e3o da UFRRJ","twitter_card":"summary_large_image","twitter_misc":{"Est. tempo de leitura":"1 minuto"},"schema":{"@context":"https:\/\/schema.org","@graph":[{"@type":"WebPage","@id":"https:\/\/institucional.ufrrj.br\/nit\/patente-materiais-avancados\/","url":"https:\/\/institucional.ufrrj.br\/nit\/patente-materiais-avancados\/","name":"Materiais Avan\u00e7ados - Ag\u00eancia de Inova\u00e7\u00e3o da UFRRJ","isPartOf":{"@id":"https:\/\/institucional.ufrrj.br\/nit\/#website"},"datePublished":"2024-07-30T19:34:04+00:00","breadcrumb":{"@id":"https:\/\/institucional.ufrrj.br\/nit\/patente-materiais-avancados\/#breadcrumb"},"inLanguage":"pt-BR","potentialAction":[{"@type":"ReadAction","target":["https:\/\/institucional.ufrrj.br\/nit\/patente-materiais-avancados\/"]}]},{"@type":"BreadcrumbList","@id":"https:\/\/institucional.ufrrj.br\/nit\/patente-materiais-avancados\/#breadcrumb","itemListElement":[{"@type":"ListItem","position":1,"name":"In\u00edcio","item":"https:\/\/institucional.ufrrj.br\/nit\/"},{"@type":"ListItem","position":2,"name":"Materiais Avan\u00e7ados"}]},{"@type":"WebSite","@id":"https:\/\/institucional.ufrrj.br\/nit\/#website","url":"https:\/\/institucional.ufrrj.br\/nit\/","name":"Ag\u00eancia de Inova\u00e7\u00e3o UFRRJ","description":"UFRRJ","potentialAction":[{"@type":"SearchAction","target":{"@type":"EntryPoint","urlTemplate":"https:\/\/institucional.ufrrj.br\/nit\/?s={search_term_string}"},"query-input":{"@type":"PropertyValueSpecification","valueRequired":true,"valueName":"search_term_string"}}],"inLanguage":"pt-BR"}]}},"acf":[],"_links":{"self":[{"href":"https:\/\/institucional.ufrrj.br\/nit\/wp-json\/wp\/v2\/pages\/2804","targetHints":{"allow":["GET"]}}],"collection":[{"href":"https:\/\/institucional.ufrrj.br\/nit\/wp-json\/wp\/v2\/pages"}],"about":[{"href":"https:\/\/institucional.ufrrj.br\/nit\/wp-json\/wp\/v2\/types\/page"}],"author":[{"embeddable":true,"href":"https:\/\/institucional.ufrrj.br\/nit\/wp-json\/wp\/v2\/users\/858"}],"replies":[{"embeddable":true,"href":"https:\/\/institucional.ufrrj.br\/nit\/wp-json\/wp\/v2\/comments?post=2804"}],"version-history":[{"count":1,"href":"https:\/\/institucional.ufrrj.br\/nit\/wp-json\/wp\/v2\/pages\/2804\/revisions"}],"predecessor-version":[{"id":2805,"href":"https:\/\/institucional.ufrrj.br\/nit\/wp-json\/wp\/v2\/pages\/2804\/revisions\/2805"}],"wp:attachment":[{"href":"https:\/\/institucional.ufrrj.br\/nit\/wp-json\/wp\/v2\/media?parent=2804"}],"curies":[{"name":"wp","href":"https:\/\/api.w.org\/{rel}","templated":true}]}}