{"id":2801,"date":"2024-07-30T16:32:18","date_gmt":"2024-07-30T19:32:18","guid":{"rendered":"https:\/\/institucional.ufrrj.br\/nit\/?page_id=2801"},"modified":"2024-09-01T16:47:54","modified_gmt":"2024-09-01T19:47:54","slug":"patente-infraestrutura-para-pesquisa","status":"publish","type":"page","link":"https:\/\/institucional.ufrrj.br\/nit\/patente-infraestrutura-para-pesquisa\/","title":{"rendered":"Infraestrutura para Pesquisa"},"content":{"rendered":"\n<h3 class=\"eplus-wrapper wp-block-heading\">T\u00edtulo: Dispositivo e m\u00e9todo para fixa\u00e7\u00e3o, corte e suporte<br>para visualiza\u00e7\u00e3o da se\u00e7\u00e3o transversal de fibra para<br>microscopia<\/h3>\n\n\n\n<h3 class=\"eplus-wrapper wp-block-heading\"><strong>INPI:<\/strong> BR 10 2016 020340 6<\/h3>\n\n\n\n<h3 class=\"eplus-wrapper wp-block-heading\">Descri\u00e7\u00e3o<\/h3>\n\n\n\n<p class=\" eplus-wrapper\">A presente inven\u00e7\u00e3o refere-se a um dispositivo de an\u00e1lise de fibra t\u00eaxtil, no campo da identifica\u00e7\u00e3o da fibra, mais particularmente, a um dispositivo de suporte para corte da sec\u00e7\u00e3o transversal da fibra e suporte para sua visualiza\u00e7\u00e3o direta em microsc\u00f3pio \u00f3ptico e microsc\u00f3pio eletr\u00f4nico de varredura. O dispositivo proposto apresenta fun\u00e7\u00f5es m\u00faltiplas de fixa\u00e7\u00e3o, corte e suporte. Fibras muito finas como, por exemplo, cashmere, podem ser facilmente visualizadas neste .dispositivo, bem como qualquer outro tipo de fibra natural ou artificial. O dispositivo \u00e9 de f\u00e1cil constru\u00e7\u00e3o e pode ser confeccionado em impressora 3D e a depender do tamanho do dispositivo pode ser utilizado em microscopia \u00f3ptica e microscopia eletr\u00f4nica de varredura.<\/p>\n\n\n\n<h3 class=\"eplus-wrapper wp-block-heading\">T\u00edtulo: Esquema pr\u00e1tico para o estudo de rea\u00e7\u00e3o de apoio<br>em vigas r\u00edgidas, com e sem extremidade livre<\/h3>\n\n\n\n<h3 class=\"eplus-wrapper wp-block-heading\"><strong>INPI:<\/strong> BR 10 2023 011459 8<\/h3>\n\n\n\n<h3 class=\"eplus-wrapper wp-block-heading\">Descri\u00e7\u00e3o<\/h3>\n\n\n\n<p class=\" eplus-wrapper\">Trata-se de um produto compreendido por conjunto de pe\u00e7as que permitem representar o comportamento dos elementos de apoio de estruturas de vigas vigidas, com ou sem extremidade livre, capaz de se regenerar ap\u00f3s aliviado o carregamento.<\/p>\n","protected":false},"excerpt":{"rendered":"<p>T\u00edtulo: Dispositivo e m\u00e9todo para fixa\u00e7\u00e3o, corte e suportepara visualiza\u00e7\u00e3o da se\u00e7\u00e3o transversal de fibra paramicroscopia INPI: BR 10 2016 <a class=\"read-more\" href=\"https:\/\/institucional.ufrrj.br\/nit\/patente-infraestrutura-para-pesquisa\/ \" >&#8230; <span class=\"font-italic\">leia mais <i class=\"fas fa-angle-right\"><\/i><\/span><\/a><\/p>\n","protected":false},"author":858,"featured_media":0,"parent":0,"menu_order":0,"comment_status":"closed","ping_status":"closed","template":"","meta":{"_acf_changed":false,"footnotes":"","_links_to":"","_links_to_target":""},"class_list":["post-2801","page","type-page","status-publish","hentry"],"yoast_head":"<!-- This site is optimized with the Yoast SEO plugin v27.2 - https:\/\/yoast.com\/product\/yoast-seo-wordpress\/ -->\n<title>Infraestrutura para Pesquisa - Ag\u00eancia de Inova\u00e7\u00e3o da UFRRJ<\/title>\n<meta name=\"robots\" content=\"index, follow, max-snippet:-1, max-image-preview:large, max-video-preview:-1\" \/>\n<link rel=\"canonical\" href=\"https:\/\/institucional.ufrrj.br\/nit\/patente-infraestrutura-para-pesquisa\/\" \/>\n<meta property=\"og:locale\" content=\"pt_BR\" \/>\n<meta property=\"og:type\" content=\"article\" \/>\n<meta property=\"og:title\" content=\"Infraestrutura para Pesquisa - Ag\u00eancia de Inova\u00e7\u00e3o da UFRRJ\" \/>\n<meta property=\"og:description\" content=\"T\u00edtulo: Dispositivo e m\u00e9todo para fixa\u00e7\u00e3o, corte e suportepara visualiza\u00e7\u00e3o da se\u00e7\u00e3o transversal de fibra paramicroscopia INPI: BR 10 2016 ... leia mais\" \/>\n<meta property=\"og:url\" content=\"https:\/\/institucional.ufrrj.br\/nit\/patente-infraestrutura-para-pesquisa\/\" \/>\n<meta property=\"og:site_name\" content=\"Ag\u00eancia de Inova\u00e7\u00e3o da UFRRJ\" \/>\n<meta property=\"article:modified_time\" content=\"2024-09-01T19:47:54+00:00\" \/>\n<meta name=\"twitter:card\" content=\"summary_large_image\" \/>\n<meta name=\"twitter:label1\" content=\"Est. tempo de leitura\" \/>\n\t<meta name=\"twitter:data1\" content=\"2 minutos\" \/>\n<script type=\"application\/ld+json\" class=\"yoast-schema-graph\">{\"@context\":\"https:\/\/schema.org\",\"@graph\":[{\"@type\":\"WebPage\",\"@id\":\"https:\/\/institucional.ufrrj.br\/nit\/patente-infraestrutura-para-pesquisa\/\",\"url\":\"https:\/\/institucional.ufrrj.br\/nit\/patente-infraestrutura-para-pesquisa\/\",\"name\":\"Infraestrutura para Pesquisa - Ag\u00eancia de Inova\u00e7\u00e3o da UFRRJ\",\"isPartOf\":{\"@id\":\"https:\/\/institucional.ufrrj.br\/nit\/#website\"},\"datePublished\":\"2024-07-30T19:32:18+00:00\",\"dateModified\":\"2024-09-01T19:47:54+00:00\",\"breadcrumb\":{\"@id\":\"https:\/\/institucional.ufrrj.br\/nit\/patente-infraestrutura-para-pesquisa\/#breadcrumb\"},\"inLanguage\":\"pt-BR\",\"potentialAction\":[{\"@type\":\"ReadAction\",\"target\":[\"https:\/\/institucional.ufrrj.br\/nit\/patente-infraestrutura-para-pesquisa\/\"]}]},{\"@type\":\"BreadcrumbList\",\"@id\":\"https:\/\/institucional.ufrrj.br\/nit\/patente-infraestrutura-para-pesquisa\/#breadcrumb\",\"itemListElement\":[{\"@type\":\"ListItem\",\"position\":1,\"name\":\"In\u00edcio\",\"item\":\"https:\/\/institucional.ufrrj.br\/nit\/\"},{\"@type\":\"ListItem\",\"position\":2,\"name\":\"Infraestrutura para Pesquisa\"}]},{\"@type\":\"WebSite\",\"@id\":\"https:\/\/institucional.ufrrj.br\/nit\/#website\",\"url\":\"https:\/\/institucional.ufrrj.br\/nit\/\",\"name\":\"Ag\u00eancia de Inova\u00e7\u00e3o UFRRJ\",\"description\":\"UFRRJ\",\"potentialAction\":[{\"@type\":\"SearchAction\",\"target\":{\"@type\":\"EntryPoint\",\"urlTemplate\":\"https:\/\/institucional.ufrrj.br\/nit\/?s={search_term_string}\"},\"query-input\":{\"@type\":\"PropertyValueSpecification\",\"valueRequired\":true,\"valueName\":\"search_term_string\"}}],\"inLanguage\":\"pt-BR\"}]}<\/script>\n<!-- \/ Yoast SEO plugin. -->","yoast_head_json":{"title":"Infraestrutura para Pesquisa - Ag\u00eancia de Inova\u00e7\u00e3o da UFRRJ","robots":{"index":"index","follow":"follow","max-snippet":"max-snippet:-1","max-image-preview":"max-image-preview:large","max-video-preview":"max-video-preview:-1"},"canonical":"https:\/\/institucional.ufrrj.br\/nit\/patente-infraestrutura-para-pesquisa\/","og_locale":"pt_BR","og_type":"article","og_title":"Infraestrutura para Pesquisa - Ag\u00eancia de Inova\u00e7\u00e3o da UFRRJ","og_description":"T\u00edtulo: Dispositivo e m\u00e9todo para fixa\u00e7\u00e3o, corte e suportepara visualiza\u00e7\u00e3o da se\u00e7\u00e3o transversal de fibra paramicroscopia INPI: BR 10 2016 ... leia mais","og_url":"https:\/\/institucional.ufrrj.br\/nit\/patente-infraestrutura-para-pesquisa\/","og_site_name":"Ag\u00eancia de Inova\u00e7\u00e3o da UFRRJ","article_modified_time":"2024-09-01T19:47:54+00:00","twitter_card":"summary_large_image","twitter_misc":{"Est. tempo de leitura":"2 minutos"},"schema":{"@context":"https:\/\/schema.org","@graph":[{"@type":"WebPage","@id":"https:\/\/institucional.ufrrj.br\/nit\/patente-infraestrutura-para-pesquisa\/","url":"https:\/\/institucional.ufrrj.br\/nit\/patente-infraestrutura-para-pesquisa\/","name":"Infraestrutura para Pesquisa - Ag\u00eancia de Inova\u00e7\u00e3o da UFRRJ","isPartOf":{"@id":"https:\/\/institucional.ufrrj.br\/nit\/#website"},"datePublished":"2024-07-30T19:32:18+00:00","dateModified":"2024-09-01T19:47:54+00:00","breadcrumb":{"@id":"https:\/\/institucional.ufrrj.br\/nit\/patente-infraestrutura-para-pesquisa\/#breadcrumb"},"inLanguage":"pt-BR","potentialAction":[{"@type":"ReadAction","target":["https:\/\/institucional.ufrrj.br\/nit\/patente-infraestrutura-para-pesquisa\/"]}]},{"@type":"BreadcrumbList","@id":"https:\/\/institucional.ufrrj.br\/nit\/patente-infraestrutura-para-pesquisa\/#breadcrumb","itemListElement":[{"@type":"ListItem","position":1,"name":"In\u00edcio","item":"https:\/\/institucional.ufrrj.br\/nit\/"},{"@type":"ListItem","position":2,"name":"Infraestrutura para Pesquisa"}]},{"@type":"WebSite","@id":"https:\/\/institucional.ufrrj.br\/nit\/#website","url":"https:\/\/institucional.ufrrj.br\/nit\/","name":"Ag\u00eancia de Inova\u00e7\u00e3o UFRRJ","description":"UFRRJ","potentialAction":[{"@type":"SearchAction","target":{"@type":"EntryPoint","urlTemplate":"https:\/\/institucional.ufrrj.br\/nit\/?s={search_term_string}"},"query-input":{"@type":"PropertyValueSpecification","valueRequired":true,"valueName":"search_term_string"}}],"inLanguage":"pt-BR"}]}},"acf":[],"_links":{"self":[{"href":"https:\/\/institucional.ufrrj.br\/nit\/wp-json\/wp\/v2\/pages\/2801","targetHints":{"allow":["GET"]}}],"collection":[{"href":"https:\/\/institucional.ufrrj.br\/nit\/wp-json\/wp\/v2\/pages"}],"about":[{"href":"https:\/\/institucional.ufrrj.br\/nit\/wp-json\/wp\/v2\/types\/page"}],"author":[{"embeddable":true,"href":"https:\/\/institucional.ufrrj.br\/nit\/wp-json\/wp\/v2\/users\/858"}],"replies":[{"embeddable":true,"href":"https:\/\/institucional.ufrrj.br\/nit\/wp-json\/wp\/v2\/comments?post=2801"}],"version-history":[{"count":2,"href":"https:\/\/institucional.ufrrj.br\/nit\/wp-json\/wp\/v2\/pages\/2801\/revisions"}],"predecessor-version":[{"id":2989,"href":"https:\/\/institucional.ufrrj.br\/nit\/wp-json\/wp\/v2\/pages\/2801\/revisions\/2989"}],"wp:attachment":[{"href":"https:\/\/institucional.ufrrj.br\/nit\/wp-json\/wp\/v2\/media?parent=2801"}],"curies":[{"name":"wp","href":"https:\/\/api.w.org\/{rel}","templated":true}]}}