{"id":2798,"date":"2024-07-30T16:28:32","date_gmt":"2024-07-30T19:28:32","guid":{"rendered":"https:\/\/institucional.ufrrj.br\/nit\/?page_id=2798"},"modified":"2024-12-05T09:10:48","modified_gmt":"2024-12-05T12:10:48","slug":"patente-energia","status":"publish","type":"page","link":"https:\/\/institucional.ufrrj.br\/nit\/patente-energia\/","title":{"rendered":"Energia"},"content":{"rendered":"\n<h3 class=\" wp-block-heading eplus-wrapper\">T\u00edtulo: APARATO DE TERMINA\u00c7\u00c3O DE CABO TIPO SUPERCONDUTOR PARA USO COMO ELEMENTO DE TRANSI\u00c7\u00c3O EL\u00c9TRICA ENTRE SISTEMAS SUPERCONDUTORES E\/OU SISTEMAS EL\u00c9TRICOS CONVENCIONAIS<\/h3>\n\n\n\n<h3 class=\" wp-block-heading eplus-wrapper\"><strong>INPI:<\/strong> BR 10 2013 030945 1 B1<\/h3>\n\n\n\n<h3 class=\" wp-block-heading eplus-wrapper\">Descri\u00e7\u00e3o<\/h3>\n\n\n\n<p class=\" eplus-wrapper\">A presente patente de inven\u00e7\u00e3o refere-se a termina\u00e7\u00e3o de cabo supercondutor para conex\u00e3o a outros elementos de um sistema el\u00e9trico supercondutor e\/ou convencional de pot\u00eancia operando em corrente alternada (CA). O aparato da presente inven\u00e7\u00e3o pode ser aplicado a elementos e equipamentos el\u00e9tricos energizados (em especial cabos supercondutores e cabos met\u00e1licos, barramentos e pontos de conex\u00e3o el\u00e9trica, intersec\u00e7\u00e3o e deriva\u00e7\u00e3o de cabos), sem que haja a necessidade de conex\u00e3o f\u00edsica entre os elementos, supercondutores e met\u00e1licos, otimizando a constru\u00e7\u00e3o dos dispositivos<\/p>\n\n\n\n<h3 class=\" wp-block-heading eplus-wrapper\">T\u00edtulo: Sistema e medidor online de estabilidade el\u00e9trica<br>de fluido de perfura\u00e7\u00e3o<\/h3>\n\n\n\n<h3 class=\" wp-block-heading eplus-wrapper\"><strong>INPI:<\/strong> BR 10 2013 033584 3<\/h3>\n\n\n\n<h3 class=\" wp-block-heading eplus-wrapper\">Descri\u00e7\u00e3o<\/h3>\n\n\n\n<p class=\" eplus-wrapper\">Sistema e aparelho de controle automatizado para medir, analisar e o controlar da estabilidade el\u00e9trica de fluidos de po\u00e7os de perfura\u00e7\u00e3o.<\/p>\n\n\n\n<h3 class=\" wp-block-heading eplus-wrapper\">T\u00edtulo: Adi\u00e7\u00e3o de sais para aumento da taxa de rea\u00e7\u00e3o<br>na produ\u00e7\u00e3o de biodiesel e remo\u00e7\u00e3o de subprodutos<\/h3>\n\n\n\n<h3 class=\" wp-block-heading eplus-wrapper\"><strong>INPI:<\/strong> BR 10 2017 025027 0<\/h3>\n\n\n\n<h3 class=\" wp-block-heading eplus-wrapper\">Descri\u00e7\u00e3o<\/h3>\n\n\n\n<p class=\" eplus-wrapper\">Trata-se de processo empregado na s\u00edntese do biodiesel atrav\u00e9s de transesterifica\u00e7\u00e3o com catalisador alcalino homog\u00eaneo; os sais alcalinos e o catalisador alcalino &#8211; met\u00f3xidos ou hidr\u00f3xidos ? s\u00e3o dissolvidos em solu\u00e7\u00e3o alco\u00f3lica que \u00e9 ent\u00e3o misturada com a mat\u00e9ria prima; o uso de sais alcalinos com catalisador alcalino homog\u00eaneo nas rea\u00e7\u00f5es de transesterifica\u00e7\u00e3o empregadas para produzir biodiesel para o aumento da taxa da rea\u00e7\u00e3o e a efici\u00eancia da remo\u00e7\u00e3o do glicerol do biodiesel; os ditos sais s\u00e3o CH3CO2K, KI, KBr, KCI, CH3CO2Na e NaCI; o CH3CO2K e KCI s\u00e3o apropriados para diminuir o tempo requerido para a separa\u00e7\u00e3o do glicerol que prove o aumento na produtividade em uma planta que emprega esses aditivos; referido comportamento torna esses aditivos prop\u00edcios para minimizar a forma\u00e7\u00e3o de sab\u00f5es que poder\u00e3o aumentar o tempo requerido na separa\u00e7\u00e3o.<\/p>\n\n\n\n<h3 class=\" wp-block-heading eplus-wrapper\">T\u00edtulo: Sistema autom\u00e1tico de produ\u00e7\u00e3o de fluidos de<br>perfura\u00e7\u00e3o e corre\u00e7\u00e3o de suas propriedades fisico-<br>qu\u00edmicas<\/h3>\n\n\n\n<h3 class=\" wp-block-heading eplus-wrapper\"><strong>INPI:<\/strong> BR 10 2020 017173 9<\/h3>\n\n\n\n<h3 class=\" wp-block-heading eplus-wrapper\">Descri\u00e7\u00e3o<\/h3>\n\n\n\n<p class=\" eplus-wrapper\">A presente inven\u00e7\u00e3o trata do desenvolvimento de um sistema automatizado para produ\u00e7\u00e3o e controle de fluidos de perfura\u00e7\u00e3o, aplicados em po\u00e7os de petr\u00f3leo. A partir de um sistema autom\u00e1tico para a corre\u00e7\u00e3o das propriedades dos fluidos de perfura\u00e7\u00e3o, essas propriedades s\u00e3o monitoradas em tempo real e, por meio de algoritmos de controle pr\u00f3prios, insumos s\u00e3o dosados automaticamente de forma cont\u00ednua, de modo a manter o valor das propriedades dentro de uma faixa operacional segura, garantindo assim o sucesso da t\u00e9cnica de perfura\u00e7\u00e3o empregada. O sistema aplica-se a sondas de perfura\u00e7\u00e3o e seus sistemas de gerenciamento, produ\u00e7\u00e3o, e operacionaliza\u00e7\u00e3o de fluidos de perfura\u00e7\u00e3o.<\/p>\n","protected":false},"excerpt":{"rendered":"<p>T\u00edtulo: APARATO DE TERMINA\u00c7\u00c3O DE CABO TIPO SUPERCONDUTOR PARA USO COMO ELEMENTO DE TRANSI\u00c7\u00c3O EL\u00c9TRICA ENTRE SISTEMAS SUPERCONDUTORES E\/OU SISTEMAS <a class=\"read-more\" href=\"https:\/\/institucional.ufrrj.br\/nit\/patente-energia\/ \" >&#8230; <span class=\"font-italic\">leia mais <i class=\"fas fa-angle-right\"><\/i><\/span><\/a><\/p>\n","protected":false},"author":858,"featured_media":0,"parent":0,"menu_order":0,"comment_status":"closed","ping_status":"closed","template":"","meta":{"_acf_changed":false,"footnotes":"","_links_to":"","_links_to_target":""},"class_list":["post-2798","page","type-page","status-publish","hentry"],"yoast_head":"<!-- This site is optimized with the Yoast SEO plugin v27.2 - https:\/\/yoast.com\/product\/yoast-seo-wordpress\/ -->\n<title>Energia - Ag\u00eancia de Inova\u00e7\u00e3o da UFRRJ<\/title>\n<meta name=\"robots\" content=\"index, follow, max-snippet:-1, max-image-preview:large, max-video-preview:-1\" \/>\n<link rel=\"canonical\" href=\"https:\/\/institucional.ufrrj.br\/nit\/patente-energia\/\" \/>\n<meta property=\"og:locale\" content=\"pt_BR\" \/>\n<meta property=\"og:type\" content=\"article\" \/>\n<meta property=\"og:title\" content=\"Energia - Ag\u00eancia de Inova\u00e7\u00e3o da UFRRJ\" \/>\n<meta property=\"og:description\" content=\"T\u00edtulo: APARATO DE TERMINA\u00c7\u00c3O DE CABO TIPO SUPERCONDUTOR PARA USO COMO ELEMENTO DE TRANSI\u00c7\u00c3O EL\u00c9TRICA ENTRE SISTEMAS SUPERCONDUTORES E\/OU SISTEMAS ... leia mais\" \/>\n<meta property=\"og:url\" content=\"https:\/\/institucional.ufrrj.br\/nit\/patente-energia\/\" \/>\n<meta property=\"og:site_name\" content=\"Ag\u00eancia de Inova\u00e7\u00e3o da UFRRJ\" \/>\n<meta property=\"article:modified_time\" content=\"2024-12-05T12:10:48+00:00\" \/>\n<meta name=\"twitter:card\" content=\"summary_large_image\" \/>\n<meta name=\"twitter:label1\" content=\"Est. tempo de leitura\" \/>\n\t<meta name=\"twitter:data1\" content=\"3 minutos\" \/>\n<script type=\"application\/ld+json\" class=\"yoast-schema-graph\">{\"@context\":\"https:\/\/schema.org\",\"@graph\":[{\"@type\":\"WebPage\",\"@id\":\"https:\/\/institucional.ufrrj.br\/nit\/patente-energia\/\",\"url\":\"https:\/\/institucional.ufrrj.br\/nit\/patente-energia\/\",\"name\":\"Energia - Ag\u00eancia de Inova\u00e7\u00e3o da UFRRJ\",\"isPartOf\":{\"@id\":\"https:\/\/institucional.ufrrj.br\/nit\/#website\"},\"datePublished\":\"2024-07-30T19:28:32+00:00\",\"dateModified\":\"2024-12-05T12:10:48+00:00\",\"breadcrumb\":{\"@id\":\"https:\/\/institucional.ufrrj.br\/nit\/patente-energia\/#breadcrumb\"},\"inLanguage\":\"pt-BR\",\"potentialAction\":[{\"@type\":\"ReadAction\",\"target\":[\"https:\/\/institucional.ufrrj.br\/nit\/patente-energia\/\"]}]},{\"@type\":\"BreadcrumbList\",\"@id\":\"https:\/\/institucional.ufrrj.br\/nit\/patente-energia\/#breadcrumb\",\"itemListElement\":[{\"@type\":\"ListItem\",\"position\":1,\"name\":\"In\u00edcio\",\"item\":\"https:\/\/institucional.ufrrj.br\/nit\/\"},{\"@type\":\"ListItem\",\"position\":2,\"name\":\"Energia\"}]},{\"@type\":\"WebSite\",\"@id\":\"https:\/\/institucional.ufrrj.br\/nit\/#website\",\"url\":\"https:\/\/institucional.ufrrj.br\/nit\/\",\"name\":\"Ag\u00eancia de Inova\u00e7\u00e3o UFRRJ\",\"description\":\"UFRRJ\",\"potentialAction\":[{\"@type\":\"SearchAction\",\"target\":{\"@type\":\"EntryPoint\",\"urlTemplate\":\"https:\/\/institucional.ufrrj.br\/nit\/?s={search_term_string}\"},\"query-input\":{\"@type\":\"PropertyValueSpecification\",\"valueRequired\":true,\"valueName\":\"search_term_string\"}}],\"inLanguage\":\"pt-BR\"}]}<\/script>\n<!-- \/ Yoast SEO plugin. -->","yoast_head_json":{"title":"Energia - Ag\u00eancia de Inova\u00e7\u00e3o da UFRRJ","robots":{"index":"index","follow":"follow","max-snippet":"max-snippet:-1","max-image-preview":"max-image-preview:large","max-video-preview":"max-video-preview:-1"},"canonical":"https:\/\/institucional.ufrrj.br\/nit\/patente-energia\/","og_locale":"pt_BR","og_type":"article","og_title":"Energia - Ag\u00eancia de Inova\u00e7\u00e3o da UFRRJ","og_description":"T\u00edtulo: APARATO DE TERMINA\u00c7\u00c3O DE CABO TIPO SUPERCONDUTOR PARA USO COMO ELEMENTO DE TRANSI\u00c7\u00c3O EL\u00c9TRICA ENTRE SISTEMAS SUPERCONDUTORES E\/OU SISTEMAS ... leia mais","og_url":"https:\/\/institucional.ufrrj.br\/nit\/patente-energia\/","og_site_name":"Ag\u00eancia de Inova\u00e7\u00e3o da UFRRJ","article_modified_time":"2024-12-05T12:10:48+00:00","twitter_card":"summary_large_image","twitter_misc":{"Est. tempo de leitura":"3 minutos"},"schema":{"@context":"https:\/\/schema.org","@graph":[{"@type":"WebPage","@id":"https:\/\/institucional.ufrrj.br\/nit\/patente-energia\/","url":"https:\/\/institucional.ufrrj.br\/nit\/patente-energia\/","name":"Energia - Ag\u00eancia de Inova\u00e7\u00e3o da UFRRJ","isPartOf":{"@id":"https:\/\/institucional.ufrrj.br\/nit\/#website"},"datePublished":"2024-07-30T19:28:32+00:00","dateModified":"2024-12-05T12:10:48+00:00","breadcrumb":{"@id":"https:\/\/institucional.ufrrj.br\/nit\/patente-energia\/#breadcrumb"},"inLanguage":"pt-BR","potentialAction":[{"@type":"ReadAction","target":["https:\/\/institucional.ufrrj.br\/nit\/patente-energia\/"]}]},{"@type":"BreadcrumbList","@id":"https:\/\/institucional.ufrrj.br\/nit\/patente-energia\/#breadcrumb","itemListElement":[{"@type":"ListItem","position":1,"name":"In\u00edcio","item":"https:\/\/institucional.ufrrj.br\/nit\/"},{"@type":"ListItem","position":2,"name":"Energia"}]},{"@type":"WebSite","@id":"https:\/\/institucional.ufrrj.br\/nit\/#website","url":"https:\/\/institucional.ufrrj.br\/nit\/","name":"Ag\u00eancia de Inova\u00e7\u00e3o UFRRJ","description":"UFRRJ","potentialAction":[{"@type":"SearchAction","target":{"@type":"EntryPoint","urlTemplate":"https:\/\/institucional.ufrrj.br\/nit\/?s={search_term_string}"},"query-input":{"@type":"PropertyValueSpecification","valueRequired":true,"valueName":"search_term_string"}}],"inLanguage":"pt-BR"}]}},"acf":[],"_links":{"self":[{"href":"https:\/\/institucional.ufrrj.br\/nit\/wp-json\/wp\/v2\/pages\/2798","targetHints":{"allow":["GET"]}}],"collection":[{"href":"https:\/\/institucional.ufrrj.br\/nit\/wp-json\/wp\/v2\/pages"}],"about":[{"href":"https:\/\/institucional.ufrrj.br\/nit\/wp-json\/wp\/v2\/types\/page"}],"author":[{"embeddable":true,"href":"https:\/\/institucional.ufrrj.br\/nit\/wp-json\/wp\/v2\/users\/858"}],"replies":[{"embeddable":true,"href":"https:\/\/institucional.ufrrj.br\/nit\/wp-json\/wp\/v2\/comments?post=2798"}],"version-history":[{"count":4,"href":"https:\/\/institucional.ufrrj.br\/nit\/wp-json\/wp\/v2\/pages\/2798\/revisions"}],"predecessor-version":[{"id":3343,"href":"https:\/\/institucional.ufrrj.br\/nit\/wp-json\/wp\/v2\/pages\/2798\/revisions\/3343"}],"wp:attachment":[{"href":"https:\/\/institucional.ufrrj.br\/nit\/wp-json\/wp\/v2\/media?parent=2798"}],"curies":[{"name":"wp","href":"https:\/\/api.w.org\/{rel}","templated":true}]}}