{"id":2795,"date":"2024-07-30T16:25:33","date_gmt":"2024-07-30T19:25:33","guid":{"rendered":"https:\/\/institucional.ufrrj.br\/nit\/?page_id=2795"},"modified":"2024-09-01T16:37:35","modified_gmt":"2024-09-01T19:37:35","slug":"patente-clima-terra-e-agua","status":"publish","type":"page","link":"https:\/\/institucional.ufrrj.br\/nit\/patente-clima-terra-e-agua\/","title":{"rendered":"Clima, Terra e \u00c1gua"},"content":{"rendered":"\n<h3 class=\"eplus-wrapper wp-block-heading\">T\u00edtulo: Aplica\u00e7\u00e3o do granulado biocl\u00e1stico no processo<br>de remo\u00e7\u00e3o de f\u00f3sforo dissolvido no tratamento de \u00e1gua<br>e efluentes l\u00edquidos<\/h3>\n\n\n\n<h3 class=\"eplus-wrapper wp-block-heading\"><strong>INPI:<\/strong> BR 10 2019 026648 1<\/h3>\n\n\n\n<h3 class=\"eplus-wrapper wp-block-heading\">Descri\u00e7\u00e3o<\/h3>\n\n\n\n<p class=\" eplus-wrapper\">Aplica\u00e7\u00e3o diferenciada para o granulado biocl\u00e1stico constitu\u00eddo por Lithothamnium calcareum na remo\u00e7\u00e3o de f\u00f3sforo dissolvido em tratamento de \u00e1gua e efluentes l\u00edquidos, em tr\u00eas etapas: 1\u00aa) caracteriza\u00e7\u00e3o do Lithothamnium calcareum; 2\u00aa) Sor\u00e7\u00e3o de f\u00f3sforo dissolvido em solu\u00e7\u00f5es de KH2PO4 pelo Lithothamnium calcareum e 3\u00aa) Sor\u00e7\u00e3o de f\u00f3sforo dissolvido em lixiviado de aterro sanit\u00e1rio pelo Lithothamnium calcareum. O Lithothamnium calcareum \u00e9 o sorvente utilizado em seu estado natural e granulometria determinada. A t\u00e9cnica empregada \u00e9 o Jar Test e o fen\u00f4meno de intera\u00e7\u00e3o entre o sorvente e o f\u00f3sforo \u00e9 a sor\u00e7\u00e3o. Na intera\u00e7\u00e3o entre o granulado de Lithothamnium calcareum e as solu\u00e7\u00f5es contendo f\u00f3sforo ocorre a redu\u00e7\u00e3o significativa desse nutriente ao longo do tempo e que possibilita a visualiza\u00e7\u00e3o da aplica\u00e7\u00e3o em escala real. Trata ainda da versatilidade na utiliza\u00e7\u00e3o do granulado de acordo com a concentra\u00e7\u00e3o de f\u00f3sforo dissolvido presente em solu\u00e7\u00e3o.<\/p>\n","protected":false},"excerpt":{"rendered":"<p>T\u00edtulo: Aplica\u00e7\u00e3o do granulado biocl\u00e1stico no processode remo\u00e7\u00e3o de f\u00f3sforo dissolvido no tratamento de \u00e1guae efluentes l\u00edquidos INPI: BR 10 <a class=\"read-more\" href=\"https:\/\/institucional.ufrrj.br\/nit\/patente-clima-terra-e-agua\/ \" >&#8230; <span class=\"font-italic\">leia mais <i class=\"fas fa-angle-right\"><\/i><\/span><\/a><\/p>\n","protected":false},"author":858,"featured_media":0,"parent":0,"menu_order":0,"comment_status":"closed","ping_status":"closed","template":"","meta":{"_acf_changed":false,"footnotes":"","_links_to":"","_links_to_target":""},"class_list":["post-2795","page","type-page","status-publish","hentry"],"yoast_head":"<!-- This site is optimized with the Yoast SEO plugin v27.2 - https:\/\/yoast.com\/product\/yoast-seo-wordpress\/ -->\n<title>Clima, Terra e \u00c1gua - Ag\u00eancia de Inova\u00e7\u00e3o da UFRRJ<\/title>\n<meta name=\"robots\" content=\"index, follow, max-snippet:-1, max-image-preview:large, max-video-preview:-1\" \/>\n<link rel=\"canonical\" href=\"https:\/\/institucional.ufrrj.br\/nit\/patente-clima-terra-e-agua\/\" \/>\n<meta property=\"og:locale\" content=\"pt_BR\" \/>\n<meta property=\"og:type\" content=\"article\" \/>\n<meta property=\"og:title\" content=\"Clima, Terra e \u00c1gua - Ag\u00eancia de Inova\u00e7\u00e3o da UFRRJ\" \/>\n<meta property=\"og:description\" content=\"T\u00edtulo: Aplica\u00e7\u00e3o do granulado biocl\u00e1stico no processode remo\u00e7\u00e3o de f\u00f3sforo dissolvido no tratamento de \u00e1guae efluentes l\u00edquidos INPI: BR 10 ... leia mais\" \/>\n<meta property=\"og:url\" content=\"https:\/\/institucional.ufrrj.br\/nit\/patente-clima-terra-e-agua\/\" \/>\n<meta property=\"og:site_name\" content=\"Ag\u00eancia de Inova\u00e7\u00e3o da UFRRJ\" \/>\n<meta property=\"article:modified_time\" content=\"2024-09-01T19:37:35+00:00\" \/>\n<meta name=\"twitter:card\" content=\"summary_large_image\" \/>\n<meta name=\"twitter:label1\" content=\"Est. tempo de leitura\" \/>\n\t<meta name=\"twitter:data1\" content=\"1 minuto\" \/>\n<script type=\"application\/ld+json\" class=\"yoast-schema-graph\">{\"@context\":\"https:\/\/schema.org\",\"@graph\":[{\"@type\":\"WebPage\",\"@id\":\"https:\/\/institucional.ufrrj.br\/nit\/patente-clima-terra-e-agua\/\",\"url\":\"https:\/\/institucional.ufrrj.br\/nit\/patente-clima-terra-e-agua\/\",\"name\":\"Clima, Terra e \u00c1gua - Ag\u00eancia de Inova\u00e7\u00e3o da UFRRJ\",\"isPartOf\":{\"@id\":\"https:\/\/institucional.ufrrj.br\/nit\/#website\"},\"datePublished\":\"2024-07-30T19:25:33+00:00\",\"dateModified\":\"2024-09-01T19:37:35+00:00\",\"breadcrumb\":{\"@id\":\"https:\/\/institucional.ufrrj.br\/nit\/patente-clima-terra-e-agua\/#breadcrumb\"},\"inLanguage\":\"pt-BR\",\"potentialAction\":[{\"@type\":\"ReadAction\",\"target\":[\"https:\/\/institucional.ufrrj.br\/nit\/patente-clima-terra-e-agua\/\"]}]},{\"@type\":\"BreadcrumbList\",\"@id\":\"https:\/\/institucional.ufrrj.br\/nit\/patente-clima-terra-e-agua\/#breadcrumb\",\"itemListElement\":[{\"@type\":\"ListItem\",\"position\":1,\"name\":\"In\u00edcio\",\"item\":\"https:\/\/institucional.ufrrj.br\/nit\/\"},{\"@type\":\"ListItem\",\"position\":2,\"name\":\"Clima, Terra e \u00c1gua\"}]},{\"@type\":\"WebSite\",\"@id\":\"https:\/\/institucional.ufrrj.br\/nit\/#website\",\"url\":\"https:\/\/institucional.ufrrj.br\/nit\/\",\"name\":\"Ag\u00eancia de Inova\u00e7\u00e3o UFRRJ\",\"description\":\"UFRRJ\",\"potentialAction\":[{\"@type\":\"SearchAction\",\"target\":{\"@type\":\"EntryPoint\",\"urlTemplate\":\"https:\/\/institucional.ufrrj.br\/nit\/?s={search_term_string}\"},\"query-input\":{\"@type\":\"PropertyValueSpecification\",\"valueRequired\":true,\"valueName\":\"search_term_string\"}}],\"inLanguage\":\"pt-BR\"}]}<\/script>\n<!-- \/ Yoast SEO plugin. -->","yoast_head_json":{"title":"Clima, Terra e \u00c1gua - Ag\u00eancia de Inova\u00e7\u00e3o da UFRRJ","robots":{"index":"index","follow":"follow","max-snippet":"max-snippet:-1","max-image-preview":"max-image-preview:large","max-video-preview":"max-video-preview:-1"},"canonical":"https:\/\/institucional.ufrrj.br\/nit\/patente-clima-terra-e-agua\/","og_locale":"pt_BR","og_type":"article","og_title":"Clima, Terra e \u00c1gua - Ag\u00eancia de Inova\u00e7\u00e3o da UFRRJ","og_description":"T\u00edtulo: Aplica\u00e7\u00e3o do granulado biocl\u00e1stico no processode remo\u00e7\u00e3o de f\u00f3sforo dissolvido no tratamento de \u00e1guae efluentes l\u00edquidos INPI: BR 10 ... leia mais","og_url":"https:\/\/institucional.ufrrj.br\/nit\/patente-clima-terra-e-agua\/","og_site_name":"Ag\u00eancia de Inova\u00e7\u00e3o da UFRRJ","article_modified_time":"2024-09-01T19:37:35+00:00","twitter_card":"summary_large_image","twitter_misc":{"Est. tempo de leitura":"1 minuto"},"schema":{"@context":"https:\/\/schema.org","@graph":[{"@type":"WebPage","@id":"https:\/\/institucional.ufrrj.br\/nit\/patente-clima-terra-e-agua\/","url":"https:\/\/institucional.ufrrj.br\/nit\/patente-clima-terra-e-agua\/","name":"Clima, Terra e \u00c1gua - Ag\u00eancia de Inova\u00e7\u00e3o da UFRRJ","isPartOf":{"@id":"https:\/\/institucional.ufrrj.br\/nit\/#website"},"datePublished":"2024-07-30T19:25:33+00:00","dateModified":"2024-09-01T19:37:35+00:00","breadcrumb":{"@id":"https:\/\/institucional.ufrrj.br\/nit\/patente-clima-terra-e-agua\/#breadcrumb"},"inLanguage":"pt-BR","potentialAction":[{"@type":"ReadAction","target":["https:\/\/institucional.ufrrj.br\/nit\/patente-clima-terra-e-agua\/"]}]},{"@type":"BreadcrumbList","@id":"https:\/\/institucional.ufrrj.br\/nit\/patente-clima-terra-e-agua\/#breadcrumb","itemListElement":[{"@type":"ListItem","position":1,"name":"In\u00edcio","item":"https:\/\/institucional.ufrrj.br\/nit\/"},{"@type":"ListItem","position":2,"name":"Clima, Terra e \u00c1gua"}]},{"@type":"WebSite","@id":"https:\/\/institucional.ufrrj.br\/nit\/#website","url":"https:\/\/institucional.ufrrj.br\/nit\/","name":"Ag\u00eancia de Inova\u00e7\u00e3o UFRRJ","description":"UFRRJ","potentialAction":[{"@type":"SearchAction","target":{"@type":"EntryPoint","urlTemplate":"https:\/\/institucional.ufrrj.br\/nit\/?s={search_term_string}"},"query-input":{"@type":"PropertyValueSpecification","valueRequired":true,"valueName":"search_term_string"}}],"inLanguage":"pt-BR"}]}},"acf":[],"_links":{"self":[{"href":"https:\/\/institucional.ufrrj.br\/nit\/wp-json\/wp\/v2\/pages\/2795","targetHints":{"allow":["GET"]}}],"collection":[{"href":"https:\/\/institucional.ufrrj.br\/nit\/wp-json\/wp\/v2\/pages"}],"about":[{"href":"https:\/\/institucional.ufrrj.br\/nit\/wp-json\/wp\/v2\/types\/page"}],"author":[{"embeddable":true,"href":"https:\/\/institucional.ufrrj.br\/nit\/wp-json\/wp\/v2\/users\/858"}],"replies":[{"embeddable":true,"href":"https:\/\/institucional.ufrrj.br\/nit\/wp-json\/wp\/v2\/comments?post=2795"}],"version-history":[{"count":2,"href":"https:\/\/institucional.ufrrj.br\/nit\/wp-json\/wp\/v2\/pages\/2795\/revisions"}],"predecessor-version":[{"id":2985,"href":"https:\/\/institucional.ufrrj.br\/nit\/wp-json\/wp\/v2\/pages\/2795\/revisions\/2985"}],"wp:attachment":[{"href":"https:\/\/institucional.ufrrj.br\/nit\/wp-json\/wp\/v2\/media?parent=2795"}],"curies":[{"name":"wp","href":"https:\/\/api.w.org\/{rel}","templated":true}]}}