{"id":2787,"date":"2024-07-30T16:19:14","date_gmt":"2024-07-30T19:19:14","guid":{"rendered":"https:\/\/institucional.ufrrj.br\/nit\/?page_id=2787"},"modified":"2024-12-05T09:03:09","modified_gmt":"2024-12-05T12:03:09","slug":"patente-agronegocio","status":"publish","type":"page","link":"https:\/\/institucional.ufrrj.br\/nit\/patente-agronegocio\/","title":{"rendered":"Agroneg\u00f3cio"},"content":{"rendered":"\n<h3 class=\" wp-block-heading eplus-wrapper\">T\u00edtulo: Composi\u00e7\u00f5es polim\u00e9ricas contendo inoculante<br>rizobiano, usos das mesmas e sementes tratadas com as<br>composi\u00e7\u00f5es<\/h3>\n\n\n\n<h3 class=\" wp-block-heading eplus-wrapper\"><strong>INPI: PI 0506338-8 A2<\/strong><\/h3>\n\n\n\n<h3 class=\" wp-block-heading eplus-wrapper\">Descri\u00e7\u00e3o<\/h3>\n\n\n\n<p class=\" eplus-wrapper\">Composi\u00e7\u00f5es polim\u00e9ricas contendo inoculante rizobiano, usos das mesmas e sementes tratadas com as composi\u00e7\u00f5es presente inven\u00e7\u00e3o se refere a composi\u00e7\u00f5es polim\u00e9ricas contendo inoculante rizobiano compreendendo: (a) uma suspens\u00e3o aquosa contendo c\u00e9lulas de microrganismos do g\u00eanero Rhizobium; (b) um ve\u00edculo, em forma de gel, para o inoculante rizobiano compreendendo: (i) um pol\u00edmero derivado de cululose, sol\u00favel em \u00e1gua, selecionado do grupo consistindo de carboximetilcelulose, \u00e9steres de carboximetilcelulose, sais de metal alcalino de carboximetilcelulose, hidroxipropil celulose, hidroxipropilmetil celulose, hidroxietil celulose e misturas dos mesmos; (ii) uma fonte de carbono, preferencialmente um carboidrato, selecionado do grupo consistindo de amido; amido modificado; manitol; glicose; dextrina; polidextrina; maltodextrina ou suas misturas (iii) opcionalmente, um agente de compabiliza\u00e7\u00e3o da mistura (iv) opcionalmente, aditivos nutrientes ou fatores de crescimento selecionado do grupo consistindo de a\u00e7\u00facares, amino\u00e1cidos, prote\u00ednas, sais e semelhantes, ou suas misturas; (v) opcionalmente adjuvantes selecionados de agentes osm\u00f3tico-reguladores, agentes de tamponamento ou de ajuste de pH; (c) \u00e1gua em quantidade suficiente para formar o gel de pol\u00edmeros e manter as c\u00e9lulas dos microrganismos do g\u00eaneros Rhizobium vi\u00e1veis, com a condi\u00e7\u00e3o de n\u00e3o haver \u00e1gua livre para o crescimento de microrganismos competidores com as c\u00e9lulas de riz\u00f3bio. De acordo com a presente inven\u00e7\u00e3o, \u00e9 previsto o uso da composi\u00e7\u00e3o polim\u00e9rica contendo inoculante rizobiano no tratamento de sementes destinas ao plantio ou no solo, nas vizinhan\u00e7as das ra\u00edzes para permitir a simbiose c\u00e9lulas de rizobio &#8211; ra\u00edzes. S\u00e3o ainda providas de plantas leguminosas ou n\u00e3o-leguminosas tratadas com a composi\u00e7\u00e3o polim\u00e9rica contendo rizobiano da inven\u00e7\u00e3o.<\/p>\n\n\n\n<h3 class=\" wp-block-heading eplus-wrapper\">T\u00edtulo: Composi\u00e7\u00f5es polim\u00e9ricas contendo inoculante de rizobact\u00e9rias promotoras de crescimento, usos das mesmas e material propagativo de cana-de-a\u00e7\u00facar tratado com as composi\u00e7\u00f5es<\/h3>\n\n\n\n<h3 class=\" wp-block-heading eplus-wrapper\"><strong>INPI:<\/strong> C1 0506338-8<\/h3>\n\n\n\n<h3 class=\" wp-block-heading eplus-wrapper\">Descri\u00e7\u00e3o<\/h3>\n\n\n\n<p class=\" eplus-wrapper\">O presente Certificado de Adi\u00e7\u00e3o de Inven\u00e7\u00e3o refere-se \u00e0 aplica\u00e7\u00e3o na cultura da cana-de-a\u00e7\u00facar de composi\u00e7\u00f5es contendo inoculante de rizobact\u00e9rias promotoras de crescimento de planta compreendendo: (a) uma suspens\u00e3o aquosa contendo c\u00e9lulas de pelo menos uma rizobact\u00e9ria selecionada de rizobact\u00e9rias promotoras de crescimento de planta; (b) um ve\u00edculo, em forma de gel, para os inoculantes compreendendo: (i) um pol\u00edmero derivado de celulose, sol\u00favel em \u00e1gua; (ii) uma fonte de carbono; (iii) opcionalmente, um agente de compatibiliza\u00e7\u00e3o para a mistura; (iv) opcionalmente, aditivos nutrientes ou fatores de crescimento; (v) opcionalmente, adjuvantes; (c) \u00e1gua em quantidade suficiente para formar o gel de pol\u00edmero e manter vi\u00e1veis as c\u00e9lulas dos microrganismos.<\/p>\n\n\n\n<h3 class=\" wp-block-heading eplus-wrapper\">T\u00edtulo: Composi\u00e7\u00e3o inoculante, uso da composi\u00e7\u00e3o inoculante, sementes ou partes de plantas tratadas com a composi\u00e7\u00e3o inoculante<\/h3>\n\n\n\n<h3 class=\" wp-block-heading eplus-wrapper\"><strong>INPI: <\/strong>BR 10 2015 025497 0<\/h3>\n\n\n\n<h3 class=\" wp-block-heading eplus-wrapper\">Descri\u00e7\u00e3o<\/h3>\n\n\n\n<p class=\" eplus-wrapper\">A presente inven\u00e7\u00e3o apresenta uma composi\u00e7\u00e3o inoculante que compreende c\u00e9lulas microbianas, pol\u00edmero e biomassa de microalgas, e sua utiliza\u00e7\u00e3o na formula\u00e7\u00e3o de inoculantes biol\u00f3gicos para aplica\u00e7\u00e3o agr\u00edcola. A composi\u00e7\u00e3o al\u00e9m de garantir a viabilidade celular foi capaz de aumentar cerca de 100 vezes o n\u00famero de c\u00e9lulas, o que pode levar a uma redu\u00e7\u00e3o substancial dos custos de produ\u00e7\u00e3o. Apontam-se ainda como vantagens o fato da composi\u00e7\u00e3o ser biodegrad\u00e1vel, utilizar materiais facilmente dispon\u00edveis e conter quantidade de \u00e1gua reduzida o que facilita o transporte.<\/p>\n\n\n\n<h3 class=\" wp-block-heading eplus-wrapper\">T\u00edtulo: Formula\u00e7\u00f5es de inoculante microbiano \u00e0 base de<br>misturas polim\u00e9ricas contendo biopol\u00edmeros, uso da<br>formula\u00e7\u00e3o de inoculante, sementes ou partes de plantas<br>tratadas com a composi\u00e7\u00e3o inoculante<\/h3>\n\n\n\n<h3 class=\" wp-block-heading eplus-wrapper\"><strong>INPI:<\/strong> BR 10 2017 020884 2<\/h3>\n\n\n\n<h3 class=\" wp-block-heading eplus-wrapper\">Descri\u00e7\u00e3o<\/h3>\n\n\n\n<p class=\" eplus-wrapper\">A presente inven\u00e7\u00e3o refere-se a um ve\u00edculo de inocula\u00e7\u00e3o composto pela mistura de um biopol\u00edmero de origem microbiana do tipo exopolissacar\u00eddeo (EPS) e um pol\u00edmero derivado da celulose para formula\u00e7\u00f5es de estirpes microbianas promotoras do crescimento de plantas para uso em sistemas agr\u00edcolas. A formula\u00e7\u00e3o proposta \u00e9 uma alternativa a turfa que \u00e9 bastante utilizada na preserva\u00e7\u00e3o de c\u00e9lulas microbianas vi\u00e1veis. No entanto, as turfas apropriadas para uso como ve\u00edculos de inocula\u00e7\u00e3o s\u00e3o aquelas que apresentam alto teor de mat\u00e9ria org\u00e2nica, por\u00e9m as turfeiras tropicais, de modo geral, n\u00e3o apresentam qualidade satisfat\u00f3ria e, n\u00e3o raro, se faz necess\u00e1rio a importa\u00e7\u00e3o do insumo. Acrescenta-se ainda que por apresentar uma alta carga microbiana h\u00e1 custos adicionais inerentes \u00e0 esteriliza\u00e7\u00e3o do insumo. A mistura carboximetilcelulose (CMC) \/ EPS, obtida por um processo simples e de baixo custo, foi capaz de manter a viabilidade de c\u00e9lulas da estirpe BR3267 de Bradyrhizobium yuanmingense na faixa de 108 a 109 UFC ml-1 por um per\u00edodo de at\u00e9 120 dias a temperatura ambiente. A adi\u00e7\u00e3o de 0,5% de EPS j\u00e1 \u00e9 suficiente para garantir a viabilidade celular. Dados obtidos atrav\u00e9s das an\u00e1lises reol\u00f3gicas, viscosim\u00e9tricas e espectrom\u00e9tricas na regi\u00e3o do infravermelho indicam a presen\u00e7a de intera\u00e7\u00f5es entre o EPS e o CMC, o que acarreta no aumento da estabilidade dimensional da mistura polim\u00e9rica (evita a separa\u00e7\u00e3o de fase), contribuindo para a sobreviv\u00eancia das c\u00e9lulas bacterianas. Essas caracter\u00edsticas revelam o potencial de uso da mistura polim\u00e9rica CMC\/EPS como ve\u00edculo de inocula\u00e7\u00e3o.<\/p>\n\n\n\n<h3 class=\" wp-block-heading eplus-wrapper\">T\u00edtulo: M\u00e1quina debastadora de cenoura<\/h3>\n\n\n\n<h3 class=\" wp-block-heading eplus-wrapper\"><strong>INPI: <\/strong>BR 10 2019 025742 3<\/h3>\n\n\n\n<h3 class=\" wp-block-heading eplus-wrapper\">Descri\u00e7\u00e3o<\/h3>\n\n\n\n<p class=\" eplus-wrapper\">M\u00e1quina debastadora de cenoura consiste em uma m\u00e1quina que realiza o processo de desbaste da cenoura de forma semi-mecanizada, poupando o trabalhador de empregar esfor\u00e7o bra\u00e7al e economizando tempo na realiza\u00e7\u00e3o do processo. Atuando na \u00e1rea de implementos agr\u00edcolas, este equipamento possui as fun\u00e7\u00f5es de arrancar o excesso de plantas de cenoura que germinaram no canteiro e dar espa\u00e7o \u00e0s plantas que n\u00e3o foram arrancadas para se desenvolverem com maior facilidade. Trata-se de uma haste de alum\u00ednio (1) fixada a um eixo cames fixo (3). Atravessando o eixo cames fixo (3) temos um eixo de transmiss\u00e3o (5) ao qual est\u00e1 fixado um disco dentado (6) que \u00e9 constitu\u00eddo por seis molas (7) de metal que est\u00e3o ligadas a seis pin\u00e7as (8) de metal que se movimentam conforme a rota\u00e7\u00e3o do disco dentado (6) sobre o cames(4) e promovem a abertura e o fechamento das molas(7), retirando o excesso de plantas. Ao eixo de transmiss\u00e3o (5) est\u00e3o fixados duas rodas (9) de tra\u00e7\u00e3o que ir\u00e3o transmitir o movimento girat\u00f3rio ao eixo. Cada mola (7) \u00e9 coberta com uma subst\u00e2ncia pl\u00e1stica anti-adesiva (10) na regi\u00e3o que entra em contato com a vegeta\u00e7\u00e3o da planta, o car\u00e1ter isolante erm\u00e9tico promovido pelo contato do pl\u00e1stico auxilia na retirada das plantas. O que torna o invento inovador \u00e9 o fato de que ele proporciona a retirada das plantas de forma r\u00e1pida e pode ser usado tanto pelo pequeno agricultor como pelos grandes produtores por ser um equipamento de manuseio manual e simples.<\/p>\n","protected":false},"excerpt":{"rendered":"<p>T\u00edtulo: Composi\u00e7\u00f5es polim\u00e9ricas contendo inoculanterizobiano, usos das mesmas e sementes tratadas com ascomposi\u00e7\u00f5es INPI: PI 0506338-8 A2 Descri\u00e7\u00e3o Composi\u00e7\u00f5es polim\u00e9ricas <a class=\"read-more\" href=\"https:\/\/institucional.ufrrj.br\/nit\/patente-agronegocio\/ \" >&#8230; <span class=\"font-italic\">leia mais <i class=\"fas fa-angle-right\"><\/i><\/span><\/a><\/p>\n","protected":false},"author":858,"featured_media":0,"parent":0,"menu_order":0,"comment_status":"closed","ping_status":"closed","template":"","meta":{"_acf_changed":false,"footnotes":"","_links_to":"","_links_to_target":""},"class_list":["post-2787","page","type-page","status-publish","hentry"],"yoast_head":"<!-- This site is optimized with the Yoast SEO plugin v27.2 - https:\/\/yoast.com\/product\/yoast-seo-wordpress\/ -->\n<title>Agroneg\u00f3cio - Ag\u00eancia de Inova\u00e7\u00e3o da UFRRJ<\/title>\n<meta name=\"robots\" content=\"index, follow, max-snippet:-1, max-image-preview:large, max-video-preview:-1\" \/>\n<link rel=\"canonical\" href=\"https:\/\/institucional.ufrrj.br\/nit\/patente-agronegocio\/\" \/>\n<meta property=\"og:locale\" content=\"pt_BR\" \/>\n<meta property=\"og:type\" content=\"article\" \/>\n<meta property=\"og:title\" content=\"Agroneg\u00f3cio - Ag\u00eancia de Inova\u00e7\u00e3o da UFRRJ\" \/>\n<meta property=\"og:description\" content=\"T\u00edtulo: Composi\u00e7\u00f5es polim\u00e9ricas contendo inoculanterizobiano, usos das mesmas e sementes tratadas com ascomposi\u00e7\u00f5es INPI: PI 0506338-8 A2 Descri\u00e7\u00e3o Composi\u00e7\u00f5es polim\u00e9ricas ... leia mais\" \/>\n<meta property=\"og:url\" content=\"https:\/\/institucional.ufrrj.br\/nit\/patente-agronegocio\/\" \/>\n<meta property=\"og:site_name\" content=\"Ag\u00eancia de Inova\u00e7\u00e3o da UFRRJ\" \/>\n<meta property=\"article:modified_time\" content=\"2024-12-05T12:03:09+00:00\" \/>\n<meta name=\"twitter:card\" content=\"summary_large_image\" \/>\n<meta name=\"twitter:label1\" content=\"Est. tempo de leitura\" \/>\n\t<meta name=\"twitter:data1\" content=\"6 minutos\" \/>\n<script type=\"application\/ld+json\" class=\"yoast-schema-graph\">{\"@context\":\"https:\/\/schema.org\",\"@graph\":[{\"@type\":\"WebPage\",\"@id\":\"https:\/\/institucional.ufrrj.br\/nit\/patente-agronegocio\/\",\"url\":\"https:\/\/institucional.ufrrj.br\/nit\/patente-agronegocio\/\",\"name\":\"Agroneg\u00f3cio - Ag\u00eancia de Inova\u00e7\u00e3o da UFRRJ\",\"isPartOf\":{\"@id\":\"https:\/\/institucional.ufrrj.br\/nit\/#website\"},\"datePublished\":\"2024-07-30T19:19:14+00:00\",\"dateModified\":\"2024-12-05T12:03:09+00:00\",\"breadcrumb\":{\"@id\":\"https:\/\/institucional.ufrrj.br\/nit\/patente-agronegocio\/#breadcrumb\"},\"inLanguage\":\"pt-BR\",\"potentialAction\":[{\"@type\":\"ReadAction\",\"target\":[\"https:\/\/institucional.ufrrj.br\/nit\/patente-agronegocio\/\"]}]},{\"@type\":\"BreadcrumbList\",\"@id\":\"https:\/\/institucional.ufrrj.br\/nit\/patente-agronegocio\/#breadcrumb\",\"itemListElement\":[{\"@type\":\"ListItem\",\"position\":1,\"name\":\"In\u00edcio\",\"item\":\"https:\/\/institucional.ufrrj.br\/nit\/\"},{\"@type\":\"ListItem\",\"position\":2,\"name\":\"Agroneg\u00f3cio\"}]},{\"@type\":\"WebSite\",\"@id\":\"https:\/\/institucional.ufrrj.br\/nit\/#website\",\"url\":\"https:\/\/institucional.ufrrj.br\/nit\/\",\"name\":\"Ag\u00eancia de Inova\u00e7\u00e3o UFRRJ\",\"description\":\"UFRRJ\",\"potentialAction\":[{\"@type\":\"SearchAction\",\"target\":{\"@type\":\"EntryPoint\",\"urlTemplate\":\"https:\/\/institucional.ufrrj.br\/nit\/?s={search_term_string}\"},\"query-input\":{\"@type\":\"PropertyValueSpecification\",\"valueRequired\":true,\"valueName\":\"search_term_string\"}}],\"inLanguage\":\"pt-BR\"}]}<\/script>\n<!-- \/ Yoast SEO plugin. -->","yoast_head_json":{"title":"Agroneg\u00f3cio - Ag\u00eancia de Inova\u00e7\u00e3o da UFRRJ","robots":{"index":"index","follow":"follow","max-snippet":"max-snippet:-1","max-image-preview":"max-image-preview:large","max-video-preview":"max-video-preview:-1"},"canonical":"https:\/\/institucional.ufrrj.br\/nit\/patente-agronegocio\/","og_locale":"pt_BR","og_type":"article","og_title":"Agroneg\u00f3cio - Ag\u00eancia de Inova\u00e7\u00e3o da UFRRJ","og_description":"T\u00edtulo: Composi\u00e7\u00f5es polim\u00e9ricas contendo inoculanterizobiano, usos das mesmas e sementes tratadas com ascomposi\u00e7\u00f5es INPI: PI 0506338-8 A2 Descri\u00e7\u00e3o Composi\u00e7\u00f5es polim\u00e9ricas ... leia mais","og_url":"https:\/\/institucional.ufrrj.br\/nit\/patente-agronegocio\/","og_site_name":"Ag\u00eancia de Inova\u00e7\u00e3o da UFRRJ","article_modified_time":"2024-12-05T12:03:09+00:00","twitter_card":"summary_large_image","twitter_misc":{"Est. tempo de leitura":"6 minutos"},"schema":{"@context":"https:\/\/schema.org","@graph":[{"@type":"WebPage","@id":"https:\/\/institucional.ufrrj.br\/nit\/patente-agronegocio\/","url":"https:\/\/institucional.ufrrj.br\/nit\/patente-agronegocio\/","name":"Agroneg\u00f3cio - Ag\u00eancia de Inova\u00e7\u00e3o da UFRRJ","isPartOf":{"@id":"https:\/\/institucional.ufrrj.br\/nit\/#website"},"datePublished":"2024-07-30T19:19:14+00:00","dateModified":"2024-12-05T12:03:09+00:00","breadcrumb":{"@id":"https:\/\/institucional.ufrrj.br\/nit\/patente-agronegocio\/#breadcrumb"},"inLanguage":"pt-BR","potentialAction":[{"@type":"ReadAction","target":["https:\/\/institucional.ufrrj.br\/nit\/patente-agronegocio\/"]}]},{"@type":"BreadcrumbList","@id":"https:\/\/institucional.ufrrj.br\/nit\/patente-agronegocio\/#breadcrumb","itemListElement":[{"@type":"ListItem","position":1,"name":"In\u00edcio","item":"https:\/\/institucional.ufrrj.br\/nit\/"},{"@type":"ListItem","position":2,"name":"Agroneg\u00f3cio"}]},{"@type":"WebSite","@id":"https:\/\/institucional.ufrrj.br\/nit\/#website","url":"https:\/\/institucional.ufrrj.br\/nit\/","name":"Ag\u00eancia de Inova\u00e7\u00e3o UFRRJ","description":"UFRRJ","potentialAction":[{"@type":"SearchAction","target":{"@type":"EntryPoint","urlTemplate":"https:\/\/institucional.ufrrj.br\/nit\/?s={search_term_string}"},"query-input":{"@type":"PropertyValueSpecification","valueRequired":true,"valueName":"search_term_string"}}],"inLanguage":"pt-BR"}]}},"acf":[],"_links":{"self":[{"href":"https:\/\/institucional.ufrrj.br\/nit\/wp-json\/wp\/v2\/pages\/2787","targetHints":{"allow":["GET"]}}],"collection":[{"href":"https:\/\/institucional.ufrrj.br\/nit\/wp-json\/wp\/v2\/pages"}],"about":[{"href":"https:\/\/institucional.ufrrj.br\/nit\/wp-json\/wp\/v2\/types\/page"}],"author":[{"embeddable":true,"href":"https:\/\/institucional.ufrrj.br\/nit\/wp-json\/wp\/v2\/users\/858"}],"replies":[{"embeddable":true,"href":"https:\/\/institucional.ufrrj.br\/nit\/wp-json\/wp\/v2\/comments?post=2787"}],"version-history":[{"count":3,"href":"https:\/\/institucional.ufrrj.br\/nit\/wp-json\/wp\/v2\/pages\/2787\/revisions"}],"predecessor-version":[{"id":3340,"href":"https:\/\/institucional.ufrrj.br\/nit\/wp-json\/wp\/v2\/pages\/2787\/revisions\/3340"}],"wp:attachment":[{"href":"https:\/\/institucional.ufrrj.br\/nit\/wp-json\/wp\/v2\/media?parent=2787"}],"curies":[{"name":"wp","href":"https:\/\/api.w.org\/{rel}","templated":true}]}}