{"id":2747,"date":"2024-07-17T20:10:58","date_gmt":"2024-07-17T23:10:58","guid":{"rendered":"https:\/\/institucional.ufrrj.br\/nit\/?page_id=2747"},"modified":"2024-09-10T12:33:34","modified_gmt":"2024-09-10T15:33:34","slug":"aicovid","status":"publish","type":"page","link":"https:\/\/institucional.ufrrj.br\/nit\/aicovid\/","title":{"rendered":"AICovid"},"content":{"rendered":"\n<h4 class=\"eplus-wrapper wp-block-heading\"><em>N\u00b0 DO PEDIDO<\/em><\/h4>\n\n\n\n<p class=\" eplus-wrapper\">BR 51 2020 002469 6<\/p>\n\n\n\n<h4 class=\"eplus-wrapper wp-block-heading\"><em>DESCRI\u00c7\u00c3O<\/em><\/h4>\n\n\n\n<p class=\" eplus-wrapper\">O sistema retorna a probabilidade de um paciente ter COVID-19 a partir de informa\u00e7\u00f5es a respeito de seus sintomas e exames de imagem. O paciente deve inserir seus sintomas, e radiografia como opcional, na ferramenta; ap\u00f3s esta etapa, a ferramenta indica uma probabilidade do paciente manifestar a doen\u00e7a bem como se a mesma \u00e9 considerada alta, m\u00e9dia ou baixa.<\/p>\n\n\n\n<h4 class=\"eplus-wrapper wp-block-heading\"><em>P\u00daBLICO ALVO<\/em><\/h4>\n\n\n\n<p class=\" eplus-wrapper\">Sa\u00fade Humana e Servi\u00e7os Sociais.<\/p>\n\n\n\n<h4 class=\"eplus-wrapper wp-block-heading\"><em>IMPORT\u00c2NCIA<\/em><\/h4>\n\n\n\n<p class=\" eplus-wrapper\">Facilitar o acesso a sa\u00fade e boas condi\u00e7\u00f5es de atendimento com solu\u00e7\u00f5es de baixo custo.<\/p>\n\n\n\n<h4 class=\"eplus-wrapper wp-block-heading\"><em>DIFERENCIAIS<\/em><\/h4>\n\n\n\n<p class=\" eplus-wrapper\">Possibilidade de utiliza\u00e7\u00e3o como triagem diagn\u00f3stica de pacientes sintom\u00e1ticos em ambientes com recursos diagn\u00f3sticos escassos.<\/p>\n\n\n\n<h4 class=\"eplus-wrapper wp-block-heading\"><em>INVENTORES E COLABORADORES<\/em><\/h4>\n\n\n\n<p class=\" eplus-wrapper\">Bruno Jos\u00e9 Dembogurski<br>Erito Marques de Souza Filho<br>Filipe Braida do Carmo<br>Leandro Guimaraes Marques Alvim<br>Rodrigo de Souza Tavares<\/p>\n","protected":false},"excerpt":{"rendered":"<p>N\u00b0 DO PEDIDO BR 51 2020 002469 6 DESCRI\u00c7\u00c3O O sistema retorna a probabilidade de um paciente ter COVID-19 a <a class=\"read-more\" href=\"https:\/\/institucional.ufrrj.br\/nit\/aicovid\/ \" >&#8230; <span class=\"font-italic\">leia mais <i class=\"fas fa-angle-right\"><\/i><\/span><\/a><\/p>\n","protected":false},"author":858,"featured_media":0,"parent":0,"menu_order":0,"comment_status":"closed","ping_status":"closed","template":"","meta":{"_acf_changed":false,"footnotes":"","_links_to":"","_links_to_target":""},"class_list":["post-2747","page","type-page","status-publish","hentry"],"yoast_head":"<!-- This site is optimized with the Yoast SEO plugin v27.2 - https:\/\/yoast.com\/product\/yoast-seo-wordpress\/ -->\n<title>AICovid - Ag\u00eancia de Inova\u00e7\u00e3o da UFRRJ<\/title>\n<meta name=\"robots\" content=\"index, follow, max-snippet:-1, max-image-preview:large, max-video-preview:-1\" \/>\n<link rel=\"canonical\" href=\"https:\/\/institucional.ufrrj.br\/nit\/aicovid\/\" \/>\n<meta property=\"og:locale\" content=\"pt_BR\" \/>\n<meta property=\"og:type\" content=\"article\" \/>\n<meta property=\"og:title\" content=\"AICovid - Ag\u00eancia de Inova\u00e7\u00e3o da UFRRJ\" \/>\n<meta property=\"og:description\" content=\"N\u00b0 DO PEDIDO BR 51 2020 002469 6 DESCRI\u00c7\u00c3O O sistema retorna a probabilidade de um paciente ter COVID-19 a ... leia mais\" \/>\n<meta property=\"og:url\" content=\"https:\/\/institucional.ufrrj.br\/nit\/aicovid\/\" \/>\n<meta property=\"og:site_name\" content=\"Ag\u00eancia de Inova\u00e7\u00e3o da UFRRJ\" \/>\n<meta property=\"article:modified_time\" content=\"2024-09-10T15:33:34+00:00\" \/>\n<meta name=\"twitter:card\" content=\"summary_large_image\" \/>\n<meta name=\"twitter:label1\" content=\"Est. tempo de leitura\" \/>\n\t<meta name=\"twitter:data1\" content=\"1 minuto\" \/>\n<script type=\"application\/ld+json\" class=\"yoast-schema-graph\">{\"@context\":\"https:\/\/schema.org\",\"@graph\":[{\"@type\":\"WebPage\",\"@id\":\"https:\/\/institucional.ufrrj.br\/nit\/aicovid\/\",\"url\":\"https:\/\/institucional.ufrrj.br\/nit\/aicovid\/\",\"name\":\"AICovid - Ag\u00eancia de Inova\u00e7\u00e3o da UFRRJ\",\"isPartOf\":{\"@id\":\"https:\/\/institucional.ufrrj.br\/nit\/#website\"},\"datePublished\":\"2024-07-17T23:10:58+00:00\",\"dateModified\":\"2024-09-10T15:33:34+00:00\",\"breadcrumb\":{\"@id\":\"https:\/\/institucional.ufrrj.br\/nit\/aicovid\/#breadcrumb\"},\"inLanguage\":\"pt-BR\",\"potentialAction\":[{\"@type\":\"ReadAction\",\"target\":[\"https:\/\/institucional.ufrrj.br\/nit\/aicovid\/\"]}]},{\"@type\":\"BreadcrumbList\",\"@id\":\"https:\/\/institucional.ufrrj.br\/nit\/aicovid\/#breadcrumb\",\"itemListElement\":[{\"@type\":\"ListItem\",\"position\":1,\"name\":\"In\u00edcio\",\"item\":\"https:\/\/institucional.ufrrj.br\/nit\/\"},{\"@type\":\"ListItem\",\"position\":2,\"name\":\"AICovid\"}]},{\"@type\":\"WebSite\",\"@id\":\"https:\/\/institucional.ufrrj.br\/nit\/#website\",\"url\":\"https:\/\/institucional.ufrrj.br\/nit\/\",\"name\":\"Ag\u00eancia de Inova\u00e7\u00e3o UFRRJ\",\"description\":\"UFRRJ\",\"potentialAction\":[{\"@type\":\"SearchAction\",\"target\":{\"@type\":\"EntryPoint\",\"urlTemplate\":\"https:\/\/institucional.ufrrj.br\/nit\/?s={search_term_string}\"},\"query-input\":{\"@type\":\"PropertyValueSpecification\",\"valueRequired\":true,\"valueName\":\"search_term_string\"}}],\"inLanguage\":\"pt-BR\"}]}<\/script>\n<!-- \/ Yoast SEO plugin. -->","yoast_head_json":{"title":"AICovid - Ag\u00eancia de Inova\u00e7\u00e3o da UFRRJ","robots":{"index":"index","follow":"follow","max-snippet":"max-snippet:-1","max-image-preview":"max-image-preview:large","max-video-preview":"max-video-preview:-1"},"canonical":"https:\/\/institucional.ufrrj.br\/nit\/aicovid\/","og_locale":"pt_BR","og_type":"article","og_title":"AICovid - Ag\u00eancia de Inova\u00e7\u00e3o da UFRRJ","og_description":"N\u00b0 DO PEDIDO BR 51 2020 002469 6 DESCRI\u00c7\u00c3O O sistema retorna a probabilidade de um paciente ter COVID-19 a ... leia mais","og_url":"https:\/\/institucional.ufrrj.br\/nit\/aicovid\/","og_site_name":"Ag\u00eancia de Inova\u00e7\u00e3o da UFRRJ","article_modified_time":"2024-09-10T15:33:34+00:00","twitter_card":"summary_large_image","twitter_misc":{"Est. tempo de leitura":"1 minuto"},"schema":{"@context":"https:\/\/schema.org","@graph":[{"@type":"WebPage","@id":"https:\/\/institucional.ufrrj.br\/nit\/aicovid\/","url":"https:\/\/institucional.ufrrj.br\/nit\/aicovid\/","name":"AICovid - Ag\u00eancia de Inova\u00e7\u00e3o da UFRRJ","isPartOf":{"@id":"https:\/\/institucional.ufrrj.br\/nit\/#website"},"datePublished":"2024-07-17T23:10:58+00:00","dateModified":"2024-09-10T15:33:34+00:00","breadcrumb":{"@id":"https:\/\/institucional.ufrrj.br\/nit\/aicovid\/#breadcrumb"},"inLanguage":"pt-BR","potentialAction":[{"@type":"ReadAction","target":["https:\/\/institucional.ufrrj.br\/nit\/aicovid\/"]}]},{"@type":"BreadcrumbList","@id":"https:\/\/institucional.ufrrj.br\/nit\/aicovid\/#breadcrumb","itemListElement":[{"@type":"ListItem","position":1,"name":"In\u00edcio","item":"https:\/\/institucional.ufrrj.br\/nit\/"},{"@type":"ListItem","position":2,"name":"AICovid"}]},{"@type":"WebSite","@id":"https:\/\/institucional.ufrrj.br\/nit\/#website","url":"https:\/\/institucional.ufrrj.br\/nit\/","name":"Ag\u00eancia de Inova\u00e7\u00e3o UFRRJ","description":"UFRRJ","potentialAction":[{"@type":"SearchAction","target":{"@type":"EntryPoint","urlTemplate":"https:\/\/institucional.ufrrj.br\/nit\/?s={search_term_string}"},"query-input":{"@type":"PropertyValueSpecification","valueRequired":true,"valueName":"search_term_string"}}],"inLanguage":"pt-BR"}]}},"acf":[],"_links":{"self":[{"href":"https:\/\/institucional.ufrrj.br\/nit\/wp-json\/wp\/v2\/pages\/2747","targetHints":{"allow":["GET"]}}],"collection":[{"href":"https:\/\/institucional.ufrrj.br\/nit\/wp-json\/wp\/v2\/pages"}],"about":[{"href":"https:\/\/institucional.ufrrj.br\/nit\/wp-json\/wp\/v2\/types\/page"}],"author":[{"embeddable":true,"href":"https:\/\/institucional.ufrrj.br\/nit\/wp-json\/wp\/v2\/users\/858"}],"replies":[{"embeddable":true,"href":"https:\/\/institucional.ufrrj.br\/nit\/wp-json\/wp\/v2\/comments?post=2747"}],"version-history":[{"count":2,"href":"https:\/\/institucional.ufrrj.br\/nit\/wp-json\/wp\/v2\/pages\/2747\/revisions"}],"predecessor-version":[{"id":3036,"href":"https:\/\/institucional.ufrrj.br\/nit\/wp-json\/wp\/v2\/pages\/2747\/revisions\/3036"}],"wp:attachment":[{"href":"https:\/\/institucional.ufrrj.br\/nit\/wp-json\/wp\/v2\/media?parent=2747"}],"curies":[{"name":"wp","href":"https:\/\/api.w.org\/{rel}","templated":true}]}}