{"id":2737,"date":"2024-07-17T19:55:26","date_gmt":"2024-07-17T22:55:26","guid":{"rendered":"https:\/\/institucional.ufrrj.br\/nit\/?page_id=2737"},"modified":"2024-09-10T12:28:41","modified_gmt":"2024-09-10T15:28:41","slug":"m-semear","status":"publish","type":"page","link":"https:\/\/institucional.ufrrj.br\/nit\/m-semear\/","title":{"rendered":"M-Semear"},"content":{"rendered":"\n<h4 class=\"eplus-wrapper wp-block-heading\"><em>N\u00b0 DO PEDIDO<\/em><\/h4>\n\n\n\n<p class=\" eplus-wrapper\">BR 51 2019 002275 0<\/p>\n\n\n\n<h4 class=\"eplus-wrapper wp-block-heading\"><em>DESCRI\u00c7\u00c3O<\/em><\/h4>\n\n\n\n<p class=\" eplus-wrapper\">Ferramenta de apoio ao nu\u0301cleo de estudos em restaurac\u0327a\u0303o ecossiste\u0302mica do Instituto Terra em Aimore\u0301s-MG. Trata-se da versa\u0303o mo\u0301vel de uma base de dados com viveiros e suas espe\u0301cies cadastradas, mantida pelo Instituto Terra.<\/p>\n\n\n\n<h4 class=\"eplus-wrapper wp-block-heading\"><em>P\u00daBLICO ALVO<\/em><\/h4>\n\n\n\n<p class=\" eplus-wrapper\">Atividades Profissionais, Cient\u00edficas e T\u00e9cnicas; Informa\u00e7\u00e3o e comunica\u00e7\u00e3o; Educa\u00e7\u00e3o.<\/p>\n\n\n\n<h4 class=\"eplus-wrapper wp-block-heading\"><em>IMPORT\u00c2NCIA<\/em><\/h4>\n\n\n\n<p class=\" eplus-wrapper\">Conserva\u00e7\u00e3o e mapeamento da biodiversidade.<\/p>\n\n\n\n<h4 class=\"eplus-wrapper wp-block-heading\"><em>DIFERENCIAIS<\/em><\/h4>\n\n\n\n<p class=\" eplus-wrapper\">Pode ser utilizado offline.<\/p>\n\n\n\n<h4 class=\"eplus-wrapper wp-block-heading\"><em>INVENTORES E COLABORADORES<\/em><\/h4>\n\n\n\n<p class=\" eplus-wrapper\">Hunilson Luiz de Souza<br>Joao Batista Rodrigues de Abreu<\/p>\n","protected":false},"excerpt":{"rendered":"<p>N\u00b0 DO PEDIDO BR 51 2019 002275 0 DESCRI\u00c7\u00c3O Ferramenta de apoio ao nu\u0301cleo de estudos em restaurac\u0327a\u0303o ecossiste\u0302mica do <a class=\"read-more\" href=\"https:\/\/institucional.ufrrj.br\/nit\/m-semear\/ \" >&#8230; <span class=\"font-italic\">leia mais <i class=\"fas fa-angle-right\"><\/i><\/span><\/a><\/p>\n","protected":false},"author":858,"featured_media":0,"parent":0,"menu_order":0,"comment_status":"closed","ping_status":"closed","template":"","meta":{"_acf_changed":false,"footnotes":"","_links_to":"","_links_to_target":""},"class_list":["post-2737","page","type-page","status-publish","hentry"],"yoast_head":"<!-- This site is optimized with the Yoast SEO plugin v27.2 - https:\/\/yoast.com\/product\/yoast-seo-wordpress\/ -->\n<title>M-Semear - Ag\u00eancia de Inova\u00e7\u00e3o da UFRRJ<\/title>\n<meta name=\"robots\" content=\"index, follow, max-snippet:-1, max-image-preview:large, max-video-preview:-1\" \/>\n<link rel=\"canonical\" href=\"https:\/\/institucional.ufrrj.br\/nit\/m-semear\/\" \/>\n<meta property=\"og:locale\" content=\"pt_BR\" \/>\n<meta property=\"og:type\" content=\"article\" \/>\n<meta property=\"og:title\" content=\"M-Semear - Ag\u00eancia de Inova\u00e7\u00e3o da UFRRJ\" \/>\n<meta property=\"og:description\" content=\"N\u00b0 DO PEDIDO BR 51 2019 002275 0 DESCRI\u00c7\u00c3O Ferramenta de apoio ao nu\u0301cleo de estudos em restaurac\u0327a\u0303o ecossiste\u0302mica do ... leia mais\" \/>\n<meta property=\"og:url\" content=\"https:\/\/institucional.ufrrj.br\/nit\/m-semear\/\" \/>\n<meta property=\"og:site_name\" content=\"Ag\u00eancia de Inova\u00e7\u00e3o da UFRRJ\" \/>\n<meta property=\"article:modified_time\" content=\"2024-09-10T15:28:41+00:00\" \/>\n<meta name=\"twitter:card\" content=\"summary_large_image\" \/>\n<meta name=\"twitter:label1\" content=\"Est. tempo de leitura\" \/>\n\t<meta name=\"twitter:data1\" content=\"1 minuto\" \/>\n<script type=\"application\/ld+json\" class=\"yoast-schema-graph\">{\"@context\":\"https:\/\/schema.org\",\"@graph\":[{\"@type\":\"WebPage\",\"@id\":\"https:\/\/institucional.ufrrj.br\/nit\/m-semear\/\",\"url\":\"https:\/\/institucional.ufrrj.br\/nit\/m-semear\/\",\"name\":\"M-Semear - Ag\u00eancia de Inova\u00e7\u00e3o da UFRRJ\",\"isPartOf\":{\"@id\":\"https:\/\/institucional.ufrrj.br\/nit\/#website\"},\"datePublished\":\"2024-07-17T22:55:26+00:00\",\"dateModified\":\"2024-09-10T15:28:41+00:00\",\"breadcrumb\":{\"@id\":\"https:\/\/institucional.ufrrj.br\/nit\/m-semear\/#breadcrumb\"},\"inLanguage\":\"pt-BR\",\"potentialAction\":[{\"@type\":\"ReadAction\",\"target\":[\"https:\/\/institucional.ufrrj.br\/nit\/m-semear\/\"]}]},{\"@type\":\"BreadcrumbList\",\"@id\":\"https:\/\/institucional.ufrrj.br\/nit\/m-semear\/#breadcrumb\",\"itemListElement\":[{\"@type\":\"ListItem\",\"position\":1,\"name\":\"In\u00edcio\",\"item\":\"https:\/\/institucional.ufrrj.br\/nit\/\"},{\"@type\":\"ListItem\",\"position\":2,\"name\":\"M-Semear\"}]},{\"@type\":\"WebSite\",\"@id\":\"https:\/\/institucional.ufrrj.br\/nit\/#website\",\"url\":\"https:\/\/institucional.ufrrj.br\/nit\/\",\"name\":\"Ag\u00eancia de Inova\u00e7\u00e3o UFRRJ\",\"description\":\"UFRRJ\",\"potentialAction\":[{\"@type\":\"SearchAction\",\"target\":{\"@type\":\"EntryPoint\",\"urlTemplate\":\"https:\/\/institucional.ufrrj.br\/nit\/?s={search_term_string}\"},\"query-input\":{\"@type\":\"PropertyValueSpecification\",\"valueRequired\":true,\"valueName\":\"search_term_string\"}}],\"inLanguage\":\"pt-BR\"}]}<\/script>\n<!-- \/ Yoast SEO plugin. -->","yoast_head_json":{"title":"M-Semear - Ag\u00eancia de Inova\u00e7\u00e3o da UFRRJ","robots":{"index":"index","follow":"follow","max-snippet":"max-snippet:-1","max-image-preview":"max-image-preview:large","max-video-preview":"max-video-preview:-1"},"canonical":"https:\/\/institucional.ufrrj.br\/nit\/m-semear\/","og_locale":"pt_BR","og_type":"article","og_title":"M-Semear - Ag\u00eancia de Inova\u00e7\u00e3o da UFRRJ","og_description":"N\u00b0 DO PEDIDO BR 51 2019 002275 0 DESCRI\u00c7\u00c3O Ferramenta de apoio ao nu\u0301cleo de estudos em restaurac\u0327a\u0303o ecossiste\u0302mica do ... leia mais","og_url":"https:\/\/institucional.ufrrj.br\/nit\/m-semear\/","og_site_name":"Ag\u00eancia de Inova\u00e7\u00e3o da UFRRJ","article_modified_time":"2024-09-10T15:28:41+00:00","twitter_card":"summary_large_image","twitter_misc":{"Est. tempo de leitura":"1 minuto"},"schema":{"@context":"https:\/\/schema.org","@graph":[{"@type":"WebPage","@id":"https:\/\/institucional.ufrrj.br\/nit\/m-semear\/","url":"https:\/\/institucional.ufrrj.br\/nit\/m-semear\/","name":"M-Semear - Ag\u00eancia de Inova\u00e7\u00e3o da UFRRJ","isPartOf":{"@id":"https:\/\/institucional.ufrrj.br\/nit\/#website"},"datePublished":"2024-07-17T22:55:26+00:00","dateModified":"2024-09-10T15:28:41+00:00","breadcrumb":{"@id":"https:\/\/institucional.ufrrj.br\/nit\/m-semear\/#breadcrumb"},"inLanguage":"pt-BR","potentialAction":[{"@type":"ReadAction","target":["https:\/\/institucional.ufrrj.br\/nit\/m-semear\/"]}]},{"@type":"BreadcrumbList","@id":"https:\/\/institucional.ufrrj.br\/nit\/m-semear\/#breadcrumb","itemListElement":[{"@type":"ListItem","position":1,"name":"In\u00edcio","item":"https:\/\/institucional.ufrrj.br\/nit\/"},{"@type":"ListItem","position":2,"name":"M-Semear"}]},{"@type":"WebSite","@id":"https:\/\/institucional.ufrrj.br\/nit\/#website","url":"https:\/\/institucional.ufrrj.br\/nit\/","name":"Ag\u00eancia de Inova\u00e7\u00e3o UFRRJ","description":"UFRRJ","potentialAction":[{"@type":"SearchAction","target":{"@type":"EntryPoint","urlTemplate":"https:\/\/institucional.ufrrj.br\/nit\/?s={search_term_string}"},"query-input":{"@type":"PropertyValueSpecification","valueRequired":true,"valueName":"search_term_string"}}],"inLanguage":"pt-BR"}]}},"acf":[],"_links":{"self":[{"href":"https:\/\/institucional.ufrrj.br\/nit\/wp-json\/wp\/v2\/pages\/2737","targetHints":{"allow":["GET"]}}],"collection":[{"href":"https:\/\/institucional.ufrrj.br\/nit\/wp-json\/wp\/v2\/pages"}],"about":[{"href":"https:\/\/institucional.ufrrj.br\/nit\/wp-json\/wp\/v2\/types\/page"}],"author":[{"embeddable":true,"href":"https:\/\/institucional.ufrrj.br\/nit\/wp-json\/wp\/v2\/users\/858"}],"replies":[{"embeddable":true,"href":"https:\/\/institucional.ufrrj.br\/nit\/wp-json\/wp\/v2\/comments?post=2737"}],"version-history":[{"count":2,"href":"https:\/\/institucional.ufrrj.br\/nit\/wp-json\/wp\/v2\/pages\/2737\/revisions"}],"predecessor-version":[{"id":3032,"href":"https:\/\/institucional.ufrrj.br\/nit\/wp-json\/wp\/v2\/pages\/2737\/revisions\/3032"}],"wp:attachment":[{"href":"https:\/\/institucional.ufrrj.br\/nit\/wp-json\/wp\/v2\/media?parent=2737"}],"curies":[{"name":"wp","href":"https:\/\/api.w.org\/{rel}","templated":true}]}}