{"id":2727,"date":"2024-07-17T19:45:48","date_gmt":"2024-07-17T22:45:48","guid":{"rendered":"https:\/\/institucional.ufrrj.br\/nit\/?page_id=2727"},"modified":"2024-09-04T20:58:47","modified_gmt":"2024-09-04T23:58:47","slug":"opensoils-2-0-semantic-web","status":"publish","type":"page","link":"https:\/\/institucional.ufrrj.br\/nit\/opensoils-2-0-semantic-web\/","title":{"rendered":"OpenSoils 2.0 Semantic Web"},"content":{"rendered":"\n<h4 class=\"eplus-wrapper wp-block-heading\"><em>N\u00b0 DO PEDIDO<\/em><\/h4>\n\n\n\n<p class=\" eplus-wrapper\">BR 51 2023 003187 9<\/p>\n\n\n\n<h4 class=\"eplus-wrapper wp-block-heading\"><em>DESCRI\u00c7\u00c3O<\/em><\/h4>\n\n\n\n<p class=\" eplus-wrapper\">O programa OpenSoils 2.0 \u00e9 a atualiza\u00e7\u00e3o tecnol\u00f3gica da plataforma OpenSoils descrita acima. Al\u00e9m da proveni\u00eancia dos dados digitais presente no OpenSoils, o programa OpenSoils 2.0 apresenta um arcabou\u00e7o que contempla os princ\u00edpios FAIR [Sigla para Findable (Localiz\u00e1vel), Accessible (Acess\u00edvel), Interoperable (Interoper\u00e1vel) e Reusable (Reutiliz\u00e1vel)].<\/p>\n\n\n\n<h4 class=\"eplus-wrapper wp-block-heading\"><em>P\u00daBLICO ALVO<\/em><\/h4>\n\n\n\n<p class=\" eplus-wrapper\">Ped\u00f3logos e profissionais da \u00e1rea de agronomia.<\/p>\n\n\n\n<h4 class=\"eplus-wrapper wp-block-heading\"><em>IMPORT\u00c2NCIA<\/em><\/h4>\n\n\n\n<p class=\" eplus-wrapper\">Mapeamento e comunica\u00e7\u00e3o inteligente de dados.<\/p>\n\n\n\n<h4 class=\"eplus-wrapper wp-block-heading\"><em>DIFERENCIAIS<\/em><\/h4>\n\n\n\n<p class=\" eplus-wrapper\">Ser p\u00fablico e gratuito e promover inclus\u00e3o de pequenos, m\u00e9dios ou mesmo<br>grandes produtores no contexto da agricultura digital e preserva\u00e7\u00e3o dos solos.<\/p>\n\n\n\n<h4 class=\"eplus-wrapper wp-block-heading\"><em>INVENTORES E COLABORADORES<\/em><\/h4>\n\n\n\n<p class=\" eplus-wrapper\">Sabrina Santos Cruz de Oliveira<br>Sergio Manuel Serra da Cruz<\/p>\n","protected":false},"excerpt":{"rendered":"<p>N\u00b0 DO PEDIDO BR 51 2023 003187 9 DESCRI\u00c7\u00c3O O programa OpenSoils 2.0 \u00e9 a atualiza\u00e7\u00e3o tecnol\u00f3gica da plataforma OpenSoils <a class=\"read-more\" href=\"https:\/\/institucional.ufrrj.br\/nit\/opensoils-2-0-semantic-web\/ \" >&#8230; <span class=\"font-italic\">leia mais <i class=\"fas fa-angle-right\"><\/i><\/span><\/a><\/p>\n","protected":false},"author":858,"featured_media":0,"parent":0,"menu_order":0,"comment_status":"closed","ping_status":"closed","template":"","meta":{"_acf_changed":false,"footnotes":"","_links_to":"","_links_to_target":""},"class_list":["post-2727","page","type-page","status-publish","hentry"],"yoast_head":"<!-- This site is optimized with the Yoast SEO plugin v27.2 - https:\/\/yoast.com\/product\/yoast-seo-wordpress\/ -->\n<title>OpenSoils 2.0 Semantic Web - Ag\u00eancia de Inova\u00e7\u00e3o da UFRRJ<\/title>\n<meta name=\"robots\" content=\"index, follow, max-snippet:-1, max-image-preview:large, max-video-preview:-1\" \/>\n<link rel=\"canonical\" href=\"https:\/\/institucional.ufrrj.br\/nit\/opensoils-2-0-semantic-web\/\" \/>\n<meta property=\"og:locale\" content=\"pt_BR\" \/>\n<meta property=\"og:type\" content=\"article\" \/>\n<meta property=\"og:title\" content=\"OpenSoils 2.0 Semantic Web - Ag\u00eancia de Inova\u00e7\u00e3o da UFRRJ\" \/>\n<meta property=\"og:description\" content=\"N\u00b0 DO PEDIDO BR 51 2023 003187 9 DESCRI\u00c7\u00c3O O programa OpenSoils 2.0 \u00e9 a atualiza\u00e7\u00e3o tecnol\u00f3gica da plataforma OpenSoils ... leia mais\" \/>\n<meta property=\"og:url\" content=\"https:\/\/institucional.ufrrj.br\/nit\/opensoils-2-0-semantic-web\/\" \/>\n<meta property=\"og:site_name\" content=\"Ag\u00eancia de Inova\u00e7\u00e3o da UFRRJ\" \/>\n<meta property=\"article:modified_time\" content=\"2024-09-04T23:58:47+00:00\" \/>\n<meta name=\"twitter:card\" content=\"summary_large_image\" \/>\n<meta name=\"twitter:label1\" content=\"Est. tempo de leitura\" \/>\n\t<meta name=\"twitter:data1\" content=\"1 minuto\" \/>\n<script type=\"application\/ld+json\" class=\"yoast-schema-graph\">{\"@context\":\"https:\/\/schema.org\",\"@graph\":[{\"@type\":\"WebPage\",\"@id\":\"https:\/\/institucional.ufrrj.br\/nit\/opensoils-2-0-semantic-web\/\",\"url\":\"https:\/\/institucional.ufrrj.br\/nit\/opensoils-2-0-semantic-web\/\",\"name\":\"OpenSoils 2.0 Semantic Web - Ag\u00eancia de Inova\u00e7\u00e3o da UFRRJ\",\"isPartOf\":{\"@id\":\"https:\/\/institucional.ufrrj.br\/nit\/#website\"},\"datePublished\":\"2024-07-17T22:45:48+00:00\",\"dateModified\":\"2024-09-04T23:58:47+00:00\",\"breadcrumb\":{\"@id\":\"https:\/\/institucional.ufrrj.br\/nit\/opensoils-2-0-semantic-web\/#breadcrumb\"},\"inLanguage\":\"pt-BR\",\"potentialAction\":[{\"@type\":\"ReadAction\",\"target\":[\"https:\/\/institucional.ufrrj.br\/nit\/opensoils-2-0-semantic-web\/\"]}]},{\"@type\":\"BreadcrumbList\",\"@id\":\"https:\/\/institucional.ufrrj.br\/nit\/opensoils-2-0-semantic-web\/#breadcrumb\",\"itemListElement\":[{\"@type\":\"ListItem\",\"position\":1,\"name\":\"In\u00edcio\",\"item\":\"https:\/\/institucional.ufrrj.br\/nit\/\"},{\"@type\":\"ListItem\",\"position\":2,\"name\":\"OpenSoils 2.0 Semantic Web\"}]},{\"@type\":\"WebSite\",\"@id\":\"https:\/\/institucional.ufrrj.br\/nit\/#website\",\"url\":\"https:\/\/institucional.ufrrj.br\/nit\/\",\"name\":\"Ag\u00eancia de Inova\u00e7\u00e3o UFRRJ\",\"description\":\"UFRRJ\",\"potentialAction\":[{\"@type\":\"SearchAction\",\"target\":{\"@type\":\"EntryPoint\",\"urlTemplate\":\"https:\/\/institucional.ufrrj.br\/nit\/?s={search_term_string}\"},\"query-input\":{\"@type\":\"PropertyValueSpecification\",\"valueRequired\":true,\"valueName\":\"search_term_string\"}}],\"inLanguage\":\"pt-BR\"}]}<\/script>\n<!-- \/ Yoast SEO plugin. -->","yoast_head_json":{"title":"OpenSoils 2.0 Semantic Web - Ag\u00eancia de Inova\u00e7\u00e3o da UFRRJ","robots":{"index":"index","follow":"follow","max-snippet":"max-snippet:-1","max-image-preview":"max-image-preview:large","max-video-preview":"max-video-preview:-1"},"canonical":"https:\/\/institucional.ufrrj.br\/nit\/opensoils-2-0-semantic-web\/","og_locale":"pt_BR","og_type":"article","og_title":"OpenSoils 2.0 Semantic Web - Ag\u00eancia de Inova\u00e7\u00e3o da UFRRJ","og_description":"N\u00b0 DO PEDIDO BR 51 2023 003187 9 DESCRI\u00c7\u00c3O O programa OpenSoils 2.0 \u00e9 a atualiza\u00e7\u00e3o tecnol\u00f3gica da plataforma OpenSoils ... leia mais","og_url":"https:\/\/institucional.ufrrj.br\/nit\/opensoils-2-0-semantic-web\/","og_site_name":"Ag\u00eancia de Inova\u00e7\u00e3o da UFRRJ","article_modified_time":"2024-09-04T23:58:47+00:00","twitter_card":"summary_large_image","twitter_misc":{"Est. tempo de leitura":"1 minuto"},"schema":{"@context":"https:\/\/schema.org","@graph":[{"@type":"WebPage","@id":"https:\/\/institucional.ufrrj.br\/nit\/opensoils-2-0-semantic-web\/","url":"https:\/\/institucional.ufrrj.br\/nit\/opensoils-2-0-semantic-web\/","name":"OpenSoils 2.0 Semantic Web - Ag\u00eancia de Inova\u00e7\u00e3o da UFRRJ","isPartOf":{"@id":"https:\/\/institucional.ufrrj.br\/nit\/#website"},"datePublished":"2024-07-17T22:45:48+00:00","dateModified":"2024-09-04T23:58:47+00:00","breadcrumb":{"@id":"https:\/\/institucional.ufrrj.br\/nit\/opensoils-2-0-semantic-web\/#breadcrumb"},"inLanguage":"pt-BR","potentialAction":[{"@type":"ReadAction","target":["https:\/\/institucional.ufrrj.br\/nit\/opensoils-2-0-semantic-web\/"]}]},{"@type":"BreadcrumbList","@id":"https:\/\/institucional.ufrrj.br\/nit\/opensoils-2-0-semantic-web\/#breadcrumb","itemListElement":[{"@type":"ListItem","position":1,"name":"In\u00edcio","item":"https:\/\/institucional.ufrrj.br\/nit\/"},{"@type":"ListItem","position":2,"name":"OpenSoils 2.0 Semantic Web"}]},{"@type":"WebSite","@id":"https:\/\/institucional.ufrrj.br\/nit\/#website","url":"https:\/\/institucional.ufrrj.br\/nit\/","name":"Ag\u00eancia de Inova\u00e7\u00e3o UFRRJ","description":"UFRRJ","potentialAction":[{"@type":"SearchAction","target":{"@type":"EntryPoint","urlTemplate":"https:\/\/institucional.ufrrj.br\/nit\/?s={search_term_string}"},"query-input":{"@type":"PropertyValueSpecification","valueRequired":true,"valueName":"search_term_string"}}],"inLanguage":"pt-BR"}]}},"acf":[],"_links":{"self":[{"href":"https:\/\/institucional.ufrrj.br\/nit\/wp-json\/wp\/v2\/pages\/2727","targetHints":{"allow":["GET"]}}],"collection":[{"href":"https:\/\/institucional.ufrrj.br\/nit\/wp-json\/wp\/v2\/pages"}],"about":[{"href":"https:\/\/institucional.ufrrj.br\/nit\/wp-json\/wp\/v2\/types\/page"}],"author":[{"embeddable":true,"href":"https:\/\/institucional.ufrrj.br\/nit\/wp-json\/wp\/v2\/users\/858"}],"replies":[{"embeddable":true,"href":"https:\/\/institucional.ufrrj.br\/nit\/wp-json\/wp\/v2\/comments?post=2727"}],"version-history":[{"count":3,"href":"https:\/\/institucional.ufrrj.br\/nit\/wp-json\/wp\/v2\/pages\/2727\/revisions"}],"predecessor-version":[{"id":3023,"href":"https:\/\/institucional.ufrrj.br\/nit\/wp-json\/wp\/v2\/pages\/2727\/revisions\/3023"}],"wp:attachment":[{"href":"https:\/\/institucional.ufrrj.br\/nit\/wp-json\/wp\/v2\/media?parent=2727"}],"curies":[{"name":"wp","href":"https:\/\/api.w.org\/{rel}","templated":true}]}}