{"id":2564,"date":"2024-06-26T16:19:11","date_gmt":"2024-06-26T19:19:11","guid":{"rendered":"https:\/\/institucional.ufrrj.br\/nit\/?page_id=2564"},"modified":"2024-06-26T16:19:12","modified_gmt":"2024-06-26T19:19:12","slug":"manual-de-celebracao-de-parcerias","status":"publish","type":"page","link":"https:\/\/institucional.ufrrj.br\/nit\/manual-de-celebracao-de-parcerias\/","title":{"rendered":"Manual de Celebra\u00e7\u00e3o de Parcerias"},"content":{"rendered":"\n<p class=\" eplus-wrapper\">Ag\u00eancia de Inova\u00e7\u00e3o da UFRRJ  em parceria com a Corin(PROPPG) e o Departamento de Contratos e Conv\u00eanios (PROAF), lan\u00e7am o Manual de Celebra\u00e7\u00e3o de parcerias.<\/p>\n\n\n\n<p class=\" eplus-wrapper\">Com formato simples e visual, o manual esclarece o passo a passo para a celebra\u00e7\u00e3o das parcerias institucionais internacionais, nacionais, com ou sem repasse de recursos e, com ou sem inova\u00e7\u00e3o tecnol\u00f3gica.<\/p>\n\n\n\n<p class=\" eplus-wrapper\">Leitura obrigat\u00f3ria para quem deseja celebrar uma parceria.<\/p>\n\n\n\n<figure class=\" wp-block-image size-large eplus-wrapper\"><a href=\"https:\/\/institucional.ufrrj.br\/corin\/files\/2024\/04\/Manual-de-Celebracao-de-parcerias-4.pdf\"><img loading=\"lazy\" decoding=\"async\" width=\"1024\" height=\"725\" src=\"https:\/\/institucional.ufrrj.br\/nit\/files\/2024\/06\/Manual-de-Celebracao-de-parcerias-4-1024x725.png\" alt=\"\" class=\"wp-image-2565\" srcset=\"https:\/\/institucional.ufrrj.br\/nit\/files\/2024\/06\/Manual-de-Celebracao-de-parcerias-4-1024x725.png 1024w, https:\/\/institucional.ufrrj.br\/nit\/files\/2024\/06\/Manual-de-Celebracao-de-parcerias-4-300x212.png 300w, https:\/\/institucional.ufrrj.br\/nit\/files\/2024\/06\/Manual-de-Celebracao-de-parcerias-4-768x543.png 768w, https:\/\/institucional.ufrrj.br\/nit\/files\/2024\/06\/Manual-de-Celebracao-de-parcerias-4-1536x1087.png 1536w, https:\/\/institucional.ufrrj.br\/nit\/files\/2024\/06\/Manual-de-Celebracao-de-parcerias-4.png 1754w\" sizes=\"auto, (max-width: 1024px) 100vw, 1024px\" \/><\/a><\/figure>\n\n\n\n<p class=\" eplus-wrapper\"><\/p>\n","protected":false},"excerpt":{"rendered":"<p>Ag\u00eancia de Inova\u00e7\u00e3o da UFRRJ em parceria com a Corin(PROPPG) e o Departamento de Contratos e Conv\u00eanios (PROAF), lan\u00e7am o <a class=\"read-more\" href=\"https:\/\/institucional.ufrrj.br\/nit\/manual-de-celebracao-de-parcerias\/ \" >&#8230; <span class=\"font-italic\">leia mais <i class=\"fas fa-angle-right\"><\/i><\/span><\/a><\/p>\n","protected":false},"author":858,"featured_media":0,"parent":0,"menu_order":0,"comment_status":"closed","ping_status":"closed","template":"","meta":{"_acf_changed":false,"footnotes":"","_links_to":"","_links_to_target":""},"class_list":["post-2564","page","type-page","status-publish","hentry"],"yoast_head":"<!-- This site is optimized with the Yoast SEO plugin v27.2 - https:\/\/yoast.com\/product\/yoast-seo-wordpress\/ -->\n<title>Manual de Celebra\u00e7\u00e3o de Parcerias - Ag\u00eancia de Inova\u00e7\u00e3o da UFRRJ<\/title>\n<meta name=\"robots\" content=\"index, follow, max-snippet:-1, max-image-preview:large, max-video-preview:-1\" \/>\n<link rel=\"canonical\" href=\"https:\/\/institucional.ufrrj.br\/nit\/manual-de-celebracao-de-parcerias\/\" \/>\n<meta property=\"og:locale\" content=\"pt_BR\" \/>\n<meta property=\"og:type\" content=\"article\" \/>\n<meta property=\"og:title\" content=\"Manual de Celebra\u00e7\u00e3o de Parcerias - Ag\u00eancia de Inova\u00e7\u00e3o da UFRRJ\" \/>\n<meta property=\"og:description\" content=\"Ag\u00eancia de Inova\u00e7\u00e3o da UFRRJ em parceria com a Corin(PROPPG) e o Departamento de Contratos e Conv\u00eanios (PROAF), lan\u00e7am o ... leia mais\" \/>\n<meta property=\"og:url\" content=\"https:\/\/institucional.ufrrj.br\/nit\/manual-de-celebracao-de-parcerias\/\" \/>\n<meta property=\"og:site_name\" content=\"Ag\u00eancia de Inova\u00e7\u00e3o da UFRRJ\" \/>\n<meta property=\"article:modified_time\" content=\"2024-06-26T19:19:12+00:00\" \/>\n<meta property=\"og:image\" content=\"https:\/\/institucional.ufrrj.br\/nit\/files\/2024\/06\/Manual-de-Celebracao-de-parcerias-4-1024x725.png\" \/>\n<meta name=\"twitter:card\" content=\"summary_large_image\" \/>\n<meta name=\"twitter:label1\" content=\"Est. tempo de leitura\" \/>\n\t<meta name=\"twitter:data1\" content=\"1 minuto\" \/>\n<script type=\"application\/ld+json\" class=\"yoast-schema-graph\">{\"@context\":\"https:\/\/schema.org\",\"@graph\":[{\"@type\":\"WebPage\",\"@id\":\"https:\/\/institucional.ufrrj.br\/nit\/manual-de-celebracao-de-parcerias\/\",\"url\":\"https:\/\/institucional.ufrrj.br\/nit\/manual-de-celebracao-de-parcerias\/\",\"name\":\"Manual de Celebra\u00e7\u00e3o de Parcerias - Ag\u00eancia de Inova\u00e7\u00e3o da UFRRJ\",\"isPartOf\":{\"@id\":\"https:\/\/institucional.ufrrj.br\/nit\/#website\"},\"primaryImageOfPage\":{\"@id\":\"https:\/\/institucional.ufrrj.br\/nit\/manual-de-celebracao-de-parcerias\/#primaryimage\"},\"image\":{\"@id\":\"https:\/\/institucional.ufrrj.br\/nit\/manual-de-celebracao-de-parcerias\/#primaryimage\"},\"thumbnailUrl\":\"https:\/\/institucional.ufrrj.br\/nit\/files\/2024\/06\/Manual-de-Celebracao-de-parcerias-4-1024x725.png\",\"datePublished\":\"2024-06-26T19:19:11+00:00\",\"dateModified\":\"2024-06-26T19:19:12+00:00\",\"breadcrumb\":{\"@id\":\"https:\/\/institucional.ufrrj.br\/nit\/manual-de-celebracao-de-parcerias\/#breadcrumb\"},\"inLanguage\":\"pt-BR\",\"potentialAction\":[{\"@type\":\"ReadAction\",\"target\":[\"https:\/\/institucional.ufrrj.br\/nit\/manual-de-celebracao-de-parcerias\/\"]}]},{\"@type\":\"ImageObject\",\"inLanguage\":\"pt-BR\",\"@id\":\"https:\/\/institucional.ufrrj.br\/nit\/manual-de-celebracao-de-parcerias\/#primaryimage\",\"url\":\"https:\/\/institucional.ufrrj.br\/nit\/files\/2024\/06\/Manual-de-Celebracao-de-parcerias-4.png\",\"contentUrl\":\"https:\/\/institucional.ufrrj.br\/nit\/files\/2024\/06\/Manual-de-Celebracao-de-parcerias-4.png\",\"width\":1754,\"height\":1241},{\"@type\":\"BreadcrumbList\",\"@id\":\"https:\/\/institucional.ufrrj.br\/nit\/manual-de-celebracao-de-parcerias\/#breadcrumb\",\"itemListElement\":[{\"@type\":\"ListItem\",\"position\":1,\"name\":\"In\u00edcio\",\"item\":\"https:\/\/institucional.ufrrj.br\/nit\/\"},{\"@type\":\"ListItem\",\"position\":2,\"name\":\"Manual de Celebra\u00e7\u00e3o de Parcerias\"}]},{\"@type\":\"WebSite\",\"@id\":\"https:\/\/institucional.ufrrj.br\/nit\/#website\",\"url\":\"https:\/\/institucional.ufrrj.br\/nit\/\",\"name\":\"Ag\u00eancia de Inova\u00e7\u00e3o UFRRJ\",\"description\":\"UFRRJ\",\"potentialAction\":[{\"@type\":\"SearchAction\",\"target\":{\"@type\":\"EntryPoint\",\"urlTemplate\":\"https:\/\/institucional.ufrrj.br\/nit\/?s={search_term_string}\"},\"query-input\":{\"@type\":\"PropertyValueSpecification\",\"valueRequired\":true,\"valueName\":\"search_term_string\"}}],\"inLanguage\":\"pt-BR\"}]}<\/script>\n<!-- \/ Yoast SEO plugin. -->","yoast_head_json":{"title":"Manual de Celebra\u00e7\u00e3o de Parcerias - Ag\u00eancia de Inova\u00e7\u00e3o da UFRRJ","robots":{"index":"index","follow":"follow","max-snippet":"max-snippet:-1","max-image-preview":"max-image-preview:large","max-video-preview":"max-video-preview:-1"},"canonical":"https:\/\/institucional.ufrrj.br\/nit\/manual-de-celebracao-de-parcerias\/","og_locale":"pt_BR","og_type":"article","og_title":"Manual de Celebra\u00e7\u00e3o de Parcerias - Ag\u00eancia de Inova\u00e7\u00e3o da UFRRJ","og_description":"Ag\u00eancia de Inova\u00e7\u00e3o da UFRRJ em parceria com a Corin(PROPPG) e o Departamento de Contratos e Conv\u00eanios (PROAF), lan\u00e7am o ... leia mais","og_url":"https:\/\/institucional.ufrrj.br\/nit\/manual-de-celebracao-de-parcerias\/","og_site_name":"Ag\u00eancia de Inova\u00e7\u00e3o da UFRRJ","article_modified_time":"2024-06-26T19:19:12+00:00","og_image":[{"url":"https:\/\/institucional.ufrrj.br\/nit\/files\/2024\/06\/Manual-de-Celebracao-de-parcerias-4-1024x725.png","type":"","width":"","height":""}],"twitter_card":"summary_large_image","twitter_misc":{"Est. tempo de leitura":"1 minuto"},"schema":{"@context":"https:\/\/schema.org","@graph":[{"@type":"WebPage","@id":"https:\/\/institucional.ufrrj.br\/nit\/manual-de-celebracao-de-parcerias\/","url":"https:\/\/institucional.ufrrj.br\/nit\/manual-de-celebracao-de-parcerias\/","name":"Manual de Celebra\u00e7\u00e3o de Parcerias - Ag\u00eancia de Inova\u00e7\u00e3o da UFRRJ","isPartOf":{"@id":"https:\/\/institucional.ufrrj.br\/nit\/#website"},"primaryImageOfPage":{"@id":"https:\/\/institucional.ufrrj.br\/nit\/manual-de-celebracao-de-parcerias\/#primaryimage"},"image":{"@id":"https:\/\/institucional.ufrrj.br\/nit\/manual-de-celebracao-de-parcerias\/#primaryimage"},"thumbnailUrl":"https:\/\/institucional.ufrrj.br\/nit\/files\/2024\/06\/Manual-de-Celebracao-de-parcerias-4-1024x725.png","datePublished":"2024-06-26T19:19:11+00:00","dateModified":"2024-06-26T19:19:12+00:00","breadcrumb":{"@id":"https:\/\/institucional.ufrrj.br\/nit\/manual-de-celebracao-de-parcerias\/#breadcrumb"},"inLanguage":"pt-BR","potentialAction":[{"@type":"ReadAction","target":["https:\/\/institucional.ufrrj.br\/nit\/manual-de-celebracao-de-parcerias\/"]}]},{"@type":"ImageObject","inLanguage":"pt-BR","@id":"https:\/\/institucional.ufrrj.br\/nit\/manual-de-celebracao-de-parcerias\/#primaryimage","url":"https:\/\/institucional.ufrrj.br\/nit\/files\/2024\/06\/Manual-de-Celebracao-de-parcerias-4.png","contentUrl":"https:\/\/institucional.ufrrj.br\/nit\/files\/2024\/06\/Manual-de-Celebracao-de-parcerias-4.png","width":1754,"height":1241},{"@type":"BreadcrumbList","@id":"https:\/\/institucional.ufrrj.br\/nit\/manual-de-celebracao-de-parcerias\/#breadcrumb","itemListElement":[{"@type":"ListItem","position":1,"name":"In\u00edcio","item":"https:\/\/institucional.ufrrj.br\/nit\/"},{"@type":"ListItem","position":2,"name":"Manual de Celebra\u00e7\u00e3o de Parcerias"}]},{"@type":"WebSite","@id":"https:\/\/institucional.ufrrj.br\/nit\/#website","url":"https:\/\/institucional.ufrrj.br\/nit\/","name":"Ag\u00eancia de Inova\u00e7\u00e3o UFRRJ","description":"UFRRJ","potentialAction":[{"@type":"SearchAction","target":{"@type":"EntryPoint","urlTemplate":"https:\/\/institucional.ufrrj.br\/nit\/?s={search_term_string}"},"query-input":{"@type":"PropertyValueSpecification","valueRequired":true,"valueName":"search_term_string"}}],"inLanguage":"pt-BR"}]}},"acf":[],"_links":{"self":[{"href":"https:\/\/institucional.ufrrj.br\/nit\/wp-json\/wp\/v2\/pages\/2564","targetHints":{"allow":["GET"]}}],"collection":[{"href":"https:\/\/institucional.ufrrj.br\/nit\/wp-json\/wp\/v2\/pages"}],"about":[{"href":"https:\/\/institucional.ufrrj.br\/nit\/wp-json\/wp\/v2\/types\/page"}],"author":[{"embeddable":true,"href":"https:\/\/institucional.ufrrj.br\/nit\/wp-json\/wp\/v2\/users\/858"}],"replies":[{"embeddable":true,"href":"https:\/\/institucional.ufrrj.br\/nit\/wp-json\/wp\/v2\/comments?post=2564"}],"version-history":[{"count":2,"href":"https:\/\/institucional.ufrrj.br\/nit\/wp-json\/wp\/v2\/pages\/2564\/revisions"}],"predecessor-version":[{"id":3476,"href":"https:\/\/institucional.ufrrj.br\/nit\/wp-json\/wp\/v2\/pages\/2564\/revisions\/3476"}],"wp:attachment":[{"href":"https:\/\/institucional.ufrrj.br\/nit\/wp-json\/wp\/v2\/media?parent=2564"}],"curies":[{"name":"wp","href":"https:\/\/api.w.org\/{rel}","templated":true}]}}