{"id":1999,"date":"2021-07-29T18:36:37","date_gmt":"2021-07-29T18:36:37","guid":{"rendered":"http:\/\/institucional.ufrrj.br\/nit\/?page_id=1999"},"modified":"2025-03-24T15:43:47","modified_gmt":"2025-03-24T18:43:47","slug":"desenho-industrial","status":"publish","type":"page","link":"https:\/\/institucional.ufrrj.br\/nit\/desenho-industrial\/","title":{"rendered":"Desenho Industrial"},"content":{"rendered":"\n<p class=\" eplus-wrapper\">No Brasil, o Desenho Industrial \u00e9 protegido atrav\u00e9s de registro, e n\u00e3o de patente como ocorre em outros pa\u00edses.<\/p>\n\n\n\n<p class=\" eplus-wrapper\">O registro de Desenho Industrial protege a configura\u00e7\u00e3o externa de um objeto tridimensional ou um padr\u00e3o ornamental (bidimensional) que possa ser aplicado a uma superf\u00edcie ou a um objeto. Ou seja, o registro protege a apar\u00eancia que diferencia o produto dos demais.<\/p>\n\n\n\n<p class=\" eplus-wrapper\">N\u00e3o s\u00e3o protegidos pelo registro de desenho industrial: funcionalidades, vantagens pr\u00e1ticas, materiais ou formas de fabrica\u00e7\u00e3o, assim como tamb\u00e9m n\u00e3o se pode protege cores ou a associa\u00e7\u00e3o destas a um objeto.<\/p>\n\n\n\n<p class=\" eplus-wrapper\">A legisla\u00e7\u00e3o brasileira prev\u00ea a prote\u00e7\u00e3o de at\u00e9 20 objetos por pedido desde que sejam varia\u00e7\u00f5es do mesmo objeto ou outros que componham um conjunto com as mesmas caracter\u00edsticas distintivas preponderantes, isto \u00e9, fa\u00e7am parte da mesma \u201cfam\u00edlia\u201d, mantendo a identidade visual. Por exemplo: um conjunto de talher onde garfo, faca, colher, entre outros, mantenham a mesma caracter\u00edstica ou ainda uma cadeira de escrit\u00f3rio e a mesma cadeira com apoio para copos.<\/p>\n\n\n\n<p class=\" eplus-wrapper\">\u00c9 importante lembrar que o pedido constitui apenas uma expectativa de direito. Isso quer dizer que ele ser\u00e1 examinado e o depositante dever\u00e1 acompanh\u00e1-lo at\u00e9 a poss\u00edvel expedi\u00e7\u00e3o do t\u00edtulo.<\/p>\n\n\n\n<p class=\" eplus-wrapper\">Uma vez concedido pelo Estado, o registro de desenho industrial \u00e9 v\u00e1lido em territ\u00f3rio nacional e d\u00e1 ao titular o direito, durante o prazo de vig\u00eancia, de excluir terceiros de fabricar, comercializar, importar, usar ou vender a mat\u00e9ria protegida sem sua pr\u00e9via autoriza\u00e7\u00e3o. O prazo de vig\u00eancia \u00e9 de dez anos contados da data de dep\u00f3sito, prorrog\u00e1veis por mais tr\u00eas per\u00edodos sucessivos de cinco anos. Vale ressaltar que durante o 5\u00ba ano de vig\u00eancia \u00e9 necess\u00e1rio o recolhimento da taxa q\u00fcinq\u00fcenal de manuten\u00e7\u00e3o, ou seja, o 2\u00ba Quinqu\u00eanio, conforme artigos 119 e 120 da\u00a0Lei da\u00a0Propriedade Industrial\u00a0(LPI) \u2013 Lei 9.279, de 1996).<\/p>\n\n\n\n<h2 class=\" wp-block-heading eplus-wrapper\">Requisitos de prote\u00e7\u00e3o<\/h2>\n\n\n\n<h3 class=\" wp-block-heading eplus-wrapper\">1- <strong>Novidade<\/strong><\/h3>\n\n\n\n<p class=\" eplus-wrapper\">Para que seja considerado novo, \u00e9 necess\u00e1rio que o desenho industrial n\u00e3o esteja compreendido no estado da t\u00e9cnica, que \u00e9 constitu\u00eddo por tudo aquilo tornado acess\u00edvel ao p\u00fablico em qualquer meio antes da data de dep\u00f3sito no Brasil ou exterior. A lei brasileira prev\u00ea um \u201cper\u00edodo de gra\u00e7a\u201d de 180 dias contados a partir da primeira divulga\u00e7\u00e3o. Isso quer dizer que no Brasil \u00e9 poss\u00edvel depositar um produto que j\u00e1 tenha sido divulgado dentro desse prazo, desde que a divulga\u00e7\u00e3o do desenho tenha sido feita pelo pr\u00f3prio autor ou por pessoa por ele autorizada. A exist\u00eancia dessa possibilidade na lei brasileira tem por objetivo permitir o registro de trabalhos acad\u00eamicos e de outras naturezas que exigiram uma exposi\u00e7\u00e3o pr\u00e9via em feiras, eventos, semin\u00e1rios ou congressos.<\/p>\n\n\n\n<p class=\" eplus-wrapper\">Contudo, \u00e9 importante ressaltar que a divulga\u00e7\u00e3o pr\u00e9via pode impedir a obten\u00e7\u00e3o de um registro correspondente no exterior, porque nem todos os pa\u00edses admitem a pr\u00e9via publica\u00e7\u00e3o do objeto do registro. Por essa raz\u00e3o, \u00e9 sempre aconselh\u00e1vel depositar o pedido de registro antes de qualquer divulga\u00e7\u00e3o.<\/p>\n\n\n\n<h3 class=\" wp-block-heading eplus-wrapper\">2- <strong>Originalidade<\/strong><\/h3>\n\n\n\n<p class=\" eplus-wrapper\">O desenho \u00e9 considerado original quando resulta em uma configura\u00e7\u00e3o visual distintiva em rela\u00e7\u00e3o a outros objetos (ou padr\u00f5es) conhecidos.<\/p>\n\n\n\n<h3 class=\" wp-block-heading eplus-wrapper\">3- <strong>Servir de tipo de fabrica\u00e7\u00e3o industrial<\/strong><\/h3>\n\n\n\n<p class=\" eplus-wrapper\">O objeto (ou padr\u00e3o) reivindicado deve poder ser reproduzido industrialmente, em todos os seus detalhes.<\/p>\n\n\n\n<p class=\" eplus-wrapper\">No Brasil, n\u00e3o s\u00e3o protegidas partes de um objeto que n\u00e3o sejam objetos independentes. Por exemplo, n\u00e3o s\u00e3o aceitos pedidos que reivindiquem apenas a cabe\u00e7a de uma escova de dentes, j\u00e1 que esta \u00e9 geralmente fabricada com o cabo. Por outro lado, seria plenamente poss\u00edvel o pedido de um pneu de autom\u00f3vel, j\u00e1 que este consiste em um objeto aut\u00f4nomo, pass\u00edvel de ser fabricado separadamente.<\/p>\n\n\n\n<p class=\" eplus-wrapper\">A prote\u00e7\u00e3o do Desenho Industrial \u00e9 uma ferramenta essencial para inovadores e empresas que desejam garantir a exclusividade de suas cria\u00e7\u00f5es no mercado, agregando valor e competitividade aos produtos.<\/p>\n\n\n\n<p class=\" eplus-wrapper\"><strong>Quem pode requerer o registro?<\/strong><br>No caso de Desenhos Industriais desenvolvidos no ambito de atividades de ensino, pesquisa e extens\u00e3o da UFFRJ os autrores devem entrar em contato com a Agencia de Inova\u00e7\u00e3o da UFRRJ para realiza\u00e7\u00e3o do processo de registro junto ao INPI. Contato deve ser realizado atrav\u00e9s do email <a href=\"mailto:nit@ufrrj.br\">nit@ufrrj.br<\/a> .<\/p>\n\n\n\n<p class=\" has-text-align-right eplus-wrapper\">Fonte: INPI, 2025.<\/p>\n\n\n\n<p class=\" eplus-wrapper\"><a href=\"http:\/\/manualdedi.inpi.gov.br\/\">Manual de Desenhos Industriais<\/a><\/p>\n","protected":false},"excerpt":{"rendered":"<p>No Brasil, o Desenho Industrial \u00e9 protegido atrav\u00e9s de registro, e n\u00e3o de patente como ocorre em outros pa\u00edses. O <a class=\"read-more\" href=\"https:\/\/institucional.ufrrj.br\/nit\/desenho-industrial\/ \" >&#8230; <span class=\"font-italic\">leia mais <i class=\"fas fa-angle-right\"><\/i><\/span><\/a><\/p>\n","protected":false},"author":764,"featured_media":0,"parent":0,"menu_order":0,"comment_status":"closed","ping_status":"closed","template":"","meta":{"_acf_changed":false,"footnotes":"","_links_to":"","_links_to_target":""},"class_list":["post-1999","page","type-page","status-publish","hentry"],"yoast_head":"<!-- This site is optimized with the Yoast SEO plugin v27.2 - https:\/\/yoast.com\/product\/yoast-seo-wordpress\/ -->\n<title>Desenho Industrial - Ag\u00eancia de Inova\u00e7\u00e3o da UFRRJ<\/title>\n<meta name=\"robots\" content=\"index, follow, max-snippet:-1, max-image-preview:large, max-video-preview:-1\" \/>\n<link rel=\"canonical\" href=\"https:\/\/institucional.ufrrj.br\/nit\/desenho-industrial\/\" \/>\n<meta property=\"og:locale\" content=\"pt_BR\" \/>\n<meta property=\"og:type\" content=\"article\" \/>\n<meta property=\"og:title\" content=\"Desenho Industrial - Ag\u00eancia de Inova\u00e7\u00e3o da UFRRJ\" \/>\n<meta property=\"og:description\" content=\"No Brasil, o Desenho Industrial \u00e9 protegido atrav\u00e9s de registro, e n\u00e3o de patente como ocorre em outros pa\u00edses. O ... leia mais\" \/>\n<meta property=\"og:url\" content=\"https:\/\/institucional.ufrrj.br\/nit\/desenho-industrial\/\" \/>\n<meta property=\"og:site_name\" content=\"Ag\u00eancia de Inova\u00e7\u00e3o da UFRRJ\" \/>\n<meta property=\"article:modified_time\" content=\"2025-03-24T18:43:47+00:00\" \/>\n<meta name=\"twitter:card\" content=\"summary_large_image\" \/>\n<meta name=\"twitter:label1\" content=\"Est. tempo de leitura\" \/>\n\t<meta name=\"twitter:data1\" content=\"4 minutos\" \/>\n<script type=\"application\/ld+json\" class=\"yoast-schema-graph\">{\"@context\":\"https:\/\/schema.org\",\"@graph\":[{\"@type\":\"WebPage\",\"@id\":\"https:\/\/institucional.ufrrj.br\/nit\/desenho-industrial\/\",\"url\":\"https:\/\/institucional.ufrrj.br\/nit\/desenho-industrial\/\",\"name\":\"Desenho Industrial - Ag\u00eancia de Inova\u00e7\u00e3o da UFRRJ\",\"isPartOf\":{\"@id\":\"https:\/\/institucional.ufrrj.br\/nit\/#website\"},\"datePublished\":\"2021-07-29T18:36:37+00:00\",\"dateModified\":\"2025-03-24T18:43:47+00:00\",\"breadcrumb\":{\"@id\":\"https:\/\/institucional.ufrrj.br\/nit\/desenho-industrial\/#breadcrumb\"},\"inLanguage\":\"pt-BR\",\"potentialAction\":[{\"@type\":\"ReadAction\",\"target\":[\"https:\/\/institucional.ufrrj.br\/nit\/desenho-industrial\/\"]}]},{\"@type\":\"BreadcrumbList\",\"@id\":\"https:\/\/institucional.ufrrj.br\/nit\/desenho-industrial\/#breadcrumb\",\"itemListElement\":[{\"@type\":\"ListItem\",\"position\":1,\"name\":\"In\u00edcio\",\"item\":\"https:\/\/institucional.ufrrj.br\/nit\/\"},{\"@type\":\"ListItem\",\"position\":2,\"name\":\"Desenho Industrial\"}]},{\"@type\":\"WebSite\",\"@id\":\"https:\/\/institucional.ufrrj.br\/nit\/#website\",\"url\":\"https:\/\/institucional.ufrrj.br\/nit\/\",\"name\":\"Ag\u00eancia de Inova\u00e7\u00e3o UFRRJ\",\"description\":\"UFRRJ\",\"potentialAction\":[{\"@type\":\"SearchAction\",\"target\":{\"@type\":\"EntryPoint\",\"urlTemplate\":\"https:\/\/institucional.ufrrj.br\/nit\/?s={search_term_string}\"},\"query-input\":{\"@type\":\"PropertyValueSpecification\",\"valueRequired\":true,\"valueName\":\"search_term_string\"}}],\"inLanguage\":\"pt-BR\"}]}<\/script>\n<!-- \/ Yoast SEO plugin. -->","yoast_head_json":{"title":"Desenho Industrial - Ag\u00eancia de Inova\u00e7\u00e3o da UFRRJ","robots":{"index":"index","follow":"follow","max-snippet":"max-snippet:-1","max-image-preview":"max-image-preview:large","max-video-preview":"max-video-preview:-1"},"canonical":"https:\/\/institucional.ufrrj.br\/nit\/desenho-industrial\/","og_locale":"pt_BR","og_type":"article","og_title":"Desenho Industrial - Ag\u00eancia de Inova\u00e7\u00e3o da UFRRJ","og_description":"No Brasil, o Desenho Industrial \u00e9 protegido atrav\u00e9s de registro, e n\u00e3o de patente como ocorre em outros pa\u00edses. O ... leia mais","og_url":"https:\/\/institucional.ufrrj.br\/nit\/desenho-industrial\/","og_site_name":"Ag\u00eancia de Inova\u00e7\u00e3o da UFRRJ","article_modified_time":"2025-03-24T18:43:47+00:00","twitter_card":"summary_large_image","twitter_misc":{"Est. tempo de leitura":"4 minutos"},"schema":{"@context":"https:\/\/schema.org","@graph":[{"@type":"WebPage","@id":"https:\/\/institucional.ufrrj.br\/nit\/desenho-industrial\/","url":"https:\/\/institucional.ufrrj.br\/nit\/desenho-industrial\/","name":"Desenho Industrial - Ag\u00eancia de Inova\u00e7\u00e3o da UFRRJ","isPartOf":{"@id":"https:\/\/institucional.ufrrj.br\/nit\/#website"},"datePublished":"2021-07-29T18:36:37+00:00","dateModified":"2025-03-24T18:43:47+00:00","breadcrumb":{"@id":"https:\/\/institucional.ufrrj.br\/nit\/desenho-industrial\/#breadcrumb"},"inLanguage":"pt-BR","potentialAction":[{"@type":"ReadAction","target":["https:\/\/institucional.ufrrj.br\/nit\/desenho-industrial\/"]}]},{"@type":"BreadcrumbList","@id":"https:\/\/institucional.ufrrj.br\/nit\/desenho-industrial\/#breadcrumb","itemListElement":[{"@type":"ListItem","position":1,"name":"In\u00edcio","item":"https:\/\/institucional.ufrrj.br\/nit\/"},{"@type":"ListItem","position":2,"name":"Desenho Industrial"}]},{"@type":"WebSite","@id":"https:\/\/institucional.ufrrj.br\/nit\/#website","url":"https:\/\/institucional.ufrrj.br\/nit\/","name":"Ag\u00eancia de Inova\u00e7\u00e3o UFRRJ","description":"UFRRJ","potentialAction":[{"@type":"SearchAction","target":{"@type":"EntryPoint","urlTemplate":"https:\/\/institucional.ufrrj.br\/nit\/?s={search_term_string}"},"query-input":{"@type":"PropertyValueSpecification","valueRequired":true,"valueName":"search_term_string"}}],"inLanguage":"pt-BR"}]}},"acf":[],"_links":{"self":[{"href":"https:\/\/institucional.ufrrj.br\/nit\/wp-json\/wp\/v2\/pages\/1999","targetHints":{"allow":["GET"]}}],"collection":[{"href":"https:\/\/institucional.ufrrj.br\/nit\/wp-json\/wp\/v2\/pages"}],"about":[{"href":"https:\/\/institucional.ufrrj.br\/nit\/wp-json\/wp\/v2\/types\/page"}],"author":[{"embeddable":true,"href":"https:\/\/institucional.ufrrj.br\/nit\/wp-json\/wp\/v2\/users\/764"}],"replies":[{"embeddable":true,"href":"https:\/\/institucional.ufrrj.br\/nit\/wp-json\/wp\/v2\/comments?post=1999"}],"version-history":[{"count":3,"href":"https:\/\/institucional.ufrrj.br\/nit\/wp-json\/wp\/v2\/pages\/1999\/revisions"}],"predecessor-version":[{"id":3530,"href":"https:\/\/institucional.ufrrj.br\/nit\/wp-json\/wp\/v2\/pages\/1999\/revisions\/3530"}],"wp:attachment":[{"href":"https:\/\/institucional.ufrrj.br\/nit\/wp-json\/wp\/v2\/media?parent=1999"}],"curies":[{"name":"wp","href":"https:\/\/api.w.org\/{rel}","templated":true}]}}