{"id":1688,"date":"2021-01-10T20:13:44","date_gmt":"2021-01-10T20:13:44","guid":{"rendered":"http:\/\/institucional.ufrrj.br\/nit\/?page_id=1688"},"modified":"2024-09-04T19:37:39","modified_gmt":"2024-09-04T22:37:39","slug":"sistomate-mobile","status":"publish","type":"page","link":"https:\/\/institucional.ufrrj.br\/nit\/sistomate-mobile\/","title":{"rendered":"SisTomate Mobile"},"content":{"rendered":"\n<h4 class=\"eplus-wrapper wp-block-heading\">N\u00b0 DO PEDIDO<\/h4>\n\n\n\n<p class=\" eplus-wrapper\">BR 51 2017 000548 6<\/p>\n\n\n\n<h4 class=\"eplus-wrapper wp-block-heading\"><em>ATUA\u00c7\u00c3O<\/em><\/h4>\n\n\n\n<p class=\" eplus-wrapper\">A agricultura moderna se caracteriza pela substitui\u00e7\u00e3o da diversidade natural por um pequeno n\u00famero de esp\u00e9cies cultivadas, por outro, esta simplifica\u00e7\u00e3o causa grande impacto e desequil\u00edbrio ao meio ambiente, resultando em uma intensifica\u00e7\u00e3o da incid\u00eancia de pragas e doen\u00e7as. Doen\u00e7as de plantas s\u00e3o anomalias causadas por fatores bi\u00f3ticos ou abi\u00f3ticos que agem continuamente na planta, alterando o seu metabolismo e geralmente resultando em queda de produ\u00e7\u00e3o e\/ou perda da qualidade do produto. No caso das hortali\u00e7as e, em especial, dos tomateiros j\u00e1 foram relatados mais de duzentas doen\u00e7as e dist\u00farbios.<\/p>\n\n\n\n<p class=\" eplus-wrapper\">O objetivo da elabora\u00e7\u00e3o desta aplica\u00e7\u00e3o \u00e9 desenvolver um ambiente computacional m\u00f3vel de f\u00e1cil utiliza\u00e7\u00e3o, para agricultores familiares, que auxilie na detec\u00e7\u00e3o precoce de doen\u00e7as foliares, e tenha um estudo mais aprofundado dos metadados coletados atrav\u00e9s da Proveni\u00eancia <\/p>\n\n\n\n<h4 class=\"eplus-wrapper wp-block-heading\"><em>FERRAMENTAS E TECNOLOGIAS<\/em><\/h4>\n\n\n\n<p class=\" eplus-wrapper\">A arquitetura do sistema foi codificada na linguagem de programa\u00e7\u00e3o Java de forma a rodar em aparelhos Android e usa o SGBD MySQL para armazenamento dos dados, o aplicativo \u00e9 auto suficiente e usa as informa\u00e7\u00f5es apenas de seu pr\u00f3prio banco de dados.<\/p>\n\n\n\n<h4 class=\"eplus-wrapper wp-block-heading\"><br><em>BENEFICIO<\/em>S<\/h4>\n\n\n\n<p class=\" eplus-wrapper\">Ajudar a prevenir doen\u00e7as em hortas com o pre diagnostico, feito de maneira f\u00e1cil por qualquer agricultor, evitando assim demais custos e melhoria na agricultura org\u00e2nica.<\/p>\n\n\n\n<h4 class=\"eplus-wrapper wp-block-heading\"><br><em>COLABORADORES E INVENTORES<\/em><\/h4>\n\n\n\n<p class=\" eplus-wrapper\">Diogo da Costa Nunes<br>S\u00e9rgio Manuel Serra da Cruz<\/p>\n","protected":false},"excerpt":{"rendered":"<p>N\u00b0 DO PEDIDO BR 51 2017 000548 6 ATUA\u00c7\u00c3O A agricultura moderna se caracteriza pela substitui\u00e7\u00e3o da diversidade natural por <a class=\"read-more\" href=\"https:\/\/institucional.ufrrj.br\/nit\/sistomate-mobile\/ \" >&#8230; <span class=\"font-italic\">leia mais <i class=\"fas fa-angle-right\"><\/i><\/span><\/a><\/p>\n","protected":false},"author":764,"featured_media":0,"parent":0,"menu_order":0,"comment_status":"closed","ping_status":"closed","template":"","meta":{"_acf_changed":false,"footnotes":"","_links_to":"","_links_to_target":""},"class_list":["post-1688","page","type-page","status-publish","hentry"],"yoast_head":"<!-- This site is optimized with the Yoast SEO plugin v27.2 - https:\/\/yoast.com\/product\/yoast-seo-wordpress\/ -->\n<title>SisTomate Mobile - Ag\u00eancia de Inova\u00e7\u00e3o da UFRRJ<\/title>\n<meta name=\"robots\" content=\"index, follow, max-snippet:-1, max-image-preview:large, max-video-preview:-1\" \/>\n<link rel=\"canonical\" href=\"https:\/\/institucional.ufrrj.br\/nit\/sistomate-mobile\/\" \/>\n<meta property=\"og:locale\" content=\"pt_BR\" \/>\n<meta property=\"og:type\" content=\"article\" \/>\n<meta property=\"og:title\" content=\"SisTomate Mobile - Ag\u00eancia de Inova\u00e7\u00e3o da UFRRJ\" \/>\n<meta property=\"og:description\" content=\"N\u00b0 DO PEDIDO BR 51 2017 000548 6 ATUA\u00c7\u00c3O A agricultura moderna se caracteriza pela substitui\u00e7\u00e3o da diversidade natural por ... leia mais\" \/>\n<meta property=\"og:url\" content=\"https:\/\/institucional.ufrrj.br\/nit\/sistomate-mobile\/\" \/>\n<meta property=\"og:site_name\" content=\"Ag\u00eancia de Inova\u00e7\u00e3o da UFRRJ\" \/>\n<meta property=\"article:modified_time\" content=\"2024-09-04T22:37:39+00:00\" \/>\n<meta name=\"twitter:card\" content=\"summary_large_image\" \/>\n<meta name=\"twitter:label1\" content=\"Est. tempo de leitura\" \/>\n\t<meta name=\"twitter:data1\" content=\"2 minutos\" \/>\n<script type=\"application\/ld+json\" class=\"yoast-schema-graph\">{\"@context\":\"https:\/\/schema.org\",\"@graph\":[{\"@type\":\"WebPage\",\"@id\":\"https:\/\/institucional.ufrrj.br\/nit\/sistomate-mobile\/\",\"url\":\"https:\/\/institucional.ufrrj.br\/nit\/sistomate-mobile\/\",\"name\":\"SisTomate Mobile - Ag\u00eancia de Inova\u00e7\u00e3o da UFRRJ\",\"isPartOf\":{\"@id\":\"https:\/\/institucional.ufrrj.br\/nit\/#website\"},\"datePublished\":\"2021-01-10T20:13:44+00:00\",\"dateModified\":\"2024-09-04T22:37:39+00:00\",\"breadcrumb\":{\"@id\":\"https:\/\/institucional.ufrrj.br\/nit\/sistomate-mobile\/#breadcrumb\"},\"inLanguage\":\"pt-BR\",\"potentialAction\":[{\"@type\":\"ReadAction\",\"target\":[\"https:\/\/institucional.ufrrj.br\/nit\/sistomate-mobile\/\"]}]},{\"@type\":\"BreadcrumbList\",\"@id\":\"https:\/\/institucional.ufrrj.br\/nit\/sistomate-mobile\/#breadcrumb\",\"itemListElement\":[{\"@type\":\"ListItem\",\"position\":1,\"name\":\"In\u00edcio\",\"item\":\"https:\/\/institucional.ufrrj.br\/nit\/\"},{\"@type\":\"ListItem\",\"position\":2,\"name\":\"SisTomate Mobile\"}]},{\"@type\":\"WebSite\",\"@id\":\"https:\/\/institucional.ufrrj.br\/nit\/#website\",\"url\":\"https:\/\/institucional.ufrrj.br\/nit\/\",\"name\":\"Ag\u00eancia de Inova\u00e7\u00e3o UFRRJ\",\"description\":\"UFRRJ\",\"potentialAction\":[{\"@type\":\"SearchAction\",\"target\":{\"@type\":\"EntryPoint\",\"urlTemplate\":\"https:\/\/institucional.ufrrj.br\/nit\/?s={search_term_string}\"},\"query-input\":{\"@type\":\"PropertyValueSpecification\",\"valueRequired\":true,\"valueName\":\"search_term_string\"}}],\"inLanguage\":\"pt-BR\"}]}<\/script>\n<!-- \/ Yoast SEO plugin. -->","yoast_head_json":{"title":"SisTomate Mobile - Ag\u00eancia de Inova\u00e7\u00e3o da UFRRJ","robots":{"index":"index","follow":"follow","max-snippet":"max-snippet:-1","max-image-preview":"max-image-preview:large","max-video-preview":"max-video-preview:-1"},"canonical":"https:\/\/institucional.ufrrj.br\/nit\/sistomate-mobile\/","og_locale":"pt_BR","og_type":"article","og_title":"SisTomate Mobile - Ag\u00eancia de Inova\u00e7\u00e3o da UFRRJ","og_description":"N\u00b0 DO PEDIDO BR 51 2017 000548 6 ATUA\u00c7\u00c3O A agricultura moderna se caracteriza pela substitui\u00e7\u00e3o da diversidade natural por ... leia mais","og_url":"https:\/\/institucional.ufrrj.br\/nit\/sistomate-mobile\/","og_site_name":"Ag\u00eancia de Inova\u00e7\u00e3o da UFRRJ","article_modified_time":"2024-09-04T22:37:39+00:00","twitter_card":"summary_large_image","twitter_misc":{"Est. tempo de leitura":"2 minutos"},"schema":{"@context":"https:\/\/schema.org","@graph":[{"@type":"WebPage","@id":"https:\/\/institucional.ufrrj.br\/nit\/sistomate-mobile\/","url":"https:\/\/institucional.ufrrj.br\/nit\/sistomate-mobile\/","name":"SisTomate Mobile - Ag\u00eancia de Inova\u00e7\u00e3o da UFRRJ","isPartOf":{"@id":"https:\/\/institucional.ufrrj.br\/nit\/#website"},"datePublished":"2021-01-10T20:13:44+00:00","dateModified":"2024-09-04T22:37:39+00:00","breadcrumb":{"@id":"https:\/\/institucional.ufrrj.br\/nit\/sistomate-mobile\/#breadcrumb"},"inLanguage":"pt-BR","potentialAction":[{"@type":"ReadAction","target":["https:\/\/institucional.ufrrj.br\/nit\/sistomate-mobile\/"]}]},{"@type":"BreadcrumbList","@id":"https:\/\/institucional.ufrrj.br\/nit\/sistomate-mobile\/#breadcrumb","itemListElement":[{"@type":"ListItem","position":1,"name":"In\u00edcio","item":"https:\/\/institucional.ufrrj.br\/nit\/"},{"@type":"ListItem","position":2,"name":"SisTomate Mobile"}]},{"@type":"WebSite","@id":"https:\/\/institucional.ufrrj.br\/nit\/#website","url":"https:\/\/institucional.ufrrj.br\/nit\/","name":"Ag\u00eancia de Inova\u00e7\u00e3o UFRRJ","description":"UFRRJ","potentialAction":[{"@type":"SearchAction","target":{"@type":"EntryPoint","urlTemplate":"https:\/\/institucional.ufrrj.br\/nit\/?s={search_term_string}"},"query-input":{"@type":"PropertyValueSpecification","valueRequired":true,"valueName":"search_term_string"}}],"inLanguage":"pt-BR"}]}},"acf":[],"_links":{"self":[{"href":"https:\/\/institucional.ufrrj.br\/nit\/wp-json\/wp\/v2\/pages\/1688","targetHints":{"allow":["GET"]}}],"collection":[{"href":"https:\/\/institucional.ufrrj.br\/nit\/wp-json\/wp\/v2\/pages"}],"about":[{"href":"https:\/\/institucional.ufrrj.br\/nit\/wp-json\/wp\/v2\/types\/page"}],"author":[{"embeddable":true,"href":"https:\/\/institucional.ufrrj.br\/nit\/wp-json\/wp\/v2\/users\/764"}],"replies":[{"embeddable":true,"href":"https:\/\/institucional.ufrrj.br\/nit\/wp-json\/wp\/v2\/comments?post=1688"}],"version-history":[{"count":4,"href":"https:\/\/institucional.ufrrj.br\/nit\/wp-json\/wp\/v2\/pages\/1688\/revisions"}],"predecessor-version":[{"id":3005,"href":"https:\/\/institucional.ufrrj.br\/nit\/wp-json\/wp\/v2\/pages\/1688\/revisions\/3005"}],"wp:attachment":[{"href":"https:\/\/institucional.ufrrj.br\/nit\/wp-json\/wp\/v2\/media?parent=1688"}],"curies":[{"name":"wp","href":"https:\/\/api.w.org\/{rel}","templated":true}]}}