{"id":1686,"date":"2021-01-10T20:02:02","date_gmt":"2021-01-10T20:02:02","guid":{"rendered":"http:\/\/institucional.ufrrj.br\/nit\/?page_id=1686"},"modified":"2024-09-04T19:41:36","modified_gmt":"2024-09-04T22:41:36","slug":"ruralcontraaedes","status":"publish","type":"page","link":"https:\/\/institucional.ufrrj.br\/nit\/ruralcontraaedes\/","title":{"rendered":"RuralContraAedes"},"content":{"rendered":"\n<h4 class=\"eplus-wrapper wp-block-heading\"><em>N\u00b0 DO PEDIDO<\/em><\/h4>\n\n\n\n<p class=\" eplus-wrapper\">BR 51 2016 000614 5<\/p>\n\n\n\n<h4 class=\"eplus-wrapper wp-block-heading\"><em>ATUA\u00c7\u00c3O<\/em><\/h4>\n\n\n\n<p class=\" eplus-wrapper\">O PET-SI da UFRRJ juntamente com Comiss\u00e3o para Controle do Aedes aegypti UFRRJ desenvolveu uma ferramenta computacional, que engloba o projeto e a constru\u00e7\u00e3o de um sistema Web e um banco de dados para acolher den\u00fancias e fazer o monitoramento Online de Focos do Mosquito Aedes aegypti. Essa ferramenta possibilita em uma mesma plataforma simplificar e automatizar ao processo de denuncia.<\/p>\n\n\n\n<p class=\" eplus-wrapper\"><\/p>\n\n\n\n<h4 class=\"eplus-wrapper wp-block-heading\"><em>FERRAMENTAS E TECNOLOGIAS<\/em><\/h4>\n\n\n\n<p class=\" eplus-wrapper\">A arquitetura do sistema foi codificada na linguagem de programa\u00e7\u00e3o PHP e JavaScript, linguagem de marca\u00e7\u00e3o HTML e a linguagem de folha de estilo CSS. Tamb\u00e9m \u00e9 utilizado um banco de dados relacional, o sistema \u00e9 mantido pela e as informa\u00e7\u00f5es que nele contem s\u00e3o resultados das entradas dos usu\u00e1rios.<\/p>\n\n\n\n<p class=\" eplus-wrapper\"><\/p>\n\n\n\n<h4 class=\"eplus-wrapper wp-block-heading\"><em>BENEFICIOS<\/em><\/h4>\n\n\n\n<p class=\" eplus-wrapper\">Com a implementa\u00e7\u00e3o e uso desse aplicativo ajudar\u00e1 na busca de potenciais focos de criadouros do mosquito Aedes, onde popula\u00e7\u00e3o poder\u00e1 fazer denuncias de focos, gerando uma forma preven\u00e7\u00e3o das doen\u00e7as e evitar que o mosquito se reproduza.<\/p>\n\n\n\n<p class=\" eplus-wrapper\"><\/p>\n\n\n\n<h4 class=\"eplus-wrapper wp-block-heading\"><em>COLABORADORES E INVENTORES<\/em><\/h4>\n\n\n\n<p class=\" eplus-wrapper\">Lothar Mathaeus de O. C. P. Rodrigues<br>Nath\u00e1lia Miranda do Nascimento<br>S\u00e9rgio Manuel Serra da Cruz<\/p>\n","protected":false},"excerpt":{"rendered":"<p>N\u00b0 DO PEDIDO BR 51 2016 000614 5 ATUA\u00c7\u00c3O O PET-SI da UFRRJ juntamente com Comiss\u00e3o para Controle do Aedes <a class=\"read-more\" href=\"https:\/\/institucional.ufrrj.br\/nit\/ruralcontraaedes\/ \" >&#8230; <span class=\"font-italic\">leia mais <i class=\"fas fa-angle-right\"><\/i><\/span><\/a><\/p>\n","protected":false},"author":764,"featured_media":0,"parent":0,"menu_order":0,"comment_status":"closed","ping_status":"closed","template":"","meta":{"_acf_changed":false,"footnotes":"","_links_to":"","_links_to_target":""},"class_list":["post-1686","page","type-page","status-publish","hentry"],"yoast_head":"<!-- This site is optimized with the Yoast SEO plugin v27.2 - https:\/\/yoast.com\/product\/yoast-seo-wordpress\/ -->\n<title>RuralContraAedes - Ag\u00eancia de Inova\u00e7\u00e3o da UFRRJ<\/title>\n<meta name=\"robots\" content=\"index, follow, max-snippet:-1, max-image-preview:large, max-video-preview:-1\" \/>\n<link rel=\"canonical\" href=\"https:\/\/institucional.ufrrj.br\/nit\/ruralcontraaedes\/\" \/>\n<meta property=\"og:locale\" content=\"pt_BR\" \/>\n<meta property=\"og:type\" content=\"article\" \/>\n<meta property=\"og:title\" content=\"RuralContraAedes - Ag\u00eancia de Inova\u00e7\u00e3o da UFRRJ\" \/>\n<meta property=\"og:description\" content=\"N\u00b0 DO PEDIDO BR 51 2016 000614 5 ATUA\u00c7\u00c3O O PET-SI da UFRRJ juntamente com Comiss\u00e3o para Controle do Aedes ... leia mais\" \/>\n<meta property=\"og:url\" content=\"https:\/\/institucional.ufrrj.br\/nit\/ruralcontraaedes\/\" \/>\n<meta property=\"og:site_name\" content=\"Ag\u00eancia de Inova\u00e7\u00e3o da UFRRJ\" \/>\n<meta property=\"article:modified_time\" content=\"2024-09-04T22:41:36+00:00\" \/>\n<meta name=\"twitter:card\" content=\"summary_large_image\" \/>\n<meta name=\"twitter:label1\" content=\"Est. tempo de leitura\" \/>\n\t<meta name=\"twitter:data1\" content=\"1 minuto\" \/>\n<script type=\"application\/ld+json\" class=\"yoast-schema-graph\">{\"@context\":\"https:\/\/schema.org\",\"@graph\":[{\"@type\":\"WebPage\",\"@id\":\"https:\/\/institucional.ufrrj.br\/nit\/ruralcontraaedes\/\",\"url\":\"https:\/\/institucional.ufrrj.br\/nit\/ruralcontraaedes\/\",\"name\":\"RuralContraAedes - Ag\u00eancia de Inova\u00e7\u00e3o da UFRRJ\",\"isPartOf\":{\"@id\":\"https:\/\/institucional.ufrrj.br\/nit\/#website\"},\"datePublished\":\"2021-01-10T20:02:02+00:00\",\"dateModified\":\"2024-09-04T22:41:36+00:00\",\"breadcrumb\":{\"@id\":\"https:\/\/institucional.ufrrj.br\/nit\/ruralcontraaedes\/#breadcrumb\"},\"inLanguage\":\"pt-BR\",\"potentialAction\":[{\"@type\":\"ReadAction\",\"target\":[\"https:\/\/institucional.ufrrj.br\/nit\/ruralcontraaedes\/\"]}]},{\"@type\":\"BreadcrumbList\",\"@id\":\"https:\/\/institucional.ufrrj.br\/nit\/ruralcontraaedes\/#breadcrumb\",\"itemListElement\":[{\"@type\":\"ListItem\",\"position\":1,\"name\":\"In\u00edcio\",\"item\":\"https:\/\/institucional.ufrrj.br\/nit\/\"},{\"@type\":\"ListItem\",\"position\":2,\"name\":\"RuralContraAedes\"}]},{\"@type\":\"WebSite\",\"@id\":\"https:\/\/institucional.ufrrj.br\/nit\/#website\",\"url\":\"https:\/\/institucional.ufrrj.br\/nit\/\",\"name\":\"Ag\u00eancia de Inova\u00e7\u00e3o UFRRJ\",\"description\":\"UFRRJ\",\"potentialAction\":[{\"@type\":\"SearchAction\",\"target\":{\"@type\":\"EntryPoint\",\"urlTemplate\":\"https:\/\/institucional.ufrrj.br\/nit\/?s={search_term_string}\"},\"query-input\":{\"@type\":\"PropertyValueSpecification\",\"valueRequired\":true,\"valueName\":\"search_term_string\"}}],\"inLanguage\":\"pt-BR\"}]}<\/script>\n<!-- \/ Yoast SEO plugin. -->","yoast_head_json":{"title":"RuralContraAedes - Ag\u00eancia de Inova\u00e7\u00e3o da UFRRJ","robots":{"index":"index","follow":"follow","max-snippet":"max-snippet:-1","max-image-preview":"max-image-preview:large","max-video-preview":"max-video-preview:-1"},"canonical":"https:\/\/institucional.ufrrj.br\/nit\/ruralcontraaedes\/","og_locale":"pt_BR","og_type":"article","og_title":"RuralContraAedes - Ag\u00eancia de Inova\u00e7\u00e3o da UFRRJ","og_description":"N\u00b0 DO PEDIDO BR 51 2016 000614 5 ATUA\u00c7\u00c3O O PET-SI da UFRRJ juntamente com Comiss\u00e3o para Controle do Aedes ... leia mais","og_url":"https:\/\/institucional.ufrrj.br\/nit\/ruralcontraaedes\/","og_site_name":"Ag\u00eancia de Inova\u00e7\u00e3o da UFRRJ","article_modified_time":"2024-09-04T22:41:36+00:00","twitter_card":"summary_large_image","twitter_misc":{"Est. tempo de leitura":"1 minuto"},"schema":{"@context":"https:\/\/schema.org","@graph":[{"@type":"WebPage","@id":"https:\/\/institucional.ufrrj.br\/nit\/ruralcontraaedes\/","url":"https:\/\/institucional.ufrrj.br\/nit\/ruralcontraaedes\/","name":"RuralContraAedes - Ag\u00eancia de Inova\u00e7\u00e3o da UFRRJ","isPartOf":{"@id":"https:\/\/institucional.ufrrj.br\/nit\/#website"},"datePublished":"2021-01-10T20:02:02+00:00","dateModified":"2024-09-04T22:41:36+00:00","breadcrumb":{"@id":"https:\/\/institucional.ufrrj.br\/nit\/ruralcontraaedes\/#breadcrumb"},"inLanguage":"pt-BR","potentialAction":[{"@type":"ReadAction","target":["https:\/\/institucional.ufrrj.br\/nit\/ruralcontraaedes\/"]}]},{"@type":"BreadcrumbList","@id":"https:\/\/institucional.ufrrj.br\/nit\/ruralcontraaedes\/#breadcrumb","itemListElement":[{"@type":"ListItem","position":1,"name":"In\u00edcio","item":"https:\/\/institucional.ufrrj.br\/nit\/"},{"@type":"ListItem","position":2,"name":"RuralContraAedes"}]},{"@type":"WebSite","@id":"https:\/\/institucional.ufrrj.br\/nit\/#website","url":"https:\/\/institucional.ufrrj.br\/nit\/","name":"Ag\u00eancia de Inova\u00e7\u00e3o UFRRJ","description":"UFRRJ","potentialAction":[{"@type":"SearchAction","target":{"@type":"EntryPoint","urlTemplate":"https:\/\/institucional.ufrrj.br\/nit\/?s={search_term_string}"},"query-input":{"@type":"PropertyValueSpecification","valueRequired":true,"valueName":"search_term_string"}}],"inLanguage":"pt-BR"}]}},"acf":[],"_links":{"self":[{"href":"https:\/\/institucional.ufrrj.br\/nit\/wp-json\/wp\/v2\/pages\/1686","targetHints":{"allow":["GET"]}}],"collection":[{"href":"https:\/\/institucional.ufrrj.br\/nit\/wp-json\/wp\/v2\/pages"}],"about":[{"href":"https:\/\/institucional.ufrrj.br\/nit\/wp-json\/wp\/v2\/types\/page"}],"author":[{"embeddable":true,"href":"https:\/\/institucional.ufrrj.br\/nit\/wp-json\/wp\/v2\/users\/764"}],"replies":[{"embeddable":true,"href":"https:\/\/institucional.ufrrj.br\/nit\/wp-json\/wp\/v2\/comments?post=1686"}],"version-history":[{"count":4,"href":"https:\/\/institucional.ufrrj.br\/nit\/wp-json\/wp\/v2\/pages\/1686\/revisions"}],"predecessor-version":[{"id":3007,"href":"https:\/\/institucional.ufrrj.br\/nit\/wp-json\/wp\/v2\/pages\/1686\/revisions\/3007"}],"wp:attachment":[{"href":"https:\/\/institucional.ufrrj.br\/nit\/wp-json\/wp\/v2\/media?parent=1686"}],"curies":[{"name":"wp","href":"https:\/\/api.w.org\/{rel}","templated":true}]}}