{"id":1190,"date":"2020-05-27T00:21:41","date_gmt":"2020-05-27T00:21:41","guid":{"rendered":"http:\/\/institucional.ufrrj.br\/nit\/?page_id=1190"},"modified":"2025-09-15T17:23:01","modified_gmt":"2025-09-15T20:23:01","slug":"empresas-juniores","status":"publish","type":"page","link":"https:\/\/institucional.ufrrj.br\/nit\/empresas-juniores\/","title":{"rendered":"Empresas Juniores"},"content":{"rendered":"\n<p class=\"eplus-wrapper\">Segundo a Lei n\u00b0 13.267\/2016, as Empresas Juniores s\u00e3o entidades organizadas como associa\u00e7\u00f5es civis, geridas por estudantes matriculados em cursos de gradua\u00e7\u00e3o de institui\u00e7\u00f5es de ensino superior, com o prop\u00f3sito de realizar projetos e servi\u00e7os que contribuam para o desenvolvimento acad\u00eamico e profissional dos associados, capacitando-os para o mercado de trabalho e incentivando o empreendedorismo. <\/p>\n\n\n\n<p class=\"eplus-wrapper\">Na UFRRJ, a primeira Empresa Junior fundada foi a Multi Consultoria, em 1997, nos cursos de Administra\u00e7\u00e3o e Economia. Atualmente, a UFRRJ conta com 13 EJs em atividade, sendo uma no campus de Tr\u00eas Rios e 12 no campus de Serop\u00e9dica.<\/p>\n\n\n\n<p>Abaixo acesse o Portif\u00f3lio das Empresas Juniores e Enactus da UFRRJ.<\/p>\n\n\n\n<div data-wp-interactive=\"core\/file\" class=\"wp-block-file aligncenter\"><object data-wp-bind--hidden=\"!state.hasPdfPreview\" hidden class=\"wp-block-file__embed\" data=\"https:\/\/institucional.ufrrj.br\/nit\/files\/2025\/09\/Portfo\u0301lio-EJs-Enactus-UFRRJ.pdf\" type=\"application\/pdf\" style=\"width:100%;height:790px\" aria-label=\"Incorporado de Portfo\u0301lio EJs &amp; Enactus UFRRJ.\"><\/object><a id=\"wp-block-file--media-9996e9a3-efbe-47e8-95f0-0e27f24af309\" href=\"https:\/\/institucional.ufrrj.br\/nit\/files\/2025\/09\/Portfo\u0301lio-EJs-Enactus-UFRRJ.pdf\" target=\"_blank\" rel=\"noreferrer noopener\">Portfo\u0301lio EJs &amp; Enactus UFRRJ<\/a><\/div>\n\n\n\n<p class=\"has-text-align-center eplus-wrapper\"><strong>Campus Serop\u00e9dica<\/strong><\/p>\n\n\n\n<div class=\"wp-block-columns eplus-wrapper is-layout-flex wp-container-core-columns-is-layout-9d6595d7 wp-block-columns-is-layout-flex\">\n<div class=\"wp-block-column eplus-wrapper is-layout-flow wp-block-column-is-layout-flow\">\n<figure class=\"wp-block-image size-full eplus-wrapper\"><a href=\"https:\/\/institucional.ufrrj.br\/nit\/files\/2024\/07\/4.png\"><img loading=\"lazy\" decoding=\"async\" width=\"534\" height=\"450\" src=\"https:\/\/institucional.ufrrj.br\/nit\/files\/2024\/07\/4.png\" alt=\"\" class=\"wp-image-2629\" srcset=\"https:\/\/institucional.ufrrj.br\/nit\/files\/2024\/07\/4.png 534w, https:\/\/institucional.ufrrj.br\/nit\/files\/2024\/07\/4-300x253.png 300w\" sizes=\"auto, (max-width: 534px) 100vw, 534px\" \/><\/a><figcaption class=\"wp-element-caption\"><strong><a href=\"https:\/\/www.cetajrconsultoria.com\/\" target=\"_blank\" rel=\"noreferrer noopener\">Ceta Jr<\/a><\/strong><\/figcaption><\/figure>\n<\/div>\n\n\n\n<div class=\"wp-block-column eplus-wrapper is-layout-flow wp-block-column-is-layout-flow\"><div class=\"wp-block-image eplus-wrapper\">\n<figure class=\"aligncenter size-full\"><a href=\"https:\/\/institucional.ufrrj.br\/nit\/files\/2024\/07\/11.png\"><img loading=\"lazy\" decoding=\"async\" width=\"534\" height=\"450\" src=\"https:\/\/institucional.ufrrj.br\/nit\/files\/2024\/07\/11.png\" alt=\"\" class=\"wp-image-2636\" srcset=\"https:\/\/institucional.ufrrj.br\/nit\/files\/2024\/07\/11.png 534w, https:\/\/institucional.ufrrj.br\/nit\/files\/2024\/07\/11-300x253.png 300w\" sizes=\"auto, (max-width: 534px) 100vw, 534px\" \/><\/a><figcaption class=\"wp-element-caption\"><strong><a href=\"https:\/\/www.florajunior.com\/\" target=\"_blank\" rel=\"noreferrer noopener\">Flora Jr<\/a><\/strong><\/figcaption><\/figure>\n<\/div><\/div>\n<\/div>\n\n\n\n<div class=\"wp-block-columns eplus-wrapper is-layout-flex wp-container-core-columns-is-layout-9d6595d7 wp-block-columns-is-layout-flex\">\n<div class=\"wp-block-column eplus-wrapper is-layout-flow wp-block-column-is-layout-flow\"><div class=\"wp-block-image is-style-default eplus-wrapper\">\n<figure class=\"aligncenter size-full\"><a href=\"https:\/\/institucional.ufrrj.br\/nit\/files\/2024\/07\/1.png\"><img loading=\"lazy\" decoding=\"async\" width=\"534\" height=\"450\" src=\"https:\/\/institucional.ufrrj.br\/nit\/files\/2024\/07\/1.png\" alt=\"\" class=\"wp-image-2626\" srcset=\"https:\/\/institucional.ufrrj.br\/nit\/files\/2024\/07\/1.png 534w, https:\/\/institucional.ufrrj.br\/nit\/files\/2024\/07\/1-300x253.png 300w\" sizes=\"auto, (max-width: 534px) 100vw, 534px\" \/><\/a><figcaption class=\"wp-element-caption\"><strong><a href=\"https:\/\/www.instagram.com\/hospitjr\/\" target=\"_blank\" rel=\"noreferrer noopener\">Hosp It<\/a><\/strong><\/figcaption><\/figure>\n<\/div>\n\n<div class=\"wp-block-image eplus-wrapper\">\n<figure class=\"aligncenter size-full\"><a href=\"https:\/\/institucional.ufrrj.br\/nit\/files\/2024\/07\/7.png\"><img loading=\"lazy\" decoding=\"async\" width=\"534\" height=\"450\" src=\"https:\/\/institucional.ufrrj.br\/nit\/files\/2024\/07\/7.png\" alt=\"\" class=\"wp-image-2632\" srcset=\"https:\/\/institucional.ufrrj.br\/nit\/files\/2024\/07\/7.png 534w, https:\/\/institucional.ufrrj.br\/nit\/files\/2024\/07\/7-300x253.png 300w\" sizes=\"auto, (max-width: 534px) 100vw, 534px\" \/><\/a><figcaption class=\"wp-element-caption\"><strong><a href=\"https:\/\/www.instagram.com\/multijunior_\/\" target=\"_blank\" rel=\"noreferrer noopener\">Multi Jr<\/a><\/strong><\/figcaption><\/figure>\n<\/div><\/div>\n\n\n\n<div class=\"wp-block-column eplus-wrapper is-layout-flow wp-block-column-is-layout-flow\"><div class=\"wp-block-image eplus-wrapper\">\n<figure class=\"aligncenter size-full\"><a href=\"https:\/\/institucional.ufrrj.br\/nit\/files\/2024\/07\/5.png\"><img loading=\"lazy\" decoding=\"async\" width=\"534\" height=\"450\" src=\"https:\/\/institucional.ufrrj.br\/nit\/files\/2024\/07\/5.png\" alt=\"\" class=\"wp-image-2630\" srcset=\"https:\/\/institucional.ufrrj.br\/nit\/files\/2024\/07\/5.png 534w, https:\/\/institucional.ufrrj.br\/nit\/files\/2024\/07\/5-300x253.png 300w\" sizes=\"auto, (max-width: 534px) 100vw, 534px\" \/><\/a><figcaption class=\"wp-element-caption\"><strong><a href=\"http:\/\/www.mensurarjunior.com\" target=\"_blank\" rel=\"noreferrer noopener\">Mensurar Jr<\/a><\/strong><\/figcaption><\/figure>\n<\/div>\n\n<div class=\"wp-block-image eplus-wrapper\">\n<figure class=\"aligncenter size-full\"><a href=\"https:\/\/institucional.ufrrj.br\/nit\/files\/2024\/07\/3.png\"><img loading=\"lazy\" decoding=\"async\" width=\"534\" height=\"450\" src=\"https:\/\/institucional.ufrrj.br\/nit\/files\/2024\/07\/3.png\" alt=\"\" class=\"wp-image-2628\" srcset=\"https:\/\/institucional.ufrrj.br\/nit\/files\/2024\/07\/3.png 534w, https:\/\/institucional.ufrrj.br\/nit\/files\/2024\/07\/3-300x253.png 300w\" sizes=\"auto, (max-width: 534px) 100vw, 534px\" \/><\/a><figcaption class=\"wp-element-caption\"><strong><a href=\"https:\/\/www.nucleoconsultoriajr.com\/\" target=\"_blank\" rel=\"noreferrer noopener\">N\u00facleo Consultoria Jr<\/a><\/strong><\/figcaption><\/figure>\n<\/div><\/div>\n<\/div>\n\n\n\n<div class=\"wp-block-columns eplus-wrapper is-layout-flex wp-container-core-columns-is-layout-9d6595d7 wp-block-columns-is-layout-flex\">\n<div class=\"wp-block-column eplus-wrapper is-layout-flow wp-block-column-is-layout-flow\"><div class=\"wp-block-image eplus-wrapper\">\n<figure class=\"aligncenter size-full\"><a href=\"https:\/\/institucional.ufrrj.br\/nit\/files\/2024\/07\/10.png\"><img loading=\"lazy\" decoding=\"async\" width=\"534\" height=\"450\" src=\"https:\/\/institucional.ufrrj.br\/nit\/files\/2024\/07\/10.png\" alt=\"\" class=\"wp-image-2635\" srcset=\"https:\/\/institucional.ufrrj.br\/nit\/files\/2024\/07\/10.png 534w, https:\/\/institucional.ufrrj.br\/nit\/files\/2024\/07\/10-300x253.png 300w\" sizes=\"auto, (max-width: 534px) 100vw, 534px\" \/><\/a><figcaption class=\"wp-element-caption\"><strong><a href=\"http:\/\/www.ruralconsultoriajr.com.br\/\" target=\"_blank\" rel=\"noreferrer noopener\">Rural Consultoria Jr<\/a><\/strong><\/figcaption><\/figure>\n<\/div><\/div>\n\n\n\n<div class=\"wp-block-column eplus-wrapper is-layout-flow wp-block-column-is-layout-flow\"><div class=\"wp-block-image eplus-wrapper\">\n<figure class=\"aligncenter size-full\"><a href=\"https:\/\/institucional.ufrrj.br\/nit\/files\/2024\/07\/2.png\"><img loading=\"lazy\" decoding=\"async\" width=\"534\" height=\"450\" src=\"https:\/\/institucional.ufrrj.br\/nit\/files\/2024\/07\/2.png\" alt=\"\" class=\"wp-image-2627\" srcset=\"https:\/\/institucional.ufrrj.br\/nit\/files\/2024\/07\/2.png 534w, https:\/\/institucional.ufrrj.br\/nit\/files\/2024\/07\/2-300x253.png 300w\" sizes=\"auto, (max-width: 534px) 100vw, 534px\" \/><\/a><figcaption class=\"wp-element-caption\"><strong><a href=\"https:\/\/signaljr.com.br\/\" target=\"_blank\" rel=\"noreferrer noopener\">Signal Jr<\/a><\/strong><\/figcaption><\/figure>\n<\/div><\/div>\n<\/div>\n\n\n\n<div class=\"wp-block-columns eplus-wrapper is-layout-flex wp-container-core-columns-is-layout-9d6595d7 wp-block-columns-is-layout-flex\">\n<div class=\"wp-block-column eplus-wrapper is-layout-flow wp-block-column-is-layout-flow\"><div class=\"wp-block-image eplus-wrapper\">\n<figure class=\"alignleft size-full\"><a href=\"https:\/\/institucional.ufrrj.br\/nit\/files\/2024\/07\/fotos-empresas-juniores-nit.png\"><img loading=\"lazy\" decoding=\"async\" width=\"534\" height=\"450\" src=\"https:\/\/institucional.ufrrj.br\/nit\/files\/2024\/07\/fotos-empresas-juniores-nit.png\" alt=\"\" class=\"wp-image-2634\" srcset=\"https:\/\/institucional.ufrrj.br\/nit\/files\/2024\/07\/fotos-empresas-juniores-nit.png 534w, https:\/\/institucional.ufrrj.br\/nit\/files\/2024\/07\/fotos-empresas-juniores-nit-300x253.png 300w\" sizes=\"auto, (max-width: 534px) 100vw, 534px\" \/><\/a><figcaption class=\"wp-element-caption\"><strong><a href=\"http:\/\/vitaljrconsultoria.com\" target=\"_blank\" rel=\"noreferrer noopener\">Vital Jr<\/a><\/strong><\/figcaption><\/figure>\n<\/div><\/div>\n\n\n\n<div class=\"wp-block-column eplus-wrapper is-layout-flow wp-block-column-is-layout-flow\">\n<figure class=\"wp-block-image size-full eplus-wrapper\"><a href=\"https:\/\/institucional.ufrrj.br\/nit\/files\/2024\/07\/8.png\"><img loading=\"lazy\" decoding=\"async\" width=\"534\" height=\"450\" src=\"https:\/\/institucional.ufrrj.br\/nit\/files\/2024\/07\/8.png\" alt=\"\" class=\"wp-image-2633\" srcset=\"https:\/\/institucional.ufrrj.br\/nit\/files\/2024\/07\/8.png 534w, https:\/\/institucional.ufrrj.br\/nit\/files\/2024\/07\/8-300x253.png 300w\" sizes=\"auto, (max-width: 534px) 100vw, 534px\" \/><\/a><figcaption class=\"wp-element-caption\"><strong><a href=\"https:\/\/solarmateriaisrj.wixsite.com\/consultoria\" target=\"_blank\" rel=\"noreferrer noopener\">Solar Materiais<\/a><\/strong><\/figcaption><\/figure>\n<\/div>\n<\/div>\n\n\n\n<div class=\"wp-block-columns eplus-wrapper is-layout-flex wp-container-core-columns-is-layout-9d6595d7 wp-block-columns-is-layout-flex\">\n<div class=\"wp-block-column eplus-wrapper is-layout-flow wp-block-column-is-layout-flow\">\n<figure class=\"wp-block-image size-full eplus-wrapper\"><a href=\"https:\/\/institucional.ufrrj.br\/nit\/files\/2024\/07\/12.png\"><img loading=\"lazy\" decoding=\"async\" width=\"534\" height=\"450\" src=\"https:\/\/institucional.ufrrj.br\/nit\/files\/2024\/07\/12.png\" alt=\"\" class=\"wp-image-2637\" srcset=\"https:\/\/institucional.ufrrj.br\/nit\/files\/2024\/07\/12.png 534w, https:\/\/institucional.ufrrj.br\/nit\/files\/2024\/07\/12-300x253.png 300w\" sizes=\"auto, (max-width: 534px) 100vw, 534px\" \/><\/a><figcaption class=\"wp-element-caption\"><a href=\"http:\/\/xportjr.com.br\" target=\"_blank\" rel=\"noreferrer noopener\">Xport Jr<\/a><\/figcaption><\/figure>\n<\/div>\n\n\n\n<div class=\"wp-block-column eplus-wrapper is-layout-flow wp-block-column-is-layout-flow\"><div class=\"wp-block-image eplus-wrapper\">\n<figure class=\"aligncenter size-full is-resized\"><a href=\"https:\/\/institucional.ufrrj.br\/nit\/files\/2025\/05\/WhatsApp-Image-2025-05-27-at-08.16.41-1.jpeg\"><img loading=\"lazy\" decoding=\"async\" width=\"1001\" height=\"1001\" src=\"https:\/\/institucional.ufrrj.br\/nit\/files\/2025\/05\/WhatsApp-Image-2025-05-27-at-08.16.41-1.jpeg\" alt=\"\" class=\"wp-image-3659\" style=\"width:350px;height:auto\" srcset=\"https:\/\/institucional.ufrrj.br\/nit\/files\/2025\/05\/WhatsApp-Image-2025-05-27-at-08.16.41-1.jpeg 1001w, https:\/\/institucional.ufrrj.br\/nit\/files\/2025\/05\/WhatsApp-Image-2025-05-27-at-08.16.41-1-300x300.jpeg 300w, https:\/\/institucional.ufrrj.br\/nit\/files\/2025\/05\/WhatsApp-Image-2025-05-27-at-08.16.41-1-150x150.jpeg 150w, https:\/\/institucional.ufrrj.br\/nit\/files\/2025\/05\/WhatsApp-Image-2025-05-27-at-08.16.41-1-768x768.jpeg 768w, https:\/\/institucional.ufrrj.br\/nit\/files\/2025\/05\/WhatsApp-Image-2025-05-27-at-08.16.41-1-75x75.jpeg 75w, https:\/\/institucional.ufrrj.br\/nit\/files\/2025\/05\/WhatsApp-Image-2025-05-27-at-08.16.41-1-100x100.jpeg 100w\" sizes=\"auto, (max-width: 1001px) 100vw, 1001px\" \/><\/a><figcaption class=\"wp-element-caption\"><a href=\"https:\/\/www.instagram.com\/artemis.solucoes\/\" target=\"_blank\" rel=\"noreferrer noopener\">\u00c1rtemis Solu\u00e7\u00f5es Veterin\u00e1rias<\/a><\/figcaption><\/figure>\n<\/div><\/div>\n<\/div>\n\n\n\n<p class=\"has-text-align-center eplus-wrapper\"><strong>Campus Tr\u00eas Rios<\/strong><\/p>\n\n\n\n<div class=\"wp-block-columns eplus-wrapper is-layout-flex wp-container-core-columns-is-layout-9d6595d7 wp-block-columns-is-layout-flex\">\n<div class=\"wp-block-column eplus-wrapper is-layout-flow wp-block-column-is-layout-flow\" style=\"flex-basis:100%\"><div class=\"wp-block-image eplus-wrapper\">\n<figure class=\"aligncenter size-full is-resized\"><a href=\"https:\/\/institucional.ufrrj.br\/nit\/files\/2024\/07\/6.png\"><img loading=\"lazy\" decoding=\"async\" width=\"534\" height=\"450\" src=\"https:\/\/institucional.ufrrj.br\/nit\/files\/2024\/07\/6.png\" alt=\"\" class=\"wp-image-2631\" style=\"width:401px;height:338px\" srcset=\"https:\/\/institucional.ufrrj.br\/nit\/files\/2024\/07\/6.png 534w, https:\/\/institucional.ufrrj.br\/nit\/files\/2024\/07\/6-300x253.png 300w\" sizes=\"auto, (max-width: 534px) 100vw, 534px\" \/><\/a><figcaption class=\"wp-element-caption\"><a href=\"https:\/\/www.instagram.com\/valeverdessa\/?locale=es_US%3FICID%3DBLOG_MBF_ES\" target=\"_blank\" rel=\"noreferrer noopener\">Vale Verde Jr<\/a><\/figcaption><\/figure>\n<\/div><\/div>\n<\/div>\n\n\n\n<p class=\"eplus-wrapper\"><strong>Veja os principais n\u00fameros das Empresas Juniores da UFRRJ<\/strong><\/p>\n\n\n\n<figure class=\"wp-block-image size-large eplus-wrapper\"><a href=\"https:\/\/app.powerbi.com\/view?r=eyJrIjoiOWQxYmFlMGQtODM5Ni00YzJmLWI0ZGMtNGQ1OGY5OTI0MTJiIiwidCI6IjcwZGM2ZWM0LTc0YjEtNGMyNy04MWY5LWQwMmVlMmU1NzM5NiJ9\"><img loading=\"lazy\" decoding=\"async\" width=\"1024\" height=\"592\" src=\"https:\/\/institucional.ufrrj.br\/nit\/files\/2024\/07\/Empresas-Juniores-1024x592.png\" alt=\"\" class=\"wp-image-2679\" srcset=\"https:\/\/institucional.ufrrj.br\/nit\/files\/2024\/07\/Empresas-Juniores-1024x592.png 1024w, https:\/\/institucional.ufrrj.br\/nit\/files\/2024\/07\/Empresas-Juniores-300x173.png 300w, https:\/\/institucional.ufrrj.br\/nit\/files\/2024\/07\/Empresas-Juniores-768x444.png 768w, https:\/\/institucional.ufrrj.br\/nit\/files\/2024\/07\/Empresas-Juniores-1536x888.png 1536w, https:\/\/institucional.ufrrj.br\/nit\/files\/2024\/07\/Empresas-Juniores-2048x1184.png 2048w\" sizes=\"auto, (max-width: 1024px) 100vw, 1024px\" \/><\/a><\/figure>\n\n\n\n<p class=\"eplus-wrapper\"><\/p>\n","protected":false},"excerpt":{"rendered":"<p>Segundo a Lei n\u00b0 13.267\/2016, as Empresas Juniores s\u00e3o entidades organizadas como associa\u00e7\u00f5es civis, geridas por estudantes matriculados em cursos <a class=\"read-more\" href=\"https:\/\/institucional.ufrrj.br\/nit\/empresas-juniores\/ \" >&#8230; <span class=\"font-italic\">leia mais <i class=\"fas fa-angle-right\"><\/i><\/span><\/a><\/p>\n","protected":false},"author":883,"featured_media":0,"parent":0,"menu_order":0,"comment_status":"closed","ping_status":"closed","template":"","meta":{"_acf_changed":false,"footnotes":"","_links_to":"","_links_to_target":""},"class_list":["post-1190","page","type-page","status-publish","hentry"],"yoast_head":"<!-- This site is optimized with the Yoast SEO plugin v27.2 - https:\/\/yoast.com\/product\/yoast-seo-wordpress\/ -->\n<title>Empresas Juniores - Ag\u00eancia de Inova\u00e7\u00e3o da UFRRJ<\/title>\n<meta name=\"robots\" content=\"index, follow, max-snippet:-1, max-image-preview:large, max-video-preview:-1\" \/>\n<link rel=\"canonical\" href=\"https:\/\/institucional.ufrrj.br\/nit\/empresas-juniores\/\" \/>\n<meta property=\"og:locale\" content=\"pt_BR\" \/>\n<meta property=\"og:type\" content=\"article\" \/>\n<meta property=\"og:title\" content=\"Empresas Juniores - Ag\u00eancia de Inova\u00e7\u00e3o da UFRRJ\" \/>\n<meta property=\"og:description\" content=\"Segundo a Lei n\u00b0 13.267\/2016, as Empresas Juniores s\u00e3o entidades organizadas como associa\u00e7\u00f5es civis, geridas por estudantes matriculados em cursos ... leia mais\" \/>\n<meta property=\"og:url\" content=\"https:\/\/institucional.ufrrj.br\/nit\/empresas-juniores\/\" \/>\n<meta property=\"og:site_name\" content=\"Ag\u00eancia de Inova\u00e7\u00e3o da UFRRJ\" \/>\n<meta property=\"article:modified_time\" content=\"2025-09-15T20:23:01+00:00\" \/>\n<meta property=\"og:image\" content=\"https:\/\/institucional.ufrrj.br\/nit\/files\/2024\/07\/4.png\" \/>\n\t<meta property=\"og:image:width\" content=\"534\" \/>\n\t<meta property=\"og:image:height\" content=\"450\" \/>\n\t<meta property=\"og:image:type\" content=\"image\/png\" \/>\n<meta name=\"twitter:card\" content=\"summary_large_image\" \/>\n<meta name=\"twitter:label1\" content=\"Est. tempo de leitura\" \/>\n\t<meta name=\"twitter:data1\" content=\"4 minutos\" \/>\n<script type=\"application\/ld+json\" class=\"yoast-schema-graph\">{\"@context\":\"https:\/\/schema.org\",\"@graph\":[{\"@type\":\"WebPage\",\"@id\":\"https:\/\/institucional.ufrrj.br\/nit\/empresas-juniores\/\",\"url\":\"https:\/\/institucional.ufrrj.br\/nit\/empresas-juniores\/\",\"name\":\"Empresas Juniores - Ag\u00eancia de Inova\u00e7\u00e3o da UFRRJ\",\"isPartOf\":{\"@id\":\"https:\/\/institucional.ufrrj.br\/nit\/#website\"},\"primaryImageOfPage\":{\"@id\":\"https:\/\/institucional.ufrrj.br\/nit\/empresas-juniores\/#primaryimage\"},\"image\":{\"@id\":\"https:\/\/institucional.ufrrj.br\/nit\/empresas-juniores\/#primaryimage\"},\"thumbnailUrl\":\"https:\/\/institucional.ufrrj.br\/nit\/files\/2024\/07\/4.png\",\"datePublished\":\"2020-05-27T00:21:41+00:00\",\"dateModified\":\"2025-09-15T20:23:01+00:00\",\"breadcrumb\":{\"@id\":\"https:\/\/institucional.ufrrj.br\/nit\/empresas-juniores\/#breadcrumb\"},\"inLanguage\":\"pt-BR\",\"potentialAction\":[{\"@type\":\"ReadAction\",\"target\":[\"https:\/\/institucional.ufrrj.br\/nit\/empresas-juniores\/\"]}]},{\"@type\":\"ImageObject\",\"inLanguage\":\"pt-BR\",\"@id\":\"https:\/\/institucional.ufrrj.br\/nit\/empresas-juniores\/#primaryimage\",\"url\":\"https:\/\/institucional.ufrrj.br\/nit\/files\/2024\/07\/4.png\",\"contentUrl\":\"https:\/\/institucional.ufrrj.br\/nit\/files\/2024\/07\/4.png\",\"width\":534,\"height\":450},{\"@type\":\"BreadcrumbList\",\"@id\":\"https:\/\/institucional.ufrrj.br\/nit\/empresas-juniores\/#breadcrumb\",\"itemListElement\":[{\"@type\":\"ListItem\",\"position\":1,\"name\":\"In\u00edcio\",\"item\":\"https:\/\/institucional.ufrrj.br\/nit\/\"},{\"@type\":\"ListItem\",\"position\":2,\"name\":\"Empresas Juniores\"}]},{\"@type\":\"WebSite\",\"@id\":\"https:\/\/institucional.ufrrj.br\/nit\/#website\",\"url\":\"https:\/\/institucional.ufrrj.br\/nit\/\",\"name\":\"Ag\u00eancia de Inova\u00e7\u00e3o UFRRJ\",\"description\":\"UFRRJ\",\"potentialAction\":[{\"@type\":\"SearchAction\",\"target\":{\"@type\":\"EntryPoint\",\"urlTemplate\":\"https:\/\/institucional.ufrrj.br\/nit\/?s={search_term_string}\"},\"query-input\":{\"@type\":\"PropertyValueSpecification\",\"valueRequired\":true,\"valueName\":\"search_term_string\"}}],\"inLanguage\":\"pt-BR\"}]}<\/script>\n<!-- \/ Yoast SEO plugin. -->","yoast_head_json":{"title":"Empresas Juniores - Ag\u00eancia de Inova\u00e7\u00e3o da UFRRJ","robots":{"index":"index","follow":"follow","max-snippet":"max-snippet:-1","max-image-preview":"max-image-preview:large","max-video-preview":"max-video-preview:-1"},"canonical":"https:\/\/institucional.ufrrj.br\/nit\/empresas-juniores\/","og_locale":"pt_BR","og_type":"article","og_title":"Empresas Juniores - Ag\u00eancia de Inova\u00e7\u00e3o da UFRRJ","og_description":"Segundo a Lei n\u00b0 13.267\/2016, as Empresas Juniores s\u00e3o entidades organizadas como associa\u00e7\u00f5es civis, geridas por estudantes matriculados em cursos ... leia mais","og_url":"https:\/\/institucional.ufrrj.br\/nit\/empresas-juniores\/","og_site_name":"Ag\u00eancia de Inova\u00e7\u00e3o da UFRRJ","article_modified_time":"2025-09-15T20:23:01+00:00","og_image":[{"width":534,"height":450,"url":"https:\/\/institucional.ufrrj.br\/nit\/files\/2024\/07\/4.png","type":"image\/png"}],"twitter_card":"summary_large_image","twitter_misc":{"Est. tempo de leitura":"4 minutos"},"schema":{"@context":"https:\/\/schema.org","@graph":[{"@type":"WebPage","@id":"https:\/\/institucional.ufrrj.br\/nit\/empresas-juniores\/","url":"https:\/\/institucional.ufrrj.br\/nit\/empresas-juniores\/","name":"Empresas Juniores - Ag\u00eancia de Inova\u00e7\u00e3o da UFRRJ","isPartOf":{"@id":"https:\/\/institucional.ufrrj.br\/nit\/#website"},"primaryImageOfPage":{"@id":"https:\/\/institucional.ufrrj.br\/nit\/empresas-juniores\/#primaryimage"},"image":{"@id":"https:\/\/institucional.ufrrj.br\/nit\/empresas-juniores\/#primaryimage"},"thumbnailUrl":"https:\/\/institucional.ufrrj.br\/nit\/files\/2024\/07\/4.png","datePublished":"2020-05-27T00:21:41+00:00","dateModified":"2025-09-15T20:23:01+00:00","breadcrumb":{"@id":"https:\/\/institucional.ufrrj.br\/nit\/empresas-juniores\/#breadcrumb"},"inLanguage":"pt-BR","potentialAction":[{"@type":"ReadAction","target":["https:\/\/institucional.ufrrj.br\/nit\/empresas-juniores\/"]}]},{"@type":"ImageObject","inLanguage":"pt-BR","@id":"https:\/\/institucional.ufrrj.br\/nit\/empresas-juniores\/#primaryimage","url":"https:\/\/institucional.ufrrj.br\/nit\/files\/2024\/07\/4.png","contentUrl":"https:\/\/institucional.ufrrj.br\/nit\/files\/2024\/07\/4.png","width":534,"height":450},{"@type":"BreadcrumbList","@id":"https:\/\/institucional.ufrrj.br\/nit\/empresas-juniores\/#breadcrumb","itemListElement":[{"@type":"ListItem","position":1,"name":"In\u00edcio","item":"https:\/\/institucional.ufrrj.br\/nit\/"},{"@type":"ListItem","position":2,"name":"Empresas Juniores"}]},{"@type":"WebSite","@id":"https:\/\/institucional.ufrrj.br\/nit\/#website","url":"https:\/\/institucional.ufrrj.br\/nit\/","name":"Ag\u00eancia de Inova\u00e7\u00e3o UFRRJ","description":"UFRRJ","potentialAction":[{"@type":"SearchAction","target":{"@type":"EntryPoint","urlTemplate":"https:\/\/institucional.ufrrj.br\/nit\/?s={search_term_string}"},"query-input":{"@type":"PropertyValueSpecification","valueRequired":true,"valueName":"search_term_string"}}],"inLanguage":"pt-BR"}]}},"acf":[],"_links":{"self":[{"href":"https:\/\/institucional.ufrrj.br\/nit\/wp-json\/wp\/v2\/pages\/1190","targetHints":{"allow":["GET"]}}],"collection":[{"href":"https:\/\/institucional.ufrrj.br\/nit\/wp-json\/wp\/v2\/pages"}],"about":[{"href":"https:\/\/institucional.ufrrj.br\/nit\/wp-json\/wp\/v2\/types\/page"}],"author":[{"embeddable":true,"href":"https:\/\/institucional.ufrrj.br\/nit\/wp-json\/wp\/v2\/users\/883"}],"replies":[{"embeddable":true,"href":"https:\/\/institucional.ufrrj.br\/nit\/wp-json\/wp\/v2\/comments?post=1190"}],"version-history":[{"count":69,"href":"https:\/\/institucional.ufrrj.br\/nit\/wp-json\/wp\/v2\/pages\/1190\/revisions"}],"predecessor-version":[{"id":3931,"href":"https:\/\/institucional.ufrrj.br\/nit\/wp-json\/wp\/v2\/pages\/1190\/revisions\/3931"}],"wp:attachment":[{"href":"https:\/\/institucional.ufrrj.br\/nit\/wp-json\/wp\/v2\/media?parent=1190"}],"curies":[{"name":"wp","href":"https:\/\/api.w.org\/{rel}","templated":true}]}}