{"id":1186,"date":"2020-05-27T00:20:59","date_gmt":"2020-05-27T00:20:59","guid":{"rendered":"http:\/\/institucional.ufrrj.br\/nit\/?page_id=1186"},"modified":"2024-09-10T15:33:53","modified_gmt":"2024-09-10T18:33:53","slug":"programas-de-computador","status":"publish","type":"page","link":"https:\/\/institucional.ufrrj.br\/nit\/programas-de-computador\/","title":{"rendered":"Programas de computador"},"content":{"rendered":"<p><a href=\"https:\/\/institucional.ufrrj.br\/nit\/businrio\/\">BusInRio<\/a><\/p>\n<p><a href=\"https:\/\/institucional.ufrrj.br\/nit\/ufrrjmaismais\/\">UFRRJ++<\/a><\/p>\n<p><a href=\"https:\/\/institucional.ufrrj.br\/nit\/sistomate\/\">SisTomate<\/a><\/p>\n<p><a href=\"https:\/\/institucional.ufrrj.br\/nit\/ruralcontraaedes\/\">Rural Contra Aedes<\/a><\/p>\n<p><a href=\"https:\/\/institucional.ufrrj.br\/nit\/bibliotecapet\/\">Biblioteca@PET<\/a><\/p>\n<p><a href=\"https:\/\/institucional.ufrrj.br\/nit\/certificapet\/\">Certifica@PET<\/a><\/p>\n<p><a href=\"https:\/\/institucional.ufrrj.br\/nit\/seroguide\/\">SeroGuide<\/a><\/p>\n<p><a href=\"https:\/\/institucional.ufrrj.br\/nit\/crossflow\/\">Crossflow<\/a><\/p>\n<p><a href=\"https:\/\/institucional.ufrrj.br\/nit\/opensoils-db\/\">OpenSoils DB<\/a><\/p>\n<p><a href=\"https:\/\/institucional.ufrrj.br\/nit\/opensoils-app\/\">OpenSoils App<\/a><\/p>\n<p><a href=\"https:\/\/institucional.ufrrj.br\/nit\/opensoils-web\/\">OpenSoils Web<\/a><\/p>\n<p><a href=\"https:\/\/institucional.ufrrj.br\/nit\/multisoilsapp\/\">MultiSoilsApp<\/a><\/p>\n<p style=\"text-align: left\"><a href=\"https:\/\/institucional.ufrrj.br\/nit\/multisoilsweb\/\">MultiSoilsWeb<\/a><\/p>\n<p><a href=\"https:\/\/institucional.ufrrj.br\/nit\/multisoilsbd\/\">MultiSoilsBD<\/a><\/p>\n<p><a href=\"https:\/\/institucional.ufrrj.br\/nit\/opensoils-2-0-semantic-web\/\">OpenSoils 2.0 Semantic Web<\/a><\/p>\n<p><a href=\"https:\/\/institucional.ufrrj.br\/nit\/infosoils\/\">INFOSOILSBR<\/a><\/p>\n<p><a href=\"https:\/\/institucional.ufrrj.br\/nit\/metflow\/\">METFLOW<\/a><\/p>\n<p><a href=\"https:\/\/institucional.ufrrj.br\/nit\/m-semear\/\">M-Semear<\/a><\/p>\n<p><a href=\"https:\/\/institucional.ufrrj.br\/nit\/labfbot\/\">LABFBOT &#8211; Sistema para plantas medicinais em uso no Brasil<\/a><\/p>\n<p><a href=\"https:\/\/institucional.ufrrj.br\/nit\/aicovid\/\">AICovid<\/a><\/p>\n<p><a href=\"https:\/\/institucional.ufrrj.br\/nit\/aicovid-v2\/\">AICovid-v2<\/a><\/p>\n<p><a href=\"https:\/\/institucional.ufrrj.br\/nit\/xraycovid-19\/\">XRayCovid-19<\/a><\/p>\n<p><a href=\"https:\/\/institucional.ufrrj.br\/nit\/ruralcontracorona\/\">#RuralContraCorona<\/a><\/p>\n<p><a href=\"https:\/\/institucional.ufrrj.br\/nit\/xo-febre-amarela\/\">X\u00f4 Febre Amarela<\/a><\/p>\n<p><a href=\"https:\/\/institucional.ufrrj.br\/nit\/o-mestre-de-trigonometria\/\">O Mestre de Trigonometria<\/a><\/p>\n<p><a href=\"https:\/\/institucional.ufrrj.br\/nit\/integrais-singulares\/\">Software para a resolu\u00e7\u00e3o de Integrais Singulares dos tipos fraca, forte e hipersingular<\/a><\/p>\n<p><a href=\"https:\/\/institucional.ufrrj.br\/nit\/reclibras\/\">Reposit\u00f3rio Cient\u00edfico de Libras &#8211; RECLibras<\/a><\/p>\n<p><a href=\"https:\/\/institucional.ufrrj.br\/nit\/script-builder\/\">Script Builder<\/a><\/p>\n<p><a href=\"https:\/\/institucional.ufrrj.br\/nit\/botaniquiz-2-0\/\">BotaniQuiz 2.0 : Novo Jogo Did\u00e1tico Baseado em Bot\u00e2nica e Ci\u00eancia Cidad\u00e3<\/a><\/p>\n<p><a href=\"https:\/\/institucional.ufrrj.br\/nit\/restaura-mata-atlantica\/\">Restaura Mata Atl\u00e2ntica<\/a><\/p>\n<p><a href=\"https:\/\/institucional.ufrrj.br\/nit\/restaura-mata-atlantica-v2\/\">Restaura Mata Atl\u00e2ntica &#8211; V2<\/a><\/p>\n<p><a href=\"https:\/\/institucional.ufrrj.br\/nit\/comunizika\/\">COMUNIZIKA (Desenvolvimento da comunica\u00e7\u00e3o em crian\u00e7as com s\u00edndrome cong\u00eanita do Zika v\u00edrus)<\/a><\/p>\n<p><a href=\"https:\/\/institucional.ufrrj.br\/nit\/genrichards\/\">GENRICHARDS &#8211; C\u00f3digo Geral para Solu\u00e7\u00e3o da Equa\u00e7\u00e3o de Richards Unidimensional com a Plataforma Scilab e o M\u00e9todo de Volumes Finitos<\/a><\/p>\n<p><a href=\"https:\/\/institucional.ufrrj.br\/nit\/simulador-termico-para-operacoes-em-flexitubos\/\">Simulador t\u00e9rmico para opera\u00e7\u00f5es em flexitubos<\/a><\/p>\n<p><a href=\"https:\/\/institucional.ufrrj.br\/nit\/simulador-de-perda-de-carga-em-flexitubos\/\">Simulador de perda de carga em flexitubos<\/a><\/p>\n<p><a href=\"https:\/\/institucional.ufrrj.br\/nit\/simsag\/\">SimSag<\/a><\/p>\n<p><a href=\"https:\/\/institucional.ufrrj.br\/nit\/sisaees\/\">SisAEES &#8211; Sistema de Acompanhamento de Egressos do Ensino Superior<\/a><\/p>\n<p><a href=\"https:\/\/institucional.ufrrj.br\/nit\/petrocontrol\/\">PETROCONTROL<\/a><\/p>\n<p><a href=\"https:\/\/institucional.ufrrj.br\/nit\/bdtcc\/\">BDTCC &#8211; Biblioteca digital de TCC &#8211; V.1.0<\/a><\/p>\n","protected":false},"excerpt":{"rendered":"<p>BusInRio UFRRJ++ SisTomate Rural Contra Aedes Biblioteca@PET Certifica@PET SeroGuide Crossflow OpenSoils DB OpenSoils App OpenSoils Web MultiSoilsApp MultiSoilsWeb MultiSoilsBD OpenSoils <a class=\"read-more\" href=\"https:\/\/institucional.ufrrj.br\/nit\/programas-de-computador\/ \" >&#8230; <span class=\"font-italic\">leia mais <i class=\"fas fa-angle-right\"><\/i><\/span><\/a><\/p>\n","protected":false},"author":765,"featured_media":0,"parent":0,"menu_order":0,"comment_status":"closed","ping_status":"closed","template":"","meta":{"_acf_changed":false,"footnotes":"","_links_to":"","_links_to_target":""},"class_list":["post-1186","page","type-page","status-publish","hentry"],"yoast_head":"<!-- This site is optimized with the Yoast SEO plugin v27.2 - https:\/\/yoast.com\/product\/yoast-seo-wordpress\/ -->\n<title>Programas de computador - Ag\u00eancia de Inova\u00e7\u00e3o da UFRRJ<\/title>\n<meta name=\"robots\" content=\"index, follow, max-snippet:-1, max-image-preview:large, max-video-preview:-1\" \/>\n<link rel=\"canonical\" href=\"https:\/\/institucional.ufrrj.br\/nit\/programas-de-computador\/\" \/>\n<meta property=\"og:locale\" content=\"pt_BR\" \/>\n<meta property=\"og:type\" content=\"article\" \/>\n<meta property=\"og:title\" content=\"Programas de computador - Ag\u00eancia de Inova\u00e7\u00e3o da UFRRJ\" \/>\n<meta property=\"og:description\" content=\"BusInRio UFRRJ++ SisTomate Rural Contra Aedes Biblioteca@PET Certifica@PET SeroGuide Crossflow OpenSoils DB OpenSoils App OpenSoils Web MultiSoilsApp MultiSoilsWeb MultiSoilsBD OpenSoils ... leia mais\" \/>\n<meta property=\"og:url\" content=\"https:\/\/institucional.ufrrj.br\/nit\/programas-de-computador\/\" \/>\n<meta property=\"og:site_name\" content=\"Ag\u00eancia de Inova\u00e7\u00e3o da UFRRJ\" \/>\n<meta property=\"article:modified_time\" content=\"2024-09-10T18:33:53+00:00\" \/>\n<meta name=\"twitter:card\" content=\"summary_large_image\" \/>\n<meta name=\"twitter:label1\" content=\"Est. tempo de leitura\" \/>\n\t<meta name=\"twitter:data1\" content=\"1 minuto\" \/>\n<script type=\"application\/ld+json\" class=\"yoast-schema-graph\">{\"@context\":\"https:\/\/schema.org\",\"@graph\":[{\"@type\":\"WebPage\",\"@id\":\"https:\/\/institucional.ufrrj.br\/nit\/programas-de-computador\/\",\"url\":\"https:\/\/institucional.ufrrj.br\/nit\/programas-de-computador\/\",\"name\":\"Programas de computador - Ag\u00eancia de Inova\u00e7\u00e3o da UFRRJ\",\"isPartOf\":{\"@id\":\"https:\/\/institucional.ufrrj.br\/nit\/#website\"},\"datePublished\":\"2020-05-27T00:20:59+00:00\",\"dateModified\":\"2024-09-10T18:33:53+00:00\",\"breadcrumb\":{\"@id\":\"https:\/\/institucional.ufrrj.br\/nit\/programas-de-computador\/#breadcrumb\"},\"inLanguage\":\"pt-BR\",\"potentialAction\":[{\"@type\":\"ReadAction\",\"target\":[\"https:\/\/institucional.ufrrj.br\/nit\/programas-de-computador\/\"]}]},{\"@type\":\"BreadcrumbList\",\"@id\":\"https:\/\/institucional.ufrrj.br\/nit\/programas-de-computador\/#breadcrumb\",\"itemListElement\":[{\"@type\":\"ListItem\",\"position\":1,\"name\":\"In\u00edcio\",\"item\":\"https:\/\/institucional.ufrrj.br\/nit\/\"},{\"@type\":\"ListItem\",\"position\":2,\"name\":\"Programas de computador\"}]},{\"@type\":\"WebSite\",\"@id\":\"https:\/\/institucional.ufrrj.br\/nit\/#website\",\"url\":\"https:\/\/institucional.ufrrj.br\/nit\/\",\"name\":\"Ag\u00eancia de Inova\u00e7\u00e3o UFRRJ\",\"description\":\"UFRRJ\",\"potentialAction\":[{\"@type\":\"SearchAction\",\"target\":{\"@type\":\"EntryPoint\",\"urlTemplate\":\"https:\/\/institucional.ufrrj.br\/nit\/?s={search_term_string}\"},\"query-input\":{\"@type\":\"PropertyValueSpecification\",\"valueRequired\":true,\"valueName\":\"search_term_string\"}}],\"inLanguage\":\"pt-BR\"}]}<\/script>\n<!-- \/ Yoast SEO plugin. -->","yoast_head_json":{"title":"Programas de computador - Ag\u00eancia de Inova\u00e7\u00e3o da UFRRJ","robots":{"index":"index","follow":"follow","max-snippet":"max-snippet:-1","max-image-preview":"max-image-preview:large","max-video-preview":"max-video-preview:-1"},"canonical":"https:\/\/institucional.ufrrj.br\/nit\/programas-de-computador\/","og_locale":"pt_BR","og_type":"article","og_title":"Programas de computador - Ag\u00eancia de Inova\u00e7\u00e3o da UFRRJ","og_description":"BusInRio UFRRJ++ SisTomate Rural Contra Aedes Biblioteca@PET Certifica@PET SeroGuide Crossflow OpenSoils DB OpenSoils App OpenSoils Web MultiSoilsApp MultiSoilsWeb MultiSoilsBD OpenSoils ... leia mais","og_url":"https:\/\/institucional.ufrrj.br\/nit\/programas-de-computador\/","og_site_name":"Ag\u00eancia de Inova\u00e7\u00e3o da UFRRJ","article_modified_time":"2024-09-10T18:33:53+00:00","twitter_card":"summary_large_image","twitter_misc":{"Est. tempo de leitura":"1 minuto"},"schema":{"@context":"https:\/\/schema.org","@graph":[{"@type":"WebPage","@id":"https:\/\/institucional.ufrrj.br\/nit\/programas-de-computador\/","url":"https:\/\/institucional.ufrrj.br\/nit\/programas-de-computador\/","name":"Programas de computador - Ag\u00eancia de Inova\u00e7\u00e3o da UFRRJ","isPartOf":{"@id":"https:\/\/institucional.ufrrj.br\/nit\/#website"},"datePublished":"2020-05-27T00:20:59+00:00","dateModified":"2024-09-10T18:33:53+00:00","breadcrumb":{"@id":"https:\/\/institucional.ufrrj.br\/nit\/programas-de-computador\/#breadcrumb"},"inLanguage":"pt-BR","potentialAction":[{"@type":"ReadAction","target":["https:\/\/institucional.ufrrj.br\/nit\/programas-de-computador\/"]}]},{"@type":"BreadcrumbList","@id":"https:\/\/institucional.ufrrj.br\/nit\/programas-de-computador\/#breadcrumb","itemListElement":[{"@type":"ListItem","position":1,"name":"In\u00edcio","item":"https:\/\/institucional.ufrrj.br\/nit\/"},{"@type":"ListItem","position":2,"name":"Programas de computador"}]},{"@type":"WebSite","@id":"https:\/\/institucional.ufrrj.br\/nit\/#website","url":"https:\/\/institucional.ufrrj.br\/nit\/","name":"Ag\u00eancia de Inova\u00e7\u00e3o UFRRJ","description":"UFRRJ","potentialAction":[{"@type":"SearchAction","target":{"@type":"EntryPoint","urlTemplate":"https:\/\/institucional.ufrrj.br\/nit\/?s={search_term_string}"},"query-input":{"@type":"PropertyValueSpecification","valueRequired":true,"valueName":"search_term_string"}}],"inLanguage":"pt-BR"}]}},"acf":[],"_links":{"self":[{"href":"https:\/\/institucional.ufrrj.br\/nit\/wp-json\/wp\/v2\/pages\/1186","targetHints":{"allow":["GET"]}}],"collection":[{"href":"https:\/\/institucional.ufrrj.br\/nit\/wp-json\/wp\/v2\/pages"}],"about":[{"href":"https:\/\/institucional.ufrrj.br\/nit\/wp-json\/wp\/v2\/types\/page"}],"author":[{"embeddable":true,"href":"https:\/\/institucional.ufrrj.br\/nit\/wp-json\/wp\/v2\/users\/765"}],"replies":[{"embeddable":true,"href":"https:\/\/institucional.ufrrj.br\/nit\/wp-json\/wp\/v2\/comments?post=1186"}],"version-history":[{"count":15,"href":"https:\/\/institucional.ufrrj.br\/nit\/wp-json\/wp\/v2\/pages\/1186\/revisions"}],"predecessor-version":[{"id":3084,"href":"https:\/\/institucional.ufrrj.br\/nit\/wp-json\/wp\/v2\/pages\/1186\/revisions\/3084"}],"wp:attachment":[{"href":"https:\/\/institucional.ufrrj.br\/nit\/wp-json\/wp\/v2\/media?parent=1186"}],"curies":[{"name":"wp","href":"https:\/\/api.w.org\/{rel}","templated":true}]}}