{"id":1182,"date":"2020-05-27T00:20:13","date_gmt":"2020-05-27T00:20:13","guid":{"rendered":"http:\/\/institucional.ufrrj.br\/nit\/?page_id=1182"},"modified":"2024-12-05T09:31:49","modified_gmt":"2024-12-05T12:31:49","slug":"patentes-2","status":"publish","type":"page","link":"https:\/\/institucional.ufrrj.br\/nit\/patentes-2\/","title":{"rendered":"Patentes"},"content":{"rendered":"\n<p class=\" eplus-wrapper\"><a href=\"https:\/\/institucional.ufrrj.br\/nit\/patente-agronegocio\/\">Patentes de Agroneg\u00f3cio<\/a><\/p>\n\n\n\n<details class=\"wp-block-details eplus-wrapper is-layout-flow wp-block-details-is-layout-flow\"><summary>refere-se ao conjunto de atividades econ\u00f4micas relacionadas ao com\u00e9rcio de produtos agr\u00edcolas e pecu\u00e1rios.<\/summary><\/details>\n\n\n\n<div style=\"height:37px\" aria-hidden=\"true\" class=\" wp-block-spacer eplus-wrapper\"><\/div>\n\n\n\n<p class=\" eplus-wrapper\"><a href=\"https:\/\/institucional.ufrrj.br\/nit\/patente-energia\/\">Patentes Energia<\/a><\/p>\n\n\n\n<details class=\"wp-block-details eplus-wrapper is-layout-flow wp-block-details-is-layout-flow\"><summary>refere-se ao conjunto de interesses e habilidades relacionados ao estudo, produ\u00e7\u00e3o, distribui\u00e7\u00e3o e consumo de energia.<\/summary><\/details>\n\n\n\n<div style=\"height:37px\" aria-hidden=\"true\" class=\" wp-block-spacer eplus-wrapper\"><\/div>\n\n\n\n<p class=\" eplus-wrapper\"><a href=\"https:\/\/institucional.ufrrj.br\/nit\/patente-infraestrutura-para-pesquisa\/\">Patentes Infraestrutura para Pesquisa<\/a><\/p>\n\n\n\n<details class=\"wp-block-details eplus-wrapper is-layout-flow wp-block-details-is-layout-flow\"><summary>refere-se ao conjunto de interesses e habilidades relacionados ao estudo, projeto, desenvolvimento, opera\u00e7\u00e3o e manuten\u00e7\u00e3o de infraestruturas que apoiam as atividades de pesquisa cient\u00edfica e tecnol\u00f3gica.<\/summary><\/details>\n\n\n\n<div style=\"height:37px\" aria-hidden=\"true\" class=\" wp-block-spacer eplus-wrapper\"><\/div>\n\n\n\n<p class=\" eplus-wrapper\"><a href=\"https:\/\/institucional.ufrrj.br\/nit\/patente-materiais-avancados\/\">Patentes Materiais Avan\u00e7ados<\/a><\/p>\n\n\n\n<details class=\"wp-block-details eplus-wrapper is-layout-flow wp-block-details-is-layout-flow\"><summary>refere ao campo de estudo que se dedica ao desenvolvimento de materiais com propriedades superiores \u00e0s dos materiais convencionais.<\/summary><\/details>\n\n\n\n<div style=\"height:37px\" aria-hidden=\"true\" class=\" wp-block-spacer eplus-wrapper\"><\/div>\n\n\n\n<p class=\" eplus-wrapper\"><a href=\"https:\/\/institucional.ufrrj.br\/nit\/patente-clima-terra-e-agua\/\">Patentes Clima, Terra e \u00c1gua<\/a><\/p>\n\n\n\n<details class=\"wp-block-details eplus-wrapper is-layout-flow wp-block-details-is-layout-flow\"><summary>refere-se \u00e0s quest\u00f5es relacionadas ao clima, uso da terra e gest\u00e3o de recursos h\u00eddricos.<\/summary><\/details>\n\n\n\n<div style=\"height:37px\" aria-hidden=\"true\" class=\" wp-block-spacer eplus-wrapper\"><\/div>\n\n\n\n<p class=\" eplus-wrapper\"><a href=\"https:\/\/institucional.ufrrj.br\/nit\/patente-saude\/\">Sa\u00fade<\/a><\/p>\n\n\n\n<details class=\"wp-block-details eplus-wrapper is-layout-flow wp-block-details-is-layout-flow\"><summary>refere-se \u00e0 promo\u00e7\u00e3o, preven\u00e7\u00e3o, diagn\u00f3stico, tratamento e gest\u00e3o de quest\u00f5es de sa\u00fade.<\/summary><\/details>\n","protected":false},"excerpt":{"rendered":"<p>Patentes de Agroneg\u00f3cio Patentes Energia Patentes Infraestrutura para Pesquisa Patentes Materiais Avan\u00e7ados Patentes Clima, Terra e \u00c1gua Sa\u00fade<\/p>\n","protected":false},"author":765,"featured_media":0,"parent":0,"menu_order":0,"comment_status":"closed","ping_status":"closed","template":"","meta":{"_acf_changed":false,"footnotes":"","_links_to":"","_links_to_target":""},"class_list":["post-1182","page","type-page","status-publish","hentry"],"yoast_head":"<!-- This site is optimized with the Yoast SEO plugin v27.2 - https:\/\/yoast.com\/product\/yoast-seo-wordpress\/ -->\n<title>Patentes - Ag\u00eancia de Inova\u00e7\u00e3o da UFRRJ<\/title>\n<meta name=\"robots\" content=\"index, follow, max-snippet:-1, max-image-preview:large, max-video-preview:-1\" \/>\n<link rel=\"canonical\" href=\"https:\/\/institucional.ufrrj.br\/nit\/patentes-2\/\" \/>\n<meta property=\"og:locale\" content=\"pt_BR\" \/>\n<meta property=\"og:type\" content=\"article\" \/>\n<meta property=\"og:title\" content=\"Patentes - Ag\u00eancia de Inova\u00e7\u00e3o da UFRRJ\" \/>\n<meta property=\"og:description\" content=\"Patentes de Agroneg\u00f3cio Patentes Energia Patentes Infraestrutura para Pesquisa Patentes Materiais Avan\u00e7ados Patentes Clima, Terra e \u00c1gua Sa\u00fade\" \/>\n<meta property=\"og:url\" content=\"https:\/\/institucional.ufrrj.br\/nit\/patentes-2\/\" \/>\n<meta property=\"og:site_name\" content=\"Ag\u00eancia de Inova\u00e7\u00e3o da UFRRJ\" \/>\n<meta property=\"article:modified_time\" content=\"2024-12-05T12:31:49+00:00\" \/>\n<meta name=\"twitter:card\" content=\"summary_large_image\" \/>\n<meta name=\"twitter:label1\" content=\"Est. tempo de leitura\" \/>\n\t<meta name=\"twitter:data1\" content=\"1 minuto\" \/>\n<script type=\"application\/ld+json\" class=\"yoast-schema-graph\">{\"@context\":\"https:\/\/schema.org\",\"@graph\":[{\"@type\":\"WebPage\",\"@id\":\"https:\/\/institucional.ufrrj.br\/nit\/patentes-2\/\",\"url\":\"https:\/\/institucional.ufrrj.br\/nit\/patentes-2\/\",\"name\":\"Patentes - Ag\u00eancia de Inova\u00e7\u00e3o da UFRRJ\",\"isPartOf\":{\"@id\":\"https:\/\/institucional.ufrrj.br\/nit\/#website\"},\"datePublished\":\"2020-05-27T00:20:13+00:00\",\"dateModified\":\"2024-12-05T12:31:49+00:00\",\"breadcrumb\":{\"@id\":\"https:\/\/institucional.ufrrj.br\/nit\/patentes-2\/#breadcrumb\"},\"inLanguage\":\"pt-BR\",\"potentialAction\":[{\"@type\":\"ReadAction\",\"target\":[\"https:\/\/institucional.ufrrj.br\/nit\/patentes-2\/\"]}]},{\"@type\":\"BreadcrumbList\",\"@id\":\"https:\/\/institucional.ufrrj.br\/nit\/patentes-2\/#breadcrumb\",\"itemListElement\":[{\"@type\":\"ListItem\",\"position\":1,\"name\":\"In\u00edcio\",\"item\":\"https:\/\/institucional.ufrrj.br\/nit\/\"},{\"@type\":\"ListItem\",\"position\":2,\"name\":\"Patentes\"}]},{\"@type\":\"WebSite\",\"@id\":\"https:\/\/institucional.ufrrj.br\/nit\/#website\",\"url\":\"https:\/\/institucional.ufrrj.br\/nit\/\",\"name\":\"Ag\u00eancia de Inova\u00e7\u00e3o UFRRJ\",\"description\":\"UFRRJ\",\"potentialAction\":[{\"@type\":\"SearchAction\",\"target\":{\"@type\":\"EntryPoint\",\"urlTemplate\":\"https:\/\/institucional.ufrrj.br\/nit\/?s={search_term_string}\"},\"query-input\":{\"@type\":\"PropertyValueSpecification\",\"valueRequired\":true,\"valueName\":\"search_term_string\"}}],\"inLanguage\":\"pt-BR\"}]}<\/script>\n<!-- \/ Yoast SEO plugin. -->","yoast_head_json":{"title":"Patentes - Ag\u00eancia de Inova\u00e7\u00e3o da UFRRJ","robots":{"index":"index","follow":"follow","max-snippet":"max-snippet:-1","max-image-preview":"max-image-preview:large","max-video-preview":"max-video-preview:-1"},"canonical":"https:\/\/institucional.ufrrj.br\/nit\/patentes-2\/","og_locale":"pt_BR","og_type":"article","og_title":"Patentes - Ag\u00eancia de Inova\u00e7\u00e3o da UFRRJ","og_description":"Patentes de Agroneg\u00f3cio Patentes Energia Patentes Infraestrutura para Pesquisa Patentes Materiais Avan\u00e7ados Patentes Clima, Terra e \u00c1gua Sa\u00fade","og_url":"https:\/\/institucional.ufrrj.br\/nit\/patentes-2\/","og_site_name":"Ag\u00eancia de Inova\u00e7\u00e3o da UFRRJ","article_modified_time":"2024-12-05T12:31:49+00:00","twitter_card":"summary_large_image","twitter_misc":{"Est. tempo de leitura":"1 minuto"},"schema":{"@context":"https:\/\/schema.org","@graph":[{"@type":"WebPage","@id":"https:\/\/institucional.ufrrj.br\/nit\/patentes-2\/","url":"https:\/\/institucional.ufrrj.br\/nit\/patentes-2\/","name":"Patentes - Ag\u00eancia de Inova\u00e7\u00e3o da UFRRJ","isPartOf":{"@id":"https:\/\/institucional.ufrrj.br\/nit\/#website"},"datePublished":"2020-05-27T00:20:13+00:00","dateModified":"2024-12-05T12:31:49+00:00","breadcrumb":{"@id":"https:\/\/institucional.ufrrj.br\/nit\/patentes-2\/#breadcrumb"},"inLanguage":"pt-BR","potentialAction":[{"@type":"ReadAction","target":["https:\/\/institucional.ufrrj.br\/nit\/patentes-2\/"]}]},{"@type":"BreadcrumbList","@id":"https:\/\/institucional.ufrrj.br\/nit\/patentes-2\/#breadcrumb","itemListElement":[{"@type":"ListItem","position":1,"name":"In\u00edcio","item":"https:\/\/institucional.ufrrj.br\/nit\/"},{"@type":"ListItem","position":2,"name":"Patentes"}]},{"@type":"WebSite","@id":"https:\/\/institucional.ufrrj.br\/nit\/#website","url":"https:\/\/institucional.ufrrj.br\/nit\/","name":"Ag\u00eancia de Inova\u00e7\u00e3o UFRRJ","description":"UFRRJ","potentialAction":[{"@type":"SearchAction","target":{"@type":"EntryPoint","urlTemplate":"https:\/\/institucional.ufrrj.br\/nit\/?s={search_term_string}"},"query-input":{"@type":"PropertyValueSpecification","valueRequired":true,"valueName":"search_term_string"}}],"inLanguage":"pt-BR"}]}},"acf":[],"_links":{"self":[{"href":"https:\/\/institucional.ufrrj.br\/nit\/wp-json\/wp\/v2\/pages\/1182","targetHints":{"allow":["GET"]}}],"collection":[{"href":"https:\/\/institucional.ufrrj.br\/nit\/wp-json\/wp\/v2\/pages"}],"about":[{"href":"https:\/\/institucional.ufrrj.br\/nit\/wp-json\/wp\/v2\/types\/page"}],"author":[{"embeddable":true,"href":"https:\/\/institucional.ufrrj.br\/nit\/wp-json\/wp\/v2\/users\/765"}],"replies":[{"embeddable":true,"href":"https:\/\/institucional.ufrrj.br\/nit\/wp-json\/wp\/v2\/comments?post=1182"}],"version-history":[{"count":24,"href":"https:\/\/institucional.ufrrj.br\/nit\/wp-json\/wp\/v2\/pages\/1182\/revisions"}],"predecessor-version":[{"id":3350,"href":"https:\/\/institucional.ufrrj.br\/nit\/wp-json\/wp\/v2\/pages\/1182\/revisions\/3350"}],"wp:attachment":[{"href":"https:\/\/institucional.ufrrj.br\/nit\/wp-json\/wp\/v2\/media?parent=1182"}],"curies":[{"name":"wp","href":"https:\/\/api.w.org\/{rel}","templated":true}]}}