{"id":1169,"date":"2020-05-27T00:11:32","date_gmt":"2020-05-27T00:11:32","guid":{"rendered":"http:\/\/institucional.ufrrj.br\/nit\/?page_id=1169"},"modified":"2025-03-24T14:54:37","modified_gmt":"2025-03-24T17:54:37","slug":"estatuto-da-ufrrj","status":"publish","type":"page","link":"https:\/\/institucional.ufrrj.br\/nit\/estatuto-da-ufrrj\/","title":{"rendered":"Regimento Interno da Ag\u00eancia de Inova\u00e7\u00e3o da UFRRJ"},"content":{"rendered":"\n<div style=\"height:49px\" aria-hidden=\"true\" class=\" wp-block-spacer eplus-wrapper\"><\/div>\n\n\n<p><a href=\"https:\/\/institucional.ufrrj.br\/nit\/files\/2024\/04\/Deliberac\u0327a\u0303o-187_2024-Adequac\u0327a\u0303o-regimento-AI-UFRRJ.pdf\"><strong>REGIMENTO DA AG\u00caNCIA DE INOVA\u00c7\u00c3O DA UFRRJ (Alterado em 04\/04\/2024)<\/strong><\/a><\/p>\n<p><span class=\"fontstyle0\">Aprova a adequa\u00e7\u00e3o do Regimento da Ag\u00eancia de Inova\u00e7\u00e3o da UFRRJ<\/span><\/p>\n<h1><\/h1>\n<p><a href=\"https:\/\/institucional.ufrrj.br\/nit\/files\/2023\/12\/Regimento-ag-inovacao-2021.pdf\"><strong>REGIMENTO DA AG\u00caNCIA DE INOVA\u00c7\u00c3O DA UFRRJ (Alterado em 09\/09\/2021)<\/strong><\/a><\/p>\n<p><span class=\"fontstyle0\">Disp\u00f5e sobre a Ag\u00eancia de Inova\u00e7\u00e3o da Universidade Federal Rural do Rio de Janeiro<\/span><\/p>","protected":false},"excerpt":{"rendered":"<p>REGIMENTO DA AG\u00caNCIA DE INOVA\u00c7\u00c3O DA UFRRJ (Alterado em 04\/04\/2024) Aprova a adequa\u00e7\u00e3o do Regimento da Ag\u00eancia de Inova\u00e7\u00e3o da <a class=\"read-more\" href=\"https:\/\/institucional.ufrrj.br\/nit\/estatuto-da-ufrrj\/ \" >&#8230; <span class=\"font-italic\">leia mais <i class=\"fas fa-angle-right\"><\/i><\/span><\/a><\/p>\n","protected":false},"author":765,"featured_media":0,"parent":0,"menu_order":0,"comment_status":"closed","ping_status":"closed","template":"","meta":{"_acf_changed":false,"footnotes":"","_links_to":"","_links_to_target":""},"class_list":["post-1169","page","type-page","status-publish","hentry"],"yoast_head":"<!-- This site is optimized with the Yoast SEO plugin v27.2 - https:\/\/yoast.com\/product\/yoast-seo-wordpress\/ -->\n<title>Regimento Interno da Ag\u00eancia de Inova\u00e7\u00e3o da UFRRJ - Ag\u00eancia de Inova\u00e7\u00e3o da UFRRJ<\/title>\n<meta name=\"robots\" content=\"index, follow, max-snippet:-1, max-image-preview:large, max-video-preview:-1\" \/>\n<link rel=\"canonical\" href=\"https:\/\/institucional.ufrrj.br\/nit\/estatuto-da-ufrrj\/\" \/>\n<meta property=\"og:locale\" content=\"pt_BR\" \/>\n<meta property=\"og:type\" content=\"article\" \/>\n<meta property=\"og:title\" content=\"Regimento Interno da Ag\u00eancia de Inova\u00e7\u00e3o da UFRRJ - Ag\u00eancia de Inova\u00e7\u00e3o da UFRRJ\" \/>\n<meta property=\"og:description\" content=\"REGIMENTO DA AG\u00caNCIA DE INOVA\u00c7\u00c3O DA UFRRJ (Alterado em 04\/04\/2024) Aprova a adequa\u00e7\u00e3o do Regimento da Ag\u00eancia de Inova\u00e7\u00e3o da ... leia mais\" \/>\n<meta property=\"og:url\" content=\"https:\/\/institucional.ufrrj.br\/nit\/estatuto-da-ufrrj\/\" \/>\n<meta property=\"og:site_name\" content=\"Ag\u00eancia de Inova\u00e7\u00e3o da UFRRJ\" \/>\n<meta property=\"article:modified_time\" content=\"2025-03-24T17:54:37+00:00\" \/>\n<meta name=\"twitter:card\" content=\"summary_large_image\" \/>\n<meta name=\"twitter:label1\" content=\"Est. tempo de leitura\" \/>\n\t<meta name=\"twitter:data1\" content=\"1 minuto\" \/>\n<script type=\"application\/ld+json\" class=\"yoast-schema-graph\">{\"@context\":\"https:\/\/schema.org\",\"@graph\":[{\"@type\":\"WebPage\",\"@id\":\"https:\/\/institucional.ufrrj.br\/nit\/estatuto-da-ufrrj\/\",\"url\":\"https:\/\/institucional.ufrrj.br\/nit\/estatuto-da-ufrrj\/\",\"name\":\"Regimento Interno da Ag\u00eancia de Inova\u00e7\u00e3o da UFRRJ - Ag\u00eancia de Inova\u00e7\u00e3o da UFRRJ\",\"isPartOf\":{\"@id\":\"https:\/\/institucional.ufrrj.br\/nit\/#website\"},\"datePublished\":\"2020-05-27T00:11:32+00:00\",\"dateModified\":\"2025-03-24T17:54:37+00:00\",\"breadcrumb\":{\"@id\":\"https:\/\/institucional.ufrrj.br\/nit\/estatuto-da-ufrrj\/#breadcrumb\"},\"inLanguage\":\"pt-BR\",\"potentialAction\":[{\"@type\":\"ReadAction\",\"target\":[\"https:\/\/institucional.ufrrj.br\/nit\/estatuto-da-ufrrj\/\"]}]},{\"@type\":\"BreadcrumbList\",\"@id\":\"https:\/\/institucional.ufrrj.br\/nit\/estatuto-da-ufrrj\/#breadcrumb\",\"itemListElement\":[{\"@type\":\"ListItem\",\"position\":1,\"name\":\"In\u00edcio\",\"item\":\"https:\/\/institucional.ufrrj.br\/nit\/\"},{\"@type\":\"ListItem\",\"position\":2,\"name\":\"Regimento Interno da Ag\u00eancia de Inova\u00e7\u00e3o da UFRRJ\"}]},{\"@type\":\"WebSite\",\"@id\":\"https:\/\/institucional.ufrrj.br\/nit\/#website\",\"url\":\"https:\/\/institucional.ufrrj.br\/nit\/\",\"name\":\"Ag\u00eancia de Inova\u00e7\u00e3o UFRRJ\",\"description\":\"UFRRJ\",\"potentialAction\":[{\"@type\":\"SearchAction\",\"target\":{\"@type\":\"EntryPoint\",\"urlTemplate\":\"https:\/\/institucional.ufrrj.br\/nit\/?s={search_term_string}\"},\"query-input\":{\"@type\":\"PropertyValueSpecification\",\"valueRequired\":true,\"valueName\":\"search_term_string\"}}],\"inLanguage\":\"pt-BR\"}]}<\/script>\n<!-- \/ Yoast SEO plugin. -->","yoast_head_json":{"title":"Regimento Interno da Ag\u00eancia de Inova\u00e7\u00e3o da UFRRJ - Ag\u00eancia de Inova\u00e7\u00e3o da UFRRJ","robots":{"index":"index","follow":"follow","max-snippet":"max-snippet:-1","max-image-preview":"max-image-preview:large","max-video-preview":"max-video-preview:-1"},"canonical":"https:\/\/institucional.ufrrj.br\/nit\/estatuto-da-ufrrj\/","og_locale":"pt_BR","og_type":"article","og_title":"Regimento Interno da Ag\u00eancia de Inova\u00e7\u00e3o da UFRRJ - Ag\u00eancia de Inova\u00e7\u00e3o da UFRRJ","og_description":"REGIMENTO DA AG\u00caNCIA DE INOVA\u00c7\u00c3O DA UFRRJ (Alterado em 04\/04\/2024) Aprova a adequa\u00e7\u00e3o do Regimento da Ag\u00eancia de Inova\u00e7\u00e3o da ... leia mais","og_url":"https:\/\/institucional.ufrrj.br\/nit\/estatuto-da-ufrrj\/","og_site_name":"Ag\u00eancia de Inova\u00e7\u00e3o da UFRRJ","article_modified_time":"2025-03-24T17:54:37+00:00","twitter_card":"summary_large_image","twitter_misc":{"Est. tempo de leitura":"1 minuto"},"schema":{"@context":"https:\/\/schema.org","@graph":[{"@type":"WebPage","@id":"https:\/\/institucional.ufrrj.br\/nit\/estatuto-da-ufrrj\/","url":"https:\/\/institucional.ufrrj.br\/nit\/estatuto-da-ufrrj\/","name":"Regimento Interno da Ag\u00eancia de Inova\u00e7\u00e3o da UFRRJ - Ag\u00eancia de Inova\u00e7\u00e3o da UFRRJ","isPartOf":{"@id":"https:\/\/institucional.ufrrj.br\/nit\/#website"},"datePublished":"2020-05-27T00:11:32+00:00","dateModified":"2025-03-24T17:54:37+00:00","breadcrumb":{"@id":"https:\/\/institucional.ufrrj.br\/nit\/estatuto-da-ufrrj\/#breadcrumb"},"inLanguage":"pt-BR","potentialAction":[{"@type":"ReadAction","target":["https:\/\/institucional.ufrrj.br\/nit\/estatuto-da-ufrrj\/"]}]},{"@type":"BreadcrumbList","@id":"https:\/\/institucional.ufrrj.br\/nit\/estatuto-da-ufrrj\/#breadcrumb","itemListElement":[{"@type":"ListItem","position":1,"name":"In\u00edcio","item":"https:\/\/institucional.ufrrj.br\/nit\/"},{"@type":"ListItem","position":2,"name":"Regimento Interno da Ag\u00eancia de Inova\u00e7\u00e3o da UFRRJ"}]},{"@type":"WebSite","@id":"https:\/\/institucional.ufrrj.br\/nit\/#website","url":"https:\/\/institucional.ufrrj.br\/nit\/","name":"Ag\u00eancia de Inova\u00e7\u00e3o UFRRJ","description":"UFRRJ","potentialAction":[{"@type":"SearchAction","target":{"@type":"EntryPoint","urlTemplate":"https:\/\/institucional.ufrrj.br\/nit\/?s={search_term_string}"},"query-input":{"@type":"PropertyValueSpecification","valueRequired":true,"valueName":"search_term_string"}}],"inLanguage":"pt-BR"}]}},"acf":[],"_links":{"self":[{"href":"https:\/\/institucional.ufrrj.br\/nit\/wp-json\/wp\/v2\/pages\/1169","targetHints":{"allow":["GET"]}}],"collection":[{"href":"https:\/\/institucional.ufrrj.br\/nit\/wp-json\/wp\/v2\/pages"}],"about":[{"href":"https:\/\/institucional.ufrrj.br\/nit\/wp-json\/wp\/v2\/types\/page"}],"author":[{"embeddable":true,"href":"https:\/\/institucional.ufrrj.br\/nit\/wp-json\/wp\/v2\/users\/765"}],"replies":[{"embeddable":true,"href":"https:\/\/institucional.ufrrj.br\/nit\/wp-json\/wp\/v2\/comments?post=1169"}],"version-history":[{"count":12,"href":"https:\/\/institucional.ufrrj.br\/nit\/wp-json\/wp\/v2\/pages\/1169\/revisions"}],"predecessor-version":[{"id":3523,"href":"https:\/\/institucional.ufrrj.br\/nit\/wp-json\/wp\/v2\/pages\/1169\/revisions\/3523"}],"wp:attachment":[{"href":"https:\/\/institucional.ufrrj.br\/nit\/wp-json\/wp\/v2\/media?parent=1169"}],"curies":[{"name":"wp","href":"https:\/\/api.w.org\/{rel}","templated":true}]}}