{"id":1167,"date":"2020-05-27T00:11:11","date_gmt":"2020-05-27T00:11:11","guid":{"rendered":"http:\/\/institucional.ufrrj.br\/nit\/?page_id=1167"},"modified":"2026-01-22T11:29:53","modified_gmt":"2026-01-22T14:29:53","slug":"ato-normativo","status":"publish","type":"page","link":"https:\/\/institucional.ufrrj.br\/nit\/ato-normativo\/","title":{"rendered":"Portarias UFRRJ"},"content":{"rendered":"\n<p><\/p>\n\n\n<p><strong>\u21d2<a href=\"https:\/\/institucional.ufrrj.br\/nit\/files\/2026\/01\/Portaria-Agencia-de-Inovacao.pdf\">PORTARIA DA PR\u00d3-REITORIA DE PESQUISA E P\u00d3S GRADUA\u00c7\u00c3O\/PROPPG\/UFRRJ N\u00ba 249 DE 14\/01\/2026<\/a><\/strong><\/p>\n<p>I. Designar os integrantes das divis\u00f5es da Ag\u00eancia de Inova\u00e7\u00e3o da UFRRJ.<\/p>\n<p><strong>\u21d2<a href=\"https:\/\/institucional.ufrrj.br\/nit\/files\/2025\/09\/Portaria.pdf\">PORTARIA DA PR\u00d3-REITORIA DE PESQUISA E P\u00d3S-GRADUA\u00c7\u00c3O\/PROPPG\/UFRRJ N\u00ba 6802 DE 25\/09\/2025<\/a><\/strong><\/p>\n<p><span class=\"fontstyle0\">I. Designar os seguintes servidores para compor o Comit\u00ea T\u00e9cnico Cient\u00edfico da UFRRJ.<\/span><\/p>\n<p><strong>\u21d2<a href=\"https:\/\/institucional.ufrrj.br\/nit\/files\/2025\/09\/Portaria-Comite\u0302-te\u0301cnico-cienti\u0301fico_2025.pdf\">PORTARIA DA PR\u00d3-REITORIA DE PESQUISA E P\u00d3S-GRADUA\u00c7\u00c3O\/PROPPG\/UFRRJ N\u00ba 1439 DE 19\/03\/2025 (Revogada)<\/a><\/strong><\/p>\n<p><span class=\"fontstyle0\">I. Designar os seguintes servidores para compor o Comit\u00ea T\u00e9cnico Cient\u00edfico da UFRRJ.<\/span><\/p>\n<p><strong>\u21d2<a href=\"https:\/\/institucional.ufrrj.br\/nit\/files\/2025\/03\/Portaria-AI.pdf\">PORTARIA DA PR\u00d3-REITORIA DE PESQUISA E P\u00d3S-GRADUA\u00c7\u00c3O\/PROPPG\/UFRRJ N\u00ba 1436 DE 19\/03\/2025 (Revogada)<\/a><\/strong><\/p>\n<p><span class=\"fontstyle0\">I. Designar os integrantes das divis\u00f5es da Ag\u00eancia de Inova\u00e7\u00e3o da UFRRJ.<\/span><\/p>\n<p>\u00a0<\/p>\n<p>\u00a0<\/p>\n<hr \/>\n<p><strong>\u21d2<a href=\"https:\/\/institucional.ufrrj.br\/nit\/files\/2024\/04\/Portaria-direc\u0327a\u0303o-executiva-Agencia-de-Inovac\u0327a\u0303o.pdf\">PORTARIA DA REITORIA DA UFRRJ N\u00ba 7.361 DE 19\/10\/2023<\/a><\/strong><\/p>\n<p><span class=\"fontstyle0\">I. Designa a Diretora Executiva da Ag\u00eancia de Inova\u00e7\u00e3o da UFRRJ.<\/span><\/p>\n<hr \/>\n<p><strong>\u21d2<a href=\"https:\/\/institucional.ufrrj.br\/nit\/files\/2021\/06\/PORTARIA-N\u00ba-3166-2021-Conselho-Superior-da-Ag\u00eancia-de-Inova\u00e7\u00e3o.pdf\">PORTARIA DA REITORIA\/UFRRJ N\u00ba 3166 DE 24\/06\/2021<\/a><\/strong><\/p>\n<p>Designa servidores para integrarem o Conselho Superior da Ag\u00eancia de Inova\u00e7\u00e3o da UFRRJ.<\/p>\n<hr \/>\n<p><strong>\u21d2<a href=\"https:\/\/institucional.ufrrj.br\/nit\/files\/2021\/08\/PORTARIA-N\u00ba-3352-2021-Nomeia-Diretor-da-Ag\u00eancia-de-Inova\u00e7\u00e3o-da-UFRRJ_Prof-RicardoBerbara.pdf\">PORTARIA DA REITORIA\/UFRRJ N\u00ba 3552 DE 01\/07\/2021<\/a><\/strong><\/p>\n<p>Designa o Diretor Executivo da Ag\u00eancia de Inova\u00e7\u00e3o da UFRRJ (Prof. Ricardo L.L. Berbara)<\/p>\n<hr \/>\n<p><strong>\u21d2<a href=\"https:\/\/institucional.ufrrj.br\/nit\/files\/2021\/06\/PORTARIA-N\u00ba-3175-2021-Comit\u00ea-T\u00e9cnico-Cient\u00edfico-da-Ag\u00eancia-de-Inova\u00e7\u00e3o-da-UFRRJ.pdf\">PORTARIA DA REITORIA\/UFRRJ N\u00ba 3175 DE 24\/06\/2021<\/a><\/strong><\/p>\n<p>Designa servidores para integrarem o Comit\u00ea T\u00e9cnico-Cient\u00edfico da Ag\u00eancia de Inova\u00e7\u00e3o da UFRRJ.<\/p>\n<hr \/>\n<p><strong>\u21d2<a href=\"https:\/\/institucional.ufrrj.br\/nit\/files\/2021\/07\/PORTARIA-N\u00ba-3693-de-16-07-2021-Procedimentos-de-tramita\u00e7\u00e3o-de-processos-para-celebra\u00e7\u00e3o-de-parcerias.pdf\">PORTARIA DA REITORIA\/UFRRJ N\u00ba 3693\/2021 DE 16\/07\/2021<\/a><\/strong><\/p>\n<p>Estabelece os procedimentos de tramita\u00e7\u00e3o de processos para celebra\u00e7\u00e3o de parcerias com institui\u00e7\u00f5es p\u00fablicas e privadas, nacionais e internacionais, firmados por meio de conv\u00eanio, contrato de repasse, termo de parceria, termo de colabora\u00e7\u00e3o, termo de fomento, ou instrumento cong\u00eanere, em observ\u00e2ncia \u00e0 legisla\u00e7\u00e3o em vigor, \u00e0s disposi\u00e7\u00f5es contidas no Estatuto e Regimento Geral e demais delibera\u00e7\u00f5es aprovadas pelos Conselhos Superiores da UFRRJ, conforme o detalhamento contido no anexo a esta Portaria.<\/p>\n<p>e Anexo II- Fluxograma de tramita\u00e7\u00e3o de processos para celebra\u00e7\u00e3o de conv\u00eanio, contrato de repasse, termo de parceria, termo de colabora\u00e7\u00e3o, termo de fomento ou instrumento similares.<\/p>\n<hr \/>\n<p><strong>\u21d2<a href=\"https:\/\/institucional.ufrrj.br\/nit\/files\/2020\/12\/PORTARIA-N\u00ba-150-Reitoria-UFRRJ-de-11_02_2019-Institui-as-Coordena\u00e7\u00f5es-do-NIT-UFRRJ.pdf\">PORTARIA DA REITORIA\/UFRRJ N\u00ba 150 DE 11\/02\/2019<\/a><\/strong><\/p>\n<p><span class=\"fontstyle0\">I. Institui as Coordena\u00e7\u00f5es do NIT-UFRRJ.<\/span><\/p>\n<hr \/>\n<p><strong>\u21d2<a href=\"https:\/\/institucional.ufrrj.br\/nit\/files\/2020\/12\/PORTARIA-N\u00ba-008-PROPPG-UFRRJ-20ag2018_Revoga-a-Portaria176-de-20dez2012_EquipeNIT-UFRRJ.pdf\">PORTARIA DA PR\u00d3-REITORIA DE PESQUISA E P\u00d3S-GRADUA\u00c7\u00c3O\/PROPPG\/UFRRJ N\u00ba 008 DE 20\/08\/2018<\/a><\/strong><\/p>\n<p><span class=\"fontstyle0\">I<\/span><span class=\"fontstyle0\">. <\/span><span class=\"fontstyle0\">Dispensa a Professor<\/span><span class=\"fontstyle0\">a M<\/span><span class=\"fontstyle0\">ARTH<\/span><span class=\"fontstyle0\">A <\/span><span class=\"fontstyle0\">TERESA PAN<\/span><span class=\"fontstyle0\">T<\/span><span class=\"fontstyle0\">OJA D<\/span><span class=\"fontstyle0\">E <\/span><span class=\"fontstyle0\">OLIVEIRA <\/span><span class=\"fontstyle0\">C<\/span><span class=\"fontstyle0\">ASTRO<\/span><span class=\"fontstyle0\">, <\/span><span class=\"fontstyle0\">\u00a0da <\/span><span class=\"fontstyle0\">F<\/span><span class=\"fontstyle0\">un\u00e7<\/span><span class=\"fontstyle0\">\u00e3<\/span><span class=\"fontstyle0\">o d<\/span><span class=\"fontstyle0\">e <\/span><span class=\"fontstyle0\">Vice Coordenadora do N\u00facleo de Inova\u00e7\u00e3o Tecnol\u00f3gic<\/span><span class=\"fontstyle0\">a;<br \/><\/span><span class=\"fontstyle0\">II<\/span><span class=\"fontstyle0\">. <\/span><span class=\"fontstyle0\">Revoga a Portar<\/span><span class=\"fontstyle0\">ia N\u00ba <\/span><span class=\"fontstyle0\">176<\/span><span class=\"fontstyle0\">, <\/span><span class=\"fontstyle0\">de 20 de dezemb<\/span><span class=\"fontstyle0\">r<\/span><span class=\"fontstyle0\">o de 2012<\/span><span class=\"fontstyle0\">.<\/span><\/p>\n<hr \/>\n<p><strong>\u21d2<a href=\"https:\/\/institucional.ufrrj.br\/nit\/files\/2020\/12\/PORTARIA-N\u00ba-008-PROPPG-UFRRJ-20ag2018_Revoga-a-Portaria176-de-20dez2012_EquipeNIT-UFRRJ.pdf\">PORTARIA DA PR\u00d3-REITORIA DE PESQUISA E P\u00d3S-GRADUA\u00c7\u00c3O\/PROPPG\/UFRRJ N\u00ba 176 DE 20\/10\/2012<\/a><\/strong><\/p>\n<p><span class=\"fontstyle0\">I. Institui a Comiss\u00e3o do N\u00facleo de Inova\u00e7\u00e3o Tecnol\u00f3gica (NIT-UFRRJ)<\/span><\/p>\n<hr \/>\n\n\n<p><\/p>\n","protected":false},"excerpt":{"rendered":"<p>\u21d2PORTARIA DA PR\u00d3-REITORIA DE PESQUISA E P\u00d3S GRADUA\u00c7\u00c3O\/PROPPG\/UFRRJ N\u00ba 249 DE 14\/01\/2026 I. Designar os integrantes das divis\u00f5es da Ag\u00eancia <a class=\"read-more\" href=\"https:\/\/institucional.ufrrj.br\/nit\/ato-normativo\/ \" >&#8230; <span class=\"font-italic\">leia mais <i class=\"fas fa-angle-right\"><\/i><\/span><\/a><\/p>\n","protected":false},"author":765,"featured_media":0,"parent":0,"menu_order":0,"comment_status":"closed","ping_status":"closed","template":"","meta":{"_acf_changed":false,"footnotes":"","_links_to":"","_links_to_target":""},"class_list":["post-1167","page","type-page","status-publish","hentry"],"yoast_head":"<!-- This site is optimized with the Yoast SEO plugin v27.2 - https:\/\/yoast.com\/product\/yoast-seo-wordpress\/ -->\n<title>Portarias UFRRJ - Ag\u00eancia de Inova\u00e7\u00e3o da UFRRJ<\/title>\n<meta name=\"robots\" content=\"index, follow, max-snippet:-1, max-image-preview:large, max-video-preview:-1\" \/>\n<link rel=\"canonical\" href=\"https:\/\/institucional.ufrrj.br\/nit\/ato-normativo\/\" \/>\n<meta property=\"og:locale\" content=\"pt_BR\" \/>\n<meta property=\"og:type\" content=\"article\" \/>\n<meta property=\"og:title\" content=\"Portarias UFRRJ - Ag\u00eancia de Inova\u00e7\u00e3o da UFRRJ\" \/>\n<meta property=\"og:description\" content=\"\u21d2PORTARIA DA PR\u00d3-REITORIA DE PESQUISA E P\u00d3S GRADUA\u00c7\u00c3O\/PROPPG\/UFRRJ N\u00ba 249 DE 14\/01\/2026 I. Designar os integrantes das divis\u00f5es da Ag\u00eancia ... leia mais\" \/>\n<meta property=\"og:url\" content=\"https:\/\/institucional.ufrrj.br\/nit\/ato-normativo\/\" \/>\n<meta property=\"og:site_name\" content=\"Ag\u00eancia de Inova\u00e7\u00e3o da UFRRJ\" \/>\n<meta property=\"article:modified_time\" content=\"2026-01-22T14:29:53+00:00\" \/>\n<meta name=\"twitter:card\" content=\"summary_large_image\" \/>\n<meta name=\"twitter:label1\" content=\"Est. tempo de leitura\" \/>\n\t<meta name=\"twitter:data1\" content=\"3 minutos\" \/>\n<script type=\"application\/ld+json\" class=\"yoast-schema-graph\">{\"@context\":\"https:\/\/schema.org\",\"@graph\":[{\"@type\":\"WebPage\",\"@id\":\"https:\/\/institucional.ufrrj.br\/nit\/ato-normativo\/\",\"url\":\"https:\/\/institucional.ufrrj.br\/nit\/ato-normativo\/\",\"name\":\"Portarias UFRRJ - Ag\u00eancia de Inova\u00e7\u00e3o da UFRRJ\",\"isPartOf\":{\"@id\":\"https:\/\/institucional.ufrrj.br\/nit\/#website\"},\"datePublished\":\"2020-05-27T00:11:11+00:00\",\"dateModified\":\"2026-01-22T14:29:53+00:00\",\"breadcrumb\":{\"@id\":\"https:\/\/institucional.ufrrj.br\/nit\/ato-normativo\/#breadcrumb\"},\"inLanguage\":\"pt-BR\",\"potentialAction\":[{\"@type\":\"ReadAction\",\"target\":[\"https:\/\/institucional.ufrrj.br\/nit\/ato-normativo\/\"]}]},{\"@type\":\"BreadcrumbList\",\"@id\":\"https:\/\/institucional.ufrrj.br\/nit\/ato-normativo\/#breadcrumb\",\"itemListElement\":[{\"@type\":\"ListItem\",\"position\":1,\"name\":\"In\u00edcio\",\"item\":\"https:\/\/institucional.ufrrj.br\/nit\/\"},{\"@type\":\"ListItem\",\"position\":2,\"name\":\"Portarias UFRRJ\"}]},{\"@type\":\"WebSite\",\"@id\":\"https:\/\/institucional.ufrrj.br\/nit\/#website\",\"url\":\"https:\/\/institucional.ufrrj.br\/nit\/\",\"name\":\"Ag\u00eancia de Inova\u00e7\u00e3o UFRRJ\",\"description\":\"UFRRJ\",\"potentialAction\":[{\"@type\":\"SearchAction\",\"target\":{\"@type\":\"EntryPoint\",\"urlTemplate\":\"https:\/\/institucional.ufrrj.br\/nit\/?s={search_term_string}\"},\"query-input\":{\"@type\":\"PropertyValueSpecification\",\"valueRequired\":true,\"valueName\":\"search_term_string\"}}],\"inLanguage\":\"pt-BR\"}]}<\/script>\n<!-- \/ Yoast SEO plugin. -->","yoast_head_json":{"title":"Portarias UFRRJ - Ag\u00eancia de Inova\u00e7\u00e3o da UFRRJ","robots":{"index":"index","follow":"follow","max-snippet":"max-snippet:-1","max-image-preview":"max-image-preview:large","max-video-preview":"max-video-preview:-1"},"canonical":"https:\/\/institucional.ufrrj.br\/nit\/ato-normativo\/","og_locale":"pt_BR","og_type":"article","og_title":"Portarias UFRRJ - Ag\u00eancia de Inova\u00e7\u00e3o da UFRRJ","og_description":"\u21d2PORTARIA DA PR\u00d3-REITORIA DE PESQUISA E P\u00d3S GRADUA\u00c7\u00c3O\/PROPPG\/UFRRJ N\u00ba 249 DE 14\/01\/2026 I. Designar os integrantes das divis\u00f5es da Ag\u00eancia ... leia mais","og_url":"https:\/\/institucional.ufrrj.br\/nit\/ato-normativo\/","og_site_name":"Ag\u00eancia de Inova\u00e7\u00e3o da UFRRJ","article_modified_time":"2026-01-22T14:29:53+00:00","twitter_card":"summary_large_image","twitter_misc":{"Est. tempo de leitura":"3 minutos"},"schema":{"@context":"https:\/\/schema.org","@graph":[{"@type":"WebPage","@id":"https:\/\/institucional.ufrrj.br\/nit\/ato-normativo\/","url":"https:\/\/institucional.ufrrj.br\/nit\/ato-normativo\/","name":"Portarias UFRRJ - Ag\u00eancia de Inova\u00e7\u00e3o da UFRRJ","isPartOf":{"@id":"https:\/\/institucional.ufrrj.br\/nit\/#website"},"datePublished":"2020-05-27T00:11:11+00:00","dateModified":"2026-01-22T14:29:53+00:00","breadcrumb":{"@id":"https:\/\/institucional.ufrrj.br\/nit\/ato-normativo\/#breadcrumb"},"inLanguage":"pt-BR","potentialAction":[{"@type":"ReadAction","target":["https:\/\/institucional.ufrrj.br\/nit\/ato-normativo\/"]}]},{"@type":"BreadcrumbList","@id":"https:\/\/institucional.ufrrj.br\/nit\/ato-normativo\/#breadcrumb","itemListElement":[{"@type":"ListItem","position":1,"name":"In\u00edcio","item":"https:\/\/institucional.ufrrj.br\/nit\/"},{"@type":"ListItem","position":2,"name":"Portarias UFRRJ"}]},{"@type":"WebSite","@id":"https:\/\/institucional.ufrrj.br\/nit\/#website","url":"https:\/\/institucional.ufrrj.br\/nit\/","name":"Ag\u00eancia de Inova\u00e7\u00e3o UFRRJ","description":"UFRRJ","potentialAction":[{"@type":"SearchAction","target":{"@type":"EntryPoint","urlTemplate":"https:\/\/institucional.ufrrj.br\/nit\/?s={search_term_string}"},"query-input":{"@type":"PropertyValueSpecification","valueRequired":true,"valueName":"search_term_string"}}],"inLanguage":"pt-BR"}]}},"acf":[],"_links":{"self":[{"href":"https:\/\/institucional.ufrrj.br\/nit\/wp-json\/wp\/v2\/pages\/1167","targetHints":{"allow":["GET"]}}],"collection":[{"href":"https:\/\/institucional.ufrrj.br\/nit\/wp-json\/wp\/v2\/pages"}],"about":[{"href":"https:\/\/institucional.ufrrj.br\/nit\/wp-json\/wp\/v2\/types\/page"}],"author":[{"embeddable":true,"href":"https:\/\/institucional.ufrrj.br\/nit\/wp-json\/wp\/v2\/users\/765"}],"replies":[{"embeddable":true,"href":"https:\/\/institucional.ufrrj.br\/nit\/wp-json\/wp\/v2\/comments?post=1167"}],"version-history":[{"count":1,"href":"https:\/\/institucional.ufrrj.br\/nit\/wp-json\/wp\/v2\/pages\/1167\/revisions"}],"predecessor-version":[{"id":4170,"href":"https:\/\/institucional.ufrrj.br\/nit\/wp-json\/wp\/v2\/pages\/1167\/revisions\/4170"}],"wp:attachment":[{"href":"https:\/\/institucional.ufrrj.br\/nit\/wp-json\/wp\/v2\/media?parent=1167"}],"curies":[{"name":"wp","href":"https:\/\/api.w.org\/{rel}","templated":true}]}}