{"id":1165,"date":"2020-05-27T00:10:55","date_gmt":"2020-05-27T00:10:55","guid":{"rendered":"http:\/\/institucional.ufrrj.br\/nit\/?page_id=1165"},"modified":"2026-02-02T09:21:09","modified_gmt":"2026-02-02T12:21:09","slug":"decretos","status":"publish","type":"page","link":"https:\/\/institucional.ufrrj.br\/nit\/decretos\/","title":{"rendered":"Delibera\u00e7\u00f5es UFRRJ"},"content":{"rendered":"<p><strong><a href=\"https:\/\/institucional.ufrrj.br\/nit\/files\/2024\/04\/Deliberac\u0327a\u0303o-187_2024-Adequac\u0327a\u0303o-regimento-AI-UFRRJ.pdf\"><span class=\"fontstyle0\">DELIBERA\u00c7\u00c3O N\u00b0187 DE 03 DE ABRIL DE 2024 do CONSU-UFRRJ<\/span><\/a>\u00a0<\/strong><\/p>\n<p><span class=\"fontstyle0\">I- Aprovar a adequa\u00e7\u00e3o do Regimento Interno da Ag\u00eancia de Inova\u00e7\u00e3o da UFRRJ<\/span><\/p>\n<p><strong><a href=\"https:\/\/institucional.ufrrj.br\/nit\/files\/2024\/04\/Delib-185-CONSU-2024-Politica-de-inovacao-da-UFRRJ.pdf\"><span class=\"fontstyle0\">DELIBERA\u00c7\u00c3O N\u00b0185 DE 03 DE ABRIL DE 2024 do CONSU-UFRRJ<\/span><\/a>\u00a0<\/strong><\/p>\n<p><span class=\"fontstyle0\">I- Aprovar e instituir a Pol\u00edtica Institucional de https:\/\/institucional.ufrrj.br\/nit\/files\/2024\/04\/Delib-185-CONSU-2024-Politica-de-inovacao-da-UFRRJ.pdfInova\u00e7\u00e3o da UFRRJ<br \/><\/span><\/p>\n<p><a href=\"https:\/\/institucional.ufrrj.br\/nit\/files\/2020\/12\/DELIBERA\u00c7\u00c3O-N\u00ba-224-de-09nov2020-CONSU-Cria\u00e7\u00e3o-da-Ag\u00eancia-de-Inova\u00e7\u00e3o-da-UFRRJ.pdf\"><strong>DELIBERA\u00c7\u00c3O N\u00ba 224, DE 09 DE NOVEMBRO DE 2020<\/strong><\/a><\/p>\n<p><span class=\"fontstyle0\">I &#8211; Revoga e substitui a delibera\u00e7\u00e3o N\u00b0 31\/CONSU\/2008;<br \/>II &#8211; Aprova a transforma\u00e7\u00e3o do N\u00facleo de Inova\u00e7\u00e3o Tecnol\u00f3gica (NITUFRRJ) em Ag\u00eancia de Inova\u00e7\u00e3o da Universidade Federal Rural do Rio de Janeiro, a quem compete coordenar as atividades de transfer\u00eancia de tecnologia desenvolvida pelos corpos docente, discente e t\u00e9cnico-administrativo, volunt\u00e1rios e assemelhados,<\/span><span class=\"fontstyle0\"> al\u00e9m de zelar pela prote\u00e7\u00e3o dos correspondentes direitos de propriedade intelectual;<br \/>III &#8211; Aprova, na forma do Anexo I, o Regimento Interno da Ag\u00eancia de Inova\u00e7\u00e3o da UFRRJ da Universidade <\/span><span class=\"fontstyle0\">Federal Rural do Rio de Janeiro\/UFRRJ.<\/span><\/p>\n\n\n<p><strong><a href=\"https:\/\/institucional.ufrrj.br\/nit\/files\/2020\/12\/DELIBERA\u00c7\u00c3O-N\u00ba-74-de-14dez2018-CONSU-UFRRJ-Vincula\u00e7\u00e3o-do-NIT-\u00e0-Vice-reitoria-da-UFRRJ.pdf\">DELIBERA\u00c7\u00c3O N\u00ba 74, DE 14 DE DEZEMBRO DE 2018<\/a>&nbsp;<\/strong><\/p>\n\n\n\n<p>I- Aprova a vincula\u00e7\u00e3o do NIT-UFRRJ \u00e0 Vice-reitoria;<\/p>\n\n\n\n<p>II- Revoga a Delibera\u00e7\u00e3o n\u00ba 31 de 21\/10\/2008;<\/p>\n\n\n\n<p><strong><a href=\"https:\/\/institucional.ufrrj.br\/nit\/files\/2020\/12\/DELIBERA\u00c7\u00c3O-N\u00ba-31de-31out-2008_Cria\u00e7\u00e3o-do-NIT-UFRRJ.pdf\">DELIBERA\u00c7\u00c3O N\u00b031 DE 21 DE OUTUBRO DE 2008 do CONSU-UFRRJ<\/a>&nbsp;<\/strong><\/p>\n\n\n\n<p>I- Cria o N\u00facleo de Inova\u00e7\u00e3o Tecnol\u00f3gica \u2013 NIT<\/p>\n","protected":false},"excerpt":{"rendered":"<p>DELIBERA\u00c7\u00c3O N\u00b0187 DE 03 DE ABRIL DE 2024 do CONSU-UFRRJ\u00a0 I- Aprovar a adequa\u00e7\u00e3o do Regimento Interno da Ag\u00eancia de <a class=\"read-more\" href=\"https:\/\/institucional.ufrrj.br\/nit\/decretos\/ \" >&#8230; <span class=\"font-italic\">leia mais <i class=\"fas fa-angle-right\"><\/i><\/span><\/a><\/p>\n","protected":false},"author":765,"featured_media":0,"parent":0,"menu_order":0,"comment_status":"closed","ping_status":"closed","template":"","meta":{"_acf_changed":false,"footnotes":"","_links_to":"","_links_to_target":""},"class_list":["post-1165","page","type-page","status-publish","hentry"],"yoast_head":"<!-- This site is optimized with the Yoast SEO plugin v27.2 - https:\/\/yoast.com\/product\/yoast-seo-wordpress\/ -->\n<title>Delibera\u00e7\u00f5es UFRRJ - Ag\u00eancia de Inova\u00e7\u00e3o da UFRRJ<\/title>\n<meta name=\"robots\" content=\"index, follow, max-snippet:-1, max-image-preview:large, max-video-preview:-1\" \/>\n<link rel=\"canonical\" href=\"https:\/\/institucional.ufrrj.br\/nit\/decretos\/\" \/>\n<meta property=\"og:locale\" content=\"pt_BR\" \/>\n<meta property=\"og:type\" content=\"article\" \/>\n<meta property=\"og:title\" content=\"Delibera\u00e7\u00f5es UFRRJ - Ag\u00eancia de Inova\u00e7\u00e3o da UFRRJ\" \/>\n<meta property=\"og:description\" content=\"DELIBERA\u00c7\u00c3O N\u00b0187 DE 03 DE ABRIL DE 2024 do CONSU-UFRRJ\u00a0 I- Aprovar a adequa\u00e7\u00e3o do Regimento Interno da Ag\u00eancia de ... leia mais\" \/>\n<meta property=\"og:url\" content=\"https:\/\/institucional.ufrrj.br\/nit\/decretos\/\" \/>\n<meta property=\"og:site_name\" content=\"Ag\u00eancia de Inova\u00e7\u00e3o da UFRRJ\" \/>\n<meta property=\"article:modified_time\" content=\"2026-02-02T12:21:09+00:00\" \/>\n<meta name=\"twitter:card\" content=\"summary_large_image\" \/>\n<meta name=\"twitter:label1\" content=\"Est. tempo de leitura\" \/>\n\t<meta name=\"twitter:data1\" content=\"1 minuto\" \/>\n<script type=\"application\/ld+json\" class=\"yoast-schema-graph\">{\"@context\":\"https:\/\/schema.org\",\"@graph\":[{\"@type\":\"WebPage\",\"@id\":\"https:\/\/institucional.ufrrj.br\/nit\/decretos\/\",\"url\":\"https:\/\/institucional.ufrrj.br\/nit\/decretos\/\",\"name\":\"Delibera\u00e7\u00f5es UFRRJ - Ag\u00eancia de Inova\u00e7\u00e3o da UFRRJ\",\"isPartOf\":{\"@id\":\"https:\/\/institucional.ufrrj.br\/nit\/#website\"},\"datePublished\":\"2020-05-27T00:10:55+00:00\",\"dateModified\":\"2026-02-02T12:21:09+00:00\",\"breadcrumb\":{\"@id\":\"https:\/\/institucional.ufrrj.br\/nit\/decretos\/#breadcrumb\"},\"inLanguage\":\"pt-BR\",\"potentialAction\":[{\"@type\":\"ReadAction\",\"target\":[\"https:\/\/institucional.ufrrj.br\/nit\/decretos\/\"]}]},{\"@type\":\"BreadcrumbList\",\"@id\":\"https:\/\/institucional.ufrrj.br\/nit\/decretos\/#breadcrumb\",\"itemListElement\":[{\"@type\":\"ListItem\",\"position\":1,\"name\":\"In\u00edcio\",\"item\":\"https:\/\/institucional.ufrrj.br\/nit\/\"},{\"@type\":\"ListItem\",\"position\":2,\"name\":\"Delibera\u00e7\u00f5es UFRRJ\"}]},{\"@type\":\"WebSite\",\"@id\":\"https:\/\/institucional.ufrrj.br\/nit\/#website\",\"url\":\"https:\/\/institucional.ufrrj.br\/nit\/\",\"name\":\"Ag\u00eancia de Inova\u00e7\u00e3o UFRRJ\",\"description\":\"UFRRJ\",\"potentialAction\":[{\"@type\":\"SearchAction\",\"target\":{\"@type\":\"EntryPoint\",\"urlTemplate\":\"https:\/\/institucional.ufrrj.br\/nit\/?s={search_term_string}\"},\"query-input\":{\"@type\":\"PropertyValueSpecification\",\"valueRequired\":true,\"valueName\":\"search_term_string\"}}],\"inLanguage\":\"pt-BR\"}]}<\/script>\n<!-- \/ Yoast SEO plugin. -->","yoast_head_json":{"title":"Delibera\u00e7\u00f5es UFRRJ - Ag\u00eancia de Inova\u00e7\u00e3o da UFRRJ","robots":{"index":"index","follow":"follow","max-snippet":"max-snippet:-1","max-image-preview":"max-image-preview:large","max-video-preview":"max-video-preview:-1"},"canonical":"https:\/\/institucional.ufrrj.br\/nit\/decretos\/","og_locale":"pt_BR","og_type":"article","og_title":"Delibera\u00e7\u00f5es UFRRJ - Ag\u00eancia de Inova\u00e7\u00e3o da UFRRJ","og_description":"DELIBERA\u00c7\u00c3O N\u00b0187 DE 03 DE ABRIL DE 2024 do CONSU-UFRRJ\u00a0 I- Aprovar a adequa\u00e7\u00e3o do Regimento Interno da Ag\u00eancia de ... leia mais","og_url":"https:\/\/institucional.ufrrj.br\/nit\/decretos\/","og_site_name":"Ag\u00eancia de Inova\u00e7\u00e3o da UFRRJ","article_modified_time":"2026-02-02T12:21:09+00:00","twitter_card":"summary_large_image","twitter_misc":{"Est. tempo de leitura":"1 minuto"},"schema":{"@context":"https:\/\/schema.org","@graph":[{"@type":"WebPage","@id":"https:\/\/institucional.ufrrj.br\/nit\/decretos\/","url":"https:\/\/institucional.ufrrj.br\/nit\/decretos\/","name":"Delibera\u00e7\u00f5es UFRRJ - Ag\u00eancia de Inova\u00e7\u00e3o da UFRRJ","isPartOf":{"@id":"https:\/\/institucional.ufrrj.br\/nit\/#website"},"datePublished":"2020-05-27T00:10:55+00:00","dateModified":"2026-02-02T12:21:09+00:00","breadcrumb":{"@id":"https:\/\/institucional.ufrrj.br\/nit\/decretos\/#breadcrumb"},"inLanguage":"pt-BR","potentialAction":[{"@type":"ReadAction","target":["https:\/\/institucional.ufrrj.br\/nit\/decretos\/"]}]},{"@type":"BreadcrumbList","@id":"https:\/\/institucional.ufrrj.br\/nit\/decretos\/#breadcrumb","itemListElement":[{"@type":"ListItem","position":1,"name":"In\u00edcio","item":"https:\/\/institucional.ufrrj.br\/nit\/"},{"@type":"ListItem","position":2,"name":"Delibera\u00e7\u00f5es UFRRJ"}]},{"@type":"WebSite","@id":"https:\/\/institucional.ufrrj.br\/nit\/#website","url":"https:\/\/institucional.ufrrj.br\/nit\/","name":"Ag\u00eancia de Inova\u00e7\u00e3o UFRRJ","description":"UFRRJ","potentialAction":[{"@type":"SearchAction","target":{"@type":"EntryPoint","urlTemplate":"https:\/\/institucional.ufrrj.br\/nit\/?s={search_term_string}"},"query-input":{"@type":"PropertyValueSpecification","valueRequired":true,"valueName":"search_term_string"}}],"inLanguage":"pt-BR"}]}},"acf":[],"_links":{"self":[{"href":"https:\/\/institucional.ufrrj.br\/nit\/wp-json\/wp\/v2\/pages\/1165","targetHints":{"allow":["GET"]}}],"collection":[{"href":"https:\/\/institucional.ufrrj.br\/nit\/wp-json\/wp\/v2\/pages"}],"about":[{"href":"https:\/\/institucional.ufrrj.br\/nit\/wp-json\/wp\/v2\/types\/page"}],"author":[{"embeddable":true,"href":"https:\/\/institucional.ufrrj.br\/nit\/wp-json\/wp\/v2\/users\/765"}],"replies":[{"embeddable":true,"href":"https:\/\/institucional.ufrrj.br\/nit\/wp-json\/wp\/v2\/comments?post=1165"}],"version-history":[{"count":2,"href":"https:\/\/institucional.ufrrj.br\/nit\/wp-json\/wp\/v2\/pages\/1165\/revisions"}],"predecessor-version":[{"id":4185,"href":"https:\/\/institucional.ufrrj.br\/nit\/wp-json\/wp\/v2\/pages\/1165\/revisions\/4185"}],"wp:attachment":[{"href":"https:\/\/institucional.ufrrj.br\/nit\/wp-json\/wp\/v2\/media?parent=1165"}],"curies":[{"name":"wp","href":"https:\/\/api.w.org\/{rel}","templated":true}]}}