{"id":1163,"date":"2020-05-27T00:10:38","date_gmt":"2020-05-27T00:10:38","guid":{"rendered":"http:\/\/institucional.ufrrj.br\/nit\/?page_id=1163"},"modified":"2025-08-28T10:16:33","modified_gmt":"2025-08-28T13:16:33","slug":"resolucoes","status":"publish","type":"page","link":"https:\/\/institucional.ufrrj.br\/nit\/resolucoes\/","title":{"rendered":"Pol\u00edtica de Inova\u00e7\u00e3o da UFRRJ"},"content":{"rendered":"<p><a href=\"https:\/\/institucional.ufrrj.br\/nit\/files\/2025\/08\/Cartilha-Politica-de-Inovacao-UFRRJ-.pdf\" target=\"_blank\" rel=\"noopener\">CARTILHA DA POL\u00cdTICA DE INOVA\u00c7\u00c3O DA UFRRJ<\/a><\/p>\n<p><span class=\"fontstyle0\">DELIBERA\u00c7\u00c3O N\u00b0185, DE 03 DE ABRIL DE 2024 <\/span>&#8211;<span class=\"fontstyle0\">\u00a0Aprovar e instituir a Pol\u00edtica Institucional de Inova\u00e7\u00e3o da UFRRJ<br \/>\n<\/span><\/p>\n<p><a href=\"https:\/\/institucional.ufrrj.br\/nit\/files\/2024\/04\/Delib-185-CONSU-2024-Politica-de-inovacao-da-UFRRJ.pdf\"><span class=\"fontstyle0\">DELIBERA\u00c7\u00c3O CONSU 185 DE 2024<\/span><\/a><\/p>\n<p>DELIBERA\u00c7\u00c3O N\u00ba 36, DE 31 DE JULHO DE 2015 &#8211; estabelece as diretrizes da Pol\u00edtica institucional de Inova\u00e7\u00e3o e Propriedade Intelectual no \u00e2mbito da UFRRJ.<\/p>\n<p><a href=\"https:\/\/institucional.ufrrj.br\/nit\/files\/2020\/12\/DELIBERA\u00c7\u00c3O-CONSU-36-DE-2015.pdf\">DELIBERA\u00c7\u00c3O CONSU 36 DE 2015<\/a><\/p>\n<p>DELIBERA\u00c7\u00c3O N\u00ba 42, DE 31 DE JULHO DE 2015 &#8211; estabelece as diretrizes para a prote\u00e7\u00e3o de direitos relativos \u00e0 Propriedade Industrial e Intelectual no \u00e2mbito da UFRRJ.<\/p>\n<p><a href=\"https:\/\/institucional.ufrrj.br\/nit\/files\/2020\/12\/DELIBERA\u00c7\u00c3O-CONSU-42-DE-2015.pdf\">DELIBERA\u00c7\u00c3O CONSU 42 DE 2015<\/a><\/p>\n","protected":false},"excerpt":{"rendered":"<p>CARTILHA DA POL\u00cdTICA DE INOVA\u00c7\u00c3O DA UFRRJ DELIBERA\u00c7\u00c3O N\u00b0185, DE 03 DE ABRIL DE 2024 &#8211;\u00a0Aprovar e instituir a Pol\u00edtica <a class=\"read-more\" href=\"https:\/\/institucional.ufrrj.br\/nit\/resolucoes\/ \" >&#8230; <span class=\"font-italic\">leia mais <i class=\"fas fa-angle-right\"><\/i><\/span><\/a><\/p>\n","protected":false},"author":765,"featured_media":0,"parent":0,"menu_order":0,"comment_status":"closed","ping_status":"closed","template":"","meta":{"_acf_changed":false,"footnotes":"","_links_to":"","_links_to_target":""},"class_list":["post-1163","page","type-page","status-publish","hentry"],"yoast_head":"<!-- This site is optimized with the Yoast SEO plugin v27.2 - https:\/\/yoast.com\/product\/yoast-seo-wordpress\/ -->\n<title>Pol\u00edtica de Inova\u00e7\u00e3o da UFRRJ - Ag\u00eancia de Inova\u00e7\u00e3o da UFRRJ<\/title>\n<meta name=\"robots\" content=\"index, follow, max-snippet:-1, max-image-preview:large, max-video-preview:-1\" \/>\n<link rel=\"canonical\" href=\"https:\/\/institucional.ufrrj.br\/nit\/resolucoes\/\" \/>\n<meta property=\"og:locale\" content=\"pt_BR\" \/>\n<meta property=\"og:type\" content=\"article\" \/>\n<meta property=\"og:title\" content=\"Pol\u00edtica de Inova\u00e7\u00e3o da UFRRJ - Ag\u00eancia de Inova\u00e7\u00e3o da UFRRJ\" \/>\n<meta property=\"og:description\" content=\"CARTILHA DA POL\u00cdTICA DE INOVA\u00c7\u00c3O DA UFRRJ DELIBERA\u00c7\u00c3O N\u00b0185, DE 03 DE ABRIL DE 2024 &#8211;\u00a0Aprovar e instituir a Pol\u00edtica ... leia mais\" \/>\n<meta property=\"og:url\" content=\"https:\/\/institucional.ufrrj.br\/nit\/resolucoes\/\" \/>\n<meta property=\"og:site_name\" content=\"Ag\u00eancia de Inova\u00e7\u00e3o da UFRRJ\" \/>\n<meta property=\"article:modified_time\" content=\"2025-08-28T13:16:33+00:00\" \/>\n<meta name=\"twitter:card\" content=\"summary_large_image\" \/>\n<meta name=\"twitter:label1\" content=\"Est. tempo de leitura\" \/>\n\t<meta name=\"twitter:data1\" content=\"1 minuto\" \/>\n<script type=\"application\/ld+json\" class=\"yoast-schema-graph\">{\"@context\":\"https:\/\/schema.org\",\"@graph\":[{\"@type\":\"WebPage\",\"@id\":\"https:\/\/institucional.ufrrj.br\/nit\/resolucoes\/\",\"url\":\"https:\/\/institucional.ufrrj.br\/nit\/resolucoes\/\",\"name\":\"Pol\u00edtica de Inova\u00e7\u00e3o da UFRRJ - Ag\u00eancia de Inova\u00e7\u00e3o da UFRRJ\",\"isPartOf\":{\"@id\":\"https:\/\/institucional.ufrrj.br\/nit\/#website\"},\"datePublished\":\"2020-05-27T00:10:38+00:00\",\"dateModified\":\"2025-08-28T13:16:33+00:00\",\"breadcrumb\":{\"@id\":\"https:\/\/institucional.ufrrj.br\/nit\/resolucoes\/#breadcrumb\"},\"inLanguage\":\"pt-BR\",\"potentialAction\":[{\"@type\":\"ReadAction\",\"target\":[\"https:\/\/institucional.ufrrj.br\/nit\/resolucoes\/\"]}]},{\"@type\":\"BreadcrumbList\",\"@id\":\"https:\/\/institucional.ufrrj.br\/nit\/resolucoes\/#breadcrumb\",\"itemListElement\":[{\"@type\":\"ListItem\",\"position\":1,\"name\":\"In\u00edcio\",\"item\":\"https:\/\/institucional.ufrrj.br\/nit\/\"},{\"@type\":\"ListItem\",\"position\":2,\"name\":\"Pol\u00edtica de Inova\u00e7\u00e3o da UFRRJ\"}]},{\"@type\":\"WebSite\",\"@id\":\"https:\/\/institucional.ufrrj.br\/nit\/#website\",\"url\":\"https:\/\/institucional.ufrrj.br\/nit\/\",\"name\":\"Ag\u00eancia de Inova\u00e7\u00e3o UFRRJ\",\"description\":\"UFRRJ\",\"potentialAction\":[{\"@type\":\"SearchAction\",\"target\":{\"@type\":\"EntryPoint\",\"urlTemplate\":\"https:\/\/institucional.ufrrj.br\/nit\/?s={search_term_string}\"},\"query-input\":{\"@type\":\"PropertyValueSpecification\",\"valueRequired\":true,\"valueName\":\"search_term_string\"}}],\"inLanguage\":\"pt-BR\"}]}<\/script>\n<!-- \/ Yoast SEO plugin. -->","yoast_head_json":{"title":"Pol\u00edtica de Inova\u00e7\u00e3o da UFRRJ - Ag\u00eancia de Inova\u00e7\u00e3o da UFRRJ","robots":{"index":"index","follow":"follow","max-snippet":"max-snippet:-1","max-image-preview":"max-image-preview:large","max-video-preview":"max-video-preview:-1"},"canonical":"https:\/\/institucional.ufrrj.br\/nit\/resolucoes\/","og_locale":"pt_BR","og_type":"article","og_title":"Pol\u00edtica de Inova\u00e7\u00e3o da UFRRJ - Ag\u00eancia de Inova\u00e7\u00e3o da UFRRJ","og_description":"CARTILHA DA POL\u00cdTICA DE INOVA\u00c7\u00c3O DA UFRRJ DELIBERA\u00c7\u00c3O N\u00b0185, DE 03 DE ABRIL DE 2024 &#8211;\u00a0Aprovar e instituir a Pol\u00edtica ... leia mais","og_url":"https:\/\/institucional.ufrrj.br\/nit\/resolucoes\/","og_site_name":"Ag\u00eancia de Inova\u00e7\u00e3o da UFRRJ","article_modified_time":"2025-08-28T13:16:33+00:00","twitter_card":"summary_large_image","twitter_misc":{"Est. tempo de leitura":"1 minuto"},"schema":{"@context":"https:\/\/schema.org","@graph":[{"@type":"WebPage","@id":"https:\/\/institucional.ufrrj.br\/nit\/resolucoes\/","url":"https:\/\/institucional.ufrrj.br\/nit\/resolucoes\/","name":"Pol\u00edtica de Inova\u00e7\u00e3o da UFRRJ - Ag\u00eancia de Inova\u00e7\u00e3o da UFRRJ","isPartOf":{"@id":"https:\/\/institucional.ufrrj.br\/nit\/#website"},"datePublished":"2020-05-27T00:10:38+00:00","dateModified":"2025-08-28T13:16:33+00:00","breadcrumb":{"@id":"https:\/\/institucional.ufrrj.br\/nit\/resolucoes\/#breadcrumb"},"inLanguage":"pt-BR","potentialAction":[{"@type":"ReadAction","target":["https:\/\/institucional.ufrrj.br\/nit\/resolucoes\/"]}]},{"@type":"BreadcrumbList","@id":"https:\/\/institucional.ufrrj.br\/nit\/resolucoes\/#breadcrumb","itemListElement":[{"@type":"ListItem","position":1,"name":"In\u00edcio","item":"https:\/\/institucional.ufrrj.br\/nit\/"},{"@type":"ListItem","position":2,"name":"Pol\u00edtica de Inova\u00e7\u00e3o da UFRRJ"}]},{"@type":"WebSite","@id":"https:\/\/institucional.ufrrj.br\/nit\/#website","url":"https:\/\/institucional.ufrrj.br\/nit\/","name":"Ag\u00eancia de Inova\u00e7\u00e3o UFRRJ","description":"UFRRJ","potentialAction":[{"@type":"SearchAction","target":{"@type":"EntryPoint","urlTemplate":"https:\/\/institucional.ufrrj.br\/nit\/?s={search_term_string}"},"query-input":{"@type":"PropertyValueSpecification","valueRequired":true,"valueName":"search_term_string"}}],"inLanguage":"pt-BR"}]}},"acf":[],"_links":{"self":[{"href":"https:\/\/institucional.ufrrj.br\/nit\/wp-json\/wp\/v2\/pages\/1163","targetHints":{"allow":["GET"]}}],"collection":[{"href":"https:\/\/institucional.ufrrj.br\/nit\/wp-json\/wp\/v2\/pages"}],"about":[{"href":"https:\/\/institucional.ufrrj.br\/nit\/wp-json\/wp\/v2\/types\/page"}],"author":[{"embeddable":true,"href":"https:\/\/institucional.ufrrj.br\/nit\/wp-json\/wp\/v2\/users\/765"}],"replies":[{"embeddable":true,"href":"https:\/\/institucional.ufrrj.br\/nit\/wp-json\/wp\/v2\/comments?post=1163"}],"version-history":[{"count":6,"href":"https:\/\/institucional.ufrrj.br\/nit\/wp-json\/wp\/v2\/pages\/1163\/revisions"}],"predecessor-version":[{"id":3922,"href":"https:\/\/institucional.ufrrj.br\/nit\/wp-json\/wp\/v2\/pages\/1163\/revisions\/3922"}],"wp:attachment":[{"href":"https:\/\/institucional.ufrrj.br\/nit\/wp-json\/wp\/v2\/media?parent=1163"}],"curies":[{"name":"wp","href":"https:\/\/api.w.org\/{rel}","templated":true}]}}