{"id":1149,"date":"2020-05-26T23:51:40","date_gmt":"2020-05-26T23:51:40","guid":{"rendered":"http:\/\/institucional.ufrrj.br\/nit\/?page_id=1149"},"modified":"2021-05-17T16:36:47","modified_gmt":"2021-05-17T16:36:47","slug":"1149-2","status":"publish","type":"page","link":"https:\/\/institucional.ufrrj.br\/nit\/1149-2\/","title":{"rendered":"Editais"},"content":{"rendered":"<p><strong>EDITAL FAPERJ N\u00ba 10\/2021 \u2013 PROGRAMA \u201cDOUTOR EMPREENDEDOR:<\/strong><br \/>\n<strong>TRANSFORMANDO CONHECIMENTO EM INOVA\u00c7\u00c3O \u2013 2021\u201d<\/strong><\/p>\n<p><a href=\"http:\/\/www.faperj.br\/downloads\/Edital_Doutor_Empreendedor_2021.pdf\">http:\/\/www.faperj.br\/downloads\/Edital_Doutor_Empreendedor_2021.pdf<\/a><\/p>\n<p>Lan\u00e7amento do programa: 13\/05\/2021<br \/>\nSubmiss\u00e3o de propostas on-line: de 13\/05\/2021 a 21\/06\/2021<br \/>\nDivulga\u00e7\u00e3o do resultado da 1\u00aa etapa: 29\/07\/2021<br \/>\nPrazo para interposi\u00e7\u00e3o de recursos: 29\/07\/202 a 05\/08\/2021<br \/>\nRealiza\u00e7\u00e3o da Banca de Avalia\u00e7\u00e3o: 09\/08\/2021 a 13\/08\/2021<br \/>\nDivulga\u00e7\u00e3o dos Resultados da 2\u00aa Etapa: 08\/09\/2021<br \/>\nPrazo para interposi\u00e7\u00e3o de Recursos: 19\/08\/2021 a 26\/08\/2021<br \/>\nApresenta\u00e7\u00e3o dos Documentos exigidos: 26\/08\/2021 a 20\/09\/2021<br \/>\nDivulga\u00e7\u00e3o do resultado final: 15\/09\/2021<\/p>\n<p>Fonte: Lista de editais\/chamadas lan\u00e7ados em 2021 (FAPERJ)<\/p>\n<p><a href=\"http:\/\/www.faperj.br\/?id=3554.3.9\">http:\/\/www.faperj.br\/?id=3554.3.9<\/a><\/p>\n","protected":false},"excerpt":{"rendered":"<p>EDITAL FAPERJ N\u00ba 10\/2021 \u2013 PROGRAMA \u201cDOUTOR EMPREENDEDOR: TRANSFORMANDO CONHECIMENTO EM INOVA\u00c7\u00c3O \u2013 2021\u201d http:\/\/www.faperj.br\/downloads\/Edital_Doutor_Empreendedor_2021.pdf Lan\u00e7amento do programa: 13\/05\/2021 Submiss\u00e3o <a class=\"read-more\" href=\"https:\/\/institucional.ufrrj.br\/nit\/1149-2\/ \" >&#8230; <span class=\"font-italic\">leia mais <i class=\"fas fa-angle-right\"><\/i><\/span><\/a><\/p>\n","protected":false},"author":765,"featured_media":0,"parent":0,"menu_order":0,"comment_status":"closed","ping_status":"closed","template":"","meta":{"_acf_changed":false,"footnotes":"","_links_to":"","_links_to_target":""},"class_list":["post-1149","page","type-page","status-publish","hentry"],"yoast_head":"<!-- This site is optimized with the Yoast SEO plugin v27.2 - https:\/\/yoast.com\/product\/yoast-seo-wordpress\/ -->\n<title>Editais - Ag\u00eancia de Inova\u00e7\u00e3o da UFRRJ<\/title>\n<meta name=\"robots\" content=\"index, follow, max-snippet:-1, max-image-preview:large, max-video-preview:-1\" \/>\n<link rel=\"canonical\" href=\"https:\/\/institucional.ufrrj.br\/nit\/1149-2\/\" \/>\n<meta property=\"og:locale\" content=\"pt_BR\" \/>\n<meta property=\"og:type\" content=\"article\" \/>\n<meta property=\"og:title\" content=\"Editais - Ag\u00eancia de Inova\u00e7\u00e3o da UFRRJ\" \/>\n<meta property=\"og:description\" content=\"EDITAL FAPERJ N\u00ba 10\/2021 \u2013 PROGRAMA \u201cDOUTOR EMPREENDEDOR: TRANSFORMANDO CONHECIMENTO EM INOVA\u00c7\u00c3O \u2013 2021\u201d http:\/\/www.faperj.br\/downloads\/Edital_Doutor_Empreendedor_2021.pdf Lan\u00e7amento do programa: 13\/05\/2021 Submiss\u00e3o ... leia mais\" \/>\n<meta property=\"og:url\" content=\"https:\/\/institucional.ufrrj.br\/nit\/1149-2\/\" \/>\n<meta property=\"og:site_name\" content=\"Ag\u00eancia de Inova\u00e7\u00e3o da UFRRJ\" \/>\n<meta property=\"article:modified_time\" content=\"2021-05-17T16:36:47+00:00\" \/>\n<meta name=\"twitter:card\" content=\"summary_large_image\" \/>\n<script type=\"application\/ld+json\" class=\"yoast-schema-graph\">{\"@context\":\"https:\/\/schema.org\",\"@graph\":[{\"@type\":\"WebPage\",\"@id\":\"https:\/\/institucional.ufrrj.br\/nit\/1149-2\/\",\"url\":\"https:\/\/institucional.ufrrj.br\/nit\/1149-2\/\",\"name\":\"Editais - Ag\u00eancia de Inova\u00e7\u00e3o da UFRRJ\",\"isPartOf\":{\"@id\":\"https:\/\/institucional.ufrrj.br\/nit\/#website\"},\"datePublished\":\"2020-05-26T23:51:40+00:00\",\"dateModified\":\"2021-05-17T16:36:47+00:00\",\"breadcrumb\":{\"@id\":\"https:\/\/institucional.ufrrj.br\/nit\/1149-2\/#breadcrumb\"},\"inLanguage\":\"pt-BR\",\"potentialAction\":[{\"@type\":\"ReadAction\",\"target\":[\"https:\/\/institucional.ufrrj.br\/nit\/1149-2\/\"]}]},{\"@type\":\"BreadcrumbList\",\"@id\":\"https:\/\/institucional.ufrrj.br\/nit\/1149-2\/#breadcrumb\",\"itemListElement\":[{\"@type\":\"ListItem\",\"position\":1,\"name\":\"In\u00edcio\",\"item\":\"https:\/\/institucional.ufrrj.br\/nit\/\"},{\"@type\":\"ListItem\",\"position\":2,\"name\":\"Editais\"}]},{\"@type\":\"WebSite\",\"@id\":\"https:\/\/institucional.ufrrj.br\/nit\/#website\",\"url\":\"https:\/\/institucional.ufrrj.br\/nit\/\",\"name\":\"Ag\u00eancia de Inova\u00e7\u00e3o UFRRJ\",\"description\":\"UFRRJ\",\"potentialAction\":[{\"@type\":\"SearchAction\",\"target\":{\"@type\":\"EntryPoint\",\"urlTemplate\":\"https:\/\/institucional.ufrrj.br\/nit\/?s={search_term_string}\"},\"query-input\":{\"@type\":\"PropertyValueSpecification\",\"valueRequired\":true,\"valueName\":\"search_term_string\"}}],\"inLanguage\":\"pt-BR\"}]}<\/script>\n<!-- \/ Yoast SEO plugin. -->","yoast_head_json":{"title":"Editais - Ag\u00eancia de Inova\u00e7\u00e3o da UFRRJ","robots":{"index":"index","follow":"follow","max-snippet":"max-snippet:-1","max-image-preview":"max-image-preview:large","max-video-preview":"max-video-preview:-1"},"canonical":"https:\/\/institucional.ufrrj.br\/nit\/1149-2\/","og_locale":"pt_BR","og_type":"article","og_title":"Editais - Ag\u00eancia de Inova\u00e7\u00e3o da UFRRJ","og_description":"EDITAL FAPERJ N\u00ba 10\/2021 \u2013 PROGRAMA \u201cDOUTOR EMPREENDEDOR: TRANSFORMANDO CONHECIMENTO EM INOVA\u00c7\u00c3O \u2013 2021\u201d http:\/\/www.faperj.br\/downloads\/Edital_Doutor_Empreendedor_2021.pdf Lan\u00e7amento do programa: 13\/05\/2021 Submiss\u00e3o ... leia mais","og_url":"https:\/\/institucional.ufrrj.br\/nit\/1149-2\/","og_site_name":"Ag\u00eancia de Inova\u00e7\u00e3o da UFRRJ","article_modified_time":"2021-05-17T16:36:47+00:00","twitter_card":"summary_large_image","schema":{"@context":"https:\/\/schema.org","@graph":[{"@type":"WebPage","@id":"https:\/\/institucional.ufrrj.br\/nit\/1149-2\/","url":"https:\/\/institucional.ufrrj.br\/nit\/1149-2\/","name":"Editais - Ag\u00eancia de Inova\u00e7\u00e3o da UFRRJ","isPartOf":{"@id":"https:\/\/institucional.ufrrj.br\/nit\/#website"},"datePublished":"2020-05-26T23:51:40+00:00","dateModified":"2021-05-17T16:36:47+00:00","breadcrumb":{"@id":"https:\/\/institucional.ufrrj.br\/nit\/1149-2\/#breadcrumb"},"inLanguage":"pt-BR","potentialAction":[{"@type":"ReadAction","target":["https:\/\/institucional.ufrrj.br\/nit\/1149-2\/"]}]},{"@type":"BreadcrumbList","@id":"https:\/\/institucional.ufrrj.br\/nit\/1149-2\/#breadcrumb","itemListElement":[{"@type":"ListItem","position":1,"name":"In\u00edcio","item":"https:\/\/institucional.ufrrj.br\/nit\/"},{"@type":"ListItem","position":2,"name":"Editais"}]},{"@type":"WebSite","@id":"https:\/\/institucional.ufrrj.br\/nit\/#website","url":"https:\/\/institucional.ufrrj.br\/nit\/","name":"Ag\u00eancia de Inova\u00e7\u00e3o UFRRJ","description":"UFRRJ","potentialAction":[{"@type":"SearchAction","target":{"@type":"EntryPoint","urlTemplate":"https:\/\/institucional.ufrrj.br\/nit\/?s={search_term_string}"},"query-input":{"@type":"PropertyValueSpecification","valueRequired":true,"valueName":"search_term_string"}}],"inLanguage":"pt-BR"}]}},"acf":[],"_links":{"self":[{"href":"https:\/\/institucional.ufrrj.br\/nit\/wp-json\/wp\/v2\/pages\/1149","targetHints":{"allow":["GET"]}}],"collection":[{"href":"https:\/\/institucional.ufrrj.br\/nit\/wp-json\/wp\/v2\/pages"}],"about":[{"href":"https:\/\/institucional.ufrrj.br\/nit\/wp-json\/wp\/v2\/types\/page"}],"author":[{"embeddable":true,"href":"https:\/\/institucional.ufrrj.br\/nit\/wp-json\/wp\/v2\/users\/765"}],"replies":[{"embeddable":true,"href":"https:\/\/institucional.ufrrj.br\/nit\/wp-json\/wp\/v2\/comments?post=1149"}],"version-history":[{"count":5,"href":"https:\/\/institucional.ufrrj.br\/nit\/wp-json\/wp\/v2\/pages\/1149\/revisions"}],"predecessor-version":[{"id":1889,"href":"https:\/\/institucional.ufrrj.br\/nit\/wp-json\/wp\/v2\/pages\/1149\/revisions\/1889"}],"wp:attachment":[{"href":"https:\/\/institucional.ufrrj.br\/nit\/wp-json\/wp\/v2\/media?parent=1149"}],"curies":[{"name":"wp","href":"https:\/\/api.w.org\/{rel}","templated":true}]}}