{"id":1147,"date":"2020-05-26T23:51:25","date_gmt":"2020-05-26T23:51:25","guid":{"rendered":"http:\/\/institucional.ufrrj.br\/nit\/?page_id=1147"},"modified":"2021-01-08T23:19:31","modified_gmt":"2021-01-08T23:19:31","slug":"termos-de-cooperacao","status":"publish","type":"page","link":"https:\/\/institucional.ufrrj.br\/nit\/termos-de-cooperacao\/","title":{"rendered":"Instrumentos Jur\u00eddicos de Parceria para PD&amp;I"},"content":{"rendered":"<p style=\"text-align: center\"><strong>INFORMA\u00c7\u00d5ES E DOCUMENTOS (MODELOS) PARA ACORDOS DE PARCERIA PARA PD&amp;I<\/strong><\/p>\n<p>&nbsp;<\/p>\n<p>A partir da Lei 12473\/2016 (Marco Legal da Inova\u00e7\u00e3o), mais oportunidades podem ser criadas pelo trabalho conjunto entre a comunidade acad\u00eamica e a comunidade externa, de empresas privadas com fins lucrativos a associa\u00e7\u00f5es da sociedade civil.<\/p>\n<p>Os documentos (MODELOS) elencados abaixo tem base na Colet\u00e2nea de Pareceres e Instrumentos Jur\u00eddicos do Marco Legal de Ci\u00eancia, Tecnologia e Inova\u00e7\u00e3o (CT&amp;I), de\u00a0 junho de 2020, fruto de um trabalho que vem sendo empreendido pela C\u00e2mara Permanente da Ci\u00eancia, Tecnologia &amp; Inova\u00e7\u00e3o (CP-CT&amp;I) da Procuradoria-Geral Federal (PGF), \u00f3rg\u00e3o da Advocacia-Geral da Uni\u00e3o (AGU).<\/p>\n<p>&nbsp;<\/p>\n<p style=\"text-align: center\"><a href=\"https:\/\/institucional.ufrrj.br\/nit\/files\/2021\/01\/resumo-JPG-azul.png\"><img loading=\"lazy\" decoding=\"async\" class=\"wp-image-1650 aligncenter\" src=\"https:\/\/institucional.ufrrj.br\/nit\/files\/2021\/01\/resumo-JPG-azul-300x225.png\" alt=\"\" width=\"846\" height=\"634\" srcset=\"https:\/\/institucional.ufrrj.br\/nit\/files\/2021\/01\/resumo-JPG-azul-300x225.png 300w, https:\/\/institucional.ufrrj.br\/nit\/files\/2021\/01\/resumo-JPG-azul-768x576.png 768w, https:\/\/institucional.ufrrj.br\/nit\/files\/2021\/01\/resumo-JPG-azul.png 1024w\" sizes=\"auto, (max-width: 846px) 100vw, 846px\" \/><\/a><\/p>\n<p>&nbsp;<\/p>\n<p style=\"text-align: center\"><strong>MODELOS<\/strong><\/p>\n<p>&nbsp;<\/p>\n<p><strong>1. ACORDO DE PARCERIA PARA PESQUISA, DESENVOLVIMENTO E INOVA\u00c7\u00c3O \u2013 PD&amp;I\u00a0<\/strong><\/p>\n<p><strong>\u00a01.1.<\/strong> Checklist &#8211; Acordo de parceria para pesquisa, desenvolvimento e inova\u00e7\u00e3o \u2013 PD&amp;I<\/p>\n<p><a href=\"https:\/\/institucional.ufrrj.br\/nit\/files\/2021\/01\/Check-list-ACORDO-DE-PARCERIA-para-PDI-AGU-2020.pdf\">Check-list-ACORDO DE PARCERIA para PD&amp;I &#8211; AGU-2020<\/a><\/p>\n<p><strong>1.2.<\/strong> Minuta de acordo de parceria para PD&amp;I quando houver repasse de recursos privados para o projeto de pesquisa<\/p>\n<p><a href=\"https:\/\/institucional.ufrrj.br\/nit\/files\/2021\/01\/MINUTA-ACORDO-PARCERIA-PDI-COM-repasse-de-recursos-MODELO-da-AGU-2020.docx\">MINUTA-ACORDO-PARCERIA-PD&amp;I-COM repasse de recursos-MODELO da AGU-2020<\/a><\/p>\n<p><strong>\u00a01.3.<\/strong> Minuta de acordo de parceria para PD&amp;I quando n\u00e3o houver repasse de recursos entre os parceiros<\/p>\n<p><a href=\"https:\/\/institucional.ufrrj.br\/nit\/files\/2021\/01\/MINUTA-ACORDO-DE-PARCERIA-PDI-SEM-repasse-de-resursos-MODELO-da-AGU-2020.docx\">MINUTA-ACORDO DE PARCERIA-PD&amp;I -SEM repasse de resursos-MODELO da AGU-2020<\/a><\/p>\n<p>&nbsp;<\/p>\n<p><strong>2. AQUISI\u00c7\u00c3O OU CONTRATA\u00c7\u00c3O DE PRODUTO OU SERVI\u00c7O PARA PESQUISA E DESENVOLVIMENTO<\/strong> <strong>E INOVA\u00c7\u00c3O \u2013 PD&amp;I\u00a0<\/strong><\/p>\n<p><strong>\u00a02.1.<\/strong> Checklist &#8211; Aquisi\u00e7\u00e3o ou contrata\u00e7\u00e3o de produto ou servi\u00e7o para pesquisa e desenvolvimento e inova\u00e7\u00e3o- PD&amp;I<\/p>\n<p><a href=\"https:\/\/institucional.ufrrj.br\/nit\/files\/2021\/01\/Check-list-Aquisi\u00e7\u00e3o-ou-contrata\u00e7\u00e3o-de-produto-ou-servi\u00e7o-PDI-AGU-2020.pdf\">Check-list-Aquisi\u00e7\u00e3o-ou-contrata\u00e7\u00e3o-de-produto-ou-servi\u00e7o-PD&amp;I &#8211; AGU-2020<\/a><\/p>\n<p><strong>2.2.<\/strong> Minuta de contrato para aquisi\u00e7\u00e3o de produto para pesquisa e desenvolvimento e inova\u00e7\u00e3o &#8211; PD&amp;I<\/p>\n<p><a href=\"https:\/\/institucional.ufrrj.br\/nit\/files\/2021\/01\/MINUTA-CONTRATO-PARA-AQUISI\u00c7\u00c3O-PRODUTO-OU-SERVI\u00c7O-PDI.docx\">MINUTA CONTRATO PARA AQUISI\u00c7\u00c3O PRODUTO OU SERVI\u00c7O PD&amp;I<\/a><\/p>\n<p><strong>2.3.<\/strong> Modelo de declara\u00e7\u00e3o<\/p>\n<p><a href=\"https:\/\/institucional.ufrrj.br\/nit\/files\/2021\/01\/MODELO-DE-DECLARA\u00c7\u00c3O.docx\">MODELO DE DECLARA\u00c7\u00c3O<\/a><\/p>\n<p>&nbsp;<\/p>\n<p><strong>3. ACORDO DE COOPERA\u00c7\u00c3O INTERNACIONAL PARA CI\u00caNCIA E TECNOLOGIA E INOVA\u00c7\u00c3O<\/strong><\/p>\n<p><strong>3.1.<\/strong>Checklist &#8211; Acordo de acordo de coopera\u00e7\u00e3o internacional para ci\u00eancia, tecnologia e inova\u00e7\u00e3o<\/p>\n<p><a href=\"https:\/\/institucional.ufrrj.br\/nit\/files\/2021\/01\/Check-list-ACORDO-COOPERA\u00c7\u00c3O-INTERNACIONAL-PARA-CTI-AGU-2020.pdf\">Check-list-ACORDO COOPERA\u00c7\u00c3O INTERNACIONAL PARA CT&amp;I &#8211; AGU-2020<\/a><\/p>\n<p><strong>3.2.<\/strong>Minuta de acordo de coopera\u00e7\u00e3o internacional para ci\u00eancia, tecnologia e inova\u00e7\u00e3o<\/p>\n<p><a href=\"https:\/\/institucional.ufrrj.br\/nit\/files\/2021\/01\/MINUTA-DE-ACORDO-DE-COOPERA\u00c7\u00c3O-INTERNACIONAL-PARA-PDI-AGU-2020.docx\">MINUTA DE ACORDO DE COOPERA\u00c7\u00c3O INTERNACIONAL PARA PD&amp;I- AGU-2020<\/a><\/p>\n<p>&nbsp;<\/p>\n<p><strong>4. TERMO DE OUTORGA<\/strong><\/p>\n<p><strong>\u00a0<\/strong><br \/>\n<strong>\u00a04.1.<\/strong>Checklist &#8211; Termo de outorga<\/p>\n<p><a href=\"https:\/\/institucional.ufrrj.br\/nit\/files\/2021\/01\/Check-list-TERMO-DE-OUTORGA-AGU-2020.pdf\">Check-list-TERMO DE OUTORGA- AGU-2020<\/a><\/p>\n<p><strong>4.2.<\/strong> Modelos de termos de outorga (minutas exemplificativas)<\/p>\n<p><a href=\"https:\/\/institucional.ufrrj.br\/nit\/files\/2021\/01\/MODELOS-DE-TERMOS-DE-OUTORGA-minutas-exemplificativas-AGU-2020.docx\">MODELOS DE TERMOS DE OUTORGA- minutas exemplificativas- AGU-2020<\/a><\/p>\n<p>&nbsp;<\/p>\n<p><strong>\u00a05.OUTORGAS DE USO DE LABORAT\u00d3RIOS, EQUIPAMENTOS, INSTRUMENTOS, MATERIAIS E DEMAIS INSTALA\u00c7\u00d5ES EXISTENTES NAS DEPEND\u00caNCIAS DA ICT P\u00daBLICA<\/strong><\/p>\n<p><strong>\u00a05.1.<\/strong>Checklist &#8211; outorgas de uso de laborat\u00f3rios, equipamentos, instrumentos, materiais e demais instala\u00e7\u00f5es<\/p>\n<p><a href=\"https:\/\/institucional.ufrrj.br\/nit\/files\/2021\/01\/Check-list-OUTORGAS-de-USO-de-LABORAT\u00d3RIOS-da-ICT.pdf\">Check-list-OUTORGAS- de- USO de LABORAT\u00d3RIOS-da-ICT<\/a><\/p>\n<p><strong>5.2.<\/strong> Minuta de contrato de concess\u00e3o de uso de laborat\u00f3rio, equipamentos, instrumentos, materiais e demais instala\u00e7\u00f5es<\/p>\n<p><a href=\"https:\/\/institucional.ufrrj.br\/nit\/files\/2021\/01\/MINUTA-CONTRATO-CONCESS\u00c3O-USO-LABORAT\u00d3RIOS-da-ICT.docx\">MINUTA-CONTRATO-CONCESS\u00c3O-USO-LABORAT\u00d3RIOS da ICT<\/a><\/p>\n<p><strong>\u00a05.3.<\/strong>Minuta de termo de permiss\u00e3o onerosa de uso de laborat\u00f3rio, equipamentos, instrumentos, materiais e demais instala\u00e7\u00f5es a t\u00edtulo prec\u00e1rio<\/p>\n<p><a href=\"https:\/\/institucional.ufrrj.br\/nit\/files\/2021\/01\/MINUTA2.docx\">MINUTA &#8211; TERMO PERMISS\u00c3O ONEROSA DE USO LABORAT\u00d3RIOS EQUIPAMENTOS DEMAIS INSTALA\u00c7OES DA ICT<\/a><\/p>\n<p><strong>5.4.<\/strong>Minuta de termo de autoriza\u00e7\u00e3o onerosa de uso de laborat\u00f3rio, equipamentos, instrumentos, materiais e demais instala\u00e7\u00f5es a t\u00edtulo prec\u00e1rio<\/p>\n<p><a href=\"https:\/\/institucional.ufrrj.br\/nit\/files\/2021\/01\/MINUTA3.docx\">MINUTA-TERMO AUTORIZA\u00c7\u00c3O ONEROSA USO LABORAT\u00d3RIOS EQUIPAMENTOS DEMAIS INSTALA\u00c7\u00d5ES DA ICT<\/a><\/p>\n<p>&nbsp;<\/p>\n<p><strong>6. CONTRATO DE PRESTA\u00c7\u00c3O DE SERVI\u00c7OS T\u00c9CNICOS ESPECIALIZADOS EM PESQUISA, DESENVOLVIMENTO E INOVA\u00c7\u00c3O<\/strong><\/p>\n<p><strong>6.1.<\/strong>Checklist &#8211; Contrato de presta\u00e7\u00e3o de servi\u00e7os t\u00e9cnicos especializados em PD&amp;I<\/p>\n<p><a href=\"https:\/\/institucional.ufrrj.br\/nit\/files\/2021\/01\/Checklist-CONTRATO-PRESTA\u00c7\u00c3O-SERVI\u00c7OS-TEC-ESPECIALIZADOS-PDI.pdf\">Checklist-CONTRATO PRESTA\u00c7\u00c3O SERVI\u00c7OS TEC ESPECIALIZADOS PD&amp;I<\/a><\/p>\n<p><strong>\u00a06.2.<\/strong>Minuta de contrato de presta\u00e7\u00e3o de servi\u00e7os t\u00e9cnicos especializados em PD&amp;I sem interveni\u00eancia de funda\u00e7\u00e3o de apoio<\/p>\n<p><a href=\"https:\/\/institucional.ufrrj.br\/nit\/files\/2021\/01\/MINUTA-CONTRATO-PRESTACAO-SERV-TEC-ESPECIALIZADOS-SEM-FAP.docx\">MINUTA CONTRATO PRESTACAO SERV TEC ESPECIALIZADOS &#8211; SEM -FAP<\/a><\/p>\n<p><strong>6.3.<\/strong>Minuta de contrato de presta\u00e7\u00e3o de servi\u00e7os t\u00e9cnicos especializados em PD&amp;I com interveni\u00eancia de funda\u00e7\u00e3o de apoio<\/p>\n<p><a href=\"https:\/\/institucional.ufrrj.br\/nit\/files\/2021\/01\/MINUTA-CONTRATO-PRESTACAO-SERV-TEC-ESPECIALIZADOS-COM-FAP-1.docx\">MINUTA CONTRATO PRESTACAO SERV TEC ESPECIALIZADOS &#8211; COM -FAP<\/a><\/p>\n<p>&nbsp;<\/p>\n<p>&nbsp;<\/p>\n","protected":false},"excerpt":{"rendered":"<p>INFORMA\u00c7\u00d5ES E DOCUMENTOS (MODELOS) PARA ACORDOS DE PARCERIA PARA PD&amp;I &nbsp; A partir da Lei 12473\/2016 (Marco Legal da Inova\u00e7\u00e3o), <a class=\"read-more\" href=\"https:\/\/institucional.ufrrj.br\/nit\/termos-de-cooperacao\/ \" >&#8230; <span class=\"font-italic\">leia mais <i class=\"fas fa-angle-right\"><\/i><\/span><\/a><\/p>\n","protected":false},"author":765,"featured_media":0,"parent":0,"menu_order":0,"comment_status":"closed","ping_status":"closed","template":"","meta":{"_acf_changed":false,"footnotes":"","_links_to":"","_links_to_target":""},"class_list":["post-1147","page","type-page","status-publish","hentry"],"yoast_head":"<!-- This site is optimized with the Yoast SEO plugin v27.2 - https:\/\/yoast.com\/product\/yoast-seo-wordpress\/ -->\n<title>Instrumentos Jur\u00eddicos de Parceria para PD&amp;I - Ag\u00eancia de Inova\u00e7\u00e3o da UFRRJ<\/title>\n<meta name=\"robots\" content=\"index, follow, max-snippet:-1, max-image-preview:large, max-video-preview:-1\" \/>\n<link rel=\"canonical\" href=\"https:\/\/institucional.ufrrj.br\/nit\/termos-de-cooperacao\/\" \/>\n<meta property=\"og:locale\" content=\"pt_BR\" \/>\n<meta property=\"og:type\" content=\"article\" \/>\n<meta property=\"og:title\" content=\"Instrumentos Jur\u00eddicos de Parceria para PD&amp;I - Ag\u00eancia de Inova\u00e7\u00e3o da UFRRJ\" \/>\n<meta property=\"og:description\" content=\"INFORMA\u00c7\u00d5ES E DOCUMENTOS (MODELOS) PARA ACORDOS DE PARCERIA PARA PD&amp;I &nbsp; A partir da Lei 12473\/2016 (Marco Legal da Inova\u00e7\u00e3o), ... leia mais\" \/>\n<meta property=\"og:url\" content=\"https:\/\/institucional.ufrrj.br\/nit\/termos-de-cooperacao\/\" \/>\n<meta property=\"og:site_name\" content=\"Ag\u00eancia de Inova\u00e7\u00e3o da UFRRJ\" \/>\n<meta property=\"article:modified_time\" content=\"2021-01-08T23:19:31+00:00\" \/>\n<meta property=\"og:image\" content=\"http:\/\/institucional.ufrrj.br\/nit\/files\/2021\/01\/resumo-JPG-azul-300x225.png\" \/>\n<meta name=\"twitter:card\" content=\"summary_large_image\" \/>\n<meta name=\"twitter:label1\" content=\"Est. tempo de leitura\" \/>\n\t<meta name=\"twitter:data1\" content=\"3 minutos\" \/>\n<script type=\"application\/ld+json\" class=\"yoast-schema-graph\">{\"@context\":\"https:\/\/schema.org\",\"@graph\":[{\"@type\":\"WebPage\",\"@id\":\"https:\/\/institucional.ufrrj.br\/nit\/termos-de-cooperacao\/\",\"url\":\"https:\/\/institucional.ufrrj.br\/nit\/termos-de-cooperacao\/\",\"name\":\"Instrumentos Jur\u00eddicos de Parceria para PD&amp;I - Ag\u00eancia de Inova\u00e7\u00e3o da UFRRJ\",\"isPartOf\":{\"@id\":\"https:\/\/institucional.ufrrj.br\/nit\/#website\"},\"primaryImageOfPage\":{\"@id\":\"https:\/\/institucional.ufrrj.br\/nit\/termos-de-cooperacao\/#primaryimage\"},\"image\":{\"@id\":\"https:\/\/institucional.ufrrj.br\/nit\/termos-de-cooperacao\/#primaryimage\"},\"thumbnailUrl\":\"http:\/\/institucional.ufrrj.br\/nit\/files\/2021\/01\/resumo-JPG-azul-300x225.png\",\"datePublished\":\"2020-05-26T23:51:25+00:00\",\"dateModified\":\"2021-01-08T23:19:31+00:00\",\"breadcrumb\":{\"@id\":\"https:\/\/institucional.ufrrj.br\/nit\/termos-de-cooperacao\/#breadcrumb\"},\"inLanguage\":\"pt-BR\",\"potentialAction\":[{\"@type\":\"ReadAction\",\"target\":[\"https:\/\/institucional.ufrrj.br\/nit\/termos-de-cooperacao\/\"]}]},{\"@type\":\"ImageObject\",\"inLanguage\":\"pt-BR\",\"@id\":\"https:\/\/institucional.ufrrj.br\/nit\/termos-de-cooperacao\/#primaryimage\",\"url\":\"http:\/\/institucional.ufrrj.br\/nit\/files\/2021\/01\/resumo-JPG-azul-300x225.png\",\"contentUrl\":\"http:\/\/institucional.ufrrj.br\/nit\/files\/2021\/01\/resumo-JPG-azul-300x225.png\"},{\"@type\":\"BreadcrumbList\",\"@id\":\"https:\/\/institucional.ufrrj.br\/nit\/termos-de-cooperacao\/#breadcrumb\",\"itemListElement\":[{\"@type\":\"ListItem\",\"position\":1,\"name\":\"In\u00edcio\",\"item\":\"https:\/\/institucional.ufrrj.br\/nit\/\"},{\"@type\":\"ListItem\",\"position\":2,\"name\":\"Instrumentos Jur\u00eddicos de Parceria para PD&amp;I\"}]},{\"@type\":\"WebSite\",\"@id\":\"https:\/\/institucional.ufrrj.br\/nit\/#website\",\"url\":\"https:\/\/institucional.ufrrj.br\/nit\/\",\"name\":\"Ag\u00eancia de Inova\u00e7\u00e3o UFRRJ\",\"description\":\"UFRRJ\",\"potentialAction\":[{\"@type\":\"SearchAction\",\"target\":{\"@type\":\"EntryPoint\",\"urlTemplate\":\"https:\/\/institucional.ufrrj.br\/nit\/?s={search_term_string}\"},\"query-input\":{\"@type\":\"PropertyValueSpecification\",\"valueRequired\":true,\"valueName\":\"search_term_string\"}}],\"inLanguage\":\"pt-BR\"}]}<\/script>\n<!-- \/ Yoast SEO plugin. -->","yoast_head_json":{"title":"Instrumentos Jur\u00eddicos de Parceria para PD&amp;I - Ag\u00eancia de Inova\u00e7\u00e3o da UFRRJ","robots":{"index":"index","follow":"follow","max-snippet":"max-snippet:-1","max-image-preview":"max-image-preview:large","max-video-preview":"max-video-preview:-1"},"canonical":"https:\/\/institucional.ufrrj.br\/nit\/termos-de-cooperacao\/","og_locale":"pt_BR","og_type":"article","og_title":"Instrumentos Jur\u00eddicos de Parceria para PD&amp;I - Ag\u00eancia de Inova\u00e7\u00e3o da UFRRJ","og_description":"INFORMA\u00c7\u00d5ES E DOCUMENTOS (MODELOS) PARA ACORDOS DE PARCERIA PARA PD&amp;I &nbsp; A partir da Lei 12473\/2016 (Marco Legal da Inova\u00e7\u00e3o), ... leia mais","og_url":"https:\/\/institucional.ufrrj.br\/nit\/termos-de-cooperacao\/","og_site_name":"Ag\u00eancia de Inova\u00e7\u00e3o da UFRRJ","article_modified_time":"2021-01-08T23:19:31+00:00","og_image":[{"url":"http:\/\/institucional.ufrrj.br\/nit\/files\/2021\/01\/resumo-JPG-azul-300x225.png","type":"","width":"","height":""}],"twitter_card":"summary_large_image","twitter_misc":{"Est. tempo de leitura":"3 minutos"},"schema":{"@context":"https:\/\/schema.org","@graph":[{"@type":"WebPage","@id":"https:\/\/institucional.ufrrj.br\/nit\/termos-de-cooperacao\/","url":"https:\/\/institucional.ufrrj.br\/nit\/termos-de-cooperacao\/","name":"Instrumentos Jur\u00eddicos de Parceria para PD&amp;I - Ag\u00eancia de Inova\u00e7\u00e3o da UFRRJ","isPartOf":{"@id":"https:\/\/institucional.ufrrj.br\/nit\/#website"},"primaryImageOfPage":{"@id":"https:\/\/institucional.ufrrj.br\/nit\/termos-de-cooperacao\/#primaryimage"},"image":{"@id":"https:\/\/institucional.ufrrj.br\/nit\/termos-de-cooperacao\/#primaryimage"},"thumbnailUrl":"http:\/\/institucional.ufrrj.br\/nit\/files\/2021\/01\/resumo-JPG-azul-300x225.png","datePublished":"2020-05-26T23:51:25+00:00","dateModified":"2021-01-08T23:19:31+00:00","breadcrumb":{"@id":"https:\/\/institucional.ufrrj.br\/nit\/termos-de-cooperacao\/#breadcrumb"},"inLanguage":"pt-BR","potentialAction":[{"@type":"ReadAction","target":["https:\/\/institucional.ufrrj.br\/nit\/termos-de-cooperacao\/"]}]},{"@type":"ImageObject","inLanguage":"pt-BR","@id":"https:\/\/institucional.ufrrj.br\/nit\/termos-de-cooperacao\/#primaryimage","url":"http:\/\/institucional.ufrrj.br\/nit\/files\/2021\/01\/resumo-JPG-azul-300x225.png","contentUrl":"http:\/\/institucional.ufrrj.br\/nit\/files\/2021\/01\/resumo-JPG-azul-300x225.png"},{"@type":"BreadcrumbList","@id":"https:\/\/institucional.ufrrj.br\/nit\/termos-de-cooperacao\/#breadcrumb","itemListElement":[{"@type":"ListItem","position":1,"name":"In\u00edcio","item":"https:\/\/institucional.ufrrj.br\/nit\/"},{"@type":"ListItem","position":2,"name":"Instrumentos Jur\u00eddicos de Parceria para PD&amp;I"}]},{"@type":"WebSite","@id":"https:\/\/institucional.ufrrj.br\/nit\/#website","url":"https:\/\/institucional.ufrrj.br\/nit\/","name":"Ag\u00eancia de Inova\u00e7\u00e3o UFRRJ","description":"UFRRJ","potentialAction":[{"@type":"SearchAction","target":{"@type":"EntryPoint","urlTemplate":"https:\/\/institucional.ufrrj.br\/nit\/?s={search_term_string}"},"query-input":{"@type":"PropertyValueSpecification","valueRequired":true,"valueName":"search_term_string"}}],"inLanguage":"pt-BR"}]}},"acf":[],"_links":{"self":[{"href":"https:\/\/institucional.ufrrj.br\/nit\/wp-json\/wp\/v2\/pages\/1147","targetHints":{"allow":["GET"]}}],"collection":[{"href":"https:\/\/institucional.ufrrj.br\/nit\/wp-json\/wp\/v2\/pages"}],"about":[{"href":"https:\/\/institucional.ufrrj.br\/nit\/wp-json\/wp\/v2\/types\/page"}],"author":[{"embeddable":true,"href":"https:\/\/institucional.ufrrj.br\/nit\/wp-json\/wp\/v2\/users\/765"}],"replies":[{"embeddable":true,"href":"https:\/\/institucional.ufrrj.br\/nit\/wp-json\/wp\/v2\/comments?post=1147"}],"version-history":[{"count":18,"href":"https:\/\/institucional.ufrrj.br\/nit\/wp-json\/wp\/v2\/pages\/1147\/revisions"}],"predecessor-version":[{"id":1640,"href":"https:\/\/institucional.ufrrj.br\/nit\/wp-json\/wp\/v2\/pages\/1147\/revisions\/1640"}],"wp:attachment":[{"href":"https:\/\/institucional.ufrrj.br\/nit\/wp-json\/wp\/v2\/media?parent=1147"}],"curies":[{"name":"wp","href":"https:\/\/api.w.org\/{rel}","templated":true}]}}