{"id":1145,"date":"2020-05-26T23:50:59","date_gmt":"2020-05-26T23:50:59","guid":{"rendered":"http:\/\/institucional.ufrrj.br\/nit\/?page_id=1145"},"modified":"2021-10-13T14:10:00","modified_gmt":"2021-10-13T14:10:00","slug":"termos-de-sigilo-e-confidencialidade","status":"publish","type":"page","link":"https:\/\/institucional.ufrrj.br\/nit\/termos-de-sigilo-e-confidencialidade\/","title":{"rendered":"Termos de Sigilo e Confidencialidade"},"content":{"rendered":"<p><strong>\u21d2Modelo de Acordo de Confidencialidade entre UFRRJ e Empresa<\/strong><\/p>\n<p><a href=\"https:\/\/institucional.ufrrj.br\/nit\/files\/2021\/01\/Acordo-de-Confidencialidade_UFRRJ-EMPRESA-1.doc\">Modelo Acordo de Confidencialidade entre UFRRJ e EMPRESA<\/a><\/p>\n<p><strong>\u21d2Modelo de Termo de Sigilo e Confidencialidade para Banca Examinadora<\/strong><\/p>\n<p><a href=\"https:\/\/institucional.ufrrj.br\/nit\/files\/2021\/01\/Termo-de-Sigilo-e-Confidencialidade-Banca-Examinadora_MODELO-1.doc\">Modelo Termo de Sigilo e Confidencialidade para Banca Examinadora<\/a><\/p>\n<p><strong>\u21d2Modelo de Termo de Sigilo para Laborat\u00f3rios<\/strong><\/p>\n<p><a href=\"https:\/\/institucional.ufrrj.br\/nit\/files\/2021\/01\/Modelo-Termo-de-Sigilo-para-Laborat\u00f3rios.doc\">Modelo Termo de Sigilo para Laborat\u00f3rios<\/a><\/p>\n<p>&nbsp;<\/p>\n","protected":false},"excerpt":{"rendered":"<p>\u21d2Modelo de Acordo de Confidencialidade entre UFRRJ e Empresa Modelo Acordo de Confidencialidade entre UFRRJ e EMPRESA \u21d2Modelo de Termo <a class=\"read-more\" href=\"https:\/\/institucional.ufrrj.br\/nit\/termos-de-sigilo-e-confidencialidade\/ \" >&#8230; <span class=\"font-italic\">leia mais <i class=\"fas fa-angle-right\"><\/i><\/span><\/a><\/p>\n","protected":false},"author":765,"featured_media":0,"parent":0,"menu_order":0,"comment_status":"closed","ping_status":"closed","template":"","meta":{"_acf_changed":false,"footnotes":"","_links_to":"","_links_to_target":""},"class_list":["post-1145","page","type-page","status-publish","hentry"],"yoast_head":"<!-- This site is optimized with the Yoast SEO plugin v27.2 - https:\/\/yoast.com\/product\/yoast-seo-wordpress\/ -->\n<title>Termos de Sigilo e Confidencialidade - Ag\u00eancia de Inova\u00e7\u00e3o da UFRRJ<\/title>\n<meta name=\"robots\" content=\"index, follow, max-snippet:-1, max-image-preview:large, max-video-preview:-1\" \/>\n<link rel=\"canonical\" href=\"https:\/\/institucional.ufrrj.br\/nit\/termos-de-sigilo-e-confidencialidade\/\" \/>\n<meta property=\"og:locale\" content=\"pt_BR\" \/>\n<meta property=\"og:type\" content=\"article\" \/>\n<meta property=\"og:title\" content=\"Termos de Sigilo e Confidencialidade - Ag\u00eancia de Inova\u00e7\u00e3o da UFRRJ\" \/>\n<meta property=\"og:description\" content=\"\u21d2Modelo de Acordo de Confidencialidade entre UFRRJ e Empresa Modelo Acordo de Confidencialidade entre UFRRJ e EMPRESA \u21d2Modelo de Termo ... leia mais\" \/>\n<meta property=\"og:url\" content=\"https:\/\/institucional.ufrrj.br\/nit\/termos-de-sigilo-e-confidencialidade\/\" \/>\n<meta property=\"og:site_name\" content=\"Ag\u00eancia de Inova\u00e7\u00e3o da UFRRJ\" \/>\n<meta property=\"article:modified_time\" content=\"2021-10-13T14:10:00+00:00\" \/>\n<meta name=\"twitter:card\" content=\"summary_large_image\" \/>\n<script type=\"application\/ld+json\" class=\"yoast-schema-graph\">{\"@context\":\"https:\/\/schema.org\",\"@graph\":[{\"@type\":\"WebPage\",\"@id\":\"https:\/\/institucional.ufrrj.br\/nit\/termos-de-sigilo-e-confidencialidade\/\",\"url\":\"https:\/\/institucional.ufrrj.br\/nit\/termos-de-sigilo-e-confidencialidade\/\",\"name\":\"Termos de Sigilo e Confidencialidade - Ag\u00eancia de Inova\u00e7\u00e3o da UFRRJ\",\"isPartOf\":{\"@id\":\"https:\/\/institucional.ufrrj.br\/nit\/#website\"},\"datePublished\":\"2020-05-26T23:50:59+00:00\",\"dateModified\":\"2021-10-13T14:10:00+00:00\",\"breadcrumb\":{\"@id\":\"https:\/\/institucional.ufrrj.br\/nit\/termos-de-sigilo-e-confidencialidade\/#breadcrumb\"},\"inLanguage\":\"pt-BR\",\"potentialAction\":[{\"@type\":\"ReadAction\",\"target\":[\"https:\/\/institucional.ufrrj.br\/nit\/termos-de-sigilo-e-confidencialidade\/\"]}]},{\"@type\":\"BreadcrumbList\",\"@id\":\"https:\/\/institucional.ufrrj.br\/nit\/termos-de-sigilo-e-confidencialidade\/#breadcrumb\",\"itemListElement\":[{\"@type\":\"ListItem\",\"position\":1,\"name\":\"In\u00edcio\",\"item\":\"https:\/\/institucional.ufrrj.br\/nit\/\"},{\"@type\":\"ListItem\",\"position\":2,\"name\":\"Termos de Sigilo e Confidencialidade\"}]},{\"@type\":\"WebSite\",\"@id\":\"https:\/\/institucional.ufrrj.br\/nit\/#website\",\"url\":\"https:\/\/institucional.ufrrj.br\/nit\/\",\"name\":\"Ag\u00eancia de Inova\u00e7\u00e3o UFRRJ\",\"description\":\"UFRRJ\",\"potentialAction\":[{\"@type\":\"SearchAction\",\"target\":{\"@type\":\"EntryPoint\",\"urlTemplate\":\"https:\/\/institucional.ufrrj.br\/nit\/?s={search_term_string}\"},\"query-input\":{\"@type\":\"PropertyValueSpecification\",\"valueRequired\":true,\"valueName\":\"search_term_string\"}}],\"inLanguage\":\"pt-BR\"}]}<\/script>\n<!-- \/ Yoast SEO plugin. -->","yoast_head_json":{"title":"Termos de Sigilo e Confidencialidade - Ag\u00eancia de Inova\u00e7\u00e3o da UFRRJ","robots":{"index":"index","follow":"follow","max-snippet":"max-snippet:-1","max-image-preview":"max-image-preview:large","max-video-preview":"max-video-preview:-1"},"canonical":"https:\/\/institucional.ufrrj.br\/nit\/termos-de-sigilo-e-confidencialidade\/","og_locale":"pt_BR","og_type":"article","og_title":"Termos de Sigilo e Confidencialidade - Ag\u00eancia de Inova\u00e7\u00e3o da UFRRJ","og_description":"\u21d2Modelo de Acordo de Confidencialidade entre UFRRJ e Empresa Modelo Acordo de Confidencialidade entre UFRRJ e EMPRESA \u21d2Modelo de Termo ... leia mais","og_url":"https:\/\/institucional.ufrrj.br\/nit\/termos-de-sigilo-e-confidencialidade\/","og_site_name":"Ag\u00eancia de Inova\u00e7\u00e3o da UFRRJ","article_modified_time":"2021-10-13T14:10:00+00:00","twitter_card":"summary_large_image","schema":{"@context":"https:\/\/schema.org","@graph":[{"@type":"WebPage","@id":"https:\/\/institucional.ufrrj.br\/nit\/termos-de-sigilo-e-confidencialidade\/","url":"https:\/\/institucional.ufrrj.br\/nit\/termos-de-sigilo-e-confidencialidade\/","name":"Termos de Sigilo e Confidencialidade - Ag\u00eancia de Inova\u00e7\u00e3o da UFRRJ","isPartOf":{"@id":"https:\/\/institucional.ufrrj.br\/nit\/#website"},"datePublished":"2020-05-26T23:50:59+00:00","dateModified":"2021-10-13T14:10:00+00:00","breadcrumb":{"@id":"https:\/\/institucional.ufrrj.br\/nit\/termos-de-sigilo-e-confidencialidade\/#breadcrumb"},"inLanguage":"pt-BR","potentialAction":[{"@type":"ReadAction","target":["https:\/\/institucional.ufrrj.br\/nit\/termos-de-sigilo-e-confidencialidade\/"]}]},{"@type":"BreadcrumbList","@id":"https:\/\/institucional.ufrrj.br\/nit\/termos-de-sigilo-e-confidencialidade\/#breadcrumb","itemListElement":[{"@type":"ListItem","position":1,"name":"In\u00edcio","item":"https:\/\/institucional.ufrrj.br\/nit\/"},{"@type":"ListItem","position":2,"name":"Termos de Sigilo e Confidencialidade"}]},{"@type":"WebSite","@id":"https:\/\/institucional.ufrrj.br\/nit\/#website","url":"https:\/\/institucional.ufrrj.br\/nit\/","name":"Ag\u00eancia de Inova\u00e7\u00e3o UFRRJ","description":"UFRRJ","potentialAction":[{"@type":"SearchAction","target":{"@type":"EntryPoint","urlTemplate":"https:\/\/institucional.ufrrj.br\/nit\/?s={search_term_string}"},"query-input":{"@type":"PropertyValueSpecification","valueRequired":true,"valueName":"search_term_string"}}],"inLanguage":"pt-BR"}]}},"acf":[],"_links":{"self":[{"href":"https:\/\/institucional.ufrrj.br\/nit\/wp-json\/wp\/v2\/pages\/1145","targetHints":{"allow":["GET"]}}],"collection":[{"href":"https:\/\/institucional.ufrrj.br\/nit\/wp-json\/wp\/v2\/pages"}],"about":[{"href":"https:\/\/institucional.ufrrj.br\/nit\/wp-json\/wp\/v2\/types\/page"}],"author":[{"embeddable":true,"href":"https:\/\/institucional.ufrrj.br\/nit\/wp-json\/wp\/v2\/users\/765"}],"replies":[{"embeddable":true,"href":"https:\/\/institucional.ufrrj.br\/nit\/wp-json\/wp\/v2\/comments?post=1145"}],"version-history":[{"count":10,"href":"https:\/\/institucional.ufrrj.br\/nit\/wp-json\/wp\/v2\/pages\/1145\/revisions"}],"predecessor-version":[{"id":1778,"href":"https:\/\/institucional.ufrrj.br\/nit\/wp-json\/wp\/v2\/pages\/1145\/revisions\/1778"}],"wp:attachment":[{"href":"https:\/\/institucional.ufrrj.br\/nit\/wp-json\/wp\/v2\/media?parent=1145"}],"curies":[{"name":"wp","href":"https:\/\/api.w.org\/{rel}","templated":true}]}}