{"id":1107,"date":"2020-05-26T22:55:00","date_gmt":"2020-05-26T22:55:00","guid":{"rendered":"http:\/\/institucional.ufrrj.br\/nit\/?page_id=1107"},"modified":"2024-05-06T17:43:14","modified_gmt":"2024-05-06T17:43:14","slug":"indicacao-geografica","status":"publish","type":"page","link":"https:\/\/institucional.ufrrj.br\/nit\/indicacao-geografica\/","title":{"rendered":"Indica\u00e7\u00e3o Geogr\u00e1fica"},"content":{"rendered":"\n<p class=\" eplus-wrapper\"><strong>Indica\u00e7\u00e3o Geogr\u00e1fica (IG)<\/strong> \u00e9 um instrumento de propriedade industrial que busca distinguir a origem geogr\u00e1fica de um determinado produto ou servi\u00e7o.<\/p>\n\n\n\n<p class=\" eplus-wrapper\">Conforme disposto no art. 176 da <strong>Lei n\u00b0 9.279, de 14 de maio de 1996 &#8211; Lei de Propriedade Industrial (LPI)<\/strong>, constitui IG a Indica\u00e7\u00e3o de Proced\u00eancia (IP) ou a Denomina\u00e7\u00e3o de Origem (DO). Dessa forma, a IG \u00e9 dividida em duas esp\u00e9cies:<\/p>\n\n\n\n<h5 class=\"eplus-wrapper wp-block-heading\"><strong>Indica\u00e7\u00e3o de proced\u00eancia &#8211; IP<\/strong><\/h5>\n\n\n\n<p class=\" eplus-wrapper\">Considera-se&nbsp;<strong>indica\u00e7\u00e3o de proced\u00eancia<\/strong>&nbsp;o nome geogr\u00e1fico de pa\u00eds, cidade, regi\u00e3o ou localidade de seu territ\u00f3rio, que se tenha tornado conhecido como centro de extra\u00e7\u00e3o, produ\u00e7\u00e3o ou fabrica\u00e7\u00e3o de determinado produto ou de presta\u00e7\u00e3o de determinado servi\u00e7o.<\/p>\n\n\n\n<p class=\" eplus-wrapper\">Para o registro de uma IP, \u00e9 necess\u00e1rio que uma determinada \u00e1rea geogr\u00e1fica tenha se tornado comprovadamente conhecida como <strong>centro de extra\u00e7\u00e3o, produ\u00e7\u00e3o ou fabrica\u00e7\u00e3o de determinado produto ou de presta\u00e7\u00e3o de determinado servi\u00e7o<\/strong>.<\/p>\n\n\n\n<h5 class=\"eplus-wrapper wp-block-heading\"><strong>Denomina\u00e7\u00e3o de origem &#8211; DO<\/strong><\/h5>\n\n\n\n<p class=\" eplus-wrapper\">Considera-se&nbsp;<strong>denomina\u00e7\u00e3o de origem<\/strong>&nbsp;o nome geogr\u00e1fico de pa\u00eds, cidade, regi\u00e3o ou localidade de seu territ\u00f3rio, que designe produto ou servi\u00e7o cujas qualidades ou caracter\u00edsticas se devam exclusiva ou essencialmente ao meio geogr\u00e1fico, inclu\u00eddos fatores naturais e humanos.<\/p>\n\n\n\n<p class=\" eplus-wrapper\">Para o registro de uma DO, \u00e9 necess\u00e1rio que as&nbsp;<strong>qualidades ou caracter\u00edsticas do produto ou servi\u00e7o<\/strong>&nbsp;designado pela IG se devam exclusiva ou essencialmente \u00e0s peculiaridades do meio geogr\u00e1fico, inclu\u00eddos os&nbsp;<strong>fatores naturais e humanos<\/strong>.<\/p>\n\n\n\n<h5 class=\"eplus-wrapper wp-block-heading\"><strong>Legisla\u00e7\u00e3o e material complementar<\/strong><\/h5>\n\n\n\n<p class=\" eplus-wrapper\">S\u00e3o fontes de consulta sobre o tema: O <a href=\"https:\/\/manualdeig.inpi.gov.br\/projects\/manual-de-indicacoes-geograficas\/wiki\">Manual de Indica\u00e7\u00f5es Geogr\u00e1ficas<\/a>, o <a href=\"https:\/\/www.gov.br\/inpi\/pt-br\/servicos\/indicacoes-geograficas\/guia-basico\">Guia B\u00e1sico de IG<\/a>, normativas internas do INPI e o arcabou\u00e7o legal brasileiro de Propriedade Intelectual, em especial a Lei n\u00b0 9.279, de 14 de maio de 1996 (Lei da Propriedade Industrial), e a Portaria INPI n\u00ba 4, de 12 de janeiro de 2022, al\u00e9m de outras disposi\u00e7\u00f5es contidas no <a href=\"https:\/\/www.gov.br\/inpi\/pt-br\">Portal do Instituto Nacional de Propriedade Industrial &#8211; INPI<\/a>.<\/p>\n\n\n\n<p class=\" eplus-wrapper\"><strong>A UFRRJ<\/strong><\/p>\n\n\n\n<p class=\" eplus-wrapper\">A Ag\u00eancia de Inova\u00e7\u00e3o da UFRRJ atua como facilitador no processo junto ao INPI \u2013 Instituto Nacional da Propriedade Industrial. Para as novas tecnologias desenvolvidas na UFRRJ, os custos do processo ser\u00e3o suportados pela Institui\u00e7\u00e3o.<\/p>\n\n\n\n<p class=\" eplus-wrapper\">Para iniciar o dep\u00f3sito do pedido, entre em contato pelo e-mail nitrural@ufrrj.br<\/p>\n","protected":false},"excerpt":{"rendered":"<p>Indica\u00e7\u00e3o Geogr\u00e1fica (IG) \u00e9 um instrumento de propriedade industrial que busca distinguir a origem geogr\u00e1fica de um determinado produto ou <a class=\"read-more\" href=\"https:\/\/institucional.ufrrj.br\/nit\/indicacao-geografica\/ \" >&#8230; <span class=\"font-italic\">leia mais <i class=\"fas fa-angle-right\"><\/i><\/span><\/a><\/p>\n","protected":false},"author":765,"featured_media":0,"parent":0,"menu_order":0,"comment_status":"closed","ping_status":"closed","template":"","meta":{"_acf_changed":false,"footnotes":"","_links_to":"","_links_to_target":""},"class_list":["post-1107","page","type-page","status-publish","hentry"],"yoast_head":"<!-- This site is optimized with the Yoast SEO plugin v27.2 - https:\/\/yoast.com\/product\/yoast-seo-wordpress\/ -->\n<title>Indica\u00e7\u00e3o Geogr\u00e1fica - Ag\u00eancia de Inova\u00e7\u00e3o da UFRRJ<\/title>\n<meta name=\"robots\" content=\"index, follow, max-snippet:-1, max-image-preview:large, max-video-preview:-1\" \/>\n<link rel=\"canonical\" href=\"https:\/\/institucional.ufrrj.br\/nit\/indicacao-geografica\/\" \/>\n<meta property=\"og:locale\" content=\"pt_BR\" \/>\n<meta property=\"og:type\" content=\"article\" \/>\n<meta property=\"og:title\" content=\"Indica\u00e7\u00e3o Geogr\u00e1fica - Ag\u00eancia de Inova\u00e7\u00e3o da UFRRJ\" \/>\n<meta property=\"og:description\" content=\"Indica\u00e7\u00e3o Geogr\u00e1fica (IG) \u00e9 um instrumento de propriedade industrial que busca distinguir a origem geogr\u00e1fica de um determinado produto ou ... leia mais\" \/>\n<meta property=\"og:url\" content=\"https:\/\/institucional.ufrrj.br\/nit\/indicacao-geografica\/\" \/>\n<meta property=\"og:site_name\" content=\"Ag\u00eancia de Inova\u00e7\u00e3o da UFRRJ\" \/>\n<meta property=\"article:modified_time\" content=\"2024-05-06T17:43:14+00:00\" \/>\n<meta name=\"twitter:card\" content=\"summary_large_image\" \/>\n<meta name=\"twitter:label1\" content=\"Est. tempo de leitura\" \/>\n\t<meta name=\"twitter:data1\" content=\"2 minutos\" \/>\n<script type=\"application\/ld+json\" class=\"yoast-schema-graph\">{\"@context\":\"https:\/\/schema.org\",\"@graph\":[{\"@type\":\"WebPage\",\"@id\":\"https:\/\/institucional.ufrrj.br\/nit\/indicacao-geografica\/\",\"url\":\"https:\/\/institucional.ufrrj.br\/nit\/indicacao-geografica\/\",\"name\":\"Indica\u00e7\u00e3o Geogr\u00e1fica - Ag\u00eancia de Inova\u00e7\u00e3o da UFRRJ\",\"isPartOf\":{\"@id\":\"https:\/\/institucional.ufrrj.br\/nit\/#website\"},\"datePublished\":\"2020-05-26T22:55:00+00:00\",\"dateModified\":\"2024-05-06T17:43:14+00:00\",\"breadcrumb\":{\"@id\":\"https:\/\/institucional.ufrrj.br\/nit\/indicacao-geografica\/#breadcrumb\"},\"inLanguage\":\"pt-BR\",\"potentialAction\":[{\"@type\":\"ReadAction\",\"target\":[\"https:\/\/institucional.ufrrj.br\/nit\/indicacao-geografica\/\"]}]},{\"@type\":\"BreadcrumbList\",\"@id\":\"https:\/\/institucional.ufrrj.br\/nit\/indicacao-geografica\/#breadcrumb\",\"itemListElement\":[{\"@type\":\"ListItem\",\"position\":1,\"name\":\"In\u00edcio\",\"item\":\"https:\/\/institucional.ufrrj.br\/nit\/\"},{\"@type\":\"ListItem\",\"position\":2,\"name\":\"Indica\u00e7\u00e3o Geogr\u00e1fica\"}]},{\"@type\":\"WebSite\",\"@id\":\"https:\/\/institucional.ufrrj.br\/nit\/#website\",\"url\":\"https:\/\/institucional.ufrrj.br\/nit\/\",\"name\":\"Ag\u00eancia de Inova\u00e7\u00e3o UFRRJ\",\"description\":\"UFRRJ\",\"potentialAction\":[{\"@type\":\"SearchAction\",\"target\":{\"@type\":\"EntryPoint\",\"urlTemplate\":\"https:\/\/institucional.ufrrj.br\/nit\/?s={search_term_string}\"},\"query-input\":{\"@type\":\"PropertyValueSpecification\",\"valueRequired\":true,\"valueName\":\"search_term_string\"}}],\"inLanguage\":\"pt-BR\"}]}<\/script>\n<!-- \/ Yoast SEO plugin. -->","yoast_head_json":{"title":"Indica\u00e7\u00e3o Geogr\u00e1fica - Ag\u00eancia de Inova\u00e7\u00e3o da UFRRJ","robots":{"index":"index","follow":"follow","max-snippet":"max-snippet:-1","max-image-preview":"max-image-preview:large","max-video-preview":"max-video-preview:-1"},"canonical":"https:\/\/institucional.ufrrj.br\/nit\/indicacao-geografica\/","og_locale":"pt_BR","og_type":"article","og_title":"Indica\u00e7\u00e3o Geogr\u00e1fica - Ag\u00eancia de Inova\u00e7\u00e3o da UFRRJ","og_description":"Indica\u00e7\u00e3o Geogr\u00e1fica (IG) \u00e9 um instrumento de propriedade industrial que busca distinguir a origem geogr\u00e1fica de um determinado produto ou ... leia mais","og_url":"https:\/\/institucional.ufrrj.br\/nit\/indicacao-geografica\/","og_site_name":"Ag\u00eancia de Inova\u00e7\u00e3o da UFRRJ","article_modified_time":"2024-05-06T17:43:14+00:00","twitter_card":"summary_large_image","twitter_misc":{"Est. tempo de leitura":"2 minutos"},"schema":{"@context":"https:\/\/schema.org","@graph":[{"@type":"WebPage","@id":"https:\/\/institucional.ufrrj.br\/nit\/indicacao-geografica\/","url":"https:\/\/institucional.ufrrj.br\/nit\/indicacao-geografica\/","name":"Indica\u00e7\u00e3o Geogr\u00e1fica - Ag\u00eancia de Inova\u00e7\u00e3o da UFRRJ","isPartOf":{"@id":"https:\/\/institucional.ufrrj.br\/nit\/#website"},"datePublished":"2020-05-26T22:55:00+00:00","dateModified":"2024-05-06T17:43:14+00:00","breadcrumb":{"@id":"https:\/\/institucional.ufrrj.br\/nit\/indicacao-geografica\/#breadcrumb"},"inLanguage":"pt-BR","potentialAction":[{"@type":"ReadAction","target":["https:\/\/institucional.ufrrj.br\/nit\/indicacao-geografica\/"]}]},{"@type":"BreadcrumbList","@id":"https:\/\/institucional.ufrrj.br\/nit\/indicacao-geografica\/#breadcrumb","itemListElement":[{"@type":"ListItem","position":1,"name":"In\u00edcio","item":"https:\/\/institucional.ufrrj.br\/nit\/"},{"@type":"ListItem","position":2,"name":"Indica\u00e7\u00e3o Geogr\u00e1fica"}]},{"@type":"WebSite","@id":"https:\/\/institucional.ufrrj.br\/nit\/#website","url":"https:\/\/institucional.ufrrj.br\/nit\/","name":"Ag\u00eancia de Inova\u00e7\u00e3o UFRRJ","description":"UFRRJ","potentialAction":[{"@type":"SearchAction","target":{"@type":"EntryPoint","urlTemplate":"https:\/\/institucional.ufrrj.br\/nit\/?s={search_term_string}"},"query-input":{"@type":"PropertyValueSpecification","valueRequired":true,"valueName":"search_term_string"}}],"inLanguage":"pt-BR"}]}},"acf":[],"_links":{"self":[{"href":"https:\/\/institucional.ufrrj.br\/nit\/wp-json\/wp\/v2\/pages\/1107","targetHints":{"allow":["GET"]}}],"collection":[{"href":"https:\/\/institucional.ufrrj.br\/nit\/wp-json\/wp\/v2\/pages"}],"about":[{"href":"https:\/\/institucional.ufrrj.br\/nit\/wp-json\/wp\/v2\/types\/page"}],"author":[{"embeddable":true,"href":"https:\/\/institucional.ufrrj.br\/nit\/wp-json\/wp\/v2\/users\/765"}],"replies":[{"embeddable":true,"href":"https:\/\/institucional.ufrrj.br\/nit\/wp-json\/wp\/v2\/comments?post=1107"}],"version-history":[{"count":5,"href":"https:\/\/institucional.ufrrj.br\/nit\/wp-json\/wp\/v2\/pages\/1107\/revisions"}],"predecessor-version":[{"id":2352,"href":"https:\/\/institucional.ufrrj.br\/nit\/wp-json\/wp\/v2\/pages\/1107\/revisions\/2352"}],"wp:attachment":[{"href":"https:\/\/institucional.ufrrj.br\/nit\/wp-json\/wp\/v2\/media?parent=1107"}],"curies":[{"name":"wp","href":"https:\/\/api.w.org\/{rel}","templated":true}]}}