{"id":1103,"date":"2020-05-26T22:54:13","date_gmt":"2020-05-26T22:54:13","guid":{"rendered":"http:\/\/institucional.ufrrj.br\/nit\/?page_id=1103"},"modified":"2024-08-14T13:52:39","modified_gmt":"2024-08-14T16:52:39","slug":"programa-de-computador","status":"publish","type":"page","link":"https:\/\/institucional.ufrrj.br\/nit\/programa-de-computador\/","title":{"rendered":"Programa de computador"},"content":{"rendered":"<p>Programa de computador \u00e9 a express\u00e3o de um conjunto organizado de instru\u00e7\u00f5es em linguagem natural ou codificada, contida em suporte f\u00edsico de qualquer natureza, de emprego necess\u00e1rio em m\u00e1quinas autom\u00e1ticas de tratamento da informa\u00e7\u00e3o, dispositivos, instrumentos ou equipamentos perif\u00e9ricos, baseados em t\u00e9cnica digital ou an\u00e1loga, para faz\u00ea-los funcionar de modo e para fins determinados.<\/p>\n<p>O pedido de registro de programa de computador \u00e9 constitu\u00eddo por documenta\u00e7\u00f5es formal e t\u00e9cnica. A\u00a0documenta\u00e7\u00e3o formal\u00a0cont\u00e9m os dados referentes ao autor do programa de computador e ao seu titular, al\u00e9m dos dados de identifica\u00e7\u00e3o\/descri\u00e7\u00e3o do programa de computador criado. J\u00e1 a\u00a0documenta\u00e7\u00e3o t\u00e9cnica\u00a0s\u00e3o os trechos do programa (linhas de c\u00f3digo) e outros dados que se considerar suficientes para identific\u00e1-lo e caracterizar sua originalidade.<\/p>\n<p>Para acessar as informa\u00e7\u00f5es do INPI sobre a documenta\u00e7\u00e3o, tanto t\u00e9cnica como formal,\u00a0basta clicar no\u00a0<em>link<\/em>\u00a0abaixo:<\/p>\n<p><strong>Guia b\u00e1sico<\/strong><\/p>\n<p><a href=\"https:\/\/www.gov.br\/inpi\/pt-br\/servicos\/programas-de-computador\/guia-basico\">https:\/\/www.gov.br\/inpi\/pt-br\/servicos\/programas-de-computador\/guia-basico<\/a><\/p>\n<p><strong>Materiais de consulta e apoio<\/strong><\/p>\n<p><a href=\"https:\/\/www.gov.br\/inpi\/pt-br\/servicos\/programas-de-computador\/materiais-de-consulta-e-apoio\">https:\/\/www.gov.br\/inpi\/pt-br\/servicos\/programas-de-computador\/materiais-de-consulta-e-apoio<\/a><\/p>\n<p>Para iniciar o pedido de registro na UFRRJ, solicitamos o preenchimento do formul\u00e1rio abaixo e envio deste para o e-mail:\u00a0 <em>nitrural@ufrrj.br<\/em><\/p>\n<p><a href=\"https:\/\/institucional.ufrrj.br\/nit\/files\/2024\/08\/Formulario04-NIT-UFRRJ-de-solicitacao-de-servicos-de-programa-de-computador-atualizado-2021-1-1.docx\">Formulario04-NIT-UFRRJ-de-solicitacao-de-servicos-de-programa-de-computador-atualizado-2021-1<\/a><\/p>\n<div>\n<div>Para maiores informa\u00e7\u00f5es ou saber como realizar o registro, entre em contato com a Ag\u00eancia de Inova\u00e7\u00e3o da UFRRJ.<\/div>\n<\/div>\n<p>E-mail: <em>nitrural@ufrrj.br<\/em><\/p>\n","protected":false},"excerpt":{"rendered":"<p>Programa de computador \u00e9 a express\u00e3o de um conjunto organizado de instru\u00e7\u00f5es em linguagem natural ou codificada, contida em suporte <a class=\"read-more\" href=\"https:\/\/institucional.ufrrj.br\/nit\/programa-de-computador\/ \" >&#8230; <span class=\"font-italic\">leia mais <i class=\"fas fa-angle-right\"><\/i><\/span><\/a><\/p>\n","protected":false},"author":765,"featured_media":0,"parent":0,"menu_order":0,"comment_status":"closed","ping_status":"closed","template":"","meta":{"_acf_changed":false,"footnotes":"","_links_to":"","_links_to_target":""},"class_list":["post-1103","page","type-page","status-publish","hentry"],"yoast_head":"<!-- This site is optimized with the Yoast SEO plugin v27.2 - https:\/\/yoast.com\/product\/yoast-seo-wordpress\/ -->\n<title>Programa de computador - Ag\u00eancia de Inova\u00e7\u00e3o da UFRRJ<\/title>\n<meta name=\"robots\" content=\"index, follow, max-snippet:-1, max-image-preview:large, max-video-preview:-1\" \/>\n<link rel=\"canonical\" href=\"https:\/\/institucional.ufrrj.br\/nit\/programa-de-computador\/\" \/>\n<meta property=\"og:locale\" content=\"pt_BR\" \/>\n<meta property=\"og:type\" content=\"article\" \/>\n<meta property=\"og:title\" content=\"Programa de computador - Ag\u00eancia de Inova\u00e7\u00e3o da UFRRJ\" \/>\n<meta property=\"og:description\" content=\"Programa de computador \u00e9 a express\u00e3o de um conjunto organizado de instru\u00e7\u00f5es em linguagem natural ou codificada, contida em suporte ... leia mais\" \/>\n<meta property=\"og:url\" content=\"https:\/\/institucional.ufrrj.br\/nit\/programa-de-computador\/\" \/>\n<meta property=\"og:site_name\" content=\"Ag\u00eancia de Inova\u00e7\u00e3o da UFRRJ\" \/>\n<meta property=\"article:modified_time\" content=\"2024-08-14T16:52:39+00:00\" \/>\n<meta name=\"twitter:card\" content=\"summary_large_image\" \/>\n<meta name=\"twitter:label1\" content=\"Est. tempo de leitura\" \/>\n\t<meta name=\"twitter:data1\" content=\"2 minutos\" \/>\n<script type=\"application\/ld+json\" class=\"yoast-schema-graph\">{\"@context\":\"https:\/\/schema.org\",\"@graph\":[{\"@type\":\"WebPage\",\"@id\":\"https:\/\/institucional.ufrrj.br\/nit\/programa-de-computador\/\",\"url\":\"https:\/\/institucional.ufrrj.br\/nit\/programa-de-computador\/\",\"name\":\"Programa de computador - Ag\u00eancia de Inova\u00e7\u00e3o da UFRRJ\",\"isPartOf\":{\"@id\":\"https:\/\/institucional.ufrrj.br\/nit\/#website\"},\"datePublished\":\"2020-05-26T22:54:13+00:00\",\"dateModified\":\"2024-08-14T16:52:39+00:00\",\"breadcrumb\":{\"@id\":\"https:\/\/institucional.ufrrj.br\/nit\/programa-de-computador\/#breadcrumb\"},\"inLanguage\":\"pt-BR\",\"potentialAction\":[{\"@type\":\"ReadAction\",\"target\":[\"https:\/\/institucional.ufrrj.br\/nit\/programa-de-computador\/\"]}]},{\"@type\":\"BreadcrumbList\",\"@id\":\"https:\/\/institucional.ufrrj.br\/nit\/programa-de-computador\/#breadcrumb\",\"itemListElement\":[{\"@type\":\"ListItem\",\"position\":1,\"name\":\"In\u00edcio\",\"item\":\"https:\/\/institucional.ufrrj.br\/nit\/\"},{\"@type\":\"ListItem\",\"position\":2,\"name\":\"Programa de computador\"}]},{\"@type\":\"WebSite\",\"@id\":\"https:\/\/institucional.ufrrj.br\/nit\/#website\",\"url\":\"https:\/\/institucional.ufrrj.br\/nit\/\",\"name\":\"Ag\u00eancia de Inova\u00e7\u00e3o UFRRJ\",\"description\":\"UFRRJ\",\"potentialAction\":[{\"@type\":\"SearchAction\",\"target\":{\"@type\":\"EntryPoint\",\"urlTemplate\":\"https:\/\/institucional.ufrrj.br\/nit\/?s={search_term_string}\"},\"query-input\":{\"@type\":\"PropertyValueSpecification\",\"valueRequired\":true,\"valueName\":\"search_term_string\"}}],\"inLanguage\":\"pt-BR\"}]}<\/script>\n<!-- \/ Yoast SEO plugin. -->","yoast_head_json":{"title":"Programa de computador - Ag\u00eancia de Inova\u00e7\u00e3o da UFRRJ","robots":{"index":"index","follow":"follow","max-snippet":"max-snippet:-1","max-image-preview":"max-image-preview:large","max-video-preview":"max-video-preview:-1"},"canonical":"https:\/\/institucional.ufrrj.br\/nit\/programa-de-computador\/","og_locale":"pt_BR","og_type":"article","og_title":"Programa de computador - Ag\u00eancia de Inova\u00e7\u00e3o da UFRRJ","og_description":"Programa de computador \u00e9 a express\u00e3o de um conjunto organizado de instru\u00e7\u00f5es em linguagem natural ou codificada, contida em suporte ... leia mais","og_url":"https:\/\/institucional.ufrrj.br\/nit\/programa-de-computador\/","og_site_name":"Ag\u00eancia de Inova\u00e7\u00e3o da UFRRJ","article_modified_time":"2024-08-14T16:52:39+00:00","twitter_card":"summary_large_image","twitter_misc":{"Est. tempo de leitura":"2 minutos"},"schema":{"@context":"https:\/\/schema.org","@graph":[{"@type":"WebPage","@id":"https:\/\/institucional.ufrrj.br\/nit\/programa-de-computador\/","url":"https:\/\/institucional.ufrrj.br\/nit\/programa-de-computador\/","name":"Programa de computador - Ag\u00eancia de Inova\u00e7\u00e3o da UFRRJ","isPartOf":{"@id":"https:\/\/institucional.ufrrj.br\/nit\/#website"},"datePublished":"2020-05-26T22:54:13+00:00","dateModified":"2024-08-14T16:52:39+00:00","breadcrumb":{"@id":"https:\/\/institucional.ufrrj.br\/nit\/programa-de-computador\/#breadcrumb"},"inLanguage":"pt-BR","potentialAction":[{"@type":"ReadAction","target":["https:\/\/institucional.ufrrj.br\/nit\/programa-de-computador\/"]}]},{"@type":"BreadcrumbList","@id":"https:\/\/institucional.ufrrj.br\/nit\/programa-de-computador\/#breadcrumb","itemListElement":[{"@type":"ListItem","position":1,"name":"In\u00edcio","item":"https:\/\/institucional.ufrrj.br\/nit\/"},{"@type":"ListItem","position":2,"name":"Programa de computador"}]},{"@type":"WebSite","@id":"https:\/\/institucional.ufrrj.br\/nit\/#website","url":"https:\/\/institucional.ufrrj.br\/nit\/","name":"Ag\u00eancia de Inova\u00e7\u00e3o UFRRJ","description":"UFRRJ","potentialAction":[{"@type":"SearchAction","target":{"@type":"EntryPoint","urlTemplate":"https:\/\/institucional.ufrrj.br\/nit\/?s={search_term_string}"},"query-input":{"@type":"PropertyValueSpecification","valueRequired":true,"valueName":"search_term_string"}}],"inLanguage":"pt-BR"}]}},"acf":[],"_links":{"self":[{"href":"https:\/\/institucional.ufrrj.br\/nit\/wp-json\/wp\/v2\/pages\/1103","targetHints":{"allow":["GET"]}}],"collection":[{"href":"https:\/\/institucional.ufrrj.br\/nit\/wp-json\/wp\/v2\/pages"}],"about":[{"href":"https:\/\/institucional.ufrrj.br\/nit\/wp-json\/wp\/v2\/types\/page"}],"author":[{"embeddable":true,"href":"https:\/\/institucional.ufrrj.br\/nit\/wp-json\/wp\/v2\/users\/765"}],"replies":[{"embeddable":true,"href":"https:\/\/institucional.ufrrj.br\/nit\/wp-json\/wp\/v2\/comments?post=1103"}],"version-history":[{"count":9,"href":"https:\/\/institucional.ufrrj.br\/nit\/wp-json\/wp\/v2\/pages\/1103\/revisions"}],"predecessor-version":[{"id":2896,"href":"https:\/\/institucional.ufrrj.br\/nit\/wp-json\/wp\/v2\/pages\/1103\/revisions\/2896"}],"wp:attachment":[{"href":"https:\/\/institucional.ufrrj.br\/nit\/wp-json\/wp\/v2\/media?parent=1103"}],"curies":[{"name":"wp","href":"https:\/\/api.w.org\/{rel}","templated":true}]}}